{"id":1176,"date":"2019-03-01T18:00:41","date_gmt":"2019-03-01T18:00:41","guid":{"rendered":"http:\/\/wrh.edu.pl\/?page_id=1176"},"modified":"2021-10-07T08:09:31","modified_gmt":"2021-10-07T07:09:31","slug":"wrh-tom-xv-2018-%e2%84%96-4","status":"publish","type":"page","link":"http:\/\/wrh.edu.pl\/?page_id=1176","title":{"rendered":"T. XV (2018) \u2116 4"},"content":{"rendered":"\n<h1 class=\"wp-block-heading\">Wschodni Rocznik Humanistyczny, tom XV (2018),  4<\/h1>\n\n\n\n<p> Strona tytu\u0142owa,&nbsp; <a href=\"http:\/\/wrh.edu.pl\/wp-content\/uploads\/2019\/07\/WRH-2018-nr-4-2018-s.-5-6.pdf\">spis tre\u015bci<\/a> <\/p>\n\n\n\n<p>Strona redakcji:&nbsp;<a href=\"http:\/\/wrh.edu.pl\/\">http:\/\/wrh.edu.pl<\/a><\/p>\n\n\n\n<p>RADA NAUKOWA<br>prof. dr hab. <strong>Rolf Fieguth<\/strong>, Uniwersytet we Fryburgu, Szwajcaria<br>prof. dr <strong>Oleg Witaljewicz Gorbaczow<\/strong>, Uralski Federalny Uniwersytet, Jekaterynburg, Rosja<br>dr <strong>Gediminas Kaz\u0117nas<\/strong>, Mykolas Romeris University, Wilno, Litwa<br>dr <strong>Jussi Laine<\/strong>, University of Eastern Finland, Finlandia<br>prof. dr <strong>Siergiej Walentinowicz Lubiczankowskij<\/strong>, Orenburski Uniwersytet Pa\u0144stwowy, Rosja<br>prof. dr hab. <strong>Sigistas Narbutas<\/strong>, Biblioteka Naukowa im. Wr\u00f3blewskich w Wilnie, Litwa<br>dr <strong>Janusz Nowak<\/strong>, kierownik Archiwum i Zbioru R\u0119kopis\u00f3w Biblioteki xx Czartoryskich w Krakowie<br>dr <strong>Pierre-Etienne Penot<\/strong>, The Catholic University of the Vand\u00e9e, La Roche-sur-Yon, Francja<br>prof. dr hab. <strong>Miros\u0142aw Piotrowski<\/strong>, Katolicki Uniwersytet Lubelski<br>prof. dr hab. <strong>Marek Plewczy\u0144ski<\/strong>, Uniwersytet Przyrodniczo-Humanistyczny w Siedlcach<br>prof. dr <strong>Ludmi\u0142a Posochowa<\/strong>, Charkowski Uniwersytet Narodowy im. W.N. Karazina, Ukraina<br>prof. dr hab. <strong>Krzysztof Skupie\u0144ski<\/strong>, Uniwersytet Marii Curie-Sk\u0142odowskiej w Lublinie<br>dr <strong>George Soroka<\/strong>, Harvard University, USA<br>dr hab. <strong>Maria Starnawska<\/strong>, Akademia im. J. D\u0142ugosza w Cz\u0119stochowie<br>prof. dr <strong>Walerij Leonidowicz Stiepanow<\/strong>, Instytut Ekonomiki Rosyjskiej Akademii Nauk, Moskwa, Rosja<br>dr hab. <strong>Tadeusz M. Trajdos<\/strong>, prof. Instytutu Historii Polskiej Akademii Nauk<br>dr hab. <strong>Marek Wagner<\/strong>, prof. Uniwersytetu Przyrodniczo-Humanistycznego w Siedlcach<\/p>\n\n\n\n<p>KOLEGIUM REDAKCYJNE I REDAKCJA<br><strong>Leszek Gawor<\/strong> (dzia\u0142: filozofia), <strong>Artur Goszczy\u0144ski<\/strong> (sekretarz),<br><strong>Artur G\u00f3rak<\/strong> (redaktor naczelny), <strong>Krzysztof Latawiec<\/strong> (dzia\u0142: historia),<br><strong>Tomasz Lawenda<\/strong> (dzia\u0142: historia literatury), <strong>Dariusz Magier<\/strong> (z-ca redaktora naczelnego),<br><strong>Tomasz St\u0119pniewski<\/strong> (dzia\u0142: stosunki mi\u0119dzynarodowe), <strong>Andrzej Szabaciuk<\/strong> (dzia\u0142: politologia)<\/p>\n\n\n\n<p>Czasopismo recenzowane<\/p>\n\n\n\n<p>Opracowanie graficzne, sk\u0142ad i \u0142amanie: <strong>Tytus Przemys\u0142aw Krupski<\/strong><br>T\u0142umaczenia angielskie: <strong>Robert St\u0119pie\u0144<\/strong>, rosyjskie: <strong>Artur G\u00f3rak<\/strong><\/p>\n\n\n\n<p>Wydawca<strong>: Towarzystwo Nauki i Kultury \u201eLibra\u201d<\/strong>, ul. Wisznicka 63, 21-300 Radzy\u0144 Podlaski<br>\u00a9 ToNiK \u201eLibra\u201d<br>ISSN 1731-982X<br>Druk: ELPIL, Siedlce, ul. Artyleryjska 11, <a href=\"http:\/\/www.elpil.com.pl\/\">www.elpil.com.pl<\/a><\/p>\n\n\n\n<hr class=\"wp-block-separator\"\/>\n\n\n\n<h2 class=\"has-text-align-center wp-block-heading\"><strong>STUDIA I ROZPRAWY<\/strong><\/h2>\n\n\n\n<div class=\"wp-block-image\"><figure class=\"aligncenter\"><img loading=\"lazy\" decoding=\"async\" width=\"300\" height=\"94\" src=\"http:\/\/wrh.edu.pl\/wp-content\/uploads\/2017\/10\/Finalik-300x94.jpg\" alt=\"\" class=\"wp-image-740\" srcset=\"http:\/\/wrh.edu.pl\/wp-content\/uploads\/2017\/10\/Finalik-300x94.jpg 300w, http:\/\/wrh.edu.pl\/wp-content\/uploads\/2017\/10\/Finalik.jpg 760w\" sizes=\"auto, (max-width: 300px) 100vw, 300px\" \/><\/figure><\/div>\n\n\n\n<p><strong>Andrzej Szabaciuk<\/strong>, (Katolicki Uniwersytet Lubelski), <strong>Kryzys migracyjny w Unii Europejskiej z perspektywy pa\u0144stw Europy Wschodniej, <\/strong>&#8222;Wschodni Rocznik Humanistyczny&#8221;, tom XV, nr 4, s. 9-24. <a href=\"http:\/\/wrh.edu.pl\/wp-content\/uploads\/2019\/07\/Szabaciuk_WRH-2018-nr-4-2018-s.-9-24.pdf\">PDF<\/a><\/p>\n\n\n\n<div class=\"wp-block-image\"><figure class=\"aligncenter is-resized\"><img loading=\"lazy\" decoding=\"async\" src=\"http:\/\/wrh.edu.pl\/wp-content\/uploads\/2017\/10\/Finalik.jpg\" alt=\"\" class=\"wp-image-740\" width=\"312\" height=\"98\" srcset=\"http:\/\/wrh.edu.pl\/wp-content\/uploads\/2017\/10\/Finalik.jpg 760w, http:\/\/wrh.edu.pl\/wp-content\/uploads\/2017\/10\/Finalik-300x94.jpg 300w\" sizes=\"auto, (max-width: 312px) 100vw, 312px\" \/><\/figure><\/div>\n\n\n\n<p><strong>Tomasz Lachowski,<\/strong> (Uniwersytet \u0141\u00f3dzki), <strong>Prawo mi\u0119dzynarodowe praw cz\u0142owieka jako instrument przeciwdzia\u0142ania skutkom powa\u017cnego naruszenia prawa mi\u0119dzynarodowego publicznego \u2013 analiza wybranych aspekt\u00f3w przypadku agresji Federacji Rosyjskiej wobec Ukrainy (w latach 2014-2018), <\/strong> &#8222;Wschodni Rocznik Humanistyczny&#8221;, tom XV, nr 4, s. 25-58<strong>. <\/strong><a href=\"http:\/\/wrh.edu.pl\/wp-content\/uploads\/2019\/07\/Lachowski_WRH-2018-nr-4-2018-s.-25-58.pdf\">PDF<\/a><\/p>\n\n\n\n<div class=\"wp-block-image\"><figure class=\"aligncenter\"><img decoding=\"async\" src=\"http:\/\/wrh.edu.pl\/wp-content\/uploads\/2017\/10\/Finalik-300x94.jpg\" alt=\"\"\/><\/figure><\/div>\n\n\n\n<p><strong>Janusz Jarty\u015b, Marcin Orzechowski<\/strong> (Uniwersytet Szczeci\u0144ski), <strong>Konflikt rosyjsko-gruzi\u0144ski z 2008 roku i jego implikacje dla reintegracyjnej strategii Federacji Rosyjskiej na obszarze poradzieckim, <\/strong> &#8222;Wschodni Rocznik Humanistyczny&#8221;, tom XV, nr 4, s. 59-80<strong>.<\/strong> <a href=\"http:\/\/wrh.edu.pl\/wp-content\/uploads\/2019\/07\/59_Jarty\u015b-Orzechowski_WRH-2018-nr-4-2018.pdf\">PDF<\/a><\/p>\n\n\n\n<div class=\"wp-block-image\"><figure class=\"aligncenter is-resized\"><img loading=\"lazy\" decoding=\"async\" src=\"http:\/\/wrh.edu.pl\/wp-content\/uploads\/2017\/10\/Finalik.jpg\" alt=\"\" class=\"wp-image-740\" width=\"326\" height=\"103\" srcset=\"http:\/\/wrh.edu.pl\/wp-content\/uploads\/2017\/10\/Finalik.jpg 760w, http:\/\/wrh.edu.pl\/wp-content\/uploads\/2017\/10\/Finalik-300x94.jpg 300w\" sizes=\"auto, (max-width: 326px) 100vw, 326px\" \/><\/figure><\/div>\n\n\n\n<p class=\"has-text-align-left\"><strong>Krzysztof Garczewski<\/strong> (Uniwersytet Kazimierza Wielkiego w Bydgoszczy), <strong>\u0179r\u00f3d\u0142a kryzysu Socjaldemokratycznej Partii Niemiec, <\/strong>&#8222;Wschodni Rocznik Humanistyczny&#8221;, tom XV, nr 4, s. 81-94<strong>. <\/strong><a href=\"http:\/\/wrh.edu.pl\/wp-content\/uploads\/2019\/07\/81_Garczewski_WRH-2018-nr-4-2018.pdf\">PDF<\/a><\/p>\n\n\n\n<div class=\"wp-block-image\"><figure class=\"aligncenter is-resized\"><img loading=\"lazy\" decoding=\"async\" src=\"http:\/\/wrh.edu.pl\/wp-content\/uploads\/2017\/10\/Finalik.jpg\" alt=\"\" class=\"wp-image-740\" width=\"330\" height=\"103\" srcset=\"http:\/\/wrh.edu.pl\/wp-content\/uploads\/2017\/10\/Finalik.jpg 760w, http:\/\/wrh.edu.pl\/wp-content\/uploads\/2017\/10\/Finalik-300x94.jpg 300w\" sizes=\"auto, (max-width: 330px) 100vw, 330px\" \/><\/figure><\/div>\n\n\n\n<p><strong>Tomasz St\u0119pniewski<\/strong>, (Katolicki Uniwersytet Lubelski), <strong>Potencja\u0142 rozwoju transportu intermodalnego pa\u0144stw Europy \u015arodkowo-Wschodniej wobec inicjatywy Jedwabnego Szlaku, <\/strong>&#8222;Wschodni Rocznik Humanistyczny&#8221;, tom XV, nr 4, s. 95-108<strong>. <\/strong><a href=\"http:\/\/wrh.edu.pl\/wp-content\/uploads\/2019\/07\/95_St\u0119pniewski_WRH-2018-nr-4-2018.pdf\">PDF<\/a><\/p>\n\n\n\n<h2 class=\"has-text-align-center wp-block-heading\">Varia<\/h2>\n\n\n\n<div class=\"wp-block-image\"><figure class=\"aligncenter is-resized\"><img loading=\"lazy\" decoding=\"async\" src=\"http:\/\/wrh.edu.pl\/wp-content\/uploads\/2017\/10\/Finalik.jpg\" alt=\"\" class=\"wp-image-740\" width=\"343\" height=\"108\" srcset=\"http:\/\/wrh.edu.pl\/wp-content\/uploads\/2017\/10\/Finalik.jpg 760w, http:\/\/wrh.edu.pl\/wp-content\/uploads\/2017\/10\/Finalik-300x94.jpg 300w\" sizes=\"auto, (max-width: 343px) 100vw, 343px\" \/><\/figure><\/div>\n\n\n\n<p> <strong>\u041b\u044e\u0434\u043c\u0438\u043b\u0430 \u041d\u0438\u043a\u043e\u043b\u0430\u0435\u0432\u043d\u0430<\/strong> <strong>\u041c\u0430\u0437\u0443\u0440 <\/strong> (\u0423\u0440\u0430\u043b\u044c\u0441\u043a\u0438\u0439 \u0444\u0435\u0434\u0435\u0440\u0430\u043b\u044c\u043d\u044b\u0439 \u0443\u043d\u0438\u0432\u0435\u0440\u0441\u0438\u0442\u0435\u0442), <strong>\u0421\u0442\u0430\u043d\u043e\u0432\u043b\u0435\u043d\u0438\u0435 \u0441\u0438\u0441\u0442\u0435\u043c\u044b \u0434\u0435\u043b\u043e\u043f\u0440\u043e\u0438\u0437\u0432\u043e\u0434\u0441\u0442\u0432\u0430 \u0432 \u0421\u043e\u0432\u0435\u0442\u0441\u043a\u043e\u0439 \u0420\u043e\u0441\u0441\u0438\u0438. 1917\u20131950-\u0435 \u0433\u0433.),<\/strong> &#8222;Wschodni Rocznik Humanistyczny&#8221;, tom XV, nr 4, s. 111-126. <a href=\"http:\/\/wrh.edu.pl\/wp-content\/uploads\/2019\/07\/111_Mazur_Wschodni-Rocznik-2018-nr-4-2018_split_13.pdf\">PDF <\/a><\/p>\n\n\n\n<div class=\"wp-block-image\"><figure class=\"aligncenter is-resized\"><img loading=\"lazy\" decoding=\"async\" src=\"http:\/\/wrh.edu.pl\/wp-content\/uploads\/2017\/10\/Finalik.jpg\" alt=\"\" class=\"wp-image-740\" width=\"318\" height=\"99\" srcset=\"http:\/\/wrh.edu.pl\/wp-content\/uploads\/2017\/10\/Finalik.jpg 760w, http:\/\/wrh.edu.pl\/wp-content\/uploads\/2017\/10\/Finalik-300x94.jpg 300w\" sizes=\"auto, (max-width: 318px) 100vw, 318px\" \/><\/figure><\/div>\n\n\n\n<p> <br><strong>\u0413\u0430\u043b\u0438\u043d\u0430 \u0412\u0438\u043a\u0442\u043e\u0440\u043e\u0432\u043d\u0430 \u0428\u0435\u0448\u0443\u043a\u043e\u0432\u0430, \u0421\u0432\u0435\u0442\u043b\u0430\u043d\u0430 \u0421\u0435\u0440\u0433\u0435\u0435\u0432\u043d\u0430 \u0428\u0438\u043d\u043a\u043e\u0432\u0430<\/strong> (\u041e\u0440\u0435\u043d\u0431\u0443\u0440\u0433\u0441\u043a\u0438\u0439 \u0438\u043d\u0441\u0442\u0438\u0442\u0443\u0442 \u041c\u043e\u0441\u043a\u043e\u0432\u0441\u043a\u043e\u0433\u043e \u0413\u043e\u0441\u0443\u0434\u0430\u0440\u0441\u0442\u0432\u0435\u043d\u043d\u043e\u0433\u043e \u042e\u0440\u0438\u0434\u0438\u0447\u0435\u0441\u043a\u043e\u0433\u043e \u0423\u043d\u0438\u0432\u0435\u0440\u0441\u0438\u0442\u0435\u0442\u0430), <strong>\u041f\u0435\u043d\u0441\u0438\u043e\u043d\u043d\u0430\u044f \u0440\u0435\u0444\u043e\u0440\u043c\u0430 \u0432 \u0420\u043e\u0441\u0441\u0438\u0439\u0441\u043a\u043e\u0439 \u0424\u0435\u0434\u0435\u0440\u0430\u0446\u0438\u0438: \u043f\u0440\u043e\u0431\u043b\u0435\u043c\u044b \u0438 \u043f\u0435\u0440\u0441\u043f\u0435\u043a\u0442\u0438\u0432\u044b,<\/strong> &#8222;Wschodni Rocznik Humanistyczny&#8221;, tom XV, nr 4, s. 127-152. <a href=\"http:\/\/wrh.edu.pl\/wp-content\/uploads\/2019\/07\/127_Szeszukowa-Szynkowa_Wschodni-Rocznik-2018-nr-4-2018_split_13.pdf\">PDF <\/a><strong>.<\/strong><\/p>\n\n\n\n<div class=\"wp-block-image\"><figure class=\"aligncenter\"><img loading=\"lazy\" decoding=\"async\" width=\"300\" height=\"94\" src=\"http:\/\/wrh.edu.pl\/wp-content\/uploads\/2017\/10\/Finalik-300x94.jpg\" alt=\"\" class=\"wp-image-740\" srcset=\"http:\/\/wrh.edu.pl\/wp-content\/uploads\/2017\/10\/Finalik-300x94.jpg 300w, http:\/\/wrh.edu.pl\/wp-content\/uploads\/2017\/10\/Finalik.jpg 760w\" sizes=\"auto, (max-width: 300px) 100vw, 300px\" \/><\/figure><\/div>\n\n\n\n<p><strong>Olga T. Buczek<\/strong> (Uniwersytet Marii Curie-Sk\u0142odowskiej), <strong>El trauma psicol\u00f3gico y su reflejo en los relatos sobre actos de violencia: el caso de las obras de Rodolfo Santana, <\/strong>&#8222;Wschodni Rocznik Humanistyczny&#8221;, tom XV, nr 4, s. 153-170. <a href=\"http:\/\/wrh.edu.pl\/wp-content\/uploads\/2019\/07\/153_Buczek_Wschodni-Rocznik-2018-nr-4-2018_split_13.pdf\">PDF<\/a> <\/p>\n","protected":false},"excerpt":{"rendered":"<p>Wschodni Rocznik Humanistyczny, tom XV (2018), 4 Strona tytu\u0142owa,&nbsp; spis tre\u015bci Strona redakcji:&nbsp;http:\/\/wrh.edu.pl RADA NAUKOWAprof. dr hab. Rolf Fieguth, Uniwersytet we Fryburgu, Szwajcariaprof. dr Oleg Witaljewicz Gorbaczow, Uralski Federalny Uniwersytet, Jekaterynburg, Rosjadr Gediminas Kaz\u0117nas, Mykolas Romeris University, Wilno, Litwadr Jussi Laine, University of Eastern Finland, Finlandiaprof. dr Siergiej Walentinowicz Lubiczankowskij, Orenburski Uniwersytet Pa\u0144stwowy, Rosjaprof. dr [&hellip;]<\/p>\n","protected":false},"author":2,"featured_media":0,"parent":0,"menu_order":26,"comment_status":"closed","ping_status":"closed","template":"","meta":{"footnotes":""},"class_list":["post-1176","page","type-page","status-publish","hentry"],"yoast_head":"<!-- This site is optimized with the Yoast SEO plugin v26.5 - https:\/\/yoast.com\/wordpress\/plugins\/seo\/ -->\n<title>T. XV (2018) \u2116 4 - Wschodni Rocznik Humanistyczny<\/title>\n<meta name=\"robots\" content=\"index, follow, max-snippet:-1, max-image-preview:large, max-video-preview:-1\" \/>\n<link rel=\"canonical\" href=\"http:\/\/wrh.edu.pl\/?page_id=1176\" \/>\n<meta property=\"og:locale\" content=\"pl_PL\" \/>\n<meta property=\"og:type\" content=\"article\" \/>\n<meta property=\"og:title\" content=\"T. XV (2018) \u2116 4 - Wschodni Rocznik Humanistyczny\" \/>\n<meta property=\"og:description\" content=\"Wschodni Rocznik Humanistyczny, tom XV (2018), 4 Strona tytu\u0142owa,&nbsp; spis tre\u015bci Strona redakcji:&nbsp;http:\/\/wrh.edu.pl RADA NAUKOWAprof. dr hab. Rolf Fieguth, Uniwersytet we Fryburgu, Szwajcariaprof. dr Oleg Witaljewicz Gorbaczow, Uralski Federalny Uniwersytet, Jekaterynburg, Rosjadr Gediminas Kaz\u0117nas, Mykolas Romeris University, Wilno, Litwadr Jussi Laine, University of Eastern Finland, Finlandiaprof. dr Siergiej Walentinowicz Lubiczankowskij, Orenburski Uniwersytet Pa\u0144stwowy, Rosjaprof. dr [&hellip;]\" \/>\n<meta property=\"og:url\" content=\"http:\/\/wrh.edu.pl\/?page_id=1176\" \/>\n<meta property=\"og:site_name\" content=\"Wschodni Rocznik Humanistyczny\" \/>\n<meta property=\"article:modified_time\" content=\"2021-10-07T07:09:31+00:00\" \/>\n<meta property=\"og:image\" content=\"http:\/\/wrh.edu.pl\/wp-content\/uploads\/2017\/10\/Finalik-300x94.jpg\" \/>\n<meta name=\"twitter:card\" content=\"summary_large_image\" \/>\n<meta name=\"twitter:label1\" content=\"Szacowany czas czytania\" \/>\n\t<meta name=\"twitter:data1\" content=\"4 minuty\" \/>\n<script type=\"application\/ld+json\" class=\"yoast-schema-graph\">{\"@context\":\"https:\/\/schema.org\",\"@graph\":[{\"@type\":\"WebPage\",\"@id\":\"http:\/\/wrh.edu.pl\/?page_id=1176\",\"url\":\"http:\/\/wrh.edu.pl\/?page_id=1176\",\"name\":\"T. XV (2018) \u2116 4 - Wschodni Rocznik Humanistyczny\",\"isPartOf\":{\"@id\":\"http:\/\/wrh.edu.pl\/#website\"},\"primaryImageOfPage\":{\"@id\":\"http:\/\/wrh.edu.pl\/?page_id=1176#primaryimage\"},\"image\":{\"@id\":\"http:\/\/wrh.edu.pl\/?page_id=1176#primaryimage\"},\"thumbnailUrl\":\"http:\/\/wrh.edu.pl\/wp-content\/uploads\/2017\/10\/Finalik-300x94.jpg\",\"datePublished\":\"2019-03-01T18:00:41+00:00\",\"dateModified\":\"2021-10-07T07:09:31+00:00\",\"inLanguage\":\"pl-PL\",\"potentialAction\":[{\"@type\":\"ReadAction\",\"target\":[\"http:\/\/wrh.edu.pl\/?page_id=1176\"]}]},{\"@type\":\"ImageObject\",\"inLanguage\":\"pl-PL\",\"@id\":\"http:\/\/wrh.edu.pl\/?page_id=1176#primaryimage\",\"url\":\"http:\/\/wrh.edu.pl\/wp-content\/uploads\/2017\/10\/Finalik.jpg\",\"contentUrl\":\"http:\/\/wrh.edu.pl\/wp-content\/uploads\/2017\/10\/Finalik.jpg\",\"width\":760,\"height\":239},{\"@type\":\"WebSite\",\"@id\":\"http:\/\/wrh.edu.pl\/#website\",\"url\":\"http:\/\/wrh.edu.pl\/\",\"name\":\"Wschodni Rocznik Humanistyczny\",\"description\":\"Czasopismo naukowe\",\"publisher\":{\"@id\":\"http:\/\/wrh.edu.pl\/#organization\"},\"potentialAction\":[{\"@type\":\"SearchAction\",\"target\":{\"@type\":\"EntryPoint\",\"urlTemplate\":\"http:\/\/wrh.edu.pl\/?s={search_term_string}\"},\"query-input\":{\"@type\":\"PropertyValueSpecification\",\"valueRequired\":true,\"valueName\":\"search_term_string\"}}],\"inLanguage\":\"pl-PL\"},{\"@type\":\"Organization\",\"@id\":\"http:\/\/wrh.edu.pl\/#organization\",\"name\":\"Wschodni Rocznik Humanistyczny\",\"url\":\"http:\/\/wrh.edu.pl\/\",\"logo\":{\"@type\":\"ImageObject\",\"inLanguage\":\"pl-PL\",\"@id\":\"http:\/\/wrh.edu.pl\/#\/schema\/logo\/image\/\",\"url\":\"http:\/\/wrh.edu.pl\/wp-content\/uploads\/2017\/07\/logo_01.jpg\",\"contentUrl\":\"http:\/\/wrh.edu.pl\/wp-content\/uploads\/2017\/07\/logo_01.jpg\",\"width\":154,\"height\":183,\"caption\":\"Wschodni Rocznik Humanistyczny\"},\"image\":{\"@id\":\"http:\/\/wrh.edu.pl\/#\/schema\/logo\/image\/\"}}]}<\/script>\n<!-- \/ Yoast SEO plugin. -->","yoast_head_json":{"title":"T. XV (2018) \u2116 4 - Wschodni Rocznik Humanistyczny","robots":{"index":"index","follow":"follow","max-snippet":"max-snippet:-1","max-image-preview":"max-image-preview:large","max-video-preview":"max-video-preview:-1"},"canonical":"http:\/\/wrh.edu.pl\/?page_id=1176","og_locale":"pl_PL","og_type":"article","og_title":"T. XV (2018) \u2116 4 - Wschodni Rocznik Humanistyczny","og_description":"Wschodni Rocznik Humanistyczny, tom XV (2018), 4 Strona tytu\u0142owa,&nbsp; spis tre\u015bci Strona redakcji:&nbsp;http:\/\/wrh.edu.pl RADA NAUKOWAprof. dr hab. Rolf Fieguth, Uniwersytet we Fryburgu, Szwajcariaprof. dr Oleg Witaljewicz Gorbaczow, Uralski Federalny Uniwersytet, Jekaterynburg, Rosjadr Gediminas Kaz\u0117nas, Mykolas Romeris University, Wilno, Litwadr Jussi Laine, University of Eastern Finland, Finlandiaprof. dr Siergiej Walentinowicz Lubiczankowskij, Orenburski Uniwersytet Pa\u0144stwowy, Rosjaprof. dr [&hellip;]","og_url":"http:\/\/wrh.edu.pl\/?page_id=1176","og_site_name":"Wschodni Rocznik Humanistyczny","article_modified_time":"2021-10-07T07:09:31+00:00","og_image":[{"url":"http:\/\/wrh.edu.pl\/wp-content\/uploads\/2017\/10\/Finalik-300x94.jpg","type":"","width":"","height":""}],"twitter_card":"summary_large_image","twitter_misc":{"Szacowany czas czytania":"4 minuty"},"schema":{"@context":"https:\/\/schema.org","@graph":[{"@type":"WebPage","@id":"http:\/\/wrh.edu.pl\/?page_id=1176","url":"http:\/\/wrh.edu.pl\/?page_id=1176","name":"T. XV (2018) \u2116 4 - Wschodni Rocznik Humanistyczny","isPartOf":{"@id":"http:\/\/wrh.edu.pl\/#website"},"primaryImageOfPage":{"@id":"http:\/\/wrh.edu.pl\/?page_id=1176#primaryimage"},"image":{"@id":"http:\/\/wrh.edu.pl\/?page_id=1176#primaryimage"},"thumbnailUrl":"http:\/\/wrh.edu.pl\/wp-content\/uploads\/2017\/10\/Finalik-300x94.jpg","datePublished":"2019-03-01T18:00:41+00:00","dateModified":"2021-10-07T07:09:31+00:00","inLanguage":"pl-PL","potentialAction":[{"@type":"ReadAction","target":["http:\/\/wrh.edu.pl\/?page_id=1176"]}]},{"@type":"ImageObject","inLanguage":"pl-PL","@id":"http:\/\/wrh.edu.pl\/?page_id=1176#primaryimage","url":"http:\/\/wrh.edu.pl\/wp-content\/uploads\/2017\/10\/Finalik.jpg","contentUrl":"http:\/\/wrh.edu.pl\/wp-content\/uploads\/2017\/10\/Finalik.jpg","width":760,"height":239},{"@type":"WebSite","@id":"http:\/\/wrh.edu.pl\/#website","url":"http:\/\/wrh.edu.pl\/","name":"Wschodni Rocznik Humanistyczny","description":"Czasopismo naukowe","publisher":{"@id":"http:\/\/wrh.edu.pl\/#organization"},"potentialAction":[{"@type":"SearchAction","target":{"@type":"EntryPoint","urlTemplate":"http:\/\/wrh.edu.pl\/?s={search_term_string}"},"query-input":{"@type":"PropertyValueSpecification","valueRequired":true,"valueName":"search_term_string"}}],"inLanguage":"pl-PL"},{"@type":"Organization","@id":"http:\/\/wrh.edu.pl\/#organization","name":"Wschodni Rocznik Humanistyczny","url":"http:\/\/wrh.edu.pl\/","logo":{"@type":"ImageObject","inLanguage":"pl-PL","@id":"http:\/\/wrh.edu.pl\/#\/schema\/logo\/image\/","url":"http:\/\/wrh.edu.pl\/wp-content\/uploads\/2017\/07\/logo_01.jpg","contentUrl":"http:\/\/wrh.edu.pl\/wp-content\/uploads\/2017\/07\/logo_01.jpg","width":154,"height":183,"caption":"Wschodni Rocznik Humanistyczny"},"image":{"@id":"http:\/\/wrh.edu.pl\/#\/schema\/logo\/image\/"}}]}},"_links":{"self":[{"href":"http:\/\/wrh.edu.pl\/index.php?rest_route=\/wp\/v2\/pages\/1176","targetHints":{"allow":["GET"]}}],"collection":[{"href":"http:\/\/wrh.edu.pl\/index.php?rest_route=\/wp\/v2\/pages"}],"about":[{"href":"http:\/\/wrh.edu.pl\/index.php?rest_route=\/wp\/v2\/types\/page"}],"author":[{"embeddable":true,"href":"http:\/\/wrh.edu.pl\/index.php?rest_route=\/wp\/v2\/users\/2"}],"replies":[{"embeddable":true,"href":"http:\/\/wrh.edu.pl\/index.php?rest_route=%2Fwp%2Fv2%2Fcomments&post=1176"}],"version-history":[{"count":26,"href":"http:\/\/wrh.edu.pl\/index.php?rest_route=\/wp\/v2\/pages\/1176\/revisions"}],"predecessor-version":[{"id":2497,"href":"http:\/\/wrh.edu.pl\/index.php?rest_route=\/wp\/v2\/pages\/1176\/revisions\/2497"}],"wp:attachment":[{"href":"http:\/\/wrh.edu.pl\/index.php?rest_route=%2Fwp%2Fv2%2Fmedia&parent=1176"}],"curies":[{"name":"wp","href":"https:\/\/api.w.org\/{rel}","templated":true}]}}