{"id":1344,"date":"2019-07-20T09:35:19","date_gmt":"2019-07-20T08:35:19","guid":{"rendered":"http:\/\/wrh.edu.pl\/?page_id=1344"},"modified":"2021-10-07T08:10:05","modified_gmt":"2021-10-07T07:10:05","slug":"tom-xvi-2019-%e2%84%96-1","status":"publish","type":"page","link":"http:\/\/wrh.edu.pl\/?page_id=1344","title":{"rendered":"T. XVI (2019) \u2116 1"},"content":{"rendered":"\n<div id=\"art-main\">\n<div class=\"art-sheet clearfix\">\n<div class=\"art-layout-wrapper\">\n<div class=\"art-content-layout\">\n<div class=\"art-content-layout-row\">\n<div class=\"art-layout-cell art-content\">\n<article id=\"post-1176\" class=\"art-post art-article  post-1176 page type-page status-publish hentry\">\n<div class=\"art-postcontent clearfix\">\n<h1>Wschodni Rocznik Humanistyczny, tom XVI (2019), nr 1: <br>Filozofia: Lw\u00f3w-Presz\u00f3w-Rzesz\u00f3w.<\/h1>\n<p>Strona tytu\u0142owa, spis tre\u015bci<\/p>\n<p>Strona redakcji:&nbsp;<a href=\"http:\/\/wrh.edu.pl\/\">http:\/\/wrh.edu.pl<\/a><\/p>\n<p>RADA NAUKOWA<br>prof. dr hab. <strong>Rolf Fieguth<\/strong>, Uniwersytet we Fryburgu, Szwajcaria<br>prof. dr <strong>Oleg Witaljewicz Gorbaczow<\/strong>, Uralski Federalny Uniwersytet, Jekaterynburg, Rosja<br>dr <strong>Gediminas Kaz\u0117nas<\/strong>, Mykolas Romeris University, Wilno, Litwa<br>dr <strong>Jussi Laine<\/strong>, University of Eastern Finland, Finlandia<br>prof. dr <strong>Siergiej Walentinowicz Lubiczankowskij<\/strong>, Orenburski Uniwersytet Pa\u0144stwowy, Rosja<br>prof. dr hab. <strong>Sigistas Narbutas<\/strong>, Biblioteka Naukowa im. Wr\u00f3blewskich w Wilnie, Litwa<br>dr <strong>Janusz Nowak<\/strong>, kierownik Archiwum i Zbioru R\u0119kopis\u00f3w Biblioteki xx Czartoryskich w Krakowie<br>dr <strong>Pierre-Etienne Penot<\/strong>, The Catholic University of the Vand\u00e9e, La Roche-sur-Yon, Francja<br>prof. dr hab. <strong>Miros\u0142aw Piotrowski<\/strong>, Katolicki Uniwersytet Lubelski<br>prof. dr hab. <strong>Marek Plewczy\u0144ski<\/strong>, Uniwersytet Przyrodniczo-Humanistyczny w Siedlcach<br>prof. dr <strong>Ludmi\u0142a Posochowa<\/strong>, Charkowski Uniwersytet Narodowy im. W.N. Karazina, Ukraina<br>prof. dr hab. <strong>Krzysztof Skupie\u0144ski<\/strong>, Uniwersytet Marii Curie-Sk\u0142odowskiej w Lublinie<br>dr <strong>George Soroka<\/strong>, Harvard University, USA<br>dr hab. <strong>Maria Starnawska<\/strong>, Uniwersytet Przyrodniczo-Humanistyczny w Siedlcach<br>prof. dr <strong>Walerij Leonidowicz Stiepanow<\/strong>, Instytut Ekonomiki Rosyjskiej Akademii Nauk, Moskwa, Rosja<br>dr hab. <strong>Tadeusz M. Trajdos<\/strong>, prof. Instytutu Historii Polskiej Akademii Nauk<br>dr hab. <strong>Marek Wagner<\/strong>, prof. Uniwersytetu Przyrodniczo-Humanistycznego w Siedlcach<\/p>\n<p>REDAKCJA i KOLEGIUM REDAKCYJNE<br><strong>Redaktor naczelny: <\/strong>Artur G\u00f3rak.<br><strong>Z-ca redaktora naczelnego:&nbsp;<\/strong>Dariusz Magier.<br><strong>Sekretarz:<\/strong><strong>&nbsp;<\/strong>Artur Goszczy\u0144ski.<br>Redaktor dzia\u0142u &#8222;filozofia&#8221;: <strong>Leszek Gawor.<br><\/strong>Redaktor dzia\u0142u &#8222;historia&#8221;: <strong>Krzysztof Latawiec.<br><\/strong>Redaktor dzia\u0142u &#8222;historia literatury&#8221;: <em><strong>vacat.<\/strong><\/em><br>Redaktor dzia\u0142u &#8222;stosunki mi\u0119dzynarodowe&#8221;: <strong>Tomasz St\u0119pniewski.<br><\/strong>Redaktor dzia\u0142u &#8222;politologia&#8221;: <strong>Andrzej Szabaciuk.<\/strong><\/p>\n<p>CZASOPISMO RECENZOWANE<\/p>\n<p>Opracowanie graficzne, sk\u0142ad i \u0142amanie: <strong>Tytus Przemys\u0142aw Krupski.<br><\/strong>Korekta: <strong>Patrycja Kanak <\/strong>(ang.),<strong>Jakub Hapka <\/strong>(pol.), <strong>Artur G\u00f3rak<\/strong> (ros.).<strong><br><\/strong>T\u0142umaczenia angielskie: <strong>Robert St\u0119pie\u0144<\/strong>, rosyjskie: <strong>Artur G\u00f3rak.<\/strong><\/p>\n<p>Wydawca<strong>: Towarzystwo Nauki i Kultury \u201eLibra\u201d<\/strong>, ul. Szeligowskiego 8\/97, 20-883 Lublin<br>\u00a9 ToNiK \u201eLibra\u201d<br>ISSN 1731-982X<\/p>\n<\/div>\n<\/article>\n<\/div>\n<\/div>\n<\/div>\n<\/div>\n<\/div>\n<\/div>\n\n\n\n<div class=\"wp-block-image\"><figure class=\"aligncenter is-resized\"><img loading=\"lazy\" decoding=\"async\" src=\"http:\/\/wrh.edu.pl\/wp-content\/uploads\/2019\/11\/motyw-z-ok%C5%82adki-Unia-Lubelska-e1572853732192.jpg\" alt=\"\" width=\"583\" height=\"549\"\/><figcaption>450-a rocznica Unii Lubelskiej 1569 roku<\/figcaption><\/figure><\/div>\n\n\n\n<h2 class=\"wp-block-heading\">WRH t. XVI (2019), nr 1:  <em>Filozofia: Lw\u00f3w-Presz\u00f3w-Rzesz\u00f3w<\/em>, pod red. Leszka Gawora<\/h2>\n\n\n\n<p><strong>Leszek Gawor<\/strong> (Uniwersytet Rzeszowski), <em><strong><a href=\"http:\/\/wrh.edu.pl\/wp-content\/uploads\/2019\/11\/WRH_16_1_007_009-1.pdf\">O projekcie badawczym &#8222;Filozofia: Lw\u00f3w-Presz\u00f3w-Rzesz\u00f3w&#8221;<\/a><\/strong><\/em>, &#8222;Wschodni Rocznik Humanistyczny&#8221; tom XVI (2019) nr 1, s. 7-10.<br>(<strong><em>About project: \u201ePhilosophy: Lviv \u2013 Preszov \u2013 Rzeszov\u201d<\/em><\/strong>)<\/p>\n\n\n\n<div class=\"wp-block-image\"><figure class=\"aligncenter\"><img loading=\"lazy\" decoding=\"async\" width=\"1024\" height=\"454\" src=\"http:\/\/wrh.edu.pl\/wp-content\/uploads\/2019\/04\/0007-1-1024x454.jpg\" alt=\"\" class=\"wp-image-1297\"\/><\/figure><\/div>\n\n\n\n<p><strong>Vasil Gluchman<\/strong> (Uniwersytet Preszowski, S\u0142owacja), <strong><em><a href=\"http:\/\/wrh.edu.pl\/wp-content\/uploads\/2019\/11\/WRH_16_1_Vasil-Gluchman_011_018-1.pdf\">Martha Nussbaum\u2019s Humanism and Posthumanism<\/a><\/em><\/strong>,  &#8222;Wschodni Rocznik Humanistyczny&#8221; tom XVI (2019) nr 1, s. 11-18. <br><strong><span style=\"color:#0693e3\" class=\"tadv-color\">10.36121\/VGLUCHMAN.16.2019.1.011<\/span><\/strong><br>(<strong><em>Humanizm i posthumanizm Marthy Nussbaum<\/em><\/strong>)<\/p>\n\n\n\n<p><strong>Jan&nbsp; Kalajtzidis<\/strong> (Uniwersytet Preszowski, S\u0142owacja), <strong><em><a href=\"http:\/\/wrh.edu.pl\/wp-content\/uploads\/2019\/11\/WRH_16_1_019_026-2.pdf\">Definition of death as a challenge for humanity in the 21st century<\/a><\/em><\/strong>,  &#8222;Wschodni Rocznik Humanistyczny&#8221; tom XVI (2019) nr 1, s. 19-26.<br> <strong><span style=\"color:#0693e3\" class=\"tadv-color\">DOI: 10.36121\/JKLAJTZIDIS.16.2019.1.019 <\/span><\/strong><br>(<em><strong>Definicja \u015bmierci jako wyzwanie dla ludzko\u015bci w XXI wieku<\/strong><\/em>)<\/p>\n\n\n\n<p><strong>Ryszard W\u00f3jtowicz<\/strong> (Uniwersytet Rzeszowski), <em><strong><a href=\"http:\/\/wrh.edu.pl\/wp-content\/uploads\/2019\/11\/WRH_16_1_027_037-2.pdf\">Rola i znaczenie idea\u0142\u00f3w w \u017cyciu spo\u0142eczno-politycznym w XXI wieku<\/a><\/strong><\/em>,  &#8222;Wschodni Rocznik Humanistyczny&#8221; tom XVI (2019) nr 1, s. 27-38.<br> <strong><span style=\"color:#0693e3\" class=\"tadv-color\">DOI: 10.36121\/RWOJTOWICZ.16.2019.1.027<\/span><\/strong> <br>(<strong><em>The Role and Importanse of Ideals in Social and Political Life of the 21st century<\/em><\/strong>)<\/p>\n\n\n\n<p><strong>Marek Bosak<\/strong> (Uniwersytet Rzeszowski), <em><strong><a href=\"http:\/\/wrh.edu.pl\/wp-content\/uploads\/2019\/11\/WRH_16_1_039_052-2.pdf\">Demokracja-demagogia-tyrania. Uwagi o aporiach wolno\u015bci jednostki<\/a><\/strong><\/em>,  &#8222;Wschodni Rocznik Humanistyczny&#8221; tom XVI (2019) nr 1, s. 39-52.<br> <span style=\"color:#0693e3\" class=\"tadv-color\"><strong>DOI: 10.36121\/MBOSAK.16.2019.1.039 <\/strong><\/span><br>(<strong><em>Democracy \u2013 Demagogy \u2013 Tyranny. Remarks on the Aporias of individual Freedom<\/em><\/strong>)<\/p>\n\n\n\n<p><strong>Daniele Stasi <\/strong>&nbsp;(Uniwersytet Rzeszowski, Uniwersytet in Foggia, Italy),  <strong><em><a href=\"http:\/\/wrh.edu.pl\/wp-content\/uploads\/2019\/11\/WRH_16_1_053_065-3.pdf\">Marxism and bourgeois democracy. Reflections on a debate  after the Second World War in Italy<\/a><\/em><\/strong>,  &#8222;Wschodni Rocznik Humanistyczny&#8221; tom XVI (2019) nr 1, s. 53-66.<br> <span style=\"color:#0693e3\" class=\"tadv-color\"><strong>DOI: 10.36121\/DSTASI.16.2019.1.053<\/strong><\/span> <br> (<strong><em>Marksizm i bur\u017cuazyjna demokracja. Refleksje na temat debaty po drugiej wojnie \u015bwiatowej we W\u0142oszech<\/em><\/strong>)<\/p>\n\n\n\n<p><strong>Irina Pukhta<\/strong> (Narodowy Uniwersytet im. Franko, Lw\u00f3w, Ukraina), <strong><em><a href=\"http:\/\/wrh.edu.pl\/wp-content\/uploads\/2019\/11\/WRH_16_1_067_076-2.pdf\">Critical Thinking in the \u201cPost-Truth\u201d Era<\/a><\/em><\/strong>,  &#8222;Wschodni Rocznik Humanistyczny&#8221; tom XVI (2019) nr 1, s. 67-76.  <br> <span style=\"color:#0693e3\" class=\"tadv-color\"><strong>DOI: 10.36121\/IPUCHTA.16.2019.1.067<\/strong><\/span> <br>(<em><strong>My\u015blenie krytyczne w epoce postprawdy<\/strong><\/em>)<\/p>\n\n\n\n<p><strong>Krzysztof Bochenek<\/strong> (Uniwersytet Rzeszowski), <em><strong><a href=\"http:\/\/wrh.edu.pl\/wp-content\/uploads\/2019\/11\/WRH_16_1_077_086-2.pdf\">Zjawisko laicyzacji w spo\u0142ecze\u0144stwie ponowoczesny<\/a><\/strong><\/em><a href=\"http:\/\/wrh.edu.pl\/wp-content\/uploads\/2019\/11\/WRH_16_1_077_086-2.pdf\"><img decoding=\"async\" class=\"wp-image-1530\" style=\"width: NaNpx;\" src=\"http:\/\/wrh.edu.pl\/wp-content\/uploads\/2019\/11\/WRH_16_1_077_086-2.pdf\" alt=\"\"><\/a><em><strong><a href=\"http:\/\/wrh.edu.pl\/wp-content\/uploads\/2019\/11\/WRH_16_1_077_086-2.pdf\">m (konteksty filozoficzne)<\/a><\/strong><\/em>,  &#8222;Wschodni Rocznik Humanistyczny&#8221; tom XVI (2019) nr 1, s. 77-86. <br> <span style=\"color:#0693e3\" class=\"tadv-color\"><strong>DOI: 10.36121\/KBOCHENEK.16.2019.1.077<\/strong><\/span> <br>(<strong><em>The phenomenon of secularization in post-modern society (philosophical contexts)<\/em><\/strong>)<\/p>\n\n\n\n<p><strong>Witold Nowak <\/strong>&nbsp;(Uniwersytet Rzeszowski), <em><strong><a href=\"http:\/\/wrh.edu.pl\/wp-content\/uploads\/2019\/11\/WRH_16_1_087_101-2.pdf\">Humanistyka jako kompensacja przy\u015bpieszenia cywilizacyjneg<\/a>o<\/strong><\/em>,  &#8222;Wschodni Rocznik Humanistyczny&#8221; tom XVI (2019) nr 1, s. 87-102.<br> <strong><span style=\"color:#0693e3\" class=\"tadv-color\">DOI: 10.36121\/WNOWAK.16.2019.1.087<\/span><\/strong> <br>(<strong><em>Humanities as a compensation for civilization acceleration<\/em><\/strong>).<\/p>\n\n\n\n<p><strong>Oksana Sarabun<\/strong> (Narodowy Uniwersytet im. Franko, Lw\u00f3w, Ukraina), <strong><em><a href=\"http:\/\/wrh.edu.pl\/wp-content\/uploads\/2019\/11\/WRH_16_1_103_113-2.pdf\">The non-casual responsibility as a priori of human condition<\/a><\/em><\/strong>,  &#8222;Wschodni Rocznik Humanistyczny&#8221; tom XVI (2019) nr 1, s. 103-114. <br><strong><span style=\"color:#0693e3\" class=\"tadv-color\">10.36121\/OSARABUN.16.2019.1.103<\/span><\/strong><br>(<em><strong>Nieprzyczynowa odpowiedzialno\u015b\u0107 jako aprioryczna sytuacja ludzko\u015bci<\/strong><\/em>)<\/p>\n\n\n\n<p><strong>Marcin Subczak<\/strong> (Uniwersytet Rzeszowski), <em><strong><a href=\"http:\/\/wrh.edu.pl\/wp-content\/uploads\/2019\/11\/WRH_16_1_115_133-2.pdf\">Odpomniane oblicze filozofii<\/a><\/strong><\/em>,  &#8222;Wschodni Rocznik Humanistyczny&#8221; tom XVI (2019) nr 1, s. 115-134.<br> <strong><span style=\"color:#0693e3\" class=\"tadv-color\">DOI: 10.36121\/MSUBCZAK.16.2019.1.115<\/span><\/strong> <br> (<strong><em>Recalled countenance of philosophy<\/em><\/strong>)<\/p>\n\n\n\n<p><strong>Adam Kubiak<\/strong> (Uniwersytet Rzeszowski), <strong><em><a href=\"http:\/\/wrh.edu.pl\/wp-content\/uploads\/2019\/11\/WRH_16_1_135_147-2.pdf\">Impostors and Wardens. Lost in the Peripheral Trap of Identity<\/a><\/em><\/strong> ,  &#8222;Wschodni Rocznik Humanistyczny&#8221; tom XVI (2019) nr 1, s. 135-148. <br> <strong><span style=\"color:#0693e3\" class=\"tadv-color\">DOI: 10.36121\/AKUBIAK.16.2019.1.135<\/span><\/strong> <br>(<em><strong>Oszu\u015bci i Stra\u017cnicy. Zagubione peryferyjne pu\u0142apki to\u017csamo\u015bci<\/strong><\/em>)<\/p>\n\n\n\n<p><strong>Jaros\u0142aw Kinal<\/strong> (Uniwersytet Rzeszowski), <strong><a href=\"http:\/\/wrh.edu.pl\/wp-content\/uploads\/2019\/11\/WRH_16_1_149_157-2.pdf\">Technique as factor of socio-economic change<\/a><\/strong>,  &#8222;Wschodni Rocznik Humanistyczny&#8221; tom XVI (2019) nr 1, s. 149-158. <br> <strong><span style=\"color:#0693e3\" class=\"tadv-color\">DOI: 10.36121\/JKINAL.16.2019.1.149 <\/span><\/strong><br>(<em><strong>Technika jako przyczyna spo\u0142eczno-ekonomicznej zmiany<\/strong><\/em>)<\/p>\n\n\n\n<p><strong>Beata Guzowska<\/strong> (Uniwersytet Rzeszowski), <strong><em><a href=\"http:\/\/wrh.edu.pl\/wp-content\/uploads\/2019\/11\/WRH_16_1_159_166-2.pdf\">The Personality in a Network Society \u2013 opportunities and threats<\/a><\/em><\/strong>,  &#8222;Wschodni Rocznik Humanistyczny&#8221; tom XVI (2019) nr 1, s. 159-166. <br> <strong><span style=\"color:#0693e3\" class=\"tadv-color\">DOI: 10.36121\/BGUZOWSKA.16.2019.1.159<\/span><\/strong> <br>(<em><strong>Jednostka w spo\u0142ecze\u0144stwie sieciowym \u2013 szanse i zagro\u017cenia<\/strong><\/em>)<\/p>\n\n\n\n<p><strong>Damian Kuty\u0142a<\/strong> (Uniwersytet Rzeszowski),  <strong><em><a href=\"http:\/\/wrh.edu.pl\/wp-content\/uploads\/2019\/11\/WRH_16_1_167_180-2.pdf\">Postapokaliptyczna przysz\u0142o\u015b\u0107 \u015bwiata w kinematografii SF<\/a><\/em>,  <\/strong>&#8222;Wschodni Rocznik Humanistyczny&#8221; tom XVI (2019) nr 1, s. 167-180.<br> <strong><span style=\"color:#0693e3\" class=\"tadv-color\">DOI: 10.36121\/DKUTYLA.16.2019.1.169 <\/span><\/strong><br>(<strong><em>Post-apocalyptic future of the world in science fiction cinematography<\/em><\/strong>)<\/p>\n\n\n\n<p><strong>Leszek Gawor<\/strong> (Uniwersytet Rzeszowski), <strong><em><a href=\"http:\/\/wrh.edu.pl\/wp-content\/uploads\/2019\/11\/WRH_16_1_181_191-2.pdf\">The Vision of a Global Environmental Disaster and the Extinction of Humankind<\/a><\/em><\/strong>,  &#8222;Wschodni Rocznik Humanistyczny&#8221; tom XVI (2019) nr 1, s. 181-192. <br> <span style=\"color:#0693e3\" class=\"tadv-color\"><strong>DOI: 10.36121\/LGAWOR.16.2019.1.181<\/strong><\/span> <br> (<em><strong>Perspektywa globalnej katastrofy ekologicznej i dystynkcji gatunku ludzkiego<\/strong><\/em>)<\/p>\n\n\n\n<p><strong>Izabela Pasternak<\/strong> (Uniwersytet Rzeszowski), <em><strong><a href=\"http:\/\/wrh.edu.pl\/wp-content\/uploads\/2019\/11\/WRH_16_1_193_202-2.pdf\">Aksjologiczne zr\u00f3\u017cnicowanie podstaw polityki ochrony \u015brodowiska<\/a><\/strong><\/em>,  &#8222;Wschodni Rocznik Humanistyczny&#8221; tom XVI (2019) nr 1, s. 193-202. <br> <span style=\"color:#0693e3\" class=\"tadv-color\"><strong>DOI: 10.36121\/IPASTERNAK.16.2019.1.193<\/strong><\/span>  <br>(<strong><em>Axiological diversity of the foundations of environmental policy<\/em><\/strong>)<\/p>\n\n\n\n<p><strong>Ryszard Polak<\/strong> (Akademia Wychowania Fizycznego J\u00f3zefa Pi\u0142sudskiego w Warszawie, Filia w Bia\u0142ej Podlaskiej), <em><strong><a href=\"http:\/\/wrh.edu.pl\/wp-content\/uploads\/2019\/11\/WRH_16_1_203_222-2.pdf\">Polscy bioetycy chrze\u015bcija\u0144scy wobec post\u0119pu medycyny w XXI wieku<\/a>, &#8222;<\/strong><\/em>Wschodni Rocznik Humanistyczny&#8221; tom XVI (2019) nr 1, s. 203-233. <br><span style=\"color: #0000ff;\"><strong>DOI: 10.36121\/RPOLAK.16.2019.1.203<\/strong><\/span><br data-rich-text-line-break=\"true\">(<em><strong>Polish Christian bioethics in the face of medical progress in the 21st century<\/strong><\/em>)<\/p>\n\n\n\n<p><a href=\"http:\/\/225_WRH_17_1_nwrh_2019_filozofia_v2\" data-wplink-url-error=\"true\">Noty autorskie &#8211; Autors<\/a><\/p>\n","protected":false},"excerpt":{"rendered":"<p>Wschodni Rocznik Humanistyczny, tom XVI (2019), nr 1: Filozofia: Lw\u00f3w-Presz\u00f3w-Rzesz\u00f3w. Strona tytu\u0142owa, spis tre\u015bci Strona redakcji:&nbsp;http:\/\/wrh.edu.pl RADA NAUKOWAprof. dr hab. Rolf Fieguth, Uniwersytet we Fryburgu, Szwajcariaprof. dr Oleg Witaljewicz Gorbaczow, Uralski Federalny Uniwersytet, Jekaterynburg, Rosjadr Gediminas Kaz\u0117nas, Mykolas Romeris University, Wilno, Litwadr Jussi Laine, University of Eastern Finland, Finlandiaprof. dr Siergiej Walentinowicz Lubiczankowskij, Orenburski Uniwersytet [&hellip;]<\/p>\n","protected":false},"author":2,"featured_media":0,"parent":0,"menu_order":27,"comment_status":"closed","ping_status":"closed","template":"","meta":{"footnotes":""},"class_list":["post-1344","page","type-page","status-publish","hentry"],"yoast_head":"<!-- This site is optimized with the Yoast SEO plugin v27.4 - https:\/\/yoast.com\/product\/yoast-seo-wordpress\/ -->\n<title>T. XVI (2019) \u2116 1 - Wschodni Rocznik Humanistyczny<\/title>\n<meta name=\"robots\" content=\"index, follow, max-snippet:-1, max-image-preview:large, max-video-preview:-1\" \/>\n<link rel=\"canonical\" href=\"http:\/\/wrh.edu.pl\/?page_id=1344\" \/>\n<meta property=\"og:locale\" content=\"pl_PL\" \/>\n<meta property=\"og:type\" content=\"article\" \/>\n<meta property=\"og:title\" content=\"T. XVI (2019) \u2116 1 - Wschodni Rocznik Humanistyczny\" \/>\n<meta property=\"og:description\" content=\"Wschodni Rocznik Humanistyczny, tom XVI (2019), nr 1: Filozofia: Lw\u00f3w-Presz\u00f3w-Rzesz\u00f3w. Strona tytu\u0142owa, spis tre\u015bci Strona redakcji:&nbsp;http:\/\/wrh.edu.pl RADA NAUKOWAprof. dr hab. Rolf Fieguth, Uniwersytet we Fryburgu, Szwajcariaprof. dr Oleg Witaljewicz Gorbaczow, Uralski Federalny Uniwersytet, Jekaterynburg, Rosjadr Gediminas Kaz\u0117nas, Mykolas Romeris University, Wilno, Litwadr Jussi Laine, University of Eastern Finland, Finlandiaprof. dr Siergiej Walentinowicz Lubiczankowskij, Orenburski Uniwersytet [&hellip;]\" \/>\n<meta property=\"og:url\" content=\"http:\/\/wrh.edu.pl\/?page_id=1344\" \/>\n<meta property=\"og:site_name\" content=\"Wschodni Rocznik Humanistyczny\" \/>\n<meta property=\"article:modified_time\" content=\"2021-10-07T07:10:05+00:00\" \/>\n<meta property=\"og:image\" content=\"http:\/\/wrh.edu.pl\/wp-content\/uploads\/2019\/11\/motyw-z-ok%C5%82adki-Unia-Lubelska-e1572853732192.jpg\" \/>\n<meta name=\"twitter:card\" content=\"summary_large_image\" \/>\n<meta name=\"twitter:label1\" content=\"Szacowany czas czytania\" \/>\n\t<meta name=\"twitter:data1\" content=\"5 minut\" \/>\n<script type=\"application\/ld+json\" class=\"yoast-schema-graph\">{\"@context\":\"https:\\\/\\\/schema.org\",\"@graph\":[{\"@type\":\"WebPage\",\"@id\":\"http:\\\/\\\/wrh.edu.pl\\\/?page_id=1344\",\"url\":\"http:\\\/\\\/wrh.edu.pl\\\/?page_id=1344\",\"name\":\"T. XVI (2019) \u2116 1 - Wschodni Rocznik Humanistyczny\",\"isPartOf\":{\"@id\":\"http:\\\/\\\/wrh.edu.pl\\\/#website\"},\"primaryImageOfPage\":{\"@id\":\"http:\\\/\\\/wrh.edu.pl\\\/?page_id=1344#primaryimage\"},\"image\":{\"@id\":\"http:\\\/\\\/wrh.edu.pl\\\/?page_id=1344#primaryimage\"},\"thumbnailUrl\":\"http:\\\/\\\/wrh.edu.pl\\\/wp-content\\\/uploads\\\/2019\\\/11\\\/motyw-z-ok%C5%82adki-Unia-Lubelska-e1572853732192.jpg\",\"datePublished\":\"2019-07-20T08:35:19+00:00\",\"dateModified\":\"2021-10-07T07:10:05+00:00\",\"inLanguage\":\"pl-PL\",\"potentialAction\":[{\"@type\":\"ReadAction\",\"target\":[\"http:\\\/\\\/wrh.edu.pl\\\/?page_id=1344\"]}]},{\"@type\":\"ImageObject\",\"inLanguage\":\"pl-PL\",\"@id\":\"http:\\\/\\\/wrh.edu.pl\\\/?page_id=1344#primaryimage\",\"url\":\"http:\\\/\\\/wrh.edu.pl\\\/wp-content\\\/uploads\\\/2019\\\/11\\\/motyw-z-ok%C5%82adki-Unia-Lubelska-e1572853732192.jpg\",\"contentUrl\":\"http:\\\/\\\/wrh.edu.pl\\\/wp-content\\\/uploads\\\/2019\\\/11\\\/motyw-z-ok%C5%82adki-Unia-Lubelska-e1572853732192.jpg\"},{\"@type\":\"WebSite\",\"@id\":\"http:\\\/\\\/wrh.edu.pl\\\/#website\",\"url\":\"http:\\\/\\\/wrh.edu.pl\\\/\",\"name\":\"Wschodni Rocznik Humanistyczny\",\"description\":\"Czasopismo naukowe\",\"publisher\":{\"@id\":\"http:\\\/\\\/wrh.edu.pl\\\/#organization\"},\"potentialAction\":[{\"@type\":\"SearchAction\",\"target\":{\"@type\":\"EntryPoint\",\"urlTemplate\":\"http:\\\/\\\/wrh.edu.pl\\\/?s={search_term_string}\"},\"query-input\":{\"@type\":\"PropertyValueSpecification\",\"valueRequired\":true,\"valueName\":\"search_term_string\"}}],\"inLanguage\":\"pl-PL\"},{\"@type\":\"Organization\",\"@id\":\"http:\\\/\\\/wrh.edu.pl\\\/#organization\",\"name\":\"Wschodni Rocznik Humanistyczny\",\"url\":\"http:\\\/\\\/wrh.edu.pl\\\/\",\"logo\":{\"@type\":\"ImageObject\",\"inLanguage\":\"pl-PL\",\"@id\":\"http:\\\/\\\/wrh.edu.pl\\\/#\\\/schema\\\/logo\\\/image\\\/\",\"url\":\"http:\\\/\\\/wrh.edu.pl\\\/wp-content\\\/uploads\\\/2017\\\/07\\\/logo_01.jpg\",\"contentUrl\":\"http:\\\/\\\/wrh.edu.pl\\\/wp-content\\\/uploads\\\/2017\\\/07\\\/logo_01.jpg\",\"width\":154,\"height\":183,\"caption\":\"Wschodni Rocznik Humanistyczny\"},\"image\":{\"@id\":\"http:\\\/\\\/wrh.edu.pl\\\/#\\\/schema\\\/logo\\\/image\\\/\"}}]}<\/script>\n<!-- \/ Yoast SEO plugin. -->","yoast_head_json":{"title":"T. XVI (2019) \u2116 1 - Wschodni Rocznik Humanistyczny","robots":{"index":"index","follow":"follow","max-snippet":"max-snippet:-1","max-image-preview":"max-image-preview:large","max-video-preview":"max-video-preview:-1"},"canonical":"http:\/\/wrh.edu.pl\/?page_id=1344","og_locale":"pl_PL","og_type":"article","og_title":"T. XVI (2019) \u2116 1 - Wschodni Rocznik Humanistyczny","og_description":"Wschodni Rocznik Humanistyczny, tom XVI (2019), nr 1: Filozofia: Lw\u00f3w-Presz\u00f3w-Rzesz\u00f3w. Strona tytu\u0142owa, spis tre\u015bci Strona redakcji:&nbsp;http:\/\/wrh.edu.pl RADA NAUKOWAprof. dr hab. Rolf Fieguth, Uniwersytet we Fryburgu, Szwajcariaprof. dr Oleg Witaljewicz Gorbaczow, Uralski Federalny Uniwersytet, Jekaterynburg, Rosjadr Gediminas Kaz\u0117nas, Mykolas Romeris University, Wilno, Litwadr Jussi Laine, University of Eastern Finland, Finlandiaprof. dr Siergiej Walentinowicz Lubiczankowskij, Orenburski Uniwersytet [&hellip;]","og_url":"http:\/\/wrh.edu.pl\/?page_id=1344","og_site_name":"Wschodni Rocznik Humanistyczny","article_modified_time":"2021-10-07T07:10:05+00:00","og_image":[{"url":"http:\/\/wrh.edu.pl\/wp-content\/uploads\/2019\/11\/motyw-z-ok%C5%82adki-Unia-Lubelska-e1572853732192.jpg","type":"","width":"","height":""}],"twitter_card":"summary_large_image","twitter_misc":{"Szacowany czas czytania":"5 minut"},"schema":{"@context":"https:\/\/schema.org","@graph":[{"@type":"WebPage","@id":"http:\/\/wrh.edu.pl\/?page_id=1344","url":"http:\/\/wrh.edu.pl\/?page_id=1344","name":"T. XVI (2019) \u2116 1 - Wschodni Rocznik Humanistyczny","isPartOf":{"@id":"http:\/\/wrh.edu.pl\/#website"},"primaryImageOfPage":{"@id":"http:\/\/wrh.edu.pl\/?page_id=1344#primaryimage"},"image":{"@id":"http:\/\/wrh.edu.pl\/?page_id=1344#primaryimage"},"thumbnailUrl":"http:\/\/wrh.edu.pl\/wp-content\/uploads\/2019\/11\/motyw-z-ok%C5%82adki-Unia-Lubelska-e1572853732192.jpg","datePublished":"2019-07-20T08:35:19+00:00","dateModified":"2021-10-07T07:10:05+00:00","inLanguage":"pl-PL","potentialAction":[{"@type":"ReadAction","target":["http:\/\/wrh.edu.pl\/?page_id=1344"]}]},{"@type":"ImageObject","inLanguage":"pl-PL","@id":"http:\/\/wrh.edu.pl\/?page_id=1344#primaryimage","url":"http:\/\/wrh.edu.pl\/wp-content\/uploads\/2019\/11\/motyw-z-ok%C5%82adki-Unia-Lubelska-e1572853732192.jpg","contentUrl":"http:\/\/wrh.edu.pl\/wp-content\/uploads\/2019\/11\/motyw-z-ok%C5%82adki-Unia-Lubelska-e1572853732192.jpg"},{"@type":"WebSite","@id":"http:\/\/wrh.edu.pl\/#website","url":"http:\/\/wrh.edu.pl\/","name":"Wschodni Rocznik Humanistyczny","description":"Czasopismo naukowe","publisher":{"@id":"http:\/\/wrh.edu.pl\/#organization"},"potentialAction":[{"@type":"SearchAction","target":{"@type":"EntryPoint","urlTemplate":"http:\/\/wrh.edu.pl\/?s={search_term_string}"},"query-input":{"@type":"PropertyValueSpecification","valueRequired":true,"valueName":"search_term_string"}}],"inLanguage":"pl-PL"},{"@type":"Organization","@id":"http:\/\/wrh.edu.pl\/#organization","name":"Wschodni Rocznik Humanistyczny","url":"http:\/\/wrh.edu.pl\/","logo":{"@type":"ImageObject","inLanguage":"pl-PL","@id":"http:\/\/wrh.edu.pl\/#\/schema\/logo\/image\/","url":"http:\/\/wrh.edu.pl\/wp-content\/uploads\/2017\/07\/logo_01.jpg","contentUrl":"http:\/\/wrh.edu.pl\/wp-content\/uploads\/2017\/07\/logo_01.jpg","width":154,"height":183,"caption":"Wschodni Rocznik Humanistyczny"},"image":{"@id":"http:\/\/wrh.edu.pl\/#\/schema\/logo\/image\/"}}]}},"_links":{"self":[{"href":"http:\/\/wrh.edu.pl\/index.php?rest_route=\/wp\/v2\/pages\/1344","targetHints":{"allow":["GET"]}}],"collection":[{"href":"http:\/\/wrh.edu.pl\/index.php?rest_route=\/wp\/v2\/pages"}],"about":[{"href":"http:\/\/wrh.edu.pl\/index.php?rest_route=\/wp\/v2\/types\/page"}],"author":[{"embeddable":true,"href":"http:\/\/wrh.edu.pl\/index.php?rest_route=\/wp\/v2\/users\/2"}],"replies":[{"embeddable":true,"href":"http:\/\/wrh.edu.pl\/index.php?rest_route=%2Fwp%2Fv2%2Fcomments&post=1344"}],"version-history":[{"count":41,"href":"http:\/\/wrh.edu.pl\/index.php?rest_route=\/wp\/v2\/pages\/1344\/revisions"}],"predecessor-version":[{"id":2499,"href":"http:\/\/wrh.edu.pl\/index.php?rest_route=\/wp\/v2\/pages\/1344\/revisions\/2499"}],"wp:attachment":[{"href":"http:\/\/wrh.edu.pl\/index.php?rest_route=%2Fwp%2Fv2%2Fmedia&parent=1344"}],"curies":[{"name":"wp","href":"https:\/\/api.w.org\/{rel}","templated":true}]}}