{"id":18,"date":"2017-07-08T15:37:06","date_gmt":"2017-07-08T15:37:06","guid":{"rendered":"http:\/\/wrh.edu.pl\/?page_id=18"},"modified":"2024-01-24T16:55:02","modified_gmt":"2024-01-24T15:55:02","slug":"informacje-dla-autorow","status":"publish","type":"page","link":"http:\/\/wrh.edu.pl\/?page_id=18","title":{"rendered":"Informacje dla Autor\u00f3w"},"content":{"rendered":"<p><span style=\"font-family: Tahoma; font-size: 10pt;\"><strong>Zapraszamy naukowc\u00f3w zajmuj\u0105cych si\u0119 naukami humanistycznymi\u00a0i spo\u0142ecznymi\u00a0do publikowania swoich prac na \u0142amach Wschodniego Rocznika Humanistycznego. <\/strong><\/span><\/p>\n<p><span style=\"font-family: Tahoma; font-size: 10pt;\"><strong>Obj\u0119to\u015b\u0107 artyku\u0142u nie powinna przekroczy\u0107 40 stron, \u017ar\u00f3d\u0142a i materia\u0142u &#8211; 20, a tekst\u00f3w do dzia\u0142u &#8222;Recenzje, polemiki, om\u00f3wienia, komunikaty&#8221; &#8211; 10 stron. <\/strong><\/span><\/p>\n<p><span style=\"font-family: Tahoma; font-size: 10pt;\"><strong>Materia\u0142y do publikacji nale\u017cy przesy\u0142a\u0107 w wersji elektronicznej, w postaci edytowalnych plik\u00f3w tekstowych z wbudowanymi czcionkami i do\u0142\u0105czonymi plikami graficznymi.<\/strong><\/span><\/p>\n<p style=\"text-align: center;\"><span style=\"font-family: Tahoma; font-size: 12pt;\"><strong>Uwagi techniczne:<\/strong><\/span><\/p>\n<p><span style=\"font-size: 10pt;\"><span style=\"color: #0093dd; font-family: Tahoma;\"><strong>Przypisy<\/strong><\/span><span style=\"font-family: Tahoma;\"><strong><br \/><\/strong>Przypisy nale\u017cy tworzy\u0107 w programie Word, na dole strony. Odno\u015bniki w tek\u015bcie powinny by\u0107 umieszczone przed kropk\u0105 ko\u0144cz\u0105c\u0105 zdanie, z wyj\u0105tkiem sytuacji, gdy ko\u0144czy je skr\u00f3t (np.: w. &#8211; wiek; r. &#8211; rok) albo przed przecinkiem wewn\u0105trz zdania. Numery odno\u015bnik\u00f3w w tek\u015bcie i przypis\u00f3w nale\u017cy plasowa\u0107 w indeksie g\u00f3rnym, bez zb\u0119dnych nawias\u00f3w i kropek po numerach. Dopuszczalne s\u0105 skr\u00f3ty przyj\u0119te w opracowaniach specjalistycznych, jednak z wyja\u015bnieniem ich znaczenia przy pierwszym zastosowaniu, np.: Archiwum Pa\u0144stwowe w Lublinie (dalej: APL). Tytu\u0142y cytowane ponownie skracamy zaznaczaj\u0105c to wielokropkiem. Przy ponownym cytowaniu dzie\u0142a nale\u017cy stosowa\u0107 skr\u00f3t tam\u017ce, natomiast przy cytowania dzie\u0142a tego samego autora co poprzednio &#8211; ten\u017ce. Nawiasy kwadratowe nale\u017cy stosowa\u0107 przy cytowaniu monografii, zbior\u00f3w lub opracowa\u0144 ci\u0105g\u0142ych: [w:] oraz przy urwanych cytatach w tek\u015bcie: [&#8230;] lub jako przypisy od autora, np.: [podkre\u015blenie D.M]. Nawiasy okr\u0105g\u0142e nale\u017cy stosowa\u0107 w przypisach przy obja\u015bnieniach od autora, np.: (dalej: APL).<\/span><\/span><\/p>\n<p><span style=\"font-size: 10pt;\"><span style=\"color: #0093dd; font-family: Tahoma;\"><strong>Skr\u00f3ty<\/strong><\/span><span style=\"font-family: Tahoma;\"><strong><br \/><\/strong>Imiona powinny by\u0107 rozwijane przy ich wymienianiu po raz pierwszy. Nale\u017cy stosowa\u0107 skr\u00f3ty powszechnie u\u017cywane w literaturze, jak np. nazwy archiw\u00f3w (np. Archiwum Akt Nowych &#8211; AAN; Archiwum G\u0142\u00f3wne Akt Dawnych &#8211; AGAD; Archiwum Pa\u0144stwowe w Lublinie &#8211; APL) oraz instytucji naukowych (np. Instytut Historii Polskiej Akademii Nauk &#8211; IH PAN), tytu\u0142\u00f3w naukowych (prof. dr hab.), stopni wojskowych (kpt., p\u0142k), tytu\u0142\u00f3w duchowie\u0144stwa (bp, bpa, oo. &#8211; ojcowie, ss. &#8211; siostry), skr\u00f3ty jednostek monetarnych (z\u0142p, gr), skr\u00f3ty og\u00f3lnie przyj\u0119te (rkps, mps, tzw., etc., m.in., itd., itp., in., wg, ok. &#8211; oko\u0142o, s. &#8211; strona, r. &#8211; rok). Polecamy korzystanie ze &#8222;S\u0142ownika skr\u00f3t\u00f3w&#8221; J. Parucha, wyd. Wiedzy Powszechnej.<\/span><\/span><\/p>\n<p><span style=\"font-size: 10pt;\"><span style=\"color: #0093dd; font-family: Tahoma;\"><strong>Wyr\u00f3\u017cnienia w tek\u015bcie<\/strong><\/span><span style=\"font-family: Tahoma;\"><strong><br \/><\/strong><\/span><span style=\"font-family: Tahoma;\">C<\/span><span style=\"font-family: Tahoma;\">udzys\u0142owy nale\u017cy stosowa\u0107 w przypadku cytat\u00f3w, przy nazwach czasopism (np. &#8222;Rocznik Mi\u0119dzyrzecki&#8221;). Kursywa zarezerwowana jest dla dzie\u0142 opublikowanych lub powielanych (tylko w przypisach) oraz termin\u00f3w obcego pochodzenia. Nie nale\u017cy stosowa\u0107 podkre\u015ble\u0144 i pogrubionej czcionki.<\/span><\/span><\/p>\n<p><span style=\"font-size: 10pt;\"><span style=\"color: #0093dd; font-family: Tahoma;\"><strong>Liczebniki<\/strong><\/span><span style=\"font-family: Tahoma;\"><strong><br \/><\/strong>Nazwy miesi\u0119cy nale\u017cy pisa\u0107 s\u0142ownie. Tomy, roczniki, zeszyty, numery cz\u0119\u015bci cytowanych periodyk\u00f3w i innych publikacji oraz numery stron piszemy cyframi arabskimi. Du\u017ce liczby nale\u017cy skraca\u0107 (np. 100 tys.), rocznice zapisywa\u0107 s\u0142ownie (np. pi\u0119\u0107dziesi\u0119ciolecie), podobnie dziesi\u0105tki lat (np. lata dwudzieste XX w.), natomiast numeracj\u0119 zjazd\u00f3w i konferencji &#8211; liczbami rzymskimi (np. II zjazd).<\/span><\/span><\/p>\n<p><span style=\"color: #3366ff;\"><strong><span style=\"font-family: tahoma, arial, helvetica, sans-serif; font-size: 10pt;\">Struktura<\/span><\/strong><\/span><br \/><span style=\"font-family: tahoma, arial, helvetica, sans-serif; font-size: 10pt;\">Zalecamy Autorom klasyczn\u0105 struktur\u0119 tekstu naukowego nawi\u0105zuj\u0105c\u0105 do ju\u017c klasycznej IMRAD (Introduction, Methods, Results, and Discussion). Na tak\u0105 struktur\u0119 sk\u0142adaj\u0105 si\u0119: 1. <strong>Wst\u0119p<\/strong>, gdzie opisujemy problem badawczy, jego stan bada\u0144, podstaw\u0119 \u017ar\u00f3d\u0142ow\u0105 i zastosowane metody, 2. <strong>Rezultaty bada\u0144<\/strong>, kt\u00f3re zalecamy podzieli\u0107 na merytoryczne cz\u0119\u015bci, 3. <strong>Zako\u0144czenie<\/strong> i\/lub podsumowanie. Tak zorganizowany artyku\u0142, razem ze <strong>streszczeniem, s\u0142owami kluczowymi i bibliografi\u0105 za\u0142\u0105cznikow\u0105<\/strong>, gwarantuje w\u0142a\u015bciwe akademickie pozycjonowanie (Academic SEO).<\/span><\/p>\n<p><span style=\"font-size: 10pt;\">Do artyku\u0142\u00f3w oraz \u017ar\u00f3de\u0142 i materia\u0142\u00f3w prosimy do\u0142\u0105cza\u0107<\/span><br \/><span style=\"font-size: 10pt;\"> &#8211; streszczenie (5 \u2013 8 wierszy), w j\u0119zyku polskim i angielskim,<\/span><br \/><span style=\"font-size: 10pt;\"> &#8211; s\u0142owa kluczowe, w j\u0119zyku polskim i angielskim,<\/span><br \/><span style=\"font-size: 10pt;\"> &#8211; dane o autorze (imi\u0119 i nazwisko, adres i miejsce pracy, adres poczty elektronicznej, numer telefonu, zainteresowania badawcze),<\/span><br \/><span style=\"font-size: 10pt;\"> &#8211; bibliografi\u0119 za\u0142\u0105cznikow\u0105.<\/span><br \/><span style=\"font-size: 10pt;\"> Autorzy opublikowanych materia\u0142\u00f3w otrzymaj\u0105 egzemplarz autorski Rocznika.<\/span><\/p>\n<p style=\"text-align: center;\"><span style=\"font-size: 10pt;\"><span style=\"color: #0093dd; font-family: Tahoma;\"><strong>UWAGI OG\u00d3LNE<\/strong><\/span><\/span><\/p>\n<p><span style=\"font-size: 10pt;\"><span style=\"font-family: Tahoma;\">Redakcja wymaga od Autor\u00f3w deklaracji o oryginalno\u015bci <span style=\"font-family: Tahoma;\"><span style=\"font-size: 13.3333px;\">tekstu<\/span><\/span>\u00a0lub wcze\u015bniejszej (r\u00f3wnoleg\u0142ej) jego publikacji ewentualnie publikacji jego innej wersji j\u0119zykowej a tak\u017ce ujawnienia wk\u0142adu poszczeg\u00f3lnych Autor\u00f3w w powstanie publikacji z podaniem ich afiliacji oraz kontrybcji.<br \/>Ghostwriting i guest authorship s\u0105 przejawem nierzetelno\u015bci naukowej, a wszelkie wykryte przypadki b\u0119d\u0105 demaskowane, w\u0142\u0105cznie z powiadomieniem odpowiednich podmiot\u00f3w.<br \/>Do wiadomo\u015bci Redakcji nale\u017cy poda\u0107 informacje o \u017ar\u00f3d\u0142ach finansowania publikacji, wk\u0142adzie instytucji naukowo-badawczych, stowarzysze\u0144 i in. podmiot\u00f3w.<\/span><\/span><\/p>\n<p><span style=\"font-size: 10pt;\"><span style=\"font-family: Tahoma;\"><strong>Przesy\u0142ane materia\u0142y s\u0105 weryfikowane w systemie antyplagiat.pl<\/strong><\/span><\/span><\/p>\n<p><span style=\"font-size: 10pt;\"><span style=\"font-family: Tahoma;\"><img decoding=\"async\" src=\"https:\/\/plagiat.pl\/wp-content\/uploads\/2017\/01\/logotyp_Plagiatpl_medium.png\" alt=\"logotyp_Plagiatpl_medium\" \/><br \/>Redakcja b\u0119dzie dokumentowa\u0107 wszelkie przejawy nierzetelno\u015bci naukowej, zw\u0142aszcza \u0142amania i naruszania zasad etyki obowi\u0105zuj\u0105cej w nauce.<br \/><\/span><\/span><\/p>\n<p>Przes\u0142anie artyku\u0142u do redakcji oznacza zgod\u0119 na jego publikacj\u0119 na zasadach licencji <strong>Creative Commons (https:\/\/creativecommons.org\/licenses\/by-nc-nd\/4.0\/legalcode.pl) &#8211;\u00a0<\/strong>Uznanie autorstwa &#8211; U\u017cycie niekomercyjne &#8211; Bez Utwor\u00f3w Zale\u017cnych 4.0 Mi\u0119dzynarodowa<\/p>\n<p><img decoding=\"async\" class=\"aligncenter\" src=\"http:\/\/i.creativecommons.org\/l\/by-nc-nd\/3.0\/88x31.png\" \/><\/p>\n<p><strong>Ponadto<\/strong><\/p>\n<p>Wydawca i Redakcja uznaj\u0105, \u017ce wszystkie strony zaanga\u017cowane w proces publikacji powinny stosowa\u0107 si\u0119 do standard\u00f3w etycznych zgodnych z Kodeksem Post\u0119powania Komitetu ds. Etyki Wydawniczej (Committee on Publication Ethics \u2013 COPE).<\/p>\n<ol>\n<li>\u00a0\u00a0\u00a0 Redaktor jest odpowiedzialny za to, kt\u00f3re artyku\u0142y s\u0105 kierowane do recenzji i za wszystko, co zosta\u0142o opublikowane w czasopi\u015bmie. Redaktor dzia\u0142a w porozumieniu z kolegium redakcyjnym i wyznacza redaktor\u00f3w poszczeg\u00f3lnych artyku\u0142\u00f3w nades\u0142anych do redakcji. Nades\u0142ane artyku\u0142y powinny by\u0107 oceniane bez wzgl\u0119du na ras\u0119, p\u0142e\u0107, orientacj\u0119 seksualn\u0105, przekonania religijne, pochodzenie etniczne, obywatelstwo lub upodobania polityczne autora. Redaktor nie ujawnia \u017cadnych informacji o rozpatrywanym artykule nikomu poza autorem, cz\u0142onkami komitetu redakcyjnego i recenzentami. Ponadto redaktor danego artyku\u0142u powinien d\u0105\u017cy\u0107 do zapewnienia sprawiedliwej i merytorycznej recenzji.<\/li>\n<li>W przypadku ujawnienia, \u017ce autor publikacji dopu\u015bci\u0142 si\u0119 zachowania nieetycznego \u2013 jak plagiat, fa\u0142szowanie danych czy ponowna publikacja wydanej ju\u017c uprzednio pracy b\u0105d\u017a jej cz\u0119\u015bci (tzw. autoplagiat) \u2013 Redakcja zwr\u00f3ci si\u0119 do niego z pro\u015bb\u0105 o wyja\u015bnienia, a nast\u0119pnie podejmie odpowiednie kroki, przewidziane w wytycznych COPE i zawiadamia w\u0142adze jednostki naukowej autora.<\/li>\n<li>Recenzent pomaga redaktorowi w podejmowaniu decyzji o publikacji i po\u017c\u0105danych zmianach. W kontaktach mi\u0119dzy recenzentem a autorem po\u015bredniczy redaktor i pomaga w poprawie artyku\u0142u. Personalna krytyka autora przez recenzenta jest niedopuszczalna. Recenzenci powinni swoje opinie argumentowa\u0107. Recenzowany artyku\u0142 jest dokumentem poufnym i recenzent nie ma prawa go rozpowszechnia\u0107 jak i informacji w nim zawartych do czasu publikacji.<\/li>\n<li>Konflikt interes\u00f3w zachodzi gdy autor, recenzent i redaktor powi\u0105zani s\u0105 w spos\u00f3b, kt\u00f3ry wp\u0142ywa na ich dzia\u0142ania w procesie wydawniczym.<\/li>\n<\/ol>\n\n\n<p style=\"text-align: center;\"><strong>DOKUMENTOWANIE BADA\u0143 NAUKOWYCH<\/strong><\/p>\n<ul>\n<li>Naukowcy powinni prowadzi\u0107 dok\u0142adn\u0105 i przejrzyst\u0105 dokumentacj\u0119 prowadzonych bada\u0144 tak, aby umo\u017cliwi\u0107 ich weryfikacj\u0119. Coraz wi\u0119cej instytucji naukowych wprowadza polityk\u0119 otwartych danych. Tak\u017ce Komisja Europejska uruchomi\u0142a Pilota\u017c Otwartych Danych Badawczych w programie Horyzont 2020.<\/li>\n<li><strong>Redakcja Wschodniego Rocznika Humanistycznego rekomenduje Autorom gromadzenie i udost\u0119pnianie danych badawczych<\/strong> w dziedzinowych serwisach\/repozytoriach. Pod poj\u0119ciem danych naukowych rozumiemy wszystkie dane, kt\u00f3re zosta\u0142y wytworzone, zebrane lub opracowane na potrzeby prowadzenia bada\u0144 naukowych. Zalecamy kierowanie si\u0119 zasad\u0105 \u201eas closed as necessary, as open as possible\u201d. Polecamy m.in. Repozytorium otwartych danych &#8211; RepOD (<a href=\"https:\/\/repod.pon.edu.pl\/pl\">https:\/\/repod.pon.edu.pl\/pl<\/a>) prowadzone w <a href=\"http:\/\/www.icm.edu.pl\/\">Interdyscyplinarnym Centrum Modelowania Matematycznego i Komputerowego Uniwersytetu Warszawskiego (ICM UW)<\/a> w ramach dzia\u0142a\u0144 <a href=\"http:\/\/pon.edu.pl\/\">Platformy Otwartej Nauki (PON)<\/a> \u2013 o\u015brodka rozwoju polskich otwartych zasob\u00f3w naukowych.<\/li>\n<li><strong>Rekomendacja Zespo\u0142u Etyki w Nauce przy Ministrze Nauki, 25 maj 2004 r.<\/strong>: <br \/>4. <strong>Zabezpieczanie i przechowywanie wynik\u00f3w bada\u0144<\/strong>. Wyniki bada\u0144 powinny opiera\u0107 si\u0119 na weryfikowalnych \u015bwiadectwach. Kierownictwo jednostki badawczej i pracownicy s\u0105 odpowiedzialni za bezpieczne przechowywanie wystarczaj\u0105co szczeg\u00f3\u0142owych i precyzyjnych zapis\u00f3w pierwotnych wynik\u00f3w bada\u0144 oraz innej dokumentacji wykonywanych prac. Trwale zapisane i odpowiednio opisane dane maj\u0105 umo\u017cliwi\u0107 odtworzenie drogi prowadz\u0105cej do og\u0142oszonych wynik\u00f3w. Rekomenduje si\u0119, by wszyscy pracownicy naukowi starannie prowadzili i przechowywali osobiste zapisy prowadzonych bada\u0144. Rekomenduje si\u0119, by zagregowane dane by\u0142y przechowywane przez wydzia\u0142 czy jednostk\u0119 badawcz\u0105, w kt\u00f3rej zosta\u0142y wytworzone, przez kilka lat. Jako \u201edane\u201d rozumie si\u0119 tu wyniki pierwotne, na kt\u00f3rych zosta\u0142y lub zostan\u0105 oparte publikacje, a w niekt\u00f3rych przypadkach r\u00f3wnie\u017c pr\u00f3bki czy materia\u0142y. Brak takich danych, w przypadkach post\u0119powania w sprawie zarzutu nierzetelno\u015bci naukowej, powinien by\u0107 traktowany jako okoliczno\u015b\u0107 obci\u0105\u017caj\u0105ca.<\/li>\n<\/ul>\n<hr \/>\n<h1>Deklaracja dost\u0119pno\u015bci<\/h1>\n<h1>Strona internetowa czasopisma Wschodni Rocznik Humanistyczny<\/h1>\n<p>Towarzystwo Nauki i Kultury &#8222;Libra&#8221;\u00a0zobowi\u0105zuje si\u0119 zapewni\u0107 dost\u0119pno\u015b\u0107 swojej strony internetowej zgodnie z przepisami ustawy z dnia 4\u00a0kwietnia 2019\u00a0r. o\u00a0dost\u0119pno\u015bci cyfrowej stron internetowych i\u00a0aplikacji mobilnych podmiot\u00f3w publicznych. O\u015bwiadczenie w sprawie dost\u0119pno\u015bci ma zastosowanie do strony internetowej\u00a0<a href=\"http:\/\/wrh.edu.pl\/\">Strona internetowa czasopisma Wschodni Rocznik Humanistyczny<\/a>.<\/p>\n<ul>\n<li>Data publikacji strony internetowej:\u00a02017-07-01<\/li>\n<li>Data ostatniej istotnej aktualizacji:\u00a02022-09-22<\/li>\n<\/ul>\n<h2><strong>Status pod wzgl\u0119dem zgodno\u015bci z ustaw\u0105<\/strong><\/h2>\n<p>Strona internetowa jest\u00a0<strong>zgodna<\/strong>\u00a0z\u00a0ustaw\u0105 o\u00a0dost\u0119pno\u015bci cyfrowej stron internetowych i\u00a0aplikacji mobilnych podmiot\u00f3w publicznych.<\/p>\n<h3><strong>Przygotowanie deklaracji w sprawie dost\u0119pno\u015bci<\/strong><\/h3>\n<ul>\n<li>Deklaracj\u0119 sporz\u0105dzono dnia:\u00a02022-10-09<\/li>\n<li>Deklaracj\u0119 zosta\u0142a ostatnio poddana przegl\u0105dowi i aktualizacji dnia:\u00a02022-10-09<\/li>\n<\/ul>\n<p>Deklaracj\u0119 sporz\u0105dzono na podstawie samooceny.<\/p>\n<h2><strong>Informacje zwrotne i dane kontaktowe<\/strong><\/h2>\n<ul>\n<li>Za rozpatrywanie uwag i wniosk\u00f3w odpowiada:\u00a0Artur G\u00f3rak.<\/li>\n<li>E-mail:\u00a0wrh.tonik@gmail.com<\/li>\n<li>Telefon:\u00a0501353309<\/li>\n<\/ul>\n<p>Ka\u017cdy ma prawo:<\/p>\n<ul>\n<li>zg\u0142osi\u0107 uwagi dotycz\u0105ce dost\u0119pno\u015bci cyfrowej strony lub jej elementu,<\/li>\n<li>zg\u0142osi\u0107 \u017c\u0105danie zapewnienia dost\u0119pno\u015bci cyfrowej strony lub jej elementu,<\/li>\n<li>wnioskowa\u0107 o udost\u0119pnienie niedost\u0119pnej informacji w innej alternatywnej formie.<\/li>\n<\/ul>\n<p>\u017b\u0105danie musi zawiera\u0107:<\/p>\n<ul>\n<li>dane kontaktowe osoby zg\u0142aszaj\u0105cej,<\/li>\n<li>wskazanie strony lub elementu strony, kt\u00f3rej dotyczy \u017c\u0105danie,<\/li>\n<li>wskazanie dogodnej formy udost\u0119pnienia informacji, je\u015bli \u017c\u0105danie dotyczy udost\u0119pnienia w formie alternatywnej informacji niedost\u0119pnej.<\/li>\n<\/ul>\n<p>Rozpatrzenie zg\u0142oszenia powinno nast\u0105pi\u0107 niezw\u0142ocznie, najp\u00f3\u017aniej w ci\u0105gu 7 dni. Je\u015bli w tym terminie zapewnienie dost\u0119pno\u015bci albo zapewnienie dost\u0119pu w alternatywnej formie nie jest mo\u017cliwe, powinno nast\u0105pi\u0107 najdalej w ci\u0105gu 2 miesi\u0119cy od daty zg\u0142oszenia.<\/p>\n","protected":false},"excerpt":{"rendered":"<p>Zapraszamy naukowc\u00f3w zajmuj\u0105cych si\u0119 naukami humanistycznymi\u00a0i spo\u0142ecznymi\u00a0do publikowania swoich prac na \u0142amach Wschodniego Rocznika Humanistycznego. Obj\u0119to\u015b\u0107 artyku\u0142u nie powinna przekroczy\u0107 40 stron, \u017ar\u00f3d\u0142a i materia\u0142u &#8211; 20, a tekst\u00f3w do dzia\u0142u &#8222;Recenzje, polemiki, om\u00f3wienia, komunikaty&#8221; &#8211; 10 stron. Materia\u0142y do publikacji nale\u017cy przesy\u0142a\u0107 w wersji elektronicznej, w postaci edytowalnych plik\u00f3w tekstowych z wbudowanymi czcionkami i [&hellip;]<\/p>\n","protected":false},"author":1,"featured_media":0,"parent":0,"menu_order":1,"comment_status":"closed","ping_status":"closed","template":"","meta":{"footnotes":""},"class_list":["post-18","page","type-page","status-publish","hentry"],"yoast_head":"<!-- This site is optimized with the Yoast SEO plugin v27.4 - https:\/\/yoast.com\/product\/yoast-seo-wordpress\/ -->\n<title>Informacje dla Autor\u00f3w - Wschodni Rocznik Humanistyczny<\/title>\n<meta name=\"robots\" content=\"index, follow, max-snippet:-1, max-image-preview:large, max-video-preview:-1\" \/>\n<link rel=\"canonical\" href=\"http:\/\/wrh.edu.pl\/?page_id=18\" \/>\n<meta property=\"og:locale\" content=\"pl_PL\" \/>\n<meta property=\"og:type\" content=\"article\" \/>\n<meta property=\"og:title\" content=\"Informacje dla Autor\u00f3w - Wschodni Rocznik Humanistyczny\" \/>\n<meta property=\"og:description\" content=\"Zapraszamy naukowc\u00f3w zajmuj\u0105cych si\u0119 naukami humanistycznymi\u00a0i spo\u0142ecznymi\u00a0do publikowania swoich prac na \u0142amach Wschodniego Rocznika Humanistycznego. Obj\u0119to\u015b\u0107 artyku\u0142u nie powinna przekroczy\u0107 40 stron, \u017ar\u00f3d\u0142a i materia\u0142u &#8211; 20, a tekst\u00f3w do dzia\u0142u &#8222;Recenzje, polemiki, om\u00f3wienia, komunikaty&#8221; &#8211; 10 stron. Materia\u0142y do publikacji nale\u017cy przesy\u0142a\u0107 w wersji elektronicznej, w postaci edytowalnych plik\u00f3w tekstowych z wbudowanymi czcionkami i [&hellip;]\" \/>\n<meta property=\"og:url\" content=\"http:\/\/wrh.edu.pl\/?page_id=18\" \/>\n<meta property=\"og:site_name\" content=\"Wschodni Rocznik Humanistyczny\" \/>\n<meta property=\"article:modified_time\" content=\"2024-01-24T15:55:02+00:00\" \/>\n<meta property=\"og:image\" content=\"https:\/\/plagiat.pl\/wp-content\/uploads\/2017\/01\/logotyp_Plagiatpl_medium.png\" \/>\n<meta name=\"twitter:card\" content=\"summary_large_image\" \/>\n<meta name=\"twitter:label1\" content=\"Szacowany czas czytania\" \/>\n\t<meta name=\"twitter:data1\" content=\"9 minut\" \/>\n<script type=\"application\/ld+json\" class=\"yoast-schema-graph\">{\"@context\":\"https:\\\/\\\/schema.org\",\"@graph\":[{\"@type\":\"WebPage\",\"@id\":\"http:\\\/\\\/wrh.edu.pl\\\/?page_id=18\",\"url\":\"http:\\\/\\\/wrh.edu.pl\\\/?page_id=18\",\"name\":\"Informacje dla Autor\u00f3w - Wschodni Rocznik Humanistyczny\",\"isPartOf\":{\"@id\":\"http:\\\/\\\/wrh.edu.pl\\\/#website\"},\"primaryImageOfPage\":{\"@id\":\"http:\\\/\\\/wrh.edu.pl\\\/?page_id=18#primaryimage\"},\"image\":{\"@id\":\"http:\\\/\\\/wrh.edu.pl\\\/?page_id=18#primaryimage\"},\"thumbnailUrl\":\"https:\\\/\\\/plagiat.pl\\\/wp-content\\\/uploads\\\/2017\\\/01\\\/logotyp_Plagiatpl_medium.png\",\"datePublished\":\"2017-07-08T15:37:06+00:00\",\"dateModified\":\"2024-01-24T15:55:02+00:00\",\"inLanguage\":\"pl-PL\",\"potentialAction\":[{\"@type\":\"ReadAction\",\"target\":[\"http:\\\/\\\/wrh.edu.pl\\\/?page_id=18\"]}]},{\"@type\":\"ImageObject\",\"inLanguage\":\"pl-PL\",\"@id\":\"http:\\\/\\\/wrh.edu.pl\\\/?page_id=18#primaryimage\",\"url\":\"https:\\\/\\\/plagiat.pl\\\/wp-content\\\/uploads\\\/2017\\\/01\\\/logotyp_Plagiatpl_medium.png\",\"contentUrl\":\"https:\\\/\\\/plagiat.pl\\\/wp-content\\\/uploads\\\/2017\\\/01\\\/logotyp_Plagiatpl_medium.png\"},{\"@type\":\"WebSite\",\"@id\":\"http:\\\/\\\/wrh.edu.pl\\\/#website\",\"url\":\"http:\\\/\\\/wrh.edu.pl\\\/\",\"name\":\"Wschodni Rocznik Humanistyczny\",\"description\":\"Czasopismo naukowe\",\"publisher\":{\"@id\":\"http:\\\/\\\/wrh.edu.pl\\\/#organization\"},\"potentialAction\":[{\"@type\":\"SearchAction\",\"target\":{\"@type\":\"EntryPoint\",\"urlTemplate\":\"http:\\\/\\\/wrh.edu.pl\\\/?s={search_term_string}\"},\"query-input\":{\"@type\":\"PropertyValueSpecification\",\"valueRequired\":true,\"valueName\":\"search_term_string\"}}],\"inLanguage\":\"pl-PL\"},{\"@type\":\"Organization\",\"@id\":\"http:\\\/\\\/wrh.edu.pl\\\/#organization\",\"name\":\"Wschodni Rocznik Humanistyczny\",\"url\":\"http:\\\/\\\/wrh.edu.pl\\\/\",\"logo\":{\"@type\":\"ImageObject\",\"inLanguage\":\"pl-PL\",\"@id\":\"http:\\\/\\\/wrh.edu.pl\\\/#\\\/schema\\\/logo\\\/image\\\/\",\"url\":\"http:\\\/\\\/wrh.edu.pl\\\/wp-content\\\/uploads\\\/2017\\\/07\\\/logo_01.jpg\",\"contentUrl\":\"http:\\\/\\\/wrh.edu.pl\\\/wp-content\\\/uploads\\\/2017\\\/07\\\/logo_01.jpg\",\"width\":154,\"height\":183,\"caption\":\"Wschodni Rocznik Humanistyczny\"},\"image\":{\"@id\":\"http:\\\/\\\/wrh.edu.pl\\\/#\\\/schema\\\/logo\\\/image\\\/\"}}]}<\/script>\n<!-- \/ Yoast SEO plugin. -->","yoast_head_json":{"title":"Informacje dla Autor\u00f3w - Wschodni Rocznik Humanistyczny","robots":{"index":"index","follow":"follow","max-snippet":"max-snippet:-1","max-image-preview":"max-image-preview:large","max-video-preview":"max-video-preview:-1"},"canonical":"http:\/\/wrh.edu.pl\/?page_id=18","og_locale":"pl_PL","og_type":"article","og_title":"Informacje dla Autor\u00f3w - Wschodni Rocznik Humanistyczny","og_description":"Zapraszamy naukowc\u00f3w zajmuj\u0105cych si\u0119 naukami humanistycznymi\u00a0i spo\u0142ecznymi\u00a0do publikowania swoich prac na \u0142amach Wschodniego Rocznika Humanistycznego. Obj\u0119to\u015b\u0107 artyku\u0142u nie powinna przekroczy\u0107 40 stron, \u017ar\u00f3d\u0142a i materia\u0142u &#8211; 20, a tekst\u00f3w do dzia\u0142u &#8222;Recenzje, polemiki, om\u00f3wienia, komunikaty&#8221; &#8211; 10 stron. Materia\u0142y do publikacji nale\u017cy przesy\u0142a\u0107 w wersji elektronicznej, w postaci edytowalnych plik\u00f3w tekstowych z wbudowanymi czcionkami i [&hellip;]","og_url":"http:\/\/wrh.edu.pl\/?page_id=18","og_site_name":"Wschodni Rocznik Humanistyczny","article_modified_time":"2024-01-24T15:55:02+00:00","og_image":[{"url":"https:\/\/plagiat.pl\/wp-content\/uploads\/2017\/01\/logotyp_Plagiatpl_medium.png","type":"","width":"","height":""}],"twitter_card":"summary_large_image","twitter_misc":{"Szacowany czas czytania":"9 minut"},"schema":{"@context":"https:\/\/schema.org","@graph":[{"@type":"WebPage","@id":"http:\/\/wrh.edu.pl\/?page_id=18","url":"http:\/\/wrh.edu.pl\/?page_id=18","name":"Informacje dla Autor\u00f3w - Wschodni Rocznik Humanistyczny","isPartOf":{"@id":"http:\/\/wrh.edu.pl\/#website"},"primaryImageOfPage":{"@id":"http:\/\/wrh.edu.pl\/?page_id=18#primaryimage"},"image":{"@id":"http:\/\/wrh.edu.pl\/?page_id=18#primaryimage"},"thumbnailUrl":"https:\/\/plagiat.pl\/wp-content\/uploads\/2017\/01\/logotyp_Plagiatpl_medium.png","datePublished":"2017-07-08T15:37:06+00:00","dateModified":"2024-01-24T15:55:02+00:00","inLanguage":"pl-PL","potentialAction":[{"@type":"ReadAction","target":["http:\/\/wrh.edu.pl\/?page_id=18"]}]},{"@type":"ImageObject","inLanguage":"pl-PL","@id":"http:\/\/wrh.edu.pl\/?page_id=18#primaryimage","url":"https:\/\/plagiat.pl\/wp-content\/uploads\/2017\/01\/logotyp_Plagiatpl_medium.png","contentUrl":"https:\/\/plagiat.pl\/wp-content\/uploads\/2017\/01\/logotyp_Plagiatpl_medium.png"},{"@type":"WebSite","@id":"http:\/\/wrh.edu.pl\/#website","url":"http:\/\/wrh.edu.pl\/","name":"Wschodni Rocznik Humanistyczny","description":"Czasopismo naukowe","publisher":{"@id":"http:\/\/wrh.edu.pl\/#organization"},"potentialAction":[{"@type":"SearchAction","target":{"@type":"EntryPoint","urlTemplate":"http:\/\/wrh.edu.pl\/?s={search_term_string}"},"query-input":{"@type":"PropertyValueSpecification","valueRequired":true,"valueName":"search_term_string"}}],"inLanguage":"pl-PL"},{"@type":"Organization","@id":"http:\/\/wrh.edu.pl\/#organization","name":"Wschodni Rocznik Humanistyczny","url":"http:\/\/wrh.edu.pl\/","logo":{"@type":"ImageObject","inLanguage":"pl-PL","@id":"http:\/\/wrh.edu.pl\/#\/schema\/logo\/image\/","url":"http:\/\/wrh.edu.pl\/wp-content\/uploads\/2017\/07\/logo_01.jpg","contentUrl":"http:\/\/wrh.edu.pl\/wp-content\/uploads\/2017\/07\/logo_01.jpg","width":154,"height":183,"caption":"Wschodni Rocznik Humanistyczny"},"image":{"@id":"http:\/\/wrh.edu.pl\/#\/schema\/logo\/image\/"}}]}},"_links":{"self":[{"href":"http:\/\/wrh.edu.pl\/index.php?rest_route=\/wp\/v2\/pages\/18","targetHints":{"allow":["GET"]}}],"collection":[{"href":"http:\/\/wrh.edu.pl\/index.php?rest_route=\/wp\/v2\/pages"}],"about":[{"href":"http:\/\/wrh.edu.pl\/index.php?rest_route=\/wp\/v2\/types\/page"}],"author":[{"embeddable":true,"href":"http:\/\/wrh.edu.pl\/index.php?rest_route=\/wp\/v2\/users\/1"}],"replies":[{"embeddable":true,"href":"http:\/\/wrh.edu.pl\/index.php?rest_route=%2Fwp%2Fv2%2Fcomments&post=18"}],"version-history":[{"count":15,"href":"http:\/\/wrh.edu.pl\/index.php?rest_route=\/wp\/v2\/pages\/18\/revisions"}],"predecessor-version":[{"id":3124,"href":"http:\/\/wrh.edu.pl\/index.php?rest_route=\/wp\/v2\/pages\/18\/revisions\/3124"}],"wp:attachment":[{"href":"http:\/\/wrh.edu.pl\/index.php?rest_route=%2Fwp%2Fv2%2Fmedia&parent=18"}],"curies":[{"name":"wp","href":"https:\/\/api.w.org\/{rel}","templated":true}]}}