{"id":1833,"date":"2020-08-02T07:18:24","date_gmt":"2020-08-02T06:18:24","guid":{"rendered":"http:\/\/wrh.edu.pl\/?page_id=1833"},"modified":"2021-10-07T08:11:52","modified_gmt":"2021-10-07T07:11:52","slug":"tom-xvii-2020-%e2%84%96-3","status":"publish","type":"page","link":"http:\/\/wrh.edu.pl\/?page_id=1833","title":{"rendered":"t. XVII (2020), \u2116 3"},"content":{"rendered":"\n<h1>Wschodni Rocznik Humanistyczny, tom XVII (2020), \u2116 3:<br>Dw\u00f3r w Rzeczypospolitej i pa\u0144stwach o\u015bciennych, pod red. Artura Goszczy\u0144skiego<\/h1>\n<p><strong>\u0414\u0432\u043e\u0440 \u0432 \u0420\u0435\u0447\u0438 \u041f\u043e\u0441\u043f\u043e\u043b\u0438\u0442\u043e\u0439 \u0438 \u0441\u043e\u0441\u0435\u0434\u043d\u0438\u0445 \u0441\u0442\u0440\u0430\u043d\u0430\u0445<\/strong>, \u043f\u043e\u0434 \u0440\u0435\u0434\u0430\u043a\u0446\u0438\u0435\u0439 \u0410\u0440\u0442\u0443\u0440\u0430 \u0413\u043e\u0449\u0438\u043d\u0441\u043a\u043e\u0433\u043e<\/p>\n<p><strong>Court in the Polish-Lithuanian Commonwealth and neighboring countries<\/strong>, edited by Artur Goszczy\u0144ski<\/p>\n\n\n\n\n\n<p>Strona tytu\u0142owa, <a href=\"http:\/\/wrh.edu.pl\/wp-content\/uploads\/2020\/10\/WRH_XLVII_3_wrh_2020_no3_v2_ss.pdf\">spis tre\u015bci<\/a><br>Strona redakcji:&nbsp;<a href=\"http:\/\/wrh.edu.pl\/\">http:\/\/wrh.edu.pl<\/a><\/p>\n\n\n\n<p>RADA NAUKOWA<br>prof. dr hab.&nbsp;<strong>Rolf Fieguth<\/strong>, Uniwersytet we Fryburgu, Szwajcaria<br>prof. dr&nbsp;<strong>Oleg Witaljewicz Gorbaczow<\/strong>, Uralski Federalny Uniwersytet, Jekaterynburg, Rosja<br>dr&nbsp;<strong>Gediminas Kaz\u0117nas<\/strong>, Mykolas Romeris University, Wilno, Litwa<br>dr&nbsp;<strong>Jussi Laine<\/strong>, University of Eastern Finland, Finlandia<br>prof. dr&nbsp;<strong>Siergiej Walentinowicz Lubiczankowskij<\/strong>, Orenburski Uniwersytet Pa\u0144stwowy, Rosja<br>prof. dr hab.&nbsp;<strong>Sigistas Narbutas<\/strong>, Biblioteka Naukowa im. Wr\u00f3blewskich w Wilnie, Litwa<br>dr&nbsp;<strong>Janusz Nowak<\/strong>, kierownik Archiwum i Zbioru R\u0119kopis\u00f3w Biblioteki xx Czartoryskich w Krakowie<br>dr&nbsp;<strong>Pierre-Etienne Penot<\/strong>, The Catholic University of the Vand\u00e9e, La Roche-sur-Yon, Francja<br>prof. dr hab.&nbsp;<strong>Miros\u0142aw Piotrowski<\/strong>, Katolicki Uniwersytet Lubelski<br>prof. dr hab.&nbsp;<strong>Marek Plewczy\u0144ski<\/strong>, Uniwersytet Przyrodniczo-Humanistyczny w Siedlcach<br>prof. dr hab.&nbsp;<strong>Krzysztof Skupie\u0144ski<\/strong>, Uniwersytet Marii Curie-Sk\u0142odowskiej w Lublinie<br>dr&nbsp;<strong>George Soroka<\/strong>, Harvard University, USA<br>dr hab.&nbsp;<strong>Maria Starnawska<\/strong>, Uniwersytet Przyrodniczo-Humanistyczny z Siedlcach<br>prof. dr&nbsp;<strong>Walerij Leonidowicz Stiepanow<\/strong>, Instytut Ekonomiki Rosyjskiej Akademii Nauk, Moskwa, Rosja<br>prof. dr hab.&nbsp;<strong>Tadeusz M. Trajdos<\/strong>, Instytut Historii Polskiej Akademii Nauk<br>dr hab.&nbsp;<strong>Marek Wagner<\/strong>, prof. Uniwersytetu Przyrodniczo-Humanistycznego w Siedlcach<\/p>\n\n\n\n<p>REDAKCJA i KOLEGIUM REDAKCYJNE<br><strong>prof. dr hab. Leszek Gawor<\/strong>, Uniwersytet Rzeszowski, (dzia\u0142:&nbsp;<strong>filozofia<\/strong>),<br><strong>dr Artur Goszczy\u0144ski<\/strong>&nbsp;(sekretarz),<br><strong>dr hab.&nbsp;Artur G\u00f3rak<\/strong>&nbsp;(redaktor naczelny),<br><strong>prof. u. dr hab<\/strong>&nbsp;<strong>Krzysztof Latawiec<\/strong>, Uniwersytet Marii Curie-Sk\u0142odowskiej, Lublin, (dzia\u0142:&nbsp;<strong>historia<\/strong>),<br><strong>prof. u. dr hab. Dariusz Magier<\/strong>, Uniwersytet Przyrodniczo-Humanistyczny, Siedlce, (z-ca redaktora naczelnego),<br><strong>prof. dr Ludmi\u0142a Mazur<\/strong>, Uralski Uniwersytet Federalny im. pierwszego prezydenta Rosji B. N. Jelcyna, Jekaterynburg. Federacja Rosyjska, (dzia\u0142:&nbsp;<strong>nauki o dokumencie i archiwach<\/strong>),<br><strong>prof. dr Ludmi\u0142a Posochowa<\/strong>, Charkowski Uniwersytet Narodowy im. W.N. Karazina, Ukraina, (dzia\u0142: historia),<br><strong>prof. dr Adrian Selin<\/strong>, Uniwersytet Naukowo-Badawczy \u201eWy\u017csza Szko\u0142a Ekonomii w Sankt-Petersburgu, Federacja Rosyjska, (dzia\u0142 historia)<br><strong>prof. u. dr hab.<\/strong>&nbsp;<strong>Tomasz St\u0119pniewski<\/strong>, Katolicki Uniwersytet Lubelski, (dzia\u0142:&nbsp;<strong>stosunki mi\u0119dzynarodowe<\/strong>),<br><strong>dr<\/strong>&nbsp;<strong>Andrzej Szabaciuk<\/strong>, Katolicki Uniwersytet Lubelski,&nbsp;(dzia\u0142:&nbsp;<strong>politologia<\/strong>).<\/p>\n\n\n\n<p>CZASOPISMO RECENZOWANE: kolegium recenzent\u00f3w http:\/\/wrh.edu.pl\/kolegium-recenzentow\/<\/p>\n\n\n\n<p>Opracowanie graficzne, sk\u0142ad i \u0142amanie:&nbsp;<strong>Tytus Przemys\u0142aw Krupski<\/strong><br>Korekta:&nbsp;<strong>Patrycja Kanak<\/strong>&nbsp;(ang.),&nbsp;<strong>Jakub Hapka&nbsp;<\/strong>(pol.),&nbsp;<strong>Artur G\u00f3rak<\/strong>&nbsp;(ros.)<br>T\u0142umaczenia angielskie:&nbsp;<strong>Robert St\u0119pie\u0144<\/strong>, rosyjskie:&nbsp;<strong>Artur G\u00f3rak<\/strong><\/p>\n\n\n\n<p>Wydawca<strong>: Towarzystwo Nauki i Kultury \u201eLibra\u201d<\/strong>, ul. Szeligowskiego 8\/97, 20-883 Lublin<br>\u00a9 ToNiK \u201eLibra\u201d<br>ISSN 1731-982X<\/p>\n\n\n\n<p><\/p>\n\n\n\n<p><strong>Artur Goszczy\u0144ski<\/strong> <br><a href=\"http:\/\/wrh.edu.pl\/wp-content\/uploads\/2020\/12\/011_WRH_17_3_wrh_2020_no3_v4_po_3_korekcie.pdf\">Wst\u0119p <\/a><\/p>\n\n\n\n<figure class=\"wp-block-image size-large\"><img loading=\"lazy\" decoding=\"async\" width=\"300\" height=\"133\" src=\"http:\/\/wrh.edu.pl\/wp-content\/uploads\/2020\/03\/0007-1-300x133-1.jpg\" alt=\"\" class=\"wp-image-1798\"\/><\/figure>\n\n\n\n<p><strong>Vitaliy Nagirnyy<\/strong> (Uniwersytet Jagiello\u0144ski)<br><strong><a href=\"http:\/\/wrh.edu.pl\/wp-content\/uploads\/2020\/12\/013_WRH_17_3_wrh_2020_no3_v4_po_3_Nagirnyj.pdf\">Otoczenie ksi\u0119cia kijowskiego W\u0142odzimierza Rurykowicza<\/a><\/strong><br>(<em>The entourage of Kyiv prince Volodymyr Rurykovych<\/em>)<br><strong>doi: 10.36121\/vnagirnyy.17.2020.3.011<\/strong><br>s. 11-30<\/p>\n\n\n\n<p><strong>Yanina Ryier<\/strong> (Mogilev State A. Kuleshov University)<br><strong><a href=\"http:\/\/wrh.edu.pl\/wp-content\/uploads\/2020\/12\/033_WRH_17_3_wrh_2020_no3_v4_po_3_Ryjer.pdf\">About the terms concerning the ruler and the state in the Grand Duchy of Lithuania in the epoch of Mindaugas` reign<\/a><\/strong><br>(<em>O terminologii dotycz\u0105cej w\u0142adzy i pa\u0144stwa w Wielkim Ksi\u0119stwie Litewskim w czasach rz\u0105d\u00f3w Mendoga<\/em>)<br><strong>doi: 10.36121\/yryier.17.2020.3.031<\/strong><br>s. 31-44<\/p>\n\n\n\n<p><strong>Magdalena Ujma<\/strong> (Uniwersytet Opolski)<br><strong><a href=\"http:\/\/wrh.edu.pl\/wp-content\/uploads\/2020\/12\/047_WRH_17_3_wrh_2020_no3_v4_po_3_Ujma.pdf\">Ceremonia\u0142 za panowania dw\u00f3ch pierwszych kr\u00f3l\u00f3w elekcyjnych doby pojagiello\u0144skiej w \u015bwietle relacji rodzimych i cudzoziemskich<\/a><\/strong><br>(<em>Ceremonial during the reign of the first two elective kings of the post-Jagiellonian era in the light of domestic and foreign relations<\/em>)<br><strong>doi: 10.36121\/mujma.17.2020.3.045<\/strong><br>s. 45-70<\/p>\n\n\n\n<p><strong>\u0410\u0434\u0440\u0438\u0430\u043d \u0421\u0435\u043b\u0438\u043d <\/strong>(\u041d\u0430\u0446\u0438\u043e\u043d\u0430\u043b\u044c\u043d\u044b\u0439 \u0438\u0441\u0441\u043b\u0435\u0434\u043e\u0432\u0430\u0442\u0435\u043b\u044c\u0441\u043a\u0438\u0439 \u0443\u043d\u0438\u0432\u0435\u0440\u0441\u0438\u0442\u0435\u0442 \u2013 \u0412\u044b\u0441\u0448\u0430\u044f \u0448\u043a\u043e\u043b\u0430 \u044d\u043a\u043e\u043d\u043e\u043c\u0438\u043a\u0438, \u0421\u0430\u043d\u043a\u0442-\u041f\u0435\u0442\u0435\u0440\u0431\u0443\u0440\u0433)<br> <strong><a href=\"http:\/\/wrh.edu.pl\/wp-content\/uploads\/2020\/12\/073_WRH_17_3_wrh_2020_no3_v4_po_3_Selin.pdf\">\u0414\u0438\u043f\u043b\u043e\u043c\u0430\u0442\u0438\u0447\u0435\u0441\u043a\u0430\u044f \u0440\u0438\u0442\u043e\u0440\u0438\u043a\u0430 \u043f\u0435\u0440\u0432\u044b\u0445 \u0442\u044f\u0432\u0437\u0438\u043d\u0441\u043a\u0438\u0445 \u043f\u0435\u0440\u0435\u0433\u043e\u0432\u043e\u0440\u043e\u0432 \u0432 \u0441\u0435\u043d\u0442\u044f\u0431\u0440\u0435 1592 \u2013 \u044f\u043d\u0432\u0430\u0440\u0435 1593 \u0433\u0433.<\/a><\/strong> <br> (<em>Diplomatic Rhetoric in the discourse of Tyavzino Peace Talks, September 1592 \u2013 January 1593<\/em>)<br><strong>doi: 10.36121\/aselin.17.2020.3.071<\/strong><br>s. 71-82<\/p>\n\n\n\n<p><strong>Justyna Ga\u0142uszka<\/strong> (Uniwersytet Jagiello\u0144ski)<br> <strong><a href=\"http:\/\/wrh.edu.pl\/wp-content\/uploads\/2020\/12\/085_WRH_17_3_wrh_2020_no3_v4_po_3_Ga\u0142uszka.pdf\">\u201ePowinno\u015b\u0107 oddajecie Waszmo\u015bciowie patriarsze\u201d. Mowa Feliksa Kryskiego na pogrzebie prymasa Jana Tarnowskiego 9 pa\u017adziernika 1604 r. jako element staropolskiego ceremonia\u0142u pogrzebowego<\/a><\/strong><br> <em>(\u201ePowinno\u015b\u0107 oddajecie Waszmo\u015bciowie patriarsze\u201d. Feliks Kryski\u2019s speech at Primate Jan Tarnowski\u2019s funeral on October 9th, 1604 as an Old Polish funeral ceremony element)<\/em><br><strong>doi: 10.36121\/jgaluszka.17.2020.3.083<\/strong><br>s. 83-96<\/p>\n\n\n\n<p><strong>\u0410\u043b\u0435\u043a\u0441\u0430\u043d\u0434\u0440 \u041c\u0430\u043b\u043e\u0432 <\/strong>(\u0418\u043d\u0441\u0442\u0438\u0442\u0443\u0442 \u0440\u043e\u0441\u0441\u0438\u0439\u0441\u043a\u043e\u0439 \u0438\u0441\u0442\u043e\u0440\u0438\u0438 \u0420\u043e\u0441\u0441\u0438\u0439\u0441\u043a\u0430\u044f \u0410\u043a\u0430\u0434\u0435\u043c\u0438\u044f \u041d\u0430\u0443\u043a, \u041c\u043e\u0441\u043a\u0432\u0430)<br> <strong><a href=\"http:\/\/wrh.edu.pl\/wp-content\/uploads\/2020\/12\/099_WRH_17_3_Ma\u0142ow.pdf\">\u041f\u043e\u0434\u044c\u044f\u0447\u0438\u0439 \u041d\u0438\u043a\u0438\u0444\u043e\u0440 \u0418\u0432\u0430\u043d\u043e\u0432 \u0441\u044b\u043d \u0428\u0438\u043f\u0443\u043b\u0438\u043d \u043d\u0430 \u0440\u0443\u0441\u0441\u043a\u043e-\u043f\u043e\u043b\u044c\u0441\u043a\u0438\u0445 \u043f\u0435\u0440\u0435\u0433\u043e\u0432\u043e\u0440\u0430\u0445 \u0432 \u043c\u0430\u0435 \u2013 \u043d\u0430\u0447\u0430\u043b\u0435 \u0438\u044e\u043d\u044f 1619 \u0433.: \u043c\u0430\u0442\u0435\u0440\u0438\u0430\u043b\u044b \u043a \u0431\u0438\u043e\u0433\u0440\u0430\u0444\u0438<\/a><\/strong><br> <em>(Podyachy Nikifor Ivanov, the son of Shipulin in the Russian-Polish negotiations in May \u2013 early June of 1619: materials to the biography)<\/em><br><strong>doi: 10.36121\/amalow.17.2020.3.097<\/strong><br>s. 97-120<\/p>\n\n\n\n<p><strong>Izabella Korczagina <\/strong>(Instytut Solidarno\u015bci i M\u0119stwa im. Witolda Pileckiego)<br> <strong><a href=\"http:\/\/wrh.edu.pl\/wp-content\/uploads\/2020\/12\/123_WRH_17_3_wrh_2020_no3_v4_po_3_Korczagina.pdf\">Europejczycy w Moskwie w XVII w. \u201eObcy\u201d czy \u201eswoi\u201d?<\/a><\/strong><br> <em>(Europeans in Moscow in the 17th century. Strangers or Locals?)<\/em><br><strong>doi: 10.36121\/ikoczargina.17.2020.3.121<\/strong><br>s. 121-136<\/p>\n\n\n\n<p><strong>Hanna Mazheika <\/strong>(National Historical Archives of Belarus)<br> <strong><a href=\"http:\/\/wrh.edu.pl\/wp-content\/uploads\/2020\/12\/139_WRH_17_3_wrh_2020_no3_v4_po_3_Ma\u017cejka.pdf\">The Radziwi\u0142\u0142 Cousins, Prophecies and False News in Mid-Seventeenth Century Europe<\/a><\/strong><br> <em>(Bracia Radziwi\u0142\u0142owie, proroctwa i fa\u0142szywe wiadomo\u015bci w Europie w drugiej po\u0142owie XVII w.)<\/em><br><strong>doi: 10.36121\/hmazheika.17.2020.3.137<\/strong><br>s. 131-154<\/p>\n\n\n\n<p><strong>Jaros\u0142aw Pietrzak <\/strong>(Uniwersytet Pedagogiczny im. KEN w Krakowie)<br> <strong><a href=\"http:\/\/wrh.edu.pl\/wp-content\/uploads\/2020\/12\/157_WRH_17_3_wrh_2020_no3_v4_po_3_Pietrzak.pdf\">Ceremonia\u0142 koronacyjny i jego znaczenie dla pozycji polskich kr\u00f3lowych w XVII i XVIII wieku<\/a><\/strong><br> <em>(The coronation ceremony and its significance for the position of Polish Queens in the 17th and 18th centuries)<\/em><br><strong>doi: 10.36121\/jpietrzak.17.2020.3.155<\/strong><br>s. 155-206<\/p>\n\n\n\n<p><strong>Agnieszka S\u0142aby <\/strong>(Uniwersytet Pedagogiczny im. KEN w Krakowie)<br> <strong><a href=\"http:\/\/wrh.edu.pl\/wp-content\/uploads\/2020\/12\/209_WRH_17_3_wrh_2020_no3_v4_po_3_S\u0142aby.pdf\">Ceremonia\u0142 urz\u0119dniczy w \u017cyciu szlachty czas\u00f3w saskich<\/a><\/strong><br><em> (Ceremonies of the civil servants of the Polish-Lithuanian Commonwealth in the life of nobility in the Saxon times)<\/em><br><strong>doi: 10.36121\/aslaby.17.2020.3.207<\/strong><br>s. 207-224<\/p>\n\n\n\n<p><strong>Katarzyna Kuras <\/strong>(Uniwersytet Jagiello\u0144ski)<br> <strong><a href=\"http:\/\/wrh.edu.pl\/wp-content\/uploads\/2020\/12\/227_WRH_17_3_wrh_2020_no3_v4_po_3_Kuras.pdf\">Kr\u00f3lewicz si\u0119 \u017ceni. Uroczysto\u015bci weselne Fryderyka Augusta Wettyna i Marii J\u00f3zefy Habsburg na tle osiemnastowiecznej kultury dworskiej<\/a><\/strong><br> <em>(The prince is getting married. The wedding celebrations of Frederick Augustus Wettin and Maria Josepha Habsburg at the background of the 18th century court culture)<\/em><br><strong>doi: 10.36121\/kkuras.17.2020.3.225<\/strong><br>s. 225-242<\/p>\n\n\n\n<p><strong>Adam Per\u0142akowski <\/strong>(Uniwersytet Jagiello\u0144ski)<br> <strong><a href=\"http:\/\/wrh.edu.pl\/wp-content\/uploads\/2020\/12\/245_WRH_17_3_wrh_2020_no3_v4_Perlakowski.pdf\">\u201eKoza z w\u00f3zkiem, na kt\u00f3rym wioz\u0142a kota i pieska za arlekiny poubierane\u2026\u201d. Wizyta Hohenzollern\u00f3w na dworze drezde\u0144skim w 1728 roku<\/a><\/strong><br><em> (\u201eA goat with a cart, on which she was carrying a cat and a dogf or harlequins dressed up &#8230;\u201d. The Hohenzollern visit to the Dresden court in 1728)<\/em><br><strong>doi: 10.36121\/aperlakowski.17.2020.3.243<\/strong><br>s. 243-263<\/p>\n\n\n\n<p><\/p>\n\n\n\n<figure class=\"wp-block-image size-large is-resized\"><img loading=\"lazy\" decoding=\"async\" src=\"http:\/\/wrh.edu.pl\/wp-content\/uploads\/2019\/04\/Varia.jpg\" alt=\"\" class=\"wp-image-1293\" width=\"269\" height=\"105\" srcset=\"http:\/\/wrh.edu.pl\/wp-content\/uploads\/2019\/04\/Varia.jpg 471w, http:\/\/wrh.edu.pl\/wp-content\/uploads\/2019\/04\/Varia-300x117.jpg 300w\" sizes=\"auto, (max-width: 269px) 100vw, 269px\" \/><\/figure>\n\n\n\n<p><strong>Stanis\u0142aw Nicieja <\/strong>(Uniwersytet Opolski)<br> <strong><a href=\"http:\/\/wrh.edu.pl\/wp-content\/uploads\/2020\/12\/269_WRH_17_3_wrh_2020_no3_v4_Nicieja.pdf\">Historia i mitologia Kres\u00f3w Wschodnich Rzeczypospolitej<\/a><\/strong><br> <em>(The History and Mythology of Poland\u2019s Eastern Borderlands)<\/em><br><strong>doi: 10.36121\/snicieja.17.2020.3.265<\/strong><br>s. 265-286<\/p>\n\n\n\n<p><strong>Ma\u0142gorzata Krakowiak <\/strong>(Uniwersytet \u015al\u0105ski)<br> <strong><a href=\"http:\/\/wrh.edu.pl\/wp-content\/uploads\/2020\/12\/291_WRH_17_3_wrh_2020_no3_v4_Krakowiak.pdf\">Kresy, bezkresy, bezkresowisko<\/a><\/strong><br> <em>(Borderland: boundlessness, no limits land)<\/em><br><strong>doi: 10.36121\/mkrakowiak.17.2020.3.287<\/strong><br>s. 287-303<\/p>\n\n\n\n<p><strong>Daniel Sawicki <\/strong>(Bia\u0142a Podlaska)<br><strong><em> <\/em><a href=\"http:\/\/wrh.edu.pl\/wp-content\/uploads\/2020\/12\/309_WRH_17_3_wrh_2020_no3_v4_DSawicki.pdf\">Syntetyczno\u015b\u0107 melodii staroruskiego \u015bpiewu cerkiewnego na przyk\u0142adzie wybranych sticher niedziel o celniku i faryzeuszu oraz o synu marnotrawnym<\/a><\/strong><br> <em>(The syntheticity of the melody of the Old Ruthenian church singing on the example of selected of the Sunday sticher about the Publican and the Pharisee, and the Prodigal Son)<\/em><br><strong>doi: 10.36121\/dsawicki.17.2020.3.305<\/strong><br>s. 305-325<\/p>\n\n\n\n<p><a href=\"http:\/\/331_WRH_17_3_wrh_2020_no3_v4_Noty\">Noty autorskie &#8211;  Authors note<\/a><\/p>\n\n\n","protected":false},"excerpt":{"rendered":"<p>Wschodni Rocznik Humanistyczny, tom XVII (2020), \u2116 3:Dw\u00f3r w Rzeczypospolitej i pa\u0144stwach o\u015bciennych, pod red. Artura Goszczy\u0144skiego \u0414\u0432\u043e\u0440 \u0432 \u0420\u0435\u0447\u0438 \u041f\u043e\u0441\u043f\u043e\u043b\u0438\u0442\u043e\u0439 \u0438 \u0441\u043e\u0441\u0435\u0434\u043d\u0438\u0445 \u0441\u0442\u0440\u0430\u043d\u0430\u0445, \u043f\u043e\u0434 \u0440\u0435\u0434\u0430\u043a\u0446\u0438\u0435\u0439 \u0410\u0440\u0442\u0443\u0440\u0430 \u0413\u043e\u0449\u0438\u043d\u0441\u043a\u043e\u0433\u043e Court in the Polish-Lithuanian Commonwealth and neighboring countries, edited by Artur Goszczy\u0144ski Strona tytu\u0142owa, spis tre\u015bciStrona redakcji:&nbsp;http:\/\/wrh.edu.pl RADA NAUKOWAprof. dr hab.&nbsp;Rolf Fieguth, Uniwersytet we Fryburgu, Szwajcariaprof. dr&nbsp;Oleg [&hellip;]<\/p>\n","protected":false},"author":2,"featured_media":0,"parent":0,"menu_order":33,"comment_status":"closed","ping_status":"closed","template":"","meta":{"footnotes":""},"class_list":["post-1833","page","type-page","status-publish","hentry"],"yoast_head":"<!-- This site is optimized with the Yoast SEO plugin v27.4 - https:\/\/yoast.com\/product\/yoast-seo-wordpress\/ -->\n<title>t. XVII (2020), \u2116 3 - Wschodni Rocznik Humanistyczny<\/title>\n<meta name=\"robots\" content=\"index, follow, max-snippet:-1, max-image-preview:large, max-video-preview:-1\" \/>\n<link rel=\"canonical\" href=\"http:\/\/wrh.edu.pl\/?page_id=1833\" \/>\n<meta property=\"og:locale\" content=\"pl_PL\" \/>\n<meta property=\"og:type\" content=\"article\" \/>\n<meta property=\"og:title\" content=\"t. XVII (2020), \u2116 3 - Wschodni Rocznik Humanistyczny\" \/>\n<meta property=\"og:description\" content=\"Wschodni Rocznik Humanistyczny, tom XVII (2020), \u2116 3:Dw\u00f3r w Rzeczypospolitej i pa\u0144stwach o\u015bciennych, pod red. Artura Goszczy\u0144skiego \u0414\u0432\u043e\u0440 \u0432 \u0420\u0435\u0447\u0438 \u041f\u043e\u0441\u043f\u043e\u043b\u0438\u0442\u043e\u0439 \u0438 \u0441\u043e\u0441\u0435\u0434\u043d\u0438\u0445 \u0441\u0442\u0440\u0430\u043d\u0430\u0445, \u043f\u043e\u0434 \u0440\u0435\u0434\u0430\u043a\u0446\u0438\u0435\u0439 \u0410\u0440\u0442\u0443\u0440\u0430 \u0413\u043e\u0449\u0438\u043d\u0441\u043a\u043e\u0433\u043e Court in the Polish-Lithuanian Commonwealth and neighboring countries, edited by Artur Goszczy\u0144ski Strona tytu\u0142owa, spis tre\u015bciStrona redakcji:&nbsp;http:\/\/wrh.edu.pl RADA NAUKOWAprof. dr hab.&nbsp;Rolf Fieguth, Uniwersytet we Fryburgu, Szwajcariaprof. dr&nbsp;Oleg [&hellip;]\" \/>\n<meta property=\"og:url\" content=\"http:\/\/wrh.edu.pl\/?page_id=1833\" \/>\n<meta property=\"og:site_name\" content=\"Wschodni Rocznik Humanistyczny\" \/>\n<meta property=\"article:modified_time\" content=\"2021-10-07T07:11:52+00:00\" \/>\n<meta property=\"og:image\" content=\"http:\/\/wrh.edu.pl\/wp-content\/uploads\/2020\/03\/0007-1-300x133-1.jpg\" \/>\n<meta name=\"twitter:card\" content=\"summary_large_image\" \/>\n<meta name=\"twitter:label1\" content=\"Szacowany czas czytania\" \/>\n\t<meta name=\"twitter:data1\" content=\"5 minut\" \/>\n<script type=\"application\/ld+json\" class=\"yoast-schema-graph\">{\"@context\":\"https:\\\/\\\/schema.org\",\"@graph\":[{\"@type\":\"WebPage\",\"@id\":\"http:\\\/\\\/wrh.edu.pl\\\/?page_id=1833\",\"url\":\"http:\\\/\\\/wrh.edu.pl\\\/?page_id=1833\",\"name\":\"t. XVII (2020), \u2116 3 - Wschodni Rocznik Humanistyczny\",\"isPartOf\":{\"@id\":\"http:\\\/\\\/wrh.edu.pl\\\/#website\"},\"primaryImageOfPage\":{\"@id\":\"http:\\\/\\\/wrh.edu.pl\\\/?page_id=1833#primaryimage\"},\"image\":{\"@id\":\"http:\\\/\\\/wrh.edu.pl\\\/?page_id=1833#primaryimage\"},\"thumbnailUrl\":\"http:\\\/\\\/wrh.edu.pl\\\/wp-content\\\/uploads\\\/2020\\\/03\\\/0007-1-300x133-1.jpg\",\"datePublished\":\"2020-08-02T06:18:24+00:00\",\"dateModified\":\"2021-10-07T07:11:52+00:00\",\"inLanguage\":\"pl-PL\",\"potentialAction\":[{\"@type\":\"ReadAction\",\"target\":[\"http:\\\/\\\/wrh.edu.pl\\\/?page_id=1833\"]}]},{\"@type\":\"ImageObject\",\"inLanguage\":\"pl-PL\",\"@id\":\"http:\\\/\\\/wrh.edu.pl\\\/?page_id=1833#primaryimage\",\"url\":\"http:\\\/\\\/wrh.edu.pl\\\/wp-content\\\/uploads\\\/2020\\\/03\\\/0007-1-300x133-1.jpg\",\"contentUrl\":\"http:\\\/\\\/wrh.edu.pl\\\/wp-content\\\/uploads\\\/2020\\\/03\\\/0007-1-300x133-1.jpg\",\"width\":300,\"height\":133},{\"@type\":\"WebSite\",\"@id\":\"http:\\\/\\\/wrh.edu.pl\\\/#website\",\"url\":\"http:\\\/\\\/wrh.edu.pl\\\/\",\"name\":\"Wschodni Rocznik Humanistyczny\",\"description\":\"Czasopismo naukowe\",\"publisher\":{\"@id\":\"http:\\\/\\\/wrh.edu.pl\\\/#organization\"},\"potentialAction\":[{\"@type\":\"SearchAction\",\"target\":{\"@type\":\"EntryPoint\",\"urlTemplate\":\"http:\\\/\\\/wrh.edu.pl\\\/?s={search_term_string}\"},\"query-input\":{\"@type\":\"PropertyValueSpecification\",\"valueRequired\":true,\"valueName\":\"search_term_string\"}}],\"inLanguage\":\"pl-PL\"},{\"@type\":\"Organization\",\"@id\":\"http:\\\/\\\/wrh.edu.pl\\\/#organization\",\"name\":\"Wschodni Rocznik Humanistyczny\",\"url\":\"http:\\\/\\\/wrh.edu.pl\\\/\",\"logo\":{\"@type\":\"ImageObject\",\"inLanguage\":\"pl-PL\",\"@id\":\"http:\\\/\\\/wrh.edu.pl\\\/#\\\/schema\\\/logo\\\/image\\\/\",\"url\":\"http:\\\/\\\/wrh.edu.pl\\\/wp-content\\\/uploads\\\/2017\\\/07\\\/logo_01.jpg\",\"contentUrl\":\"http:\\\/\\\/wrh.edu.pl\\\/wp-content\\\/uploads\\\/2017\\\/07\\\/logo_01.jpg\",\"width\":154,\"height\":183,\"caption\":\"Wschodni Rocznik Humanistyczny\"},\"image\":{\"@id\":\"http:\\\/\\\/wrh.edu.pl\\\/#\\\/schema\\\/logo\\\/image\\\/\"}}]}<\/script>\n<!-- \/ Yoast SEO plugin. -->","yoast_head_json":{"title":"t. XVII (2020), \u2116 3 - Wschodni Rocznik Humanistyczny","robots":{"index":"index","follow":"follow","max-snippet":"max-snippet:-1","max-image-preview":"max-image-preview:large","max-video-preview":"max-video-preview:-1"},"canonical":"http:\/\/wrh.edu.pl\/?page_id=1833","og_locale":"pl_PL","og_type":"article","og_title":"t. XVII (2020), \u2116 3 - Wschodni Rocznik Humanistyczny","og_description":"Wschodni Rocznik Humanistyczny, tom XVII (2020), \u2116 3:Dw\u00f3r w Rzeczypospolitej i pa\u0144stwach o\u015bciennych, pod red. Artura Goszczy\u0144skiego \u0414\u0432\u043e\u0440 \u0432 \u0420\u0435\u0447\u0438 \u041f\u043e\u0441\u043f\u043e\u043b\u0438\u0442\u043e\u0439 \u0438 \u0441\u043e\u0441\u0435\u0434\u043d\u0438\u0445 \u0441\u0442\u0440\u0430\u043d\u0430\u0445, \u043f\u043e\u0434 \u0440\u0435\u0434\u0430\u043a\u0446\u0438\u0435\u0439 \u0410\u0440\u0442\u0443\u0440\u0430 \u0413\u043e\u0449\u0438\u043d\u0441\u043a\u043e\u0433\u043e Court in the Polish-Lithuanian Commonwealth and neighboring countries, edited by Artur Goszczy\u0144ski Strona tytu\u0142owa, spis tre\u015bciStrona redakcji:&nbsp;http:\/\/wrh.edu.pl RADA NAUKOWAprof. dr hab.&nbsp;Rolf Fieguth, Uniwersytet we Fryburgu, Szwajcariaprof. dr&nbsp;Oleg [&hellip;]","og_url":"http:\/\/wrh.edu.pl\/?page_id=1833","og_site_name":"Wschodni Rocznik Humanistyczny","article_modified_time":"2021-10-07T07:11:52+00:00","og_image":[{"url":"http:\/\/wrh.edu.pl\/wp-content\/uploads\/2020\/03\/0007-1-300x133-1.jpg","type":"","width":"","height":""}],"twitter_card":"summary_large_image","twitter_misc":{"Szacowany czas czytania":"5 minut"},"schema":{"@context":"https:\/\/schema.org","@graph":[{"@type":"WebPage","@id":"http:\/\/wrh.edu.pl\/?page_id=1833","url":"http:\/\/wrh.edu.pl\/?page_id=1833","name":"t. XVII (2020), \u2116 3 - Wschodni Rocznik Humanistyczny","isPartOf":{"@id":"http:\/\/wrh.edu.pl\/#website"},"primaryImageOfPage":{"@id":"http:\/\/wrh.edu.pl\/?page_id=1833#primaryimage"},"image":{"@id":"http:\/\/wrh.edu.pl\/?page_id=1833#primaryimage"},"thumbnailUrl":"http:\/\/wrh.edu.pl\/wp-content\/uploads\/2020\/03\/0007-1-300x133-1.jpg","datePublished":"2020-08-02T06:18:24+00:00","dateModified":"2021-10-07T07:11:52+00:00","inLanguage":"pl-PL","potentialAction":[{"@type":"ReadAction","target":["http:\/\/wrh.edu.pl\/?page_id=1833"]}]},{"@type":"ImageObject","inLanguage":"pl-PL","@id":"http:\/\/wrh.edu.pl\/?page_id=1833#primaryimage","url":"http:\/\/wrh.edu.pl\/wp-content\/uploads\/2020\/03\/0007-1-300x133-1.jpg","contentUrl":"http:\/\/wrh.edu.pl\/wp-content\/uploads\/2020\/03\/0007-1-300x133-1.jpg","width":300,"height":133},{"@type":"WebSite","@id":"http:\/\/wrh.edu.pl\/#website","url":"http:\/\/wrh.edu.pl\/","name":"Wschodni Rocznik Humanistyczny","description":"Czasopismo naukowe","publisher":{"@id":"http:\/\/wrh.edu.pl\/#organization"},"potentialAction":[{"@type":"SearchAction","target":{"@type":"EntryPoint","urlTemplate":"http:\/\/wrh.edu.pl\/?s={search_term_string}"},"query-input":{"@type":"PropertyValueSpecification","valueRequired":true,"valueName":"search_term_string"}}],"inLanguage":"pl-PL"},{"@type":"Organization","@id":"http:\/\/wrh.edu.pl\/#organization","name":"Wschodni Rocznik Humanistyczny","url":"http:\/\/wrh.edu.pl\/","logo":{"@type":"ImageObject","inLanguage":"pl-PL","@id":"http:\/\/wrh.edu.pl\/#\/schema\/logo\/image\/","url":"http:\/\/wrh.edu.pl\/wp-content\/uploads\/2017\/07\/logo_01.jpg","contentUrl":"http:\/\/wrh.edu.pl\/wp-content\/uploads\/2017\/07\/logo_01.jpg","width":154,"height":183,"caption":"Wschodni Rocznik Humanistyczny"},"image":{"@id":"http:\/\/wrh.edu.pl\/#\/schema\/logo\/image\/"}}]}},"_links":{"self":[{"href":"http:\/\/wrh.edu.pl\/index.php?rest_route=\/wp\/v2\/pages\/1833","targetHints":{"allow":["GET"]}}],"collection":[{"href":"http:\/\/wrh.edu.pl\/index.php?rest_route=\/wp\/v2\/pages"}],"about":[{"href":"http:\/\/wrh.edu.pl\/index.php?rest_route=\/wp\/v2\/types\/page"}],"author":[{"embeddable":true,"href":"http:\/\/wrh.edu.pl\/index.php?rest_route=\/wp\/v2\/users\/2"}],"replies":[{"embeddable":true,"href":"http:\/\/wrh.edu.pl\/index.php?rest_route=%2Fwp%2Fv2%2Fcomments&post=1833"}],"version-history":[{"count":13,"href":"http:\/\/wrh.edu.pl\/index.php?rest_route=\/wp\/v2\/pages\/1833\/revisions"}],"predecessor-version":[{"id":2505,"href":"http:\/\/wrh.edu.pl\/index.php?rest_route=\/wp\/v2\/pages\/1833\/revisions\/2505"}],"wp:attachment":[{"href":"http:\/\/wrh.edu.pl\/index.php?rest_route=%2Fwp%2Fv2%2Fmedia&parent=1833"}],"curies":[{"name":"wp","href":"https:\/\/api.w.org\/{rel}","templated":true}]}}