{"id":2583,"date":"2021-10-25T06:45:38","date_gmt":"2021-10-25T05:45:38","guid":{"rendered":"http:\/\/wrh.edu.pl\/?page_id=2583"},"modified":"2021-12-22T09:01:34","modified_gmt":"2021-12-22T08:01:34","slug":"t-xviii-2021-%e2%84%96-2","status":"publish","type":"page","link":"http:\/\/wrh.edu.pl\/?page_id=2583","title":{"rendered":"t. XVIII (2021), \u2116 2"},"content":{"rendered":"\n<h1>Wschodni Rocznik Humanistyczny, tom XVIII (2021), \u2116 2: Rzeczpospolita i Wsch\u00f3d, pod redakcj\u0105 Artura G\u00f3raka<\/h1>\n\n\n\n<p><\/p>\n\n\n\n<figure class=\"wp-block-image size-full\"><img loading=\"lazy\" decoding=\"async\" width=\"944\" height=\"594\" src=\"http:\/\/wrh.edu.pl\/wp-content\/uploads\/2021\/12\/grafika-1.jpg\" alt=\"\" class=\"wp-image-2691\" srcset=\"http:\/\/wrh.edu.pl\/wp-content\/uploads\/2021\/12\/grafika-1.jpg 944w, http:\/\/wrh.edu.pl\/wp-content\/uploads\/2021\/12\/grafika-1-300x189.jpg 300w, http:\/\/wrh.edu.pl\/wp-content\/uploads\/2021\/12\/grafika-1-768x483.jpg 768w\" sizes=\"auto, (max-width: 944px) 100vw, 944px\" \/><\/figure>\n\n\n\n<p>Strona tytu\u0142owa,&nbsp;<a href=\"http:\/\/wrh.edu.pl\/wp-content\/uploads\/2021\/12\/WRH_18_2_spis.pdf\">spis tre\u015bci<\/a><br>Strona redakcji:&nbsp;<a href=\"http:\/\/wrh.edu.pl\/\">http:\/\/wrh.edu.pl<\/a><\/p>\n<p>RADA NAUKOWA<br>prof. dr hab.&nbsp;<strong>Rolf Fieguth<\/strong>, Uniwersytet we Fryburgu, Szwajcaria<br>prof. dr&nbsp;<strong>Oleg Witaljewicz Gorbaczow<\/strong>, Uralski Federalny Uniwersytet, Jekaterynburg, Rosja<br>dr&nbsp;<strong>Gediminas Kaz\u0117nas<\/strong>, Mykolas Romeris University, Wilno, Litwa<br>dr&nbsp;<strong>Jussi Laine<\/strong>, University of Eastern Finland, Finlandia<br>prof. dr&nbsp;<strong>Siergiej Walentinowicz Lubiczankowskij<\/strong>, Orenburski Uniwersytet Pa\u0144stwowy, Rosja<br>prof. dr hab.&nbsp;<strong>Sigistas Narbutas<\/strong>, Biblioteka Naukowa im. Wr\u00f3blewskich w Wilnie, Litwa<br>dr&nbsp;<strong>Janusz Nowak<\/strong>, kierownik Archiwum i Zbioru R\u0119kopis\u00f3w Biblioteki xx Czartoryskich w Krakowie<br>dr&nbsp;<strong>Pierre-Etienne Penot<\/strong>, The Catholic University of the Vand\u00e9e, La Roche-sur-Yon, Francja<br>prof. dr hab.&nbsp;<strong>Miros\u0142aw Piotrowski<\/strong>, Katolicki Uniwersytet Lubelski<br>prof. dr hab.&nbsp;<strong>Marek Plewczy\u0144ski<\/strong>, Uniwersytet Przyrodniczo-Humanistyczny w Siedlcach<br>prof. dr hab.&nbsp;<strong>Krzysztof Skupie\u0144ski<\/strong>, Uniwersytet Marii Curie-Sk\u0142odowskiej w Lublinie<br>dr&nbsp;<strong>George Soroka<\/strong>, Harvard University, USA<br>dr hab.&nbsp;<strong>Maria Starnawska<\/strong>, Uniwersytet Przyrodniczo-Humanistyczny z Siedlcach<br>prof. dr&nbsp;<strong>Walerij Leonidowicz Stiepanow<\/strong>, Instytut Ekonomiki Rosyjskiej Akademii Nauk, Moskwa, Rosja<br>prof. dr hab.&nbsp;<strong>Tadeusz M. Trajdos<\/strong>, Instytut Historii Polskiej Akademii Nauk<br>dr hab.&nbsp;<strong>Marek Wagner<\/strong>, prof. Uniwersytetu Przyrodniczo-Humanistycznego w Siedlcach<\/p>\n<p>REDAKCJA i KOLEGIUM REDAKCYJNE<br><strong>prof. dr hab. Leszek Gawor<\/strong>, Uniwersytet Rzeszowski, (dzia\u0142:&nbsp;<strong>filozofia<\/strong>),<br><strong>dr Artur Goszczy\u0144ski<\/strong>&nbsp;(sekretarz),<br><strong>dr hab.&nbsp;Artur G\u00f3rak<\/strong>&nbsp;(redaktor naczelny),<br><strong>prof. u. dr hab<\/strong>&nbsp;<strong>Krzysztof Latawiec<\/strong>, Uniwersytet Marii Curie-Sk\u0142odowskiej, Lublin, (dzia\u0142:&nbsp;<strong>historia<\/strong>),<br><strong>prof. u. dr hab. Dariusz Magier<\/strong>, Uniwersytet Przyrodniczo-Humanistyczny, Siedlce, (z-ca redaktora naczelnego),<br><strong>prof. dr Ludmi\u0142a Mazur<\/strong>, Uralski Uniwersytet Federalny im. pierwszego prezydenta Rosji B. N. Jelcyna, Jekaterynburg. Federacja Rosyjska, (dzia\u0142:&nbsp;<strong>nauki o dokumencie i archiwach<\/strong>),<br><strong>prof. dr Ludmi\u0142a Posochowa<\/strong>, Charkowski Uniwersytet Narodowy im. W.N. Karazina, Ukraina, (dzia\u0142:&nbsp;<strong>historia<\/strong>),<br><strong>prof. dr Adrian Selin<\/strong>, Uniwersytet Naukowo-Badawczy \u201eWy\u017csza Szko\u0142a Ekonomii w Sankt-Petersburgu, Federacja Rosyjska, (dzia\u0142:&nbsp;<strong>historia<\/strong>)<br><strong>prof. u. dr hab.<\/strong>&nbsp;<strong>Tomasz St\u0119pniewski<\/strong>, Katolicki Uniwersytet Lubelski, (dzia\u0142:&nbsp;<strong>stosunki mi\u0119dzynarodowe<\/strong>),<br><strong>dr<\/strong>&nbsp;<strong>Andrzej Szabaciuk<\/strong>, Katolicki Uniwersytet Lubelski,&nbsp;(dzia\u0142:&nbsp;<strong>politologia<\/strong>)<\/p>\n<p>CZASOPISMO RECENZOWANE: kolegium recenzent\u00f3w http:\/\/wrh.edu.pl\/kolegium-recenzentow\/<\/p>\n<p>Opracowanie graficzne, sk\u0142ad i \u0142amanie:&nbsp;<strong>Tytus Przemys\u0142aw Krupski<\/strong><br>Korekta:&nbsp;<strong>Patrycja Kanak<\/strong>&nbsp;(ang.),&nbsp;<strong>Przemys\u0142aw Tytus Krupski&nbsp;<\/strong>(pol.),&nbsp;<strong>Artur G\u00f3rak<\/strong>&nbsp;(ros.)<br>T\u0142umaczenia angielskie:&nbsp;<strong>Robert St\u0119pie\u0144<\/strong>, rosyjskie:&nbsp;<strong>Artur G\u00f3rak<\/strong><\/p>\n<p>Wydawca<strong>: Towarzystwo Nauki i Kultury \u201eLibra\u201d<\/strong>, ul. Szeligowskiego 8\/97, 20-883 Lublin<br>\u00a9 ToNiK \u201eLibra\u201d<br>ISSN 1731-982X<br><br><\/p>\n<figure class=\"wp-block-image size-large\"><img loading=\"lazy\" decoding=\"async\" class=\"wp-image-1798\" src=\"http:\/\/wrh.edu.pl\/wp-content\/uploads\/2020\/03\/0007-1-300x133-1.jpg\" alt=\"\" width=\"300\" height=\"133\"><\/figure>\n\n\n\n<p><strong>\u0418\u0433\u043e\u0440\u044c \u0410\u043d\u0434\u0440\u0435e\u0432\u0438\u0447 \u0418\u0441\u0430\u0435\u0432 <\/strong>(\u041c\u043e\u0441\u043a\u043e\u0432\u0441\u043a\u0438\u0439 \u042e\u0440\u0438\u0434\u0438\u0447\u0435\u0441\u043a\u0438\u0439 \u0413\u043e\u0441\u0443\u0434\u0430\u0440\u0441\u0442\u0432\u0435\u043d\u043d\u044b\u0439 \u0423\u043d\u0438\u0432\u0435\u0440\u0441\u0438\u0442\u0435\u0442)<br \/><a href=\"http:\/\/wrh.edu.pl\/wp-content\/uploads\/2021\/12\/009_WRH_18_2_wrh_2021_no2_v3_Isajew.pdf\"><strong>\u0417\u0430\u043a\u043e\u043d\u043e\u0434\u0430\u0442\u0435\u043b\u044c \u0432 \u043f\u0440\u043e\u0441\u0442\u0440\u0430\u043d\u0441\u0442\u0432\u0435 \u0443\u0442\u043e\u043f\u0438\u0438: \u0443\u0445\u043e\u0434 \u043f\u043e\u043b\u0438\u0442\u0438\u0447\u0435\u0441\u043a\u043e\u0433\u043e<\/strong><\/a><br \/><em>The legislator in the space of utopia: the departure of the political<\/em><br \/>WRH, t. XVIII, no 2, s. 7-20, doi: 10.36121\/iisajew.18.2021.2.007<\/p>\n<p><strong>Daniel Sawicki<\/strong> (Bia\u0142a Podlaska)<br \/><strong><a href=\"http:\/\/wrh.edu.pl\/wp-content\/uploads\/2021\/12\/023_WRH_18_2_wrh_2021_no2_v3_Sawicki.pdf\">Przemiany stylistyczne i estetyczne w monodycznym \u015bpiewie liturgicznym na Rusi (XIV-XVII w.) &#8211; pierwsze wp\u0142ywy ba\u0142ka\u0144sko-greckie<\/a><br \/><\/strong><em>Stylistic and aesthetic changes in monodic liturgical singing in Rus (14th-17th centuries) &#8211; the first Balkan-Greek influences<\/em><br \/>WRH, t. XVIII, no 2, s. 21-52, doi: 10.36121\/dsawicki.18.2021.2.021<strong><br \/><\/strong><\/p>\n<p><strong>\u0415\u043b\u0435\u043d\u0430 \u0412\u0430\u0441\u0438\u043b\u044c\u0435\u0432\u043d\u0430 \u0411\u043e\u0440\u043e\u0434\u0438\u043d\u0430<\/strong> (\u0418\u043d\u0441\u0442\u0438\u0442\u0443\u0442 \u0438\u0441\u0442\u043e\u0440\u0438\u0438 \u0438 \u0430\u0440\u0445\u0435\u043e\u043b\u043e\u0433\u0438\u0438 \u0423\u0440\u041e \u0420\u0410\u041d, \u0423\u0440\u0430\u043b\u044c\u0441\u043a\u0438\u0439 \u0444\u0435\u0434\u0435\u0440\u0430\u043b\u044c\u043d\u044b\u0439 \u0443\u043d\u0438\u0432\u0435\u0440\u0441\u0438\u0442\u0435\u0442, \u0415\u043a\u0430\u0442\u0435\u0440\u0438\u043d\u0431\u0443\u0440\u0433, \u0420\u043e\u0441\u0441\u0438\u044f)<br \/><strong><a href=\"http:\/\/wrh.edu.pl\/wp-content\/uploads\/2021\/12\/055_WRH_18_2_wrh_2021_no2_v3_Borodina.pdf\">\u041d\u043e\u0440\u043c\u044b \u0441\u043b\u0443\u0436\u0435\u0431\u043d\u043e\u0439 \u044d\u0442\u0438\u043a\u0438 \u043a\u0430\u043d\u0446\u0435\u043b\u044f\u0440\u0441\u043a\u0438\u0445 \u0441\u043b\u0443\u0436\u0438\u0442\u0435\u043b\u0435\u0439 \u0415\u043a\u0430\u0442\u0435\u0440\u0438\u043d\u0431\u0443\u0440\u0433\u0430 \u0432 1730-\u0435\u00a0\u0433\u0433.<\/a><br \/><\/strong><em>Norms of office ethics of clerical servants in Yekaterinburg, the 1730s<\/em><br \/>WRH, t. XVIII, no 2, s. 53-72, doi: 10.36121\/eborodina.18.2021.2.053<strong><br \/><\/strong><\/p>\n<p><strong>Marek Rutkowski <\/strong>(Akademia Wychowania Fizycznego w Krakowie)<br \/><strong><a href=\"http:\/\/wrh.edu.pl\/wp-content\/uploads\/2021\/12\/075_WRH_18_2_wrh_2021_no2_v3_Rutkowski.pdf\">Rosyjsko-austriackie ustalenia ekstradycyjne z lat 1815 -1849<\/a><br \/><\/strong><em>Russo-Austrian extradition arrangements of 1815-1849<\/em><br \/>WRH, t. XVIII, no 2, s. 73-96, doi: 10.36121\/mrutkowski.18.2021.2.073<strong><br \/><\/strong><\/p>\n<p><strong>\u0421\u0442\u0430\u043d\u0438\u0441\u043b\u0430\u0432 \u0412\u0435\u0445<\/strong> (\u0423\u043d\u0438\u0432\u0435\u0440\u0441\u0438\u0442\u0435\u0442 \u042f\u043d\u0430 \u041a\u043e\u0445\u0430\u043d\u043e\u0432\u0441\u043a\u043e\u0433\u043e \u0432 \u041a\u0435\u043b\u044c\u0446ax)<br \/><a href=\"http:\/\/wrh.edu.pl\/wp-content\/uploads\/2021\/12\/099_WRH_18_2_wrh_2021_no2_v3_Wiech-1.pdf\"><strong>\u0417\u0430\u043f\u0430\u0434\u043d\u044b\u0439 \u043a\u0440\u0430\u0439 (\u00ab\u0437\u0430\u0445\u0432\u0430\u0447\u0435\u043d\u043d\u044b\u0435 \u0437\u0435\u043c\u043b\u0438\u00bb) \u0432\u043e \u0432\u043d\u0443\u0442\u0440\u0435\u043d\u043d\u0435\u0439 \u043f\u043e\u043b\u0438\u0442\u0438\u043a\u0435 \u0420\u043e\u0441\u0441\u0438\u0439\u0441\u043a\u043e\u0439 \u0438\u043c\u043f\u0435\u0440\u0438\u0438<\/strong><\/a><br \/>The Western Country (\u201cTaken Lands\u201d) in the internal politics of the Russian Empire<br \/>WRH, t. XVIII, no 2, s. 97-123, doi: 10.36121\/swiech.18.2021.2.097<\/p>\n<p><strong>Marcin Petrynko <\/strong>(Uniwersytet Marii Curie-Sk\u0142odowskiej)<strong><br \/><a href=\"http:\/\/wrh.edu.pl\/wp-content\/uploads\/2021\/12\/127_WRH_18_2_wrh_2021_no2_v3_Petrynko.pdf\">Uzbrojenie i umundurowanie \u017co\u0142nierzy Armii Francuskiej oraz Armii Polskiej we Francji<\/a><br \/>na przyk\u0142adzie 1. Pu\u0142ku Strzelc\u00f3w Polskich w l. 1918-1919<br \/><\/strong>The armament and uniforms of the soldiers of the French Army and the Polish Army in France<br \/>on the example of the 1st Polish Rifle Regiment in 1918-1919<br \/>WRH, t. XVIII, no 2, s. 125-152, doi: 10.36121\/mpetrynko.18.2021.2.125<\/p>\n<p><strong>Piotr A. Tusi\u0144ski <\/strong>(Uniwersytet Pedagogiczny w Krakowie)<strong><br \/><a href=\"http:\/\/wrh.edu.pl\/wp-content\/uploads\/2021\/12\/155_WRH_18_2_wrh_2021_no2_v3_Tusinski.pdf\">\u201eMinistrowie prezydenccy\u201d w rz\u0105dach II Rzeczypospolitej Polskiej. Regulacja prawna i praktyka ustrojowa<\/a><br \/><\/strong><em>\u201ePresidential Ministers\u201d in the governments of the Second Polish Republic.<\/em><br \/><em>Legal regulation and system practice<\/em><br \/>WRH, t. XVIII, no 2, s. 153-192, doi: 10.36121\/ptusinski.18.2021.2.153<strong><br \/><\/strong><\/p>\n<p><strong>Rafa\u0142 Roguski <\/strong>(Uniwersytet Przyrodniczo-Humanistyczny w Siedlcach)<strong><br \/><a href=\"http:\/\/wrh.edu.pl\/wp-content\/uploads\/2021\/12\/195_WRH_18_2_wrh_2021_no2_v3_Roguski.pdf\">Stan bezpiecze\u0144stwa wewn\u0119trznego w zachodnich powiatach Wo\u0142ynia na zapleczu frontu wojny polsko-sowieckiej w latach 1919-1921<\/a><br \/><\/strong><em>The state of security in the western counties of Volhynia, behind the frontline of the war with<\/em><br \/><em>Bolshevik Russia in the years 1919-1921<\/em><br \/>WRH, t. XVIII, no 2, s. 193-210, doi: 10.36121\/rroguski.18.2021.2.193<strong><br \/><\/strong><\/p>\n<p><strong>Jakub Wojtkowiak<\/strong> (Uniwersytet Adama Mickiewicza)<br \/><strong><a href=\"http:\/\/wrh.edu.pl\/wp-content\/uploads\/2021\/12\/213_WRH_18_2_wrh_2021_no2_v3_Wojtkowiak.pdf\">Sk\u0142ad narodowo\u015bciowy korpusu oficerskiego Armii Czerwonej w drugiej po\u0142owie lat 30-tych XX wieku<\/a><br \/><\/strong><em>National composition of the Red Army officer corps in the second half of the 1930s<\/em><br \/>WRH, t. XVIII, no 2, s. 211-224, doi: 10.36121\/jwojtkowiak.18.2021.2.211<strong><br \/><\/strong><\/p>\n<p><strong>\u041b\u0435\u043e\u043d\u0438\u0434 \u0421\u043c\u0438\u043b\u043e\u0432\u0438\u0446\u043a\u0438\u0439<\/strong>\u00a0(Tel Aviv University)<br \/><strong><a href=\"http:\/\/wrh.edu.pl\/wp-content\/uploads\/2021\/12\/227_WRH_18_2_wrh_2021_no2_v3_Smilowicki.pdf\">\u041f\u0440\u043e\u0449\u0430\u043b\u044c\u043d\u044b\u0435 \u043f\u0438\u0441\u044c\u043c\u0430 (\u041f\u043e \u0441\u0442\u0440\u0430\u043d\u0438\u0446\u0430\u043c \u043f\u0438\u0441\u0435\u043c \u0438 \u0434\u043d\u0435\u0432\u043d\u0438\u043a\u043e\u0432 \u0435\u0432\u0440\u0435\u0435\u0432 \u0432 \u041a\u0440\u0430\u0441\u043d\u043e\u0439 \u0410\u0440\u043c\u0438\u0438 1941-1945 \u0433\u0433.)<\/a><br \/><\/strong><em>Farewell letters. (From the pages of letters and diaries of Jews in the Red Army 1941-1945)<\/em><br \/>WRH, t. XVIII, no 2, s. 225-252, doi: 10.36121\/lsmilowicki.18.2021.2.225<strong><br \/><\/strong><\/p>\n<p><strong>Pawe\u0142 Szafra\u0144ski<\/strong> (Uniwersytet Wroc\u0142awski)<br \/><strong><a href=\"http:\/\/wrh.edu.pl\/wp-content\/uploads\/2021\/12\/255_WRH_18_2_wrh_2021_no2_v3_Szafranski.pdf\">Teoria klasyfikacji i formy zachowania zabytkowych cmentarzy. Przyk\u0142ad u\u017cycia na obszarze postsowieckim. Przesz\u0142o\u015b\u0107, tera\u017aniejszo\u015b\u0107 i przysz\u0142o\u015b\u0107<\/a><br \/><\/strong><em>The theory of classification and forms of preservation of historic cemeteries. An example of use in<\/em><br \/><em>the post-Soviet area<\/em><br \/>WRH, t. XVIII, no 2, s. 253-265, doi: 10.36121\/pszafranski.18.2021.2.253<strong><br \/><\/strong><\/p>\n\n\n\n<div class=\"wp-block-image\"><figure class=\"aligncenter size-full is-resized\"><img loading=\"lazy\" decoding=\"async\" src=\"http:\/\/wrh.edu.pl\/wp-content\/uploads\/2019\/04\/Polemiki-recenzje-sprawozdania.jpg\" alt=\"\" class=\"wp-image-1292\" width=\"268\" height=\"142\" srcset=\"http:\/\/wrh.edu.pl\/wp-content\/uploads\/2019\/04\/Polemiki-recenzje-sprawozdania.jpg 760w, http:\/\/wrh.edu.pl\/wp-content\/uploads\/2019\/04\/Polemiki-recenzje-sprawozdania-300x159.jpg 300w\" sizes=\"auto, (max-width: 268px) 100vw, 268px\" \/><\/figure><\/div>\n\n\n\n<p><strong>Ludmi\u0142a Rudenko<\/strong> (Vernadsky National Library of Ukraine Kyiv)<br \/><strong><a href=\"http:\/\/wrh.edu.pl\/wp-content\/uploads\/2021\/12\/271_WRH_18_2_wrh_2021_no2_v3_Rudenko.pdf\">Recenzja pracy Jurija Jasinowskiego p.t. \u00ab\u015apiew cerkiewny Galicji za czas\u00f3w austriackich w krytyce, personaliach i \u017ar\u00f3d\u0142ach nutowych\u00bb<\/a><br \/><\/strong>WRH, t. XVIII, no 2, s. 267-272, doi: 10.36121\/lrudenko.18.2021.2.267<strong><br \/><\/strong><\/p>\n","protected":false},"excerpt":{"rendered":"<p>Wschodni Rocznik Humanistyczny, tom XVIII (2021), \u2116 2: Rzeczpospolita i Wsch\u00f3d, pod redakcj\u0105 Artura G\u00f3raka Strona tytu\u0142owa,&nbsp;spis tre\u015bciStrona redakcji:&nbsp;http:\/\/wrh.edu.pl RADA NAUKOWAprof. dr hab.&nbsp;Rolf Fieguth, Uniwersytet we Fryburgu, Szwajcariaprof. dr&nbsp;Oleg Witaljewicz Gorbaczow, Uralski Federalny Uniwersytet, Jekaterynburg, Rosjadr&nbsp;Gediminas Kaz\u0117nas, Mykolas Romeris University, Wilno, Litwadr&nbsp;Jussi Laine, University of Eastern Finland, Finlandiaprof. dr&nbsp;Siergiej Walentinowicz Lubiczankowskij, Orenburski Uniwersytet Pa\u0144stwowy, Rosjaprof. [&hellip;]<\/p>\n","protected":false},"author":2,"featured_media":0,"parent":0,"menu_order":36,"comment_status":"closed","ping_status":"closed","template":"","meta":{"footnotes":""},"class_list":["post-2583","page","type-page","status-publish","hentry"],"yoast_head":"<!-- This site is optimized with the Yoast SEO plugin v27.4 - https:\/\/yoast.com\/product\/yoast-seo-wordpress\/ -->\n<title>t. XVIII (2021), \u2116 2 - Wschodni Rocznik Humanistyczny<\/title>\n<meta name=\"robots\" content=\"index, follow, max-snippet:-1, max-image-preview:large, max-video-preview:-1\" \/>\n<link rel=\"canonical\" href=\"http:\/\/wrh.edu.pl\/?page_id=2583\" \/>\n<meta property=\"og:locale\" content=\"pl_PL\" \/>\n<meta property=\"og:type\" content=\"article\" \/>\n<meta property=\"og:title\" content=\"t. XVIII (2021), \u2116 2 - Wschodni Rocznik Humanistyczny\" \/>\n<meta property=\"og:description\" content=\"Wschodni Rocznik Humanistyczny, tom XVIII (2021), \u2116 2: Rzeczpospolita i Wsch\u00f3d, pod redakcj\u0105 Artura G\u00f3raka Strona tytu\u0142owa,&nbsp;spis tre\u015bciStrona redakcji:&nbsp;http:\/\/wrh.edu.pl RADA NAUKOWAprof. dr hab.&nbsp;Rolf Fieguth, Uniwersytet we Fryburgu, Szwajcariaprof. dr&nbsp;Oleg Witaljewicz Gorbaczow, Uralski Federalny Uniwersytet, Jekaterynburg, Rosjadr&nbsp;Gediminas Kaz\u0117nas, Mykolas Romeris University, Wilno, Litwadr&nbsp;Jussi Laine, University of Eastern Finland, Finlandiaprof. dr&nbsp;Siergiej Walentinowicz Lubiczankowskij, Orenburski Uniwersytet Pa\u0144stwowy, Rosjaprof. [&hellip;]\" \/>\n<meta property=\"og:url\" content=\"http:\/\/wrh.edu.pl\/?page_id=2583\" \/>\n<meta property=\"og:site_name\" content=\"Wschodni Rocznik Humanistyczny\" \/>\n<meta property=\"article:modified_time\" content=\"2021-12-22T08:01:34+00:00\" \/>\n<meta property=\"og:image\" content=\"http:\/\/wrh.edu.pl\/wp-content\/uploads\/2021\/12\/grafika-1.jpg\" \/>\n<meta name=\"twitter:card\" content=\"summary_large_image\" \/>\n<meta name=\"twitter:label1\" content=\"Szacowany czas czytania\" \/>\n\t<meta name=\"twitter:data1\" content=\"5 minut\" \/>\n<script type=\"application\/ld+json\" class=\"yoast-schema-graph\">{\"@context\":\"https:\\\/\\\/schema.org\",\"@graph\":[{\"@type\":\"WebPage\",\"@id\":\"http:\\\/\\\/wrh.edu.pl\\\/?page_id=2583\",\"url\":\"http:\\\/\\\/wrh.edu.pl\\\/?page_id=2583\",\"name\":\"t. XVIII (2021), \u2116 2 - Wschodni Rocznik Humanistyczny\",\"isPartOf\":{\"@id\":\"http:\\\/\\\/wrh.edu.pl\\\/#website\"},\"primaryImageOfPage\":{\"@id\":\"http:\\\/\\\/wrh.edu.pl\\\/?page_id=2583#primaryimage\"},\"image\":{\"@id\":\"http:\\\/\\\/wrh.edu.pl\\\/?page_id=2583#primaryimage\"},\"thumbnailUrl\":\"http:\\\/\\\/wrh.edu.pl\\\/wp-content\\\/uploads\\\/2021\\\/12\\\/grafika-1.jpg\",\"datePublished\":\"2021-10-25T05:45:38+00:00\",\"dateModified\":\"2021-12-22T08:01:34+00:00\",\"inLanguage\":\"pl-PL\",\"potentialAction\":[{\"@type\":\"ReadAction\",\"target\":[\"http:\\\/\\\/wrh.edu.pl\\\/?page_id=2583\"]}]},{\"@type\":\"ImageObject\",\"inLanguage\":\"pl-PL\",\"@id\":\"http:\\\/\\\/wrh.edu.pl\\\/?page_id=2583#primaryimage\",\"url\":\"http:\\\/\\\/wrh.edu.pl\\\/wp-content\\\/uploads\\\/2021\\\/12\\\/grafika-1.jpg\",\"contentUrl\":\"http:\\\/\\\/wrh.edu.pl\\\/wp-content\\\/uploads\\\/2021\\\/12\\\/grafika-1.jpg\",\"width\":944,\"height\":594},{\"@type\":\"WebSite\",\"@id\":\"http:\\\/\\\/wrh.edu.pl\\\/#website\",\"url\":\"http:\\\/\\\/wrh.edu.pl\\\/\",\"name\":\"Wschodni Rocznik Humanistyczny\",\"description\":\"Czasopismo naukowe\",\"publisher\":{\"@id\":\"http:\\\/\\\/wrh.edu.pl\\\/#organization\"},\"potentialAction\":[{\"@type\":\"SearchAction\",\"target\":{\"@type\":\"EntryPoint\",\"urlTemplate\":\"http:\\\/\\\/wrh.edu.pl\\\/?s={search_term_string}\"},\"query-input\":{\"@type\":\"PropertyValueSpecification\",\"valueRequired\":true,\"valueName\":\"search_term_string\"}}],\"inLanguage\":\"pl-PL\"},{\"@type\":\"Organization\",\"@id\":\"http:\\\/\\\/wrh.edu.pl\\\/#organization\",\"name\":\"Wschodni Rocznik Humanistyczny\",\"url\":\"http:\\\/\\\/wrh.edu.pl\\\/\",\"logo\":{\"@type\":\"ImageObject\",\"inLanguage\":\"pl-PL\",\"@id\":\"http:\\\/\\\/wrh.edu.pl\\\/#\\\/schema\\\/logo\\\/image\\\/\",\"url\":\"http:\\\/\\\/wrh.edu.pl\\\/wp-content\\\/uploads\\\/2017\\\/07\\\/logo_01.jpg\",\"contentUrl\":\"http:\\\/\\\/wrh.edu.pl\\\/wp-content\\\/uploads\\\/2017\\\/07\\\/logo_01.jpg\",\"width\":154,\"height\":183,\"caption\":\"Wschodni Rocznik Humanistyczny\"},\"image\":{\"@id\":\"http:\\\/\\\/wrh.edu.pl\\\/#\\\/schema\\\/logo\\\/image\\\/\"}}]}<\/script>\n<!-- \/ Yoast SEO plugin. -->","yoast_head_json":{"title":"t. XVIII (2021), \u2116 2 - Wschodni Rocznik Humanistyczny","robots":{"index":"index","follow":"follow","max-snippet":"max-snippet:-1","max-image-preview":"max-image-preview:large","max-video-preview":"max-video-preview:-1"},"canonical":"http:\/\/wrh.edu.pl\/?page_id=2583","og_locale":"pl_PL","og_type":"article","og_title":"t. XVIII (2021), \u2116 2 - Wschodni Rocznik Humanistyczny","og_description":"Wschodni Rocznik Humanistyczny, tom XVIII (2021), \u2116 2: Rzeczpospolita i Wsch\u00f3d, pod redakcj\u0105 Artura G\u00f3raka Strona tytu\u0142owa,&nbsp;spis tre\u015bciStrona redakcji:&nbsp;http:\/\/wrh.edu.pl RADA NAUKOWAprof. dr hab.&nbsp;Rolf Fieguth, Uniwersytet we Fryburgu, Szwajcariaprof. dr&nbsp;Oleg Witaljewicz Gorbaczow, Uralski Federalny Uniwersytet, Jekaterynburg, Rosjadr&nbsp;Gediminas Kaz\u0117nas, Mykolas Romeris University, Wilno, Litwadr&nbsp;Jussi Laine, University of Eastern Finland, Finlandiaprof. dr&nbsp;Siergiej Walentinowicz Lubiczankowskij, Orenburski Uniwersytet Pa\u0144stwowy, Rosjaprof. [&hellip;]","og_url":"http:\/\/wrh.edu.pl\/?page_id=2583","og_site_name":"Wschodni Rocznik Humanistyczny","article_modified_time":"2021-12-22T08:01:34+00:00","og_image":[{"url":"http:\/\/wrh.edu.pl\/wp-content\/uploads\/2021\/12\/grafika-1.jpg","type":"","width":"","height":""}],"twitter_card":"summary_large_image","twitter_misc":{"Szacowany czas czytania":"5 minut"},"schema":{"@context":"https:\/\/schema.org","@graph":[{"@type":"WebPage","@id":"http:\/\/wrh.edu.pl\/?page_id=2583","url":"http:\/\/wrh.edu.pl\/?page_id=2583","name":"t. XVIII (2021), \u2116 2 - Wschodni Rocznik Humanistyczny","isPartOf":{"@id":"http:\/\/wrh.edu.pl\/#website"},"primaryImageOfPage":{"@id":"http:\/\/wrh.edu.pl\/?page_id=2583#primaryimage"},"image":{"@id":"http:\/\/wrh.edu.pl\/?page_id=2583#primaryimage"},"thumbnailUrl":"http:\/\/wrh.edu.pl\/wp-content\/uploads\/2021\/12\/grafika-1.jpg","datePublished":"2021-10-25T05:45:38+00:00","dateModified":"2021-12-22T08:01:34+00:00","inLanguage":"pl-PL","potentialAction":[{"@type":"ReadAction","target":["http:\/\/wrh.edu.pl\/?page_id=2583"]}]},{"@type":"ImageObject","inLanguage":"pl-PL","@id":"http:\/\/wrh.edu.pl\/?page_id=2583#primaryimage","url":"http:\/\/wrh.edu.pl\/wp-content\/uploads\/2021\/12\/grafika-1.jpg","contentUrl":"http:\/\/wrh.edu.pl\/wp-content\/uploads\/2021\/12\/grafika-1.jpg","width":944,"height":594},{"@type":"WebSite","@id":"http:\/\/wrh.edu.pl\/#website","url":"http:\/\/wrh.edu.pl\/","name":"Wschodni Rocznik Humanistyczny","description":"Czasopismo naukowe","publisher":{"@id":"http:\/\/wrh.edu.pl\/#organization"},"potentialAction":[{"@type":"SearchAction","target":{"@type":"EntryPoint","urlTemplate":"http:\/\/wrh.edu.pl\/?s={search_term_string}"},"query-input":{"@type":"PropertyValueSpecification","valueRequired":true,"valueName":"search_term_string"}}],"inLanguage":"pl-PL"},{"@type":"Organization","@id":"http:\/\/wrh.edu.pl\/#organization","name":"Wschodni Rocznik Humanistyczny","url":"http:\/\/wrh.edu.pl\/","logo":{"@type":"ImageObject","inLanguage":"pl-PL","@id":"http:\/\/wrh.edu.pl\/#\/schema\/logo\/image\/","url":"http:\/\/wrh.edu.pl\/wp-content\/uploads\/2017\/07\/logo_01.jpg","contentUrl":"http:\/\/wrh.edu.pl\/wp-content\/uploads\/2017\/07\/logo_01.jpg","width":154,"height":183,"caption":"Wschodni Rocznik Humanistyczny"},"image":{"@id":"http:\/\/wrh.edu.pl\/#\/schema\/logo\/image\/"}}]}},"_links":{"self":[{"href":"http:\/\/wrh.edu.pl\/index.php?rest_route=\/wp\/v2\/pages\/2583","targetHints":{"allow":["GET"]}}],"collection":[{"href":"http:\/\/wrh.edu.pl\/index.php?rest_route=\/wp\/v2\/pages"}],"about":[{"href":"http:\/\/wrh.edu.pl\/index.php?rest_route=\/wp\/v2\/types\/page"}],"author":[{"embeddable":true,"href":"http:\/\/wrh.edu.pl\/index.php?rest_route=\/wp\/v2\/users\/2"}],"replies":[{"embeddable":true,"href":"http:\/\/wrh.edu.pl\/index.php?rest_route=%2Fwp%2Fv2%2Fcomments&post=2583"}],"version-history":[{"count":18,"href":"http:\/\/wrh.edu.pl\/index.php?rest_route=\/wp\/v2\/pages\/2583\/revisions"}],"predecessor-version":[{"id":2698,"href":"http:\/\/wrh.edu.pl\/index.php?rest_route=\/wp\/v2\/pages\/2583\/revisions\/2698"}],"wp:attachment":[{"href":"http:\/\/wrh.edu.pl\/index.php?rest_route=%2Fwp%2Fv2%2Fmedia&parent=2583"}],"curies":[{"name":"wp","href":"https:\/\/api.w.org\/{rel}","templated":true}]}}