{"id":2725,"date":"2022-01-14T07:42:15","date_gmt":"2022-01-14T06:42:15","guid":{"rendered":"http:\/\/wrh.edu.pl\/?page_id=2725"},"modified":"2022-12-08T18:46:09","modified_gmt":"2022-12-08T17:46:09","slug":"wrh-t-xix-2022-2","status":"publish","type":"page","link":"http:\/\/wrh.edu.pl\/?page_id=2725","title":{"rendered":"t. XIX (2022), \u2116 2"},"content":{"rendered":"\n<h1 class=\"wp-block-heading\">Wschodni Rocznik Humanistyczny, tom XVIII (2021), \u2116 2: Filozoficzne wyzwania XXI wieku,<br>pod red. Leszka Gawora<\/h1>\n\n\n\n<p><img loading=\"lazy\" decoding=\"async\" class=\"alignnone size-large wp-image-2785 aligncenter\" src=\"http:\/\/wrh.edu.pl\/wp-content\/uploads\/2022\/12\/316304453_527518262358554_187848824919414966_n-1-721x1024.jpg\" alt=\"\" width=\"721\" height=\"1024\" srcset=\"http:\/\/wrh.edu.pl\/wp-content\/uploads\/2022\/12\/316304453_527518262358554_187848824919414966_n-1-721x1024.jpg 721w, http:\/\/wrh.edu.pl\/wp-content\/uploads\/2022\/12\/316304453_527518262358554_187848824919414966_n-1-211x300.jpg 211w, http:\/\/wrh.edu.pl\/wp-content\/uploads\/2022\/12\/316304453_527518262358554_187848824919414966_n-1-768x1091.jpg 768w, http:\/\/wrh.edu.pl\/wp-content\/uploads\/2022\/12\/316304453_527518262358554_187848824919414966_n-1-1081x1536.jpg 1081w, http:\/\/wrh.edu.pl\/wp-content\/uploads\/2022\/12\/316304453_527518262358554_187848824919414966_n-1.jpg 1297w\" sizes=\"auto, (max-width: 721px) 100vw, 721px\" \/><\/p>\n\n\n\n<p>Strona tytu\u0142owa, spis tre\u015bci<br>Strona redakcji:&nbsp;<a href=\"http:\/\/wrh.edu.pl\/\">http:\/\/wrh.edu.pl<\/a><\/p>\n\n\n\n<p>RADA NAUKOWA<br>prof. dr hab.&nbsp;<strong>Rolf Fieguth<\/strong>, Uniwersytet we Fryburgu, Szwajcaria<br>prof. dr&nbsp;<strong>Oleg Witaljewicz Gorbaczow<\/strong>, Uralski Federalny Uniwersytet, Jekaterynburg, Rosja<br>dr&nbsp;<strong>Gediminas Kaz\u0117nas<\/strong>, Mykolas Romeris University, Wilno, Litwa<br>dr&nbsp;<strong>Jussi Laine<\/strong>, University of Eastern Finland, Finlandia<br>prof. dr&nbsp;<strong>Siergiej Walentinowicz Lubiczankowskij<\/strong>, Orenburski Uniwersytet Pa\u0144stwowy, Rosja<br>prof. dr hab.&nbsp;<strong>Sigistas Narbutas<\/strong>, Biblioteka Naukowa im. Wr\u00f3blewskich w Wilnie, Litwa<br>dr&nbsp;<strong>Janusz Nowak<\/strong>, kierownik Archiwum i Zbioru R\u0119kopis\u00f3w Biblioteki xx Czartoryskich w Krakowie<br>dr&nbsp;<strong>Pierre-Etienne Penot<\/strong>, The Catholic University of the Vand\u00e9e, La Roche-sur-Yon, Francja<br>prof. dr hab.&nbsp;<strong>Miros\u0142aw Piotrowski<\/strong>, Katolicki Uniwersytet Lubelski<br>prof. dr hab.&nbsp;<strong>Marek Plewczy\u0144ski<\/strong>, Uniwersytet Przyrodniczo-Humanistyczny w Siedlcach<br>prof. dr hab.&nbsp;<strong>Krzysztof Skupie\u0144ski<\/strong>, Uniwersytet Marii Curie-Sk\u0142odowskiej w Lublinie<br>dr&nbsp;<strong>George Soroka<\/strong>, Harvard University, USA<br>dr hab.&nbsp;<strong>Maria Starnawska<\/strong>, Uniwersytet Przyrodniczo-Humanistyczny z Siedlcach<br>prof. dr&nbsp;<strong>Walerij Leonidowicz Stiepanow<\/strong>, Instytut Ekonomiki Rosyjskiej Akademii Nauk, Moskwa, Rosja<br>prof. dr hab.&nbsp;<strong>Tadeusz M. Trajdos<\/strong>, Instytut Historii Polskiej Akademii Nauk<br>dr hab.&nbsp;<strong>Marek Wagner<\/strong>, prof. Uniwersytetu Przyrodniczo-Humanistycznego w Siedlcach<\/p>\n\n\n\n<p>REDAKCJA i KOLEGIUM REDAKCYJNE<br><strong>prof. dr hab. Leszek Gawor<\/strong>, Uniwersytet Rzeszowski, (dzia\u0142:&nbsp;<strong>filozofia<\/strong>),<br><strong>dr Artur Goszczy\u0144ski<\/strong>&nbsp;(sekretarz),<br><strong>dr hab.&nbsp;Artur G\u00f3rak<\/strong>&nbsp;(redaktor naczelny),<br><strong>prof. u. dr hab<\/strong>&nbsp;<strong>Krzysztof Latawiec<\/strong>, Uniwersytet Marii Curie-Sk\u0142odowskiej, Lublin, (dzia\u0142:&nbsp;<strong>historia<\/strong>),<br><strong>prof. u. dr hab. Dariusz Magier<\/strong>, Uniwersytet Przyrodniczo-Humanistyczny, Siedlce, (z-ca redaktora naczelnego),<br><strong>prof. dr Ludmi\u0142a Mazur<\/strong>, Uralski Uniwersytet Federalny im. pierwszego prezydenta Rosji B. N. Jelcyna, Jekaterynburg. Federacja Rosyjska, (dzia\u0142:&nbsp;<strong>nauki o dokumencie i archiwach<\/strong>),<br><strong>prof. dr Ludmi\u0142a Posochowa<\/strong>, Charkowski Uniwersytet Narodowy im. W.N. Karazina, Ukraina, (dzia\u0142:&nbsp;<strong>historia<\/strong>),<br><strong>prof. dr Adrian Selin<\/strong>, Uniwersytet Naukowo-Badawczy \u201eWy\u017csza Szko\u0142a Ekonomii w Sankt-Petersburgu, Federacja Rosyjska, (dzia\u0142:&nbsp;<strong>historia<\/strong>)<br><strong>prof. u. dr hab.<\/strong>&nbsp;<strong>Tomasz St\u0119pniewski<\/strong>, Katolicki Uniwersytet Lubelski, (dzia\u0142:&nbsp;<strong>stosunki mi\u0119dzynarodowe<\/strong>),<br><strong>dr<\/strong>&nbsp;<strong>Andrzej Szabaciuk<\/strong>, Katolicki Uniwersytet Lubelski,&nbsp;(dzia\u0142:&nbsp;<strong>politologia<\/strong>)<\/p>\n\n\n\n<p>CZASOPISMO RECENZOWANE: kolegium recenzent\u00f3w http:\/\/wrh.edu.pl\/kolegium-recenzentow\/<\/p>\n\n\n\n<p>Opracowanie graficzne, sk\u0142ad i \u0142amanie:&nbsp;<strong>Tytus Przemys\u0142aw Krupski<\/strong><br>Korekta:&nbsp;<strong>Robert St\u0119pie\u0144<\/strong>&nbsp;(ang.),&nbsp;<strong>Przemys\u0142aw Tytus Krupski&nbsp;<\/strong>(pol.),&nbsp;<strong>Artur G\u00f3rak<\/strong>&nbsp;(ros.)<br>T\u0142umaczenia angielskie:&nbsp;<strong>Jaros\u0142aw Krajka<\/strong>, rosyjskie:&nbsp;<strong>Artur G\u00f3rak<\/strong><\/p>\n\n\n\n<p>Wydawca<strong>: Towarzystwo Nauki i Kultury \u201eLibra\u201d<\/strong>, ul. Szeligowskiego 8\/97, 20-883 Lublin<br>\u00a9 ToNiK \u201eLibra\u201d<br>ISSN 1731-982X<\/p>\n\n\n\n<div class=\"wp-block-image\"><figure class=\"aligncenter size-full\"><img loading=\"lazy\" decoding=\"async\" width=\"300\" height=\"133\" src=\"http:\/\/wrh.edu.pl\/wp-content\/uploads\/2020\/03\/0007-1-300x133-1.jpg\" alt=\"\" class=\"wp-image-1798\"\/><\/figure><\/div>\n\n\n\n<p><span style=\"font-size: revert; color: initial;\"><strong>Marek Bosak<\/strong> (Uniwersytet Rzeszowski)<br \/><\/span><strong><a href=\"http:\/\/wrh.edu.pl\/wp-content\/uploads\/2022\/12\/009_Bosak_wrh_2022_no2.pdf\">Wolno\u015b\u0107 s\u0142owa \u2013 idee, instytucje, dysfunkcje<\/a>,<br \/><\/strong><em>Freedom of speech &#8211; ideas, institutions, dysfunctions<\/em><strong><br \/>WRH, t. XIX (2022), \u2116 2, s. 7-14, doi: 10.36121\/mbosak.19.2022.2.007<\/strong><\/p>\n<p><strong>Pawe\u0142 Balcerak<\/strong> (Uniwersytet Rzeszowski)<br \/><strong><a href=\"http:\/\/wrh.edu.pl\/wp-content\/uploads\/2022\/12\/017_Balcerak_wrh_2022_no2.pdf\">J\u0119zyk jako narz\u0119dzie opresji<\/a>,<br \/><\/strong><em>Language as a tool of oppression<\/em><strong><br \/>WRH, t. XIX (2022), \u2116 2, s. 15-24, <\/strong><strong>doi: 10.36121\/pbalcerak.19.2022.2.015<\/strong><\/p>\n<p><strong>Magdalena \u017bardecka<\/strong> (Uniwersytet Rzeszowski)<br \/><strong><a href=\"http:\/\/wrh.edu.pl\/wp-content\/uploads\/2022\/12\/027_Zardecka_wrh_2022_no2.pdf\">Mityczne narracje polityczne<\/a>,<br \/><\/strong><em>Mythological narrations of politics<\/em><strong><br \/>WRH, t. XIX (2022), \u2116 2, s. 25-42, <\/strong><strong>doi: 10.36121\/mzardecka.19.2022.2.025<\/strong><\/p>\n<p><strong>Vasil Gluchman<\/strong> (Universiyy of Presov, Slowakia)<br \/><strong><a href=\"http:\/\/wrh.edu.pl\/wp-content\/uploads\/2022\/12\/045_Gluchman_wrh_2022_no2.pdf\">The challenge for today\u2019s bioethics: Metals and their alloys as biodegradable material<\/a>,<br \/><\/strong><em>Wyzwanie dla dzisiejszej bioetyki: Metale i ich stopy jako materia\u0142 biodegradowalny<\/em><strong><br \/>WRH, t. XIX (2022), \u2116 2, s. 43-50, doi: 10.36121\/vgluchman.19.2022.2.043<\/strong><\/p>\n<p><strong>Magdalena Michalik-Je\u017cowska<\/strong> (Uniwersytet Rzeszowski)<br \/><strong><a href=\"http:\/\/wrh.edu.pl\/wp-content\/uploads\/2022\/12\/053_Jezowska_wrh_2022_no2.pdf\">Wzrost d\u0142ugo\u015bci \u017cycia ludzkiego. Szansa czy zagro\u017cenie dla ludzko\u015bci w XXI w.?<\/a>,<br \/><\/strong><em>Increase in the length of human life. A chance or a threat to humanity in the 21st century?<\/em><strong><br \/>WRH, t. XIX (2022), \u2116 2, s. 51-62, doi: 10.36121\/mjezowska.19.2022.2.051<\/strong><\/p>\n<p><strong>Jan Kalajdzitis<\/strong> (Universiyy of Presov, Slowakia)<br \/><strong><a href=\"http:\/\/wrh.edu.pl\/wp-content\/uploads\/2022\/12\/065_Kalajtzidis_wrh_2022_no2.pdf\">The triumph of the market as a challenge for the moral philosophy in the 21<sup>st<\/sup> century<\/a>,<br \/><\/strong><em>Triumf rynku jako wyzwanie dla filozofii moralnej XXI wieku<\/em><strong><br \/>WRH, t. XIX (2022), \u2116 2, s. 63- 70, <\/strong><strong>doi: 10.36121\/jkalajdzitis.19.2022.2.063<\/strong><\/p>\n<p><strong>W\u0142odzimierz Zi\u0119ba<\/strong> (Uniwersytet Rzeszowski)<br \/><strong><a href=\"http:\/\/wrh.edu.pl\/wp-content\/uploads\/2022\/12\/073_Zieba_wrh_2022_no2.pdf\">To\u017csamo\u015b\u0107 i bycie sob\u0105 \u2013 wyzwanie na miar\u0119 naszych czas\u00f3w<\/a>,<br \/><\/strong><em>Identity and being oneself &#8211; a challenge tailored to our times<\/em><strong><br \/>WRH, t. XIX (2022), \u2116 2, s. 70 &#8211; 84, <\/strong><strong>doi: 10.36121\/wzieba.19.2022.2.071<\/strong><\/p>\n<p><strong>Oresta Losyk<\/strong> (Ivan Franko National University of Lviv, Ukraina)<br \/><strong><a href=\"http:\/\/wrh.edu.pl\/wp-content\/uploads\/2022\/12\/087_Losyk_wrh_2022_no2.pdf\">Postmodernism Project in the Ukrainian Philosophical reflection<\/a>,<br \/><\/strong><em>Projekt postmodernizmu w ukrai\u0144skiej refleksji filozoficznej<\/em><strong><br \/>WRH, t. XIX (2022), \u2116 2, s. 85 &#8211; 98, doi: 10.36121\/olosyk.19.2022.2.085<\/strong><\/p>\n<p><strong>Izabela Pasternak<\/strong> (Uniwersytet Rzeszowski)<br \/><strong><a href=\"http:\/\/wrh.edu.pl\/wp-content\/uploads\/2022\/12\/101_Pasternak_wrh_2022_no2.pdf\">Rozmywanie podmiotowo\u015bci we wsp\u00f3\u0142czesnym dyskursie ekologicznym<\/a>,<br \/><\/strong><em>The Blurring of subjectivity in contemporary ecological discourse<\/em><strong><br \/>WRH, t. XIX (2022), \u2116 2, s. 99 &#8211; 110, doi: 10.36121\/ipasternak.19.2022.2.099<\/strong><\/p>\n<p><strong>Leszek Gawor<\/strong> (Uniwersytet Rzeszowski)<br \/><strong><a href=\"http:\/\/wrh.edu.pl\/wp-content\/uploads\/2022\/12\/113_Gaworwrh_2022_no2.pdf\">Sozologia \u2013 nauka na miar\u0119 XXI wieku<\/a>,<br \/><\/strong><em>Sozology \u2013 a science for the XXI century<\/em><strong><em><br \/><\/em><\/strong><strong style=\"font-size: revert; color: initial;\">WRH, t. XIX (2022)<strong>, \u2116<\/strong> 2, s. 111- 124, <strong>doi: 10.36121\/lgawor.19.2022.2.111<\/strong><\/strong><\/p>\n<p><strong>Ryszard Polak<\/strong> (Akademia Wychowania Fizycznego J\u00f3zefa Pi\u0142sudskiego w Warszawie. Filia w Bia\u0142ej Podlaskiej)<br \/><strong><a href=\"http:\/\/wrh.edu.pl\/wp-content\/uploads\/2022\/12\/127_Polak_wrh_2022_no2.pdf\">Kryzys szkolnictwa wy\u017cszego w XX i pocz\u0105tkach XXI wieku w my\u015bli polskich uczonych katolickich<\/a>,<br \/><\/strong><em>The Crisis of higher Education in the 20th and early 21st Centuries in the thoughts of Polish Catholic scholars<\/em><strong><br \/>WRH, t. XIX (2022), \u2116 2, s. 125 &#8211; 136, doi: 10.36121\/rpolak.19.2022.2.125<\/strong><\/p>\n<p><img loading=\"lazy\" decoding=\"async\" class=\"aligncenter\" src=\"http:\/\/wrh.edu.pl\/wp-content\/uploads\/2019\/04\/Varia.jpg\" width=\"282\" height=\"110\" \/><\/p>\n<p><strong>Miros\u0142aw Jaremba<\/strong> (Uniwersytet im. Adama Mickiewicza w Poznaniu)<br \/><strong><a href=\"http:\/\/wrh.edu.pl\/wp-content\/uploads\/2022\/12\/141_Jaremba_wrh_2022_no2.pdf\">Muzu\u0142manie Rohingya w czasach Pa\u0144stwowej Rady Przywr\u00f3cenia Prawa i Porz\u0105dku oraz Narodowej Ligii na rzecz Demokracji<\/a>,<br \/><\/strong><em>The Fate of the Rohingya Muslims in times of State Law and Order Restoration Council and the National League for Democracy<\/em><strong><br \/>WRH, t. XIX (2022), \u2116 2, s. 137 &#8211; 150, doi: 10.36121\/mjaremba.19.2022.2.137<\/strong><\/p>\n<p><img loading=\"lazy\" decoding=\"async\" class=\"alignnone size-medium wp-image-1292\" src=\"http:\/\/wrh.edu.pl\/wp-content\/uploads\/2019\/04\/Polemiki-recenzje-sprawozdania-300x159.jpg\" alt=\"\" width=\"300\" height=\"159\" srcset=\"http:\/\/wrh.edu.pl\/wp-content\/uploads\/2019\/04\/Polemiki-recenzje-sprawozdania-300x159.jpg 300w, http:\/\/wrh.edu.pl\/wp-content\/uploads\/2019\/04\/Polemiki-recenzje-sprawozdania.jpg 760w\" sizes=\"auto, (max-width: 300px) 100vw, 300px\" \/><\/p>\n<p>\u00a0<\/p>\n<p><strong>Ewa Grzesiuk<\/strong> (Katolicki Uniwersytet Lubelski Jana Paw\u0142a II)<br \/><a href=\"http:\/\/wrh.edu.pl\/wp-content\/uploads\/2022\/12\/157_Grzesiuk_wrh_2022_no2.pdf\"><strong>Zamiarem Baumgartena nie by\u0142o wychowywanie Boga<\/strong><\/a><br \/>Polemika z g\u0142\u00f3wn\u0105 tez\u0105 monografii Piotra Kozaka Wychowa\u0107 Boga (Estetyka antropologiczna Alexandra Gottlieba Baumgartena na tle my\u015bli niemieckiej pierwszej po\u0142owy XVIII wieku. Wyd. Uniwersytetu Warszawskiego 2013),<br \/><em>Baumgarten&#8217;s intention was not to educate God<\/em> <br \/><strong>WRH, t. XIX (2022), \u2116 2, s. 151 &#8211; 160, doi: 10.36121\/egrzesiuk.19.2022.2.151<\/strong><\/p>\n<p>\u00a0<\/p>\n<p>\u00a0<\/p>\n<p>\u00a0<\/p>\n<p>\u00a0<\/p>\n","protected":false},"excerpt":{"rendered":"<p>Wschodni Rocznik Humanistyczny, tom XVIII (2021), \u2116 2: Filozoficzne wyzwania XXI wieku,pod red. Leszka Gawora Strona tytu\u0142owa, spis tre\u015bciStrona redakcji:&nbsp;http:\/\/wrh.edu.pl RADA NAUKOWAprof. dr hab.&nbsp;Rolf Fieguth, Uniwersytet we Fryburgu, Szwajcariaprof. dr&nbsp;Oleg Witaljewicz Gorbaczow, Uralski Federalny Uniwersytet, Jekaterynburg, Rosjadr&nbsp;Gediminas Kaz\u0117nas, Mykolas Romeris University, Wilno, Litwadr&nbsp;Jussi Laine, University of Eastern Finland, Finlandiaprof. dr&nbsp;Siergiej Walentinowicz Lubiczankowskij, Orenburski Uniwersytet Pa\u0144stwowy, [&hellip;]<\/p>\n","protected":false},"author":2,"featured_media":0,"parent":0,"menu_order":39,"comment_status":"closed","ping_status":"closed","template":"","meta":{"footnotes":""},"class_list":["post-2725","page","type-page","status-publish","hentry"],"yoast_head":"<!-- This site is optimized with the Yoast SEO plugin v27.4 - https:\/\/yoast.com\/product\/yoast-seo-wordpress\/ -->\n<title>t. XIX (2022), \u2116 2 - Wschodni Rocznik Humanistyczny<\/title>\n<meta name=\"robots\" content=\"index, follow, max-snippet:-1, max-image-preview:large, max-video-preview:-1\" \/>\n<link rel=\"canonical\" href=\"http:\/\/wrh.edu.pl\/?page_id=2725\" \/>\n<meta property=\"og:locale\" content=\"pl_PL\" \/>\n<meta property=\"og:type\" content=\"article\" \/>\n<meta property=\"og:title\" content=\"t. XIX (2022), \u2116 2 - Wschodni Rocznik Humanistyczny\" \/>\n<meta property=\"og:description\" content=\"Wschodni Rocznik Humanistyczny, tom XVIII (2021), \u2116 2: Filozoficzne wyzwania XXI wieku,pod red. Leszka Gawora Strona tytu\u0142owa, spis tre\u015bciStrona redakcji:&nbsp;http:\/\/wrh.edu.pl RADA NAUKOWAprof. dr hab.&nbsp;Rolf Fieguth, Uniwersytet we Fryburgu, Szwajcariaprof. dr&nbsp;Oleg Witaljewicz Gorbaczow, Uralski Federalny Uniwersytet, Jekaterynburg, Rosjadr&nbsp;Gediminas Kaz\u0117nas, Mykolas Romeris University, Wilno, Litwadr&nbsp;Jussi Laine, University of Eastern Finland, Finlandiaprof. dr&nbsp;Siergiej Walentinowicz Lubiczankowskij, Orenburski Uniwersytet Pa\u0144stwowy, [&hellip;]\" \/>\n<meta property=\"og:url\" content=\"http:\/\/wrh.edu.pl\/?page_id=2725\" \/>\n<meta property=\"og:site_name\" content=\"Wschodni Rocznik Humanistyczny\" \/>\n<meta property=\"article:modified_time\" content=\"2022-12-08T17:46:09+00:00\" \/>\n<meta property=\"og:image\" content=\"http:\/\/wrh.edu.pl\/wp-content\/uploads\/2022\/12\/316304453_527518262358554_187848824919414966_n-1-721x1024.jpg\" \/>\n<meta name=\"twitter:card\" content=\"summary_large_image\" \/>\n<meta name=\"twitter:label1\" content=\"Szacowany czas czytania\" \/>\n\t<meta name=\"twitter:data1\" content=\"5 minut\" \/>\n<script type=\"application\/ld+json\" class=\"yoast-schema-graph\">{\"@context\":\"https:\\\/\\\/schema.org\",\"@graph\":[{\"@type\":\"WebPage\",\"@id\":\"http:\\\/\\\/wrh.edu.pl\\\/?page_id=2725\",\"url\":\"http:\\\/\\\/wrh.edu.pl\\\/?page_id=2725\",\"name\":\"t. XIX (2022), \u2116 2 - Wschodni Rocznik Humanistyczny\",\"isPartOf\":{\"@id\":\"http:\\\/\\\/wrh.edu.pl\\\/#website\"},\"primaryImageOfPage\":{\"@id\":\"http:\\\/\\\/wrh.edu.pl\\\/?page_id=2725#primaryimage\"},\"image\":{\"@id\":\"http:\\\/\\\/wrh.edu.pl\\\/?page_id=2725#primaryimage\"},\"thumbnailUrl\":\"http:\\\/\\\/wrh.edu.pl\\\/wp-content\\\/uploads\\\/2022\\\/12\\\/316304453_527518262358554_187848824919414966_n-1-721x1024.jpg\",\"datePublished\":\"2022-01-14T06:42:15+00:00\",\"dateModified\":\"2022-12-08T17:46:09+00:00\",\"inLanguage\":\"pl-PL\",\"potentialAction\":[{\"@type\":\"ReadAction\",\"target\":[\"http:\\\/\\\/wrh.edu.pl\\\/?page_id=2725\"]}]},{\"@type\":\"ImageObject\",\"inLanguage\":\"pl-PL\",\"@id\":\"http:\\\/\\\/wrh.edu.pl\\\/?page_id=2725#primaryimage\",\"url\":\"http:\\\/\\\/wrh.edu.pl\\\/wp-content\\\/uploads\\\/2022\\\/12\\\/316304453_527518262358554_187848824919414966_n-1.jpg\",\"contentUrl\":\"http:\\\/\\\/wrh.edu.pl\\\/wp-content\\\/uploads\\\/2022\\\/12\\\/316304453_527518262358554_187848824919414966_n-1.jpg\",\"width\":1297,\"height\":1843},{\"@type\":\"WebSite\",\"@id\":\"http:\\\/\\\/wrh.edu.pl\\\/#website\",\"url\":\"http:\\\/\\\/wrh.edu.pl\\\/\",\"name\":\"Wschodni Rocznik Humanistyczny\",\"description\":\"Czasopismo naukowe\",\"publisher\":{\"@id\":\"http:\\\/\\\/wrh.edu.pl\\\/#organization\"},\"potentialAction\":[{\"@type\":\"SearchAction\",\"target\":{\"@type\":\"EntryPoint\",\"urlTemplate\":\"http:\\\/\\\/wrh.edu.pl\\\/?s={search_term_string}\"},\"query-input\":{\"@type\":\"PropertyValueSpecification\",\"valueRequired\":true,\"valueName\":\"search_term_string\"}}],\"inLanguage\":\"pl-PL\"},{\"@type\":\"Organization\",\"@id\":\"http:\\\/\\\/wrh.edu.pl\\\/#organization\",\"name\":\"Wschodni Rocznik Humanistyczny\",\"url\":\"http:\\\/\\\/wrh.edu.pl\\\/\",\"logo\":{\"@type\":\"ImageObject\",\"inLanguage\":\"pl-PL\",\"@id\":\"http:\\\/\\\/wrh.edu.pl\\\/#\\\/schema\\\/logo\\\/image\\\/\",\"url\":\"http:\\\/\\\/wrh.edu.pl\\\/wp-content\\\/uploads\\\/2017\\\/07\\\/logo_01.jpg\",\"contentUrl\":\"http:\\\/\\\/wrh.edu.pl\\\/wp-content\\\/uploads\\\/2017\\\/07\\\/logo_01.jpg\",\"width\":154,\"height\":183,\"caption\":\"Wschodni Rocznik Humanistyczny\"},\"image\":{\"@id\":\"http:\\\/\\\/wrh.edu.pl\\\/#\\\/schema\\\/logo\\\/image\\\/\"}}]}<\/script>\n<!-- \/ Yoast SEO plugin. -->","yoast_head_json":{"title":"t. XIX (2022), \u2116 2 - Wschodni Rocznik Humanistyczny","robots":{"index":"index","follow":"follow","max-snippet":"max-snippet:-1","max-image-preview":"max-image-preview:large","max-video-preview":"max-video-preview:-1"},"canonical":"http:\/\/wrh.edu.pl\/?page_id=2725","og_locale":"pl_PL","og_type":"article","og_title":"t. XIX (2022), \u2116 2 - Wschodni Rocznik Humanistyczny","og_description":"Wschodni Rocznik Humanistyczny, tom XVIII (2021), \u2116 2: Filozoficzne wyzwania XXI wieku,pod red. Leszka Gawora Strona tytu\u0142owa, spis tre\u015bciStrona redakcji:&nbsp;http:\/\/wrh.edu.pl RADA NAUKOWAprof. dr hab.&nbsp;Rolf Fieguth, Uniwersytet we Fryburgu, Szwajcariaprof. dr&nbsp;Oleg Witaljewicz Gorbaczow, Uralski Federalny Uniwersytet, Jekaterynburg, Rosjadr&nbsp;Gediminas Kaz\u0117nas, Mykolas Romeris University, Wilno, Litwadr&nbsp;Jussi Laine, University of Eastern Finland, Finlandiaprof. dr&nbsp;Siergiej Walentinowicz Lubiczankowskij, Orenburski Uniwersytet Pa\u0144stwowy, [&hellip;]","og_url":"http:\/\/wrh.edu.pl\/?page_id=2725","og_site_name":"Wschodni Rocznik Humanistyczny","article_modified_time":"2022-12-08T17:46:09+00:00","og_image":[{"url":"http:\/\/wrh.edu.pl\/wp-content\/uploads\/2022\/12\/316304453_527518262358554_187848824919414966_n-1-721x1024.jpg","type":"","width":"","height":""}],"twitter_card":"summary_large_image","twitter_misc":{"Szacowany czas czytania":"5 minut"},"schema":{"@context":"https:\/\/schema.org","@graph":[{"@type":"WebPage","@id":"http:\/\/wrh.edu.pl\/?page_id=2725","url":"http:\/\/wrh.edu.pl\/?page_id=2725","name":"t. XIX (2022), \u2116 2 - Wschodni Rocznik Humanistyczny","isPartOf":{"@id":"http:\/\/wrh.edu.pl\/#website"},"primaryImageOfPage":{"@id":"http:\/\/wrh.edu.pl\/?page_id=2725#primaryimage"},"image":{"@id":"http:\/\/wrh.edu.pl\/?page_id=2725#primaryimage"},"thumbnailUrl":"http:\/\/wrh.edu.pl\/wp-content\/uploads\/2022\/12\/316304453_527518262358554_187848824919414966_n-1-721x1024.jpg","datePublished":"2022-01-14T06:42:15+00:00","dateModified":"2022-12-08T17:46:09+00:00","inLanguage":"pl-PL","potentialAction":[{"@type":"ReadAction","target":["http:\/\/wrh.edu.pl\/?page_id=2725"]}]},{"@type":"ImageObject","inLanguage":"pl-PL","@id":"http:\/\/wrh.edu.pl\/?page_id=2725#primaryimage","url":"http:\/\/wrh.edu.pl\/wp-content\/uploads\/2022\/12\/316304453_527518262358554_187848824919414966_n-1.jpg","contentUrl":"http:\/\/wrh.edu.pl\/wp-content\/uploads\/2022\/12\/316304453_527518262358554_187848824919414966_n-1.jpg","width":1297,"height":1843},{"@type":"WebSite","@id":"http:\/\/wrh.edu.pl\/#website","url":"http:\/\/wrh.edu.pl\/","name":"Wschodni Rocznik Humanistyczny","description":"Czasopismo naukowe","publisher":{"@id":"http:\/\/wrh.edu.pl\/#organization"},"potentialAction":[{"@type":"SearchAction","target":{"@type":"EntryPoint","urlTemplate":"http:\/\/wrh.edu.pl\/?s={search_term_string}"},"query-input":{"@type":"PropertyValueSpecification","valueRequired":true,"valueName":"search_term_string"}}],"inLanguage":"pl-PL"},{"@type":"Organization","@id":"http:\/\/wrh.edu.pl\/#organization","name":"Wschodni Rocznik Humanistyczny","url":"http:\/\/wrh.edu.pl\/","logo":{"@type":"ImageObject","inLanguage":"pl-PL","@id":"http:\/\/wrh.edu.pl\/#\/schema\/logo\/image\/","url":"http:\/\/wrh.edu.pl\/wp-content\/uploads\/2017\/07\/logo_01.jpg","contentUrl":"http:\/\/wrh.edu.pl\/wp-content\/uploads\/2017\/07\/logo_01.jpg","width":154,"height":183,"caption":"Wschodni Rocznik Humanistyczny"},"image":{"@id":"http:\/\/wrh.edu.pl\/#\/schema\/logo\/image\/"}}]}},"_links":{"self":[{"href":"http:\/\/wrh.edu.pl\/index.php?rest_route=\/wp\/v2\/pages\/2725","targetHints":{"allow":["GET"]}}],"collection":[{"href":"http:\/\/wrh.edu.pl\/index.php?rest_route=\/wp\/v2\/pages"}],"about":[{"href":"http:\/\/wrh.edu.pl\/index.php?rest_route=\/wp\/v2\/types\/page"}],"author":[{"embeddable":true,"href":"http:\/\/wrh.edu.pl\/index.php?rest_route=\/wp\/v2\/users\/2"}],"replies":[{"embeddable":true,"href":"http:\/\/wrh.edu.pl\/index.php?rest_route=%2Fwp%2Fv2%2Fcomments&post=2725"}],"version-history":[{"count":11,"href":"http:\/\/wrh.edu.pl\/index.php?rest_route=\/wp\/v2\/pages\/2725\/revisions"}],"predecessor-version":[{"id":2841,"href":"http:\/\/wrh.edu.pl\/index.php?rest_route=\/wp\/v2\/pages\/2725\/revisions\/2841"}],"wp:attachment":[{"href":"http:\/\/wrh.edu.pl\/index.php?rest_route=%2Fwp%2Fv2%2Fmedia&parent=2725"}],"curies":[{"name":"wp","href":"https:\/\/api.w.org\/{rel}","templated":true}]}}