{"id":2760,"date":"2022-12-02T12:55:30","date_gmt":"2022-12-02T11:55:30","guid":{"rendered":"http:\/\/wrh.edu.pl\/?page_id=2760"},"modified":"2022-12-24T10:26:48","modified_gmt":"2022-12-24T09:26:48","slug":"t-xix-2022-%e2%84%96-3","status":"publish","type":"page","link":"http:\/\/wrh.edu.pl\/?page_id=2760","title":{"rendered":"t. XIX (2022) \u2116 3"},"content":{"rendered":"\n<h2><strong>Wschodni Rocznik Humanistyczny, tom XIX (2022), \u2116 3: Belliculum Diplomaticum IX Lublinense\u00a0\u201eSystemy dokumentowania. Od ksi\u0119gi wpis\u00f3w do zasob\u00f3w urz\u0119d\u00f3w online\u201d\u00a0pod redakcj\u0105 Artura G\u00f3raka<\/strong><\/h2>\n<p><img loading=\"lazy\" decoding=\"async\" class=\"alignnone size-large wp-image-2792 aligncenter\" src=\"http:\/\/wrh.edu.pl\/wp-content\/uploads\/2022\/12\/317898137_872989940554443_3462207822174390915_n-710x1024.jpg\" alt=\"\" width=\"710\" height=\"1024\" srcset=\"http:\/\/wrh.edu.pl\/wp-content\/uploads\/2022\/12\/317898137_872989940554443_3462207822174390915_n-710x1024.jpg 710w, http:\/\/wrh.edu.pl\/wp-content\/uploads\/2022\/12\/317898137_872989940554443_3462207822174390915_n-208x300.jpg 208w, http:\/\/wrh.edu.pl\/wp-content\/uploads\/2022\/12\/317898137_872989940554443_3462207822174390915_n-768x1107.jpg 768w, http:\/\/wrh.edu.pl\/wp-content\/uploads\/2022\/12\/317898137_872989940554443_3462207822174390915_n-1065x1536.jpg 1065w, http:\/\/wrh.edu.pl\/wp-content\/uploads\/2022\/12\/317898137_872989940554443_3462207822174390915_n.jpg 1297w\" sizes=\"auto, (max-width: 710px) 100vw, 710px\" \/><\/p>\n<p>Strona tytu\u0142owa, <a href=\"http:\/\/wrh.edu.pl\/wp-content\/uploads\/2022\/12\/005_SS_wrh_2022_no3_v2-1.pdf\">spis tre\u015bci<\/a><br \/><a href=\"http:\/\/wrh.edu.pl\/kolegium\/\">Strona redakcji<\/a><\/p>\n<p>RADA NAUKOWA<br \/>prof. dr hab.\u00a0<strong>Rolf Fieguth<\/strong>, Uniwersytet we Fryburgu, Szwajcaria<br \/>prof. dr\u00a0<strong>Oleg Witaljewicz Gorbaczow<\/strong>, Uralski Federalny Uniwersytet, Jekaterynburg, Rosja<br \/>dr\u00a0<strong>Gediminas Kaz\u0117nas<\/strong>, Mykolas Romeris University, Wilno, Litwa<br \/>dr\u00a0<strong>Jussi Laine<\/strong>, University of Eastern Finland, Finlandia<br \/>prof. dr\u00a0<strong>Siergiej Walentinowicz Lubiczankowskij<\/strong>, Orenburski Uniwersytet Pa\u0144stwowy, Rosja<br \/>prof. dr hab.\u00a0<strong>Sigistas Narbutas<\/strong>, Biblioteka Naukowa im. Wr\u00f3blewskich w Wilnie, Litwa<br \/>dr\u00a0<strong>Janusz Nowak<\/strong>, kierownik Archiwum i Zbioru R\u0119kopis\u00f3w Biblioteki xx Czartoryskich w Krakowie<br \/>dr\u00a0<strong>Pierre-Etienne Penot<\/strong>, The Catholic University of the Vand\u00e9e, La Roche-sur-Yon, Francja<br \/>prof. dr hab.\u00a0<strong>Miros\u0142aw Piotrowski<\/strong>, Katolicki Uniwersytet Lubelski<br \/>prof. dr hab.\u00a0<strong>Marek Plewczy\u0144ski<\/strong>, Uniwersytet Przyrodniczo-Humanistyczny w Siedlcach<br \/>prof. dr hab.\u00a0<strong>Krzysztof Skupie\u0144ski<\/strong>, Uniwersytet Marii Curie-Sk\u0142odowskiej w Lublinie<br \/>dr\u00a0<strong>George Soroka<\/strong>, Harvard University, USA<br \/>dr hab.\u00a0<strong>Maria Starnawska<\/strong>, Uniwersytet Przyrodniczo-Humanistyczny z Siedlcach<br \/>prof. dr\u00a0<strong>Walerij Leonidowicz Stiepanow<\/strong>, Instytut Ekonomiki Rosyjskiej Akademii Nauk, Moskwa, Rosja<br \/>prof. dr hab.\u00a0<strong>Tadeusz M. Trajdos<\/strong>, Instytut Historii Polskiej Akademii Nauk<br \/>dr hab.\u00a0<strong>Marek Wagner<\/strong>, prof. Uniwersytetu Przyrodniczo-Humanistycznego w Siedlcach<\/p>\n<p>REDAKCJA i KOLEGIUM REDAKCYJNE<br \/><strong>prof. dr hab. Leszek Gawor<\/strong>, Uniwersytet Rzeszowski, (dzia\u0142:\u00a0<strong>filozofia<\/strong>),<br \/><strong>dr Artur Goszczy\u0144ski<\/strong>\u00a0(sekretarz),<br \/><strong>dr hab.\u00a0Artur G\u00f3rak<\/strong>\u00a0(redaktor naczelny),<br \/><strong>prof. u. dr hab<\/strong>\u00a0<strong>Krzysztof Latawiec<\/strong>, Uniwersytet Marii Curie-Sk\u0142odowskiej, Lublin, (dzia\u0142:\u00a0<strong>historia<\/strong>),<br \/><strong>prof. u. dr hab. Dariusz Magier<\/strong>, Uniwersytet Przyrodniczo-Humanistyczny, Siedlce, (z-ca redaktora naczelnego),<br \/><strong>prof. dr Ludmi\u0142a Mazur<\/strong>, Uralski Uniwersytet Federalny im. pierwszego prezydenta Rosji B. N. Jelcyna, Jekaterynburg. Federacja Rosyjska, (dzia\u0142:\u00a0<strong>nauki o dokumencie i archiwach<\/strong>),<br \/><strong>prof. dr Ludmi\u0142a Posochowa<\/strong>, Charkowski Uniwersytet Narodowy im. W.N. Karazina, Ukraina, (dzia\u0142:\u00a0<strong>historia<\/strong>),<br \/><strong>prof. dr Adrian Selin<\/strong>, Uniwersytet Naukowo-Badawczy \u201eWy\u017csza Szko\u0142a Ekonomii w Sankt-Petersburgu, Federacja Rosyjska, (dzia\u0142:\u00a0<strong>historia<\/strong>)<br \/><strong>prof. u. dr hab.<\/strong>\u00a0<strong>Tomasz St\u0119pniewski<\/strong>, Katolicki Uniwersytet Lubelski, (dzia\u0142:\u00a0<strong>stosunki mi\u0119dzynarodowe<\/strong>),<br \/><strong>dr<\/strong>\u00a0<strong>Andrzej Szabaciuk<\/strong>, Katolicki Uniwersytet Lubelski,\u00a0(dzia\u0142:\u00a0<strong>politologia<\/strong>)<\/p>\n<p>CZASOPISMO RECENZOWANE: kolegium recenzent\u00f3w http:\/\/wrh.edu.pl\/kolegium-recenzentow\/<\/p>\n<p>Opracowanie graficzne, sk\u0142ad i \u0142amanie:\u00a0<strong>Tytus Przemys\u0142aw Krupski<\/strong><br \/>Korekta:\u00a0<strong>Robert St\u0119pie\u0144<\/strong>\u00a0(ang.),\u00a0<strong>Przemys\u0142aw Tytus Krupski\u00a0<\/strong>(pol.),\u00a0<strong>Artur G\u00f3rak<\/strong>\u00a0(ros.)<br \/>T\u0142umaczenia angielskie:\u00a0<strong>Robert St\u0119pie\u0144<\/strong>, rosyjskie:\u00a0<strong>Artur G\u00f3rak<\/strong><\/p>\n<p>Wydawca<strong>:\u00a0<\/strong><strong>Towarzystwo Nauki i Kultury \u201eLibra\u201d<\/strong>, ul. Szeligowskiego 8\/97, 20-883 Lublin<br \/>\u00a9 ToNiK \u201eLibra\u201d<br \/>ISSN 1731-982X<\/p>\n<div class=\"wp-block-image\">\n<figure class=\"aligncenter size-full\"><img loading=\"lazy\" decoding=\"async\" class=\"wp-image-1798\" src=\"http:\/\/wrh.edu.pl\/wp-content\/uploads\/2020\/03\/0007-1-300x133-1.jpg\" alt=\"\" width=\"300\" height=\"133\" \/><\/figure>\n<\/div>\n<p><strong>Ireneusz \u0141u\u0107<\/strong> (Uniwersytet Marii Curie-Sk\u0142odowskiej)<br \/><strong><a href=\"http:\/\/wrh.edu.pl\/wp-content\/uploads\/2022\/12\/009_Luc_wrh_2022_no3_v2-1.pdf\">Rzymskie kancelarie wojskowe \u2013 ich geneza i specyfika funkcjonowania w okresie Republiki i Wczesnego Cesarstwa<\/a>, <\/strong>WRH, t. XIX,\u00a0\u2116\u00a03, s. 7-18, doi: 10.36121\/iluc.19.2022.3.007<br \/><em>Roman military offices &#8211; their genesis and specificity of functioning in the period of the Republic and the Early Empire<\/em><\/p>\n<p><strong>Karol Nabia\u0142ek (<\/strong>Uniwersytet \u015al\u0105ski w Katowicach)<br \/><strong><a href=\"http:\/\/wrh.edu.pl\/wp-content\/uploads\/2022\/12\/21_Nabialek_wrh_2022_no3_v3.pdf\">Dokumenty w ksi\u0119gach wpis\u00f3w miasta Proszowic z XV wieku<\/a>, <\/strong>WRH, t. XIX, \u2116 3, s. 19-38, doi: 10.36121\/knabialek.19.2022.3.019<br \/><em>Documents in the books of entries of the town of Proszowice from the 15th century<\/em><\/p>\n<p><strong>Halina Duda\u0142a <\/strong>(Uniwersytet Pedagogiczny w Krakowie)<br \/><strong><a href=\"http:\/\/wrh.edu.pl\/wp-content\/uploads\/2022\/12\/041_Dudala_wrh_2022_no3_v2-1.pdf\">Archiwum klasztoru \u015bw. Marcina karmelitanek bosych w Krakowie: normy i praktyka<\/a>, <\/strong>WRH, t. XIX, \u2116 3, s. 39-54, doi: 10.36121\/hduda.19.2022.3.039<br \/><em>Archives of the Monastery of St. Martin of the Discalced Carmelites in Krakow: norm and practice<\/em><\/p>\n<p><strong>Siergiej Kusznarow<\/strong> (Charkowski Uniwersytet Narodowy, Ukraina)<br \/><strong><a href=\"http:\/\/wrh.edu.pl\/wp-content\/uploads\/2022\/12\/057_Kusznarow_wrh_2022_no3_v2-1.pdf\">\u0424\u043e\u0440\u043c\u0438\u0440\u043e\u0432\u0430\u043d\u0438\u0435 \u0430\u0440\u0445\u0438\u0432\u043e\u0432 \u0441\u044a\u0435\u0437\u0436\u0438\u0445 \u0438\u0437\u0431 \u0421\u043b\u043e\u0431\u043e\u0434\u0441\u043a\u043e\u0439 \u0423\u043a\u0440\u0430\u0438\u043d\u044b \u0432 XVII \u2013 \u043d\u0430\u0447\u0430\u043b\u0435 XVIII \u0432\u0435\u043a\u0430<\/a>, <\/strong>WRH, t. XIX, \u2116 3, s. 55-66, doi: 10.36121\/skusznarow.19.2022.3.055<br \/><em>Formation of archives of congress chambers of Sloboda Ukraine in the 17th &#8211; early 18th centuries<\/em><\/p>\n<p><strong>Krzysztof Syta<\/strong> (Uniwersytet Miko\u0142aja Kopernika w Toruniu)<br \/><strong><a href=\"http:\/\/wrh.edu.pl\/wp-content\/uploads\/2022\/12\/069_Syta_wrh_2022_no3_v2-1.pdf\">Dokumentacja Regimentu Pieszego Bu\u0142awy Wielkiej Koronnej z lat 1752\u20131771 \u2013 studium kancelaryjno-\u017ar\u00f3d\u0142oznawcze<\/a>, <\/strong>WRH, t. XIX, \u2116 3, s. 67-92, doi: 10.36121\/ksyta.19.2022.3.067<br \/><em>Documentation of the Infantry Regiment of the Great Crown Mace from the years 1752\u20131771 \u2013chancellary and source study<strong>\u00a0<\/strong><\/em><\/p>\n<p><strong>Pawe\u0142 Wolnicki <\/strong>(Uniwersytet Humanistyczno-Przyrodniczy w Cz\u0119stochowie)<br \/><strong><a href=\"http:\/\/wrh.edu.pl\/wp-content\/uploads\/2022\/12\/095_Wolnicki_wrh_2022_no3_v2-1.pdf\">Dokumentacja dotycz\u0105ca pokuty ko\u015bcielnej z okresu Kr\u00f3lestwa Polskiego<\/a>, <\/strong>WRH, t. XIX, \u2116 3, s. 93-100, doi: 10.36121\/pwolnicki.19.2022.3.093<br \/><em>Documentation on church penance from the period of the Kingdom of Poland<\/em><\/p>\n<p><strong>Hadrian Ciechanowski<\/strong> (Uniwersytet Miko\u0142aja Kopernika w Toruniu)<br \/><strong><a href=\"http:\/\/wrh.edu.pl\/wp-content\/uploads\/2022\/12\/103_Ciechanowski_wrh_2022_no3_v2-1.pdf\">Obieg informacji pomi\u0119dzy rejestrami publicznymi na przyk\u0142adzie rejestr\u00f3w prowadzonych w Kr\u00f3lestwie Pruskim<\/a>, <\/strong>WRH, t. XIX, \u2116 3, s. 101-114, doi: 10.36121\/hciechanowski.19.2022.3.101<br \/><em>Circulation of information between public registers on the example of registers kept in the Kingdom of Prussia<\/em><\/p>\n<p><strong>Artur G\u00f3rak<\/strong> (Uniwersytet Marii Curie-Sk\u0142odowskiej)<br \/><strong><a href=\"http:\/\/wrh.edu.pl\/wp-content\/uploads\/2022\/12\/117_Gorak_wrh_2022_no3_v2-1.pdf\">Oberhollabru\u0144ski (u\u0142amkowy) system kancelaryjny na ziemiach polskich<\/a>, <\/strong>WRH, t. XIX, \u2116 3, s. 115-134, doi: 10.36121\/agorak.19.2022.3.115<br \/><em>Oberhollabruner (fractional) office system in Polish lands<\/em><\/p>\n<p><strong>Janusz \u0141osowski<\/strong> (Uniwersytet Marii Curie-Sk\u0142odowskiej)<br \/><strong><a href=\"http:\/\/wrh.edu.pl\/wp-content\/uploads\/2022\/12\/137_Losowski_wrh_2022_no3_v2-1.pdf\">O potrzebie bada\u0144 nad dokumentacj\u0105 polskich organizacji niepodleg\u0142o\u015bciowych walcz\u0105cych z w\u0142adz\u0105 komunistyczn\u0105 oraz mo\u017cliwo\u015bci badania jej funkcji<\/a>, <\/strong>WRH, t. XIX, \u2116 3, s. 135-154, doi: 10.36121\/jlosowski.19.2022.3.135<strong><br \/><\/strong><em>About the need for research on the documentation of Polish independence organizations fighting against the communist authorities and the possibility of researching its functions<\/em><\/p>\n<p><strong>Alicja Kulecka<\/strong> (Uniwersytet Warszawski)<br \/><strong><a href=\"http:\/\/wrh.edu.pl\/wp-content\/uploads\/2022\/12\/161_Kulecka_wrh_2022_no3_v2-1.pdf\">Kultura dokumentu w Polsce Ludowej (1944-1989)<\/a>, <\/strong>WRH, t. XIX, \u2116 3, s. 159-186, doi: 10.36121\/akulecka.19.2022.3.159<br \/><em>Document culture in People&#8217;s Poland (1944-1989)<\/em><\/p>\n<p><strong>Tomasz Czarnota <\/strong>(Uniwersytet Marii Curie-Sk\u0142odowskiej)<br \/><strong><a href=\"http:\/\/wrh.edu.pl\/wp-content\/uploads\/2022\/12\/189_Czarnota_wrh_2022_no3_v2-1.pdf\">Uwagi na temat tworzenia normatyw\u00f3w PZPR dotycz\u0105cych ochrony tajemnicy partyjnej i pa\u0144stwowej<\/a>, <\/strong>WRH, t. XIX, \u2116 3, s. 187-214, doi: 10.36121\/tczarnota.19.2022.3.187<br \/><em>Remarks on the protection of party and state secrets in the light of selected office norms of the Polish United Workers&#8217; Party<\/em><\/p>\n<p><strong>Marcin Smoczy\u0144ski<\/strong> (Uniwersytet Miko\u0142aja Kopernika w Toruniu)<br \/><strong><a href=\"http:\/\/wrh.edu.pl\/wp-content\/uploads\/2022\/12\/217_Smoczynski_wrh_2022_no3_v2-1.pdf\">Nie tylko instrukcja kancelaryjna. EZD a wewn\u0119trzne normatywy post\u0119powania z dokumentacj\u0105<\/a>, <\/strong>WRH, t. XIX,\u00a0\u2116\u00a03, s. 215-226, doi: 10.36121\/msmoczynski.19.2022.3.215<br \/><em>Not only office instructions. Electronic document management system and internal standards proceeding with documentation<\/em><\/p>\n<p><strong>Katarzyna \u0141ukasik <\/strong>(Uniwersytet Miko\u0142aja Kopernika w Toruniu)<br \/><strong><a href=\"http:\/\/wrh.edu.pl\/wp-content\/uploads\/2022\/12\/229_Lukasik_wrh_2022_no3_v2-1.pdf\">Dokument w kontek\u015bcie unijnej polityki otwartych danych<\/a>, <\/strong>WRH, t. XIX, \u2116 3, s. 227 &#8211; 236, doi: 10.36121\/klukasik.19.2022.3.227<br \/><em>A document in the context of the EU&#8217;s open data policy<\/em><\/p>\n<p><a href=\"http:\/\/wrh.edu.pl\/wp-content\/uploads\/2022\/12\/239_Noty_wrh_2022_no3_v2-1.pdf\"><strong>Noty o Autorach<\/strong><\/a><em> (<\/em><em>Notes about the Authors)<\/em><\/p>\n","protected":false},"excerpt":{"rendered":"<p>Wschodni Rocznik Humanistyczny, tom XIX (2022), \u2116 3: Belliculum Diplomaticum IX Lublinense\u00a0\u201eSystemy dokumentowania. Od ksi\u0119gi wpis\u00f3w do zasob\u00f3w urz\u0119d\u00f3w online\u201d\u00a0pod redakcj\u0105 Artura G\u00f3raka Strona tytu\u0142owa, spis tre\u015bciStrona redakcji RADA NAUKOWAprof. dr hab.\u00a0Rolf Fieguth, Uniwersytet we Fryburgu, Szwajcariaprof. dr\u00a0Oleg Witaljewicz Gorbaczow, Uralski Federalny Uniwersytet, Jekaterynburg, Rosjadr\u00a0Gediminas Kaz\u0117nas, Mykolas Romeris University, Wilno, Litwadr\u00a0Jussi Laine, University of Eastern [&hellip;]<\/p>\n","protected":false},"author":2,"featured_media":0,"parent":0,"menu_order":40,"comment_status":"closed","ping_status":"closed","template":"","meta":{"footnotes":""},"class_list":["post-2760","page","type-page","status-publish","hentry"],"yoast_head":"<!-- This site is optimized with the Yoast SEO plugin v27.4 - https:\/\/yoast.com\/product\/yoast-seo-wordpress\/ -->\n<title>t. XIX (2022) \u2116 3 - Wschodni Rocznik Humanistyczny<\/title>\n<meta name=\"robots\" content=\"index, follow, max-snippet:-1, max-image-preview:large, max-video-preview:-1\" \/>\n<link rel=\"canonical\" href=\"http:\/\/wrh.edu.pl\/?page_id=2760\" \/>\n<meta property=\"og:locale\" content=\"pl_PL\" \/>\n<meta property=\"og:type\" content=\"article\" \/>\n<meta property=\"og:title\" content=\"t. XIX (2022) \u2116 3 - Wschodni Rocznik Humanistyczny\" \/>\n<meta property=\"og:description\" content=\"Wschodni Rocznik Humanistyczny, tom XIX (2022), \u2116 3: Belliculum Diplomaticum IX Lublinense\u00a0\u201eSystemy dokumentowania. Od ksi\u0119gi wpis\u00f3w do zasob\u00f3w urz\u0119d\u00f3w online\u201d\u00a0pod redakcj\u0105 Artura G\u00f3raka Strona tytu\u0142owa, spis tre\u015bciStrona redakcji RADA NAUKOWAprof. dr hab.\u00a0Rolf Fieguth, Uniwersytet we Fryburgu, Szwajcariaprof. dr\u00a0Oleg Witaljewicz Gorbaczow, Uralski Federalny Uniwersytet, Jekaterynburg, Rosjadr\u00a0Gediminas Kaz\u0117nas, Mykolas Romeris University, Wilno, Litwadr\u00a0Jussi Laine, University of Eastern [&hellip;]\" \/>\n<meta property=\"og:url\" content=\"http:\/\/wrh.edu.pl\/?page_id=2760\" \/>\n<meta property=\"og:site_name\" content=\"Wschodni Rocznik Humanistyczny\" \/>\n<meta property=\"article:modified_time\" content=\"2022-12-24T09:26:48+00:00\" \/>\n<meta property=\"og:image\" content=\"http:\/\/wrh.edu.pl\/wp-content\/uploads\/2022\/12\/317898137_872989940554443_3462207822174390915_n-710x1024.jpg\" \/>\n<meta name=\"twitter:card\" content=\"summary_large_image\" \/>\n<meta name=\"twitter:label1\" content=\"Szacowany czas czytania\" \/>\n\t<meta name=\"twitter:data1\" content=\"5 minut\" \/>\n<script type=\"application\/ld+json\" class=\"yoast-schema-graph\">{\"@context\":\"https:\\\/\\\/schema.org\",\"@graph\":[{\"@type\":\"WebPage\",\"@id\":\"http:\\\/\\\/wrh.edu.pl\\\/?page_id=2760\",\"url\":\"http:\\\/\\\/wrh.edu.pl\\\/?page_id=2760\",\"name\":\"t. XIX (2022) \u2116 3 - Wschodni Rocznik Humanistyczny\",\"isPartOf\":{\"@id\":\"http:\\\/\\\/wrh.edu.pl\\\/#website\"},\"primaryImageOfPage\":{\"@id\":\"http:\\\/\\\/wrh.edu.pl\\\/?page_id=2760#primaryimage\"},\"image\":{\"@id\":\"http:\\\/\\\/wrh.edu.pl\\\/?page_id=2760#primaryimage\"},\"thumbnailUrl\":\"http:\\\/\\\/wrh.edu.pl\\\/wp-content\\\/uploads\\\/2022\\\/12\\\/317898137_872989940554443_3462207822174390915_n-710x1024.jpg\",\"datePublished\":\"2022-12-02T11:55:30+00:00\",\"dateModified\":\"2022-12-24T09:26:48+00:00\",\"inLanguage\":\"pl-PL\",\"potentialAction\":[{\"@type\":\"ReadAction\",\"target\":[\"http:\\\/\\\/wrh.edu.pl\\\/?page_id=2760\"]}]},{\"@type\":\"ImageObject\",\"inLanguage\":\"pl-PL\",\"@id\":\"http:\\\/\\\/wrh.edu.pl\\\/?page_id=2760#primaryimage\",\"url\":\"http:\\\/\\\/wrh.edu.pl\\\/wp-content\\\/uploads\\\/2022\\\/12\\\/317898137_872989940554443_3462207822174390915_n.jpg\",\"contentUrl\":\"http:\\\/\\\/wrh.edu.pl\\\/wp-content\\\/uploads\\\/2022\\\/12\\\/317898137_872989940554443_3462207822174390915_n.jpg\",\"width\":1297,\"height\":1870},{\"@type\":\"WebSite\",\"@id\":\"http:\\\/\\\/wrh.edu.pl\\\/#website\",\"url\":\"http:\\\/\\\/wrh.edu.pl\\\/\",\"name\":\"Wschodni Rocznik Humanistyczny\",\"description\":\"Czasopismo naukowe\",\"publisher\":{\"@id\":\"http:\\\/\\\/wrh.edu.pl\\\/#organization\"},\"potentialAction\":[{\"@type\":\"SearchAction\",\"target\":{\"@type\":\"EntryPoint\",\"urlTemplate\":\"http:\\\/\\\/wrh.edu.pl\\\/?s={search_term_string}\"},\"query-input\":{\"@type\":\"PropertyValueSpecification\",\"valueRequired\":true,\"valueName\":\"search_term_string\"}}],\"inLanguage\":\"pl-PL\"},{\"@type\":\"Organization\",\"@id\":\"http:\\\/\\\/wrh.edu.pl\\\/#organization\",\"name\":\"Wschodni Rocznik Humanistyczny\",\"url\":\"http:\\\/\\\/wrh.edu.pl\\\/\",\"logo\":{\"@type\":\"ImageObject\",\"inLanguage\":\"pl-PL\",\"@id\":\"http:\\\/\\\/wrh.edu.pl\\\/#\\\/schema\\\/logo\\\/image\\\/\",\"url\":\"http:\\\/\\\/wrh.edu.pl\\\/wp-content\\\/uploads\\\/2017\\\/07\\\/logo_01.jpg\",\"contentUrl\":\"http:\\\/\\\/wrh.edu.pl\\\/wp-content\\\/uploads\\\/2017\\\/07\\\/logo_01.jpg\",\"width\":154,\"height\":183,\"caption\":\"Wschodni Rocznik Humanistyczny\"},\"image\":{\"@id\":\"http:\\\/\\\/wrh.edu.pl\\\/#\\\/schema\\\/logo\\\/image\\\/\"}}]}<\/script>\n<!-- \/ Yoast SEO plugin. -->","yoast_head_json":{"title":"t. XIX (2022) \u2116 3 - Wschodni Rocznik Humanistyczny","robots":{"index":"index","follow":"follow","max-snippet":"max-snippet:-1","max-image-preview":"max-image-preview:large","max-video-preview":"max-video-preview:-1"},"canonical":"http:\/\/wrh.edu.pl\/?page_id=2760","og_locale":"pl_PL","og_type":"article","og_title":"t. XIX (2022) \u2116 3 - Wschodni Rocznik Humanistyczny","og_description":"Wschodni Rocznik Humanistyczny, tom XIX (2022), \u2116 3: Belliculum Diplomaticum IX Lublinense\u00a0\u201eSystemy dokumentowania. Od ksi\u0119gi wpis\u00f3w do zasob\u00f3w urz\u0119d\u00f3w online\u201d\u00a0pod redakcj\u0105 Artura G\u00f3raka Strona tytu\u0142owa, spis tre\u015bciStrona redakcji RADA NAUKOWAprof. dr hab.\u00a0Rolf Fieguth, Uniwersytet we Fryburgu, Szwajcariaprof. dr\u00a0Oleg Witaljewicz Gorbaczow, Uralski Federalny Uniwersytet, Jekaterynburg, Rosjadr\u00a0Gediminas Kaz\u0117nas, Mykolas Romeris University, Wilno, Litwadr\u00a0Jussi Laine, University of Eastern [&hellip;]","og_url":"http:\/\/wrh.edu.pl\/?page_id=2760","og_site_name":"Wschodni Rocznik Humanistyczny","article_modified_time":"2022-12-24T09:26:48+00:00","og_image":[{"url":"http:\/\/wrh.edu.pl\/wp-content\/uploads\/2022\/12\/317898137_872989940554443_3462207822174390915_n-710x1024.jpg","type":"","width":"","height":""}],"twitter_card":"summary_large_image","twitter_misc":{"Szacowany czas czytania":"5 minut"},"schema":{"@context":"https:\/\/schema.org","@graph":[{"@type":"WebPage","@id":"http:\/\/wrh.edu.pl\/?page_id=2760","url":"http:\/\/wrh.edu.pl\/?page_id=2760","name":"t. XIX (2022) \u2116 3 - Wschodni Rocznik Humanistyczny","isPartOf":{"@id":"http:\/\/wrh.edu.pl\/#website"},"primaryImageOfPage":{"@id":"http:\/\/wrh.edu.pl\/?page_id=2760#primaryimage"},"image":{"@id":"http:\/\/wrh.edu.pl\/?page_id=2760#primaryimage"},"thumbnailUrl":"http:\/\/wrh.edu.pl\/wp-content\/uploads\/2022\/12\/317898137_872989940554443_3462207822174390915_n-710x1024.jpg","datePublished":"2022-12-02T11:55:30+00:00","dateModified":"2022-12-24T09:26:48+00:00","inLanguage":"pl-PL","potentialAction":[{"@type":"ReadAction","target":["http:\/\/wrh.edu.pl\/?page_id=2760"]}]},{"@type":"ImageObject","inLanguage":"pl-PL","@id":"http:\/\/wrh.edu.pl\/?page_id=2760#primaryimage","url":"http:\/\/wrh.edu.pl\/wp-content\/uploads\/2022\/12\/317898137_872989940554443_3462207822174390915_n.jpg","contentUrl":"http:\/\/wrh.edu.pl\/wp-content\/uploads\/2022\/12\/317898137_872989940554443_3462207822174390915_n.jpg","width":1297,"height":1870},{"@type":"WebSite","@id":"http:\/\/wrh.edu.pl\/#website","url":"http:\/\/wrh.edu.pl\/","name":"Wschodni Rocznik Humanistyczny","description":"Czasopismo naukowe","publisher":{"@id":"http:\/\/wrh.edu.pl\/#organization"},"potentialAction":[{"@type":"SearchAction","target":{"@type":"EntryPoint","urlTemplate":"http:\/\/wrh.edu.pl\/?s={search_term_string}"},"query-input":{"@type":"PropertyValueSpecification","valueRequired":true,"valueName":"search_term_string"}}],"inLanguage":"pl-PL"},{"@type":"Organization","@id":"http:\/\/wrh.edu.pl\/#organization","name":"Wschodni Rocznik Humanistyczny","url":"http:\/\/wrh.edu.pl\/","logo":{"@type":"ImageObject","inLanguage":"pl-PL","@id":"http:\/\/wrh.edu.pl\/#\/schema\/logo\/image\/","url":"http:\/\/wrh.edu.pl\/wp-content\/uploads\/2017\/07\/logo_01.jpg","contentUrl":"http:\/\/wrh.edu.pl\/wp-content\/uploads\/2017\/07\/logo_01.jpg","width":154,"height":183,"caption":"Wschodni Rocznik Humanistyczny"},"image":{"@id":"http:\/\/wrh.edu.pl\/#\/schema\/logo\/image\/"}}]}},"_links":{"self":[{"href":"http:\/\/wrh.edu.pl\/index.php?rest_route=\/wp\/v2\/pages\/2760","targetHints":{"allow":["GET"]}}],"collection":[{"href":"http:\/\/wrh.edu.pl\/index.php?rest_route=\/wp\/v2\/pages"}],"about":[{"href":"http:\/\/wrh.edu.pl\/index.php?rest_route=\/wp\/v2\/types\/page"}],"author":[{"embeddable":true,"href":"http:\/\/wrh.edu.pl\/index.php?rest_route=\/wp\/v2\/users\/2"}],"replies":[{"embeddable":true,"href":"http:\/\/wrh.edu.pl\/index.php?rest_route=%2Fwp%2Fv2%2Fcomments&post=2760"}],"version-history":[{"count":15,"href":"http:\/\/wrh.edu.pl\/index.php?rest_route=\/wp\/v2\/pages\/2760\/revisions"}],"predecessor-version":[{"id":2881,"href":"http:\/\/wrh.edu.pl\/index.php?rest_route=\/wp\/v2\/pages\/2760\/revisions\/2881"}],"wp:attachment":[{"href":"http:\/\/wrh.edu.pl\/index.php?rest_route=%2Fwp%2Fv2%2Fmedia&parent=2760"}],"curies":[{"name":"wp","href":"https:\/\/api.w.org\/{rel}","templated":true}]}}