{"id":2917,"date":"2023-02-14T09:32:34","date_gmt":"2023-02-14T08:32:34","guid":{"rendered":"http:\/\/wrh.edu.pl\/?page_id=2917"},"modified":"2025-12-21T15:17:05","modified_gmt":"2025-12-21T14:17:05","slug":"t-xx-2023-%e2%84%96-1","status":"publish","type":"page","link":"http:\/\/wrh.edu.pl\/?page_id=2917","title":{"rendered":"t. XX (2023), \u2116 1"},"content":{"rendered":"\n<h2><strong>O szlachcie siedemnastowiecznej<\/strong><br \/>pod redakcj\u0105 Artura Goszczy\u0144skiego i Jaros\u0142awa Stolickiego<\/h2>\n<p><img loading=\"lazy\" decoding=\"async\" class=\"wp-image-3111 aligncenter\" src=\"http:\/\/wrh.edu.pl\/wp-content\/uploads\/2023\/12\/383045547_691729656346029_5250286038032540909_n-703x1024.jpg\" alt=\"\" width=\"821\" height=\"1196\" srcset=\"http:\/\/wrh.edu.pl\/wp-content\/uploads\/2023\/12\/383045547_691729656346029_5250286038032540909_n-703x1024.jpg 703w, http:\/\/wrh.edu.pl\/wp-content\/uploads\/2023\/12\/383045547_691729656346029_5250286038032540909_n-206x300.jpg 206w, http:\/\/wrh.edu.pl\/wp-content\/uploads\/2023\/12\/383045547_691729656346029_5250286038032540909_n-768x1118.jpg 768w, http:\/\/wrh.edu.pl\/wp-content\/uploads\/2023\/12\/383045547_691729656346029_5250286038032540909_n-1055x1536.jpg 1055w, http:\/\/wrh.edu.pl\/wp-content\/uploads\/2023\/12\/383045547_691729656346029_5250286038032540909_n-1407x2048.jpg 1407w, http:\/\/wrh.edu.pl\/wp-content\/uploads\/2023\/12\/383045547_691729656346029_5250286038032540909_n-scaled.jpg 1759w\" sizes=\"auto, (max-width: 821px) 100vw, 821px\" \/><\/p>\n<p>RADA NAUKOWA<br \/>prof. dr hab.\u00a0<strong>Rolf Fieguth<\/strong>, Uniwersytet we Fryburgu, Szwajcaria<br \/>prof. dr\u00a0<strong>Oleg Witaljewicz Gorbaczow<\/strong>, Uralski Federalny Uniwersytet, Jekaterynburg, Rosja<br \/>dr\u00a0<strong>Gediminas Kaz\u0117nas<\/strong>, Mykolas Romeris University, Wilno, Litwa<br \/>dr\u00a0<strong>Jussi Laine<\/strong>, University of Eastern Finland, Finlandia<br \/>prof. dr\u00a0<strong>Siergiej Walentinowicz Lubiczankowskij<\/strong>, Orenburski Uniwersytet Pa\u0144stwowy, Rosja<br \/>prof. dr hab.\u00a0<strong>Sigistas Narbutas<\/strong>, Biblioteka Naukowa im. Wr\u00f3blewskich w Wilnie, Litwa<br \/>dr\u00a0<strong>Janusz Nowak<\/strong>, kierownik Archiwum i Zbioru R\u0119kopis\u00f3w Biblioteki xx Czartoryskich w Krakowie<br \/>dr\u00a0<strong>Pierre-Etienne Penot<\/strong>, The Catholic University of the Vand\u00e9e, La Roche-sur-Yon, Francja<br \/>prof. dr hab.\u00a0<strong>Miros\u0142aw Piotrowski<\/strong>, Katolicki Uniwersytet Lubelski<br \/>prof. dr hab.\u00a0<strong>Marek Plewczy\u0144ski<\/strong>, Uniwersytet Przyrodniczo-Humanistyczny w Siedlcach<br \/>prof. dr hab.\u00a0<strong>Krzysztof Skupie\u0144ski<\/strong>, Uniwersytet Marii Curie-Sk\u0142odowskiej w Lublinie<br \/>dr\u00a0<strong>George Soroka<\/strong>, Harvard University, USA<br \/>dr hab.\u00a0<strong>Maria Starnawska<\/strong>, Uniwersytet Przyrodniczo-Humanistyczny z Siedlcach<br \/>prof. dr\u00a0<strong>Walerij Leonidowicz Stiepanow<\/strong>, Instytut Ekonomiki Rosyjskiej Akademii Nauk, Moskwa, Rosja<br \/>prof. dr hab.\u00a0<strong>Tadeusz M. Trajdos<\/strong>, Instytut Historii Polskiej Akademii Nauk<br \/>dr hab.\u00a0<strong>Marek Wagner<\/strong>, prof. Uniwersytetu Przyrodniczo-Humanistycznego w Siedlcach<\/p>\n<p>REDAKCJA i KOLEGIUM REDAKCYJNE<br \/><strong>prof. dr hab. Leszek Gawor<\/strong>, Uniwersytet Rzeszowski, (dzia\u0142:\u00a0<strong>filozofia<\/strong>),<br \/><strong>dr Artur Goszczy\u0144ski<\/strong>\u00a0(sekretarz),<br \/><strong>dr hab.\u00a0Artur G\u00f3rak<\/strong>\u00a0(redaktor naczelny),<br \/><strong>prof. u. dr hab<\/strong>\u00a0<strong>Krzysztof Latawiec<\/strong>, Uniwersytet Marii Curie-Sk\u0142odowskiej, Lublin, (dzia\u0142:\u00a0<strong>historia<\/strong>),<br \/><strong>prof. u. dr hab. Dariusz Magier<\/strong>, Uniwersytet Przyrodniczo-Humanistyczny, Siedlce, (z-ca redaktora naczelnego),<br \/><strong>prof. dr Ludmi\u0142a Mazur<\/strong>, Uralski Uniwersytet Federalny im. pierwszego prezydenta Rosji B. N. Jelcyna, Jekaterynburg. Federacja Rosyjska, (dzia\u0142:\u00a0<strong>nauki o dokumencie i archiwach<\/strong>),<br \/><strong>prof. dr Ludmi\u0142a Posochowa<\/strong>, Charkowski Uniwersytet Narodowy im. W.N. Karazina, Ukraina, (dzia\u0142:\u00a0<strong>historia<\/strong>),<br \/><strong>prof. dr Adrian Selin<\/strong>, Uniwersytet Naukowo-Badawczy \u201eWy\u017csza Szko\u0142a Ekonomii w Sankt-Petersburgu, Federacja Rosyjska, (dzia\u0142:\u00a0<strong>historia<\/strong>)<br \/><strong>prof. u. dr hab.<\/strong>\u00a0<strong>Tomasz St\u0119pniewski<\/strong>, Katolicki Uniwersytet Lubelski, (dzia\u0142:\u00a0<strong>stosunki mi\u0119dzynarodowe<\/strong>),<br \/><strong>dr<\/strong>\u00a0<strong>Andrzej Szabaciuk<\/strong>, Katolicki Uniwersytet Lubelski,\u00a0(dzia\u0142:\u00a0<strong>politologia<\/strong>)<\/p>\n<p>CZASOPISMO RECENZOWANE: kolegium recenzent\u00f3w http:\/\/wrh.edu.pl\/kolegium-recenzentow\/<\/p>\n<p>Opracowanie graficzne, sk\u0142ad i \u0142amanie:\u00a0<strong>Tytus Przemys\u0142aw Krupski<\/strong><br \/>Korekta:\u00a0<strong>Robert St\u0119pie\u0144<\/strong>\u00a0(ang.),\u00a0<strong>Przemys\u0142aw Tytus Krupski\u00a0<\/strong>(pol.),\u00a0<strong>Artur G\u00f3rak<\/strong>\u00a0(ros.)<br \/>T\u0142umaczenia angielskie:\u00a0<strong>Robert St\u0119pie\u0144<\/strong>, rosyjskie:\u00a0<strong>Artur G\u00f3rak<\/strong><\/p>\n<p>Wydawca<strong>:\u00a0Towarzystwo Nauki i Kultury \u201eLibra\u201d<\/strong>, ul. Szeligowskiego 8\/97, 20-883 Lublin<br \/>\u00a9 ToNiK \u201eLibra\u201d<br \/>ISSN 1731-982X<\/p>\n<p>\u00a0<\/p>\n<p><img loading=\"lazy\" decoding=\"async\" class=\"alignnone size-full wp-image-1798\" src=\"http:\/\/wrh.edu.pl\/wp-content\/uploads\/2020\/03\/0007-1-300x133-1.jpg\" alt=\"\" width=\"300\" height=\"133\" \/><\/p>\n<h4>\u00a0<\/h4>\n<p><strong>Emil Kalinowski<\/strong> (Polska Akademia Nauk),<br \/><a href=\"http:\/\/wrh.edu.pl\/wp-content\/uploads\/2023\/10\/wrh_2023_no1_v4_a01.pdf\">Testamenty i niedoko\u0144czone sprawy \u017co\u0142nierzy z Podlasia, Mazowsza i Wielkiego Ksi\u0119stwa Litewskiego w \u015bwietle podlaskich akt s\u0105dowych (od po\u0142owy XVI do po\u0142owy XVII wieku)<\/a><br \/>WRH, t. XX, nr 1, s. 13-23<br \/><em>Testaments and unfinished business of the soldiers from Podlasie, Mazovia and the Grand Duchy of Lithuania in the light of Podlasian court records (from the mid-sixteenth to mid-seventeenth century)<\/em><\/p>\n<p>\u00a0<\/p>\n<p><strong>Wioletta Pawlikowska<\/strong> (Polska Akademia Nauk),<br \/><a href=\"http:\/\/wrh.edu.pl\/wp-content\/uploads\/2023\/10\/wrh_2023_no1_v4_a02.pdf\">Politycy czy zelanci? Biskupi litewscy a konfederacja warszawska (1573-1615)<\/a><br \/>WRH, t. XX, nr 1, s. 25-57<br \/><em>Politiques or Z\u00e9l\u00e9s? The Lithuanian Bishops and the Confederation of Warsaw (1573\u20131615)<\/em><\/p>\n<p>\u00a0<\/p>\n<p><strong>Tomasz Ambroziak<\/strong> (Instytut Polski w Moskwie),<br \/><a href=\"http:\/\/wrh.edu.pl\/wp-content\/uploads\/2023\/10\/wrh_2023_no1_v4_a03.pdf\">Zgromadzenia szlacheckie dokonuj\u0105ce wyboru kandydat\u00f3w na wo\u017anych s\u0105dowych w wojew\u00f3dztwie wile\u0144skim w latach 1604-1616 w \u015bwietle korespondencji urz\u0119dowej wojewody wile\u0144skiego Miko\u0142aja Krzysztofa Radziwi\u0142\u0142a \u201eSierotki\u201d<\/a><br \/>WRH, t. XX, nr 1, s. 59-76<br \/><em>Assemblies of the nobility electing candidates for court ushers in the Vilnius voivodeship in 1604\u20131616 in the light of the official correspondence of the Vilnius voivode Mikolaj Krzysztof Radziwill &#8222;Sierotka&#8221;<\/em><\/p>\n<p>\u00a0<\/p>\n<p><strong>Aleksandra Ziober<\/strong> (Uniwersytet Wroc\u0142awski),<br \/><a href=\"http:\/\/wrh.edu.pl\/wp-content\/uploads\/2023\/10\/wrh_2023_no1_v4_a04.pdf\">Korespondencja zarz\u0105dcy d\u00f3br Ikazie\u0144skich Bazylego Baki z lat 1629-1630. Przyczynek do bada\u0144 nad klientel\u0105 ekonomiczn\u0105 Jana Stanis\u0142awa Sapiehy<\/a><br \/>WRH, t. XX, nr 1, s. 77-89<br \/><em>Correspondence of Bazyli Baka, the administrator of the Ika\u017a\u0144 estates, from 1629\u20131630. A contribution to research on the economic clientele of the Grand Marshal of Lithuania, Jan Stanis\u0142aw Sapieha<\/em><\/p>\n<p>\u00a0<\/p>\n<p><strong>Aleksandra Kwa\u015bniewska<\/strong>, (Uniwersytet Jagiello\u0144ski),<br \/><a href=\"http:\/\/wrh.edu.pl\/wp-content\/uploads\/2023\/10\/wrh_2023_no1_v4_a05.pdf\">Senatorowie i szlachta wobec plan\u00f3w W\u0142adys\u0142awa IV przed sejmem w 1646 roku<\/a><br \/>WRH, t. XX, nr 1, s. 91-108<br \/><em>The attitude of senators and nobility towards the plans of W\u0142adys\u0142aw IV before the Sejm\u2019s session of 1646<\/em><\/p>\n<p>\u00a0<\/p>\n<p><strong>Dariusz Milewski<\/strong> (Uniwersytet Kardyna\u0142a Stefana Wyszy\u0144skiego),<br \/><a href=\"http:\/\/wrh.edu.pl\/wp-content\/uploads\/2023\/10\/wrh_2023_no1_v4_a06.pdf\">Rotmistrz i pu\u0142kownik Jan Kondracki \u2013 \u017cycie i kariera wojskowa w dobie powstania Bohdana Chmielnickiego<\/a><br \/>WRH, t. XX, nr 1, s. 109-123<br \/><em>Captain and colonel Jan Kondracki \u2013 life and military career at the time of Bohdan Khmelnytsky uprising<\/em><\/p>\n<p>\u00a0<\/p>\n<p><strong>Artur Goszczy\u0144ski<\/strong> (Uniwersytet w Siedlcach, Fundacja im. Janusza Kurtyki),<br \/><a href=\"http:\/\/wrh.edu.pl\/wp-content\/uploads\/2023\/10\/wrh_2023_no1_v4_a07.pdf\">Testament stra\u017cnika koronnego Samuela \u0141aszcza (ok. 1588\u20131649)<\/a><br \/>WRH, t. XX, nr 1, s. 125-134<br \/><em>Testament of the Crown Guard Samuel \u0141aszcz (ca. 1588\u20131649)<\/em><\/p>\n<p>\u00a0<\/p>\n<p><strong>Jakub Sytniewski<\/strong> (Uniwersytet Opolski),<br \/><a href=\"http:\/\/wrh.edu.pl\/wp-content\/uploads\/2023\/10\/wrh_2023_no1_v4_a08.pdf\">Powroty szlachty koronnej na Ukrain\u0119 w drugiej po\u0142owie 1650 roku<\/a><br \/>WRH, t. XX, nr 1, s. 135-160<br \/><em>The return of the Polish nobility to Ukraine in the second half of 1650<\/em><\/p>\n<p>\u00a0<\/p>\n<p><strong>Jaros\u0142aw Stolicki<\/strong> (Uniwersytet Jagiello\u0144ski),<br \/><a href=\"http:\/\/wrh.edu.pl\/wp-content\/uploads\/2023\/10\/wrh_2023_no1_v4_a09.pdf\">Ostatnie sejmiki ukrainne w XVII wieku<\/a><br \/>WRH, t. XX, nr 1, s. 161-177<br \/>The Last Ukrainian Sejmiks in the Seventeenth Century<\/p>\n<p>\u00a0<\/p>\n<p><strong>Bartosz Star\u0119gowski<\/strong> (Archiwum Pa\u0144stwowe w Lublinie),<br \/><a href=\"http:\/\/wrh.edu.pl\/wp-content\/uploads\/2023\/10\/wrh_2023_no1_v4_a10.pdf\">Akta wojskowe formacji zbrojnych samorz\u0105du szlacheckiego w ksi\u0119gach grodzkich Wielkopolski w\u0142a\u015bciwej w latach 1648-1668 \u2013 rodzaje dokumentacji i okoliczno\u015bci jej powstawania oraz proces aktotw\u00f3rczy<\/a><br \/>WRH, t. XX, nr 1, s. 179-191<br \/><em>Military documents of armed formations of the nobile self-government in the castle records of proper Greater Poland in the years 1648\u20131668 \u2013 types of documentation and circumstances of its creation and the process of creating<\/em><\/p>\n<p>\u00a0<\/p>\n<p><strong>Zbigniew Hundert <\/strong>(Zamek Kr\u00f3lewski w Warszawie \u2013 Muzeum, Uniwersytet Warszawski),<br \/><a href=\"http:\/\/wrh.edu.pl\/wp-content\/uploads\/2023\/10\/wrh_2023_no1_v4_a11.pdf\">Mi\u0119dzy Haliczem a \u0141\u0119czyc\u0105. Sformowanie chor\u0105gwi husarskiej pisarza polnego koronnego Jakuba Potockiego i jej finansowanie przez sejmiki w ramach systemu repartycji z lat 1667\u20131673<\/a><br \/>WRH, t. XX, nr 1, s. 193-205<br \/><em>Between Halicz and \u0141\u0119czyca. The formation of the hussar banner of Crown Field Clerk Jakub Potocki and its financing by the local land assemblies as part of the repartition system of 1667\u20131673<\/em><\/p>\n<p>\u00a0<\/p>\n<p><strong>Mariusz Sawicki<\/strong> (Uniwersytet Opolski), <br \/><a href=\"http:\/\/wrh.edu.pl\/wp-content\/uploads\/2023\/10\/wrh_2023_no1_v4_a12.pdf\">Andrzej Kazimierz Teodorowicz Wojszko Skorobohaty \u2013 \u017cycie i dzia\u0142alno\u015b\u0107 publiczna. Przyczynek do bada\u0144 nad dziejami szlachty litewskiej<\/a><br \/>WRH, t. XX, nr 1, s. 207-216<br \/><em>Andrzej Kazimierz Teodorowicz Wojszko Skorobohaty &#8211; life and public activity. A contribution to the study of the history of Lithuanian nobility<\/em><\/p>\n<p>\u00a0<\/p>\n<p><strong>Jaros\u0142aw Pietrzak<\/strong> (Uniwersytet Pedagogiczny im. KEN w Krakowie),<br \/><a href=\"http:\/\/wrh.edu.pl\/wp-content\/uploads\/2023\/10\/wrh_2023_no1_v4_a13.pdf\">Radziwi\u0142\u0142owie na francuskim dworze kr\u00f3lewskim na przestrzenie od XVI do XVIII wieku<\/a><br \/>WRH, t. XX, nr 1, s. 217-243<br \/><em>The Radziwill\u2019s at the French royal court from the 16th to the 18th century<\/em><\/p>\n<p>\u00a0<\/p>\n<p><strong>Justyna Ga\u0142uszka<\/strong> (Uniwersytet Jagiello\u0144ski),<br \/><a href=\"http:\/\/wrh.edu.pl\/wp-content\/uploads\/2025\/01\/Galuszka-wrh_2023_no1_v4_a14.pdf\">Rehabilitacja \u201eDiab\u0142a\u201d. Dramat Adolfa Nowaczy\u0144skiego pt. \u201eSmocze gniazdo, albo wybawienie dyab\u0142a z szlacheckiej opressyi. Dramat z czas\u00f3w zygmuntowskich\u201d<\/a><br \/>WRH, t. XX, nr 1, s. 245-254<br \/><em>Rehabilitation of the 'Devil&#8217;. Adolf Nowaczy\u0144ski&#8217;s drama entitled \u201eSmocze gniazdo, albo wybawienie dyab\u0142a z szlacheckiej opressyi. Dramat z czas\u00f3w zygmuntowskich\u201d<\/em><\/p>\n<p>\u00a0<\/p>\n<p><a href=\"http:\/\/wrh.edu.pl\/wp-content\/uploads\/2023\/10\/wrh_2023_no1_v4_a15.pdf\">Noty o Autorach<\/a><br \/><em>Notes about authors<\/em><\/p>\n<p>\u00a0<\/p>\n<p>\u00a0<\/p>\n<p>\u00a0<\/p>\n","protected":false},"excerpt":{"rendered":"<p>O szlachcie siedemnastowiecznejpod redakcj\u0105 Artura Goszczy\u0144skiego i Jaros\u0142awa Stolickiego RADA NAUKOWAprof. dr hab.\u00a0Rolf Fieguth, Uniwersytet we Fryburgu, Szwajcariaprof. dr\u00a0Oleg Witaljewicz Gorbaczow, Uralski Federalny Uniwersytet, Jekaterynburg, Rosjadr\u00a0Gediminas Kaz\u0117nas, Mykolas Romeris University, Wilno, Litwadr\u00a0Jussi Laine, University of Eastern Finland, Finlandiaprof. dr\u00a0Siergiej Walentinowicz Lubiczankowskij, Orenburski Uniwersytet Pa\u0144stwowy, Rosjaprof. dr hab.\u00a0Sigistas Narbutas, Biblioteka Naukowa im. Wr\u00f3blewskich w Wilnie, Litwadr\u00a0Janusz [&hellip;]<\/p>\n","protected":false},"author":2,"featured_media":0,"parent":0,"menu_order":41,"comment_status":"closed","ping_status":"closed","template":"","meta":{"footnotes":""},"class_list":["post-2917","page","type-page","status-publish","hentry"],"yoast_head":"<!-- This site is optimized with the Yoast SEO plugin v27.4 - https:\/\/yoast.com\/product\/yoast-seo-wordpress\/ -->\n<title>t. XX (2023), \u2116 1 - Wschodni Rocznik Humanistyczny<\/title>\n<meta name=\"robots\" content=\"index, follow, max-snippet:-1, max-image-preview:large, max-video-preview:-1\" \/>\n<link rel=\"canonical\" href=\"http:\/\/wrh.edu.pl\/?page_id=2917\" \/>\n<meta property=\"og:locale\" content=\"pl_PL\" \/>\n<meta property=\"og:type\" content=\"article\" \/>\n<meta property=\"og:title\" content=\"t. XX (2023), \u2116 1 - Wschodni Rocznik Humanistyczny\" \/>\n<meta property=\"og:description\" content=\"O szlachcie siedemnastowiecznejpod redakcj\u0105 Artura Goszczy\u0144skiego i Jaros\u0142awa Stolickiego RADA NAUKOWAprof. dr hab.\u00a0Rolf Fieguth, Uniwersytet we Fryburgu, Szwajcariaprof. dr\u00a0Oleg Witaljewicz Gorbaczow, Uralski Federalny Uniwersytet, Jekaterynburg, Rosjadr\u00a0Gediminas Kaz\u0117nas, Mykolas Romeris University, Wilno, Litwadr\u00a0Jussi Laine, University of Eastern Finland, Finlandiaprof. dr\u00a0Siergiej Walentinowicz Lubiczankowskij, Orenburski Uniwersytet Pa\u0144stwowy, Rosjaprof. dr hab.\u00a0Sigistas Narbutas, Biblioteka Naukowa im. Wr\u00f3blewskich w Wilnie, Litwadr\u00a0Janusz [&hellip;]\" \/>\n<meta property=\"og:url\" content=\"http:\/\/wrh.edu.pl\/?page_id=2917\" \/>\n<meta property=\"og:site_name\" content=\"Wschodni Rocznik Humanistyczny\" \/>\n<meta property=\"article:modified_time\" content=\"2025-12-21T14:17:05+00:00\" \/>\n<meta property=\"og:image\" content=\"http:\/\/wrh.edu.pl\/wp-content\/uploads\/2023\/12\/383045547_691729656346029_5250286038032540909_n-703x1024.jpg\" \/>\n<meta name=\"twitter:card\" content=\"summary_large_image\" \/>\n<meta name=\"twitter:label1\" content=\"Szacowany czas czytania\" \/>\n\t<meta name=\"twitter:data1\" content=\"7 minut\" \/>\n<script type=\"application\/ld+json\" class=\"yoast-schema-graph\">{\"@context\":\"https:\\\/\\\/schema.org\",\"@graph\":[{\"@type\":\"WebPage\",\"@id\":\"http:\\\/\\\/wrh.edu.pl\\\/?page_id=2917\",\"url\":\"http:\\\/\\\/wrh.edu.pl\\\/?page_id=2917\",\"name\":\"t. XX (2023), \u2116 1 - Wschodni Rocznik Humanistyczny\",\"isPartOf\":{\"@id\":\"http:\\\/\\\/wrh.edu.pl\\\/#website\"},\"primaryImageOfPage\":{\"@id\":\"http:\\\/\\\/wrh.edu.pl\\\/?page_id=2917#primaryimage\"},\"image\":{\"@id\":\"http:\\\/\\\/wrh.edu.pl\\\/?page_id=2917#primaryimage\"},\"thumbnailUrl\":\"http:\\\/\\\/wrh.edu.pl\\\/wp-content\\\/uploads\\\/2023\\\/12\\\/383045547_691729656346029_5250286038032540909_n-703x1024.jpg\",\"datePublished\":\"2023-02-14T08:32:34+00:00\",\"dateModified\":\"2025-12-21T14:17:05+00:00\",\"inLanguage\":\"pl-PL\",\"potentialAction\":[{\"@type\":\"ReadAction\",\"target\":[\"http:\\\/\\\/wrh.edu.pl\\\/?page_id=2917\"]}]},{\"@type\":\"ImageObject\",\"inLanguage\":\"pl-PL\",\"@id\":\"http:\\\/\\\/wrh.edu.pl\\\/?page_id=2917#primaryimage\",\"url\":\"http:\\\/\\\/wrh.edu.pl\\\/wp-content\\\/uploads\\\/2023\\\/12\\\/383045547_691729656346029_5250286038032540909_n-scaled.jpg\",\"contentUrl\":\"http:\\\/\\\/wrh.edu.pl\\\/wp-content\\\/uploads\\\/2023\\\/12\\\/383045547_691729656346029_5250286038032540909_n-scaled.jpg\",\"width\":1759,\"height\":2560},{\"@type\":\"WebSite\",\"@id\":\"http:\\\/\\\/wrh.edu.pl\\\/#website\",\"url\":\"http:\\\/\\\/wrh.edu.pl\\\/\",\"name\":\"Wschodni Rocznik Humanistyczny\",\"description\":\"Czasopismo naukowe\",\"publisher\":{\"@id\":\"http:\\\/\\\/wrh.edu.pl\\\/#organization\"},\"potentialAction\":[{\"@type\":\"SearchAction\",\"target\":{\"@type\":\"EntryPoint\",\"urlTemplate\":\"http:\\\/\\\/wrh.edu.pl\\\/?s={search_term_string}\"},\"query-input\":{\"@type\":\"PropertyValueSpecification\",\"valueRequired\":true,\"valueName\":\"search_term_string\"}}],\"inLanguage\":\"pl-PL\"},{\"@type\":\"Organization\",\"@id\":\"http:\\\/\\\/wrh.edu.pl\\\/#organization\",\"name\":\"Wschodni Rocznik Humanistyczny\",\"url\":\"http:\\\/\\\/wrh.edu.pl\\\/\",\"logo\":{\"@type\":\"ImageObject\",\"inLanguage\":\"pl-PL\",\"@id\":\"http:\\\/\\\/wrh.edu.pl\\\/#\\\/schema\\\/logo\\\/image\\\/\",\"url\":\"http:\\\/\\\/wrh.edu.pl\\\/wp-content\\\/uploads\\\/2017\\\/07\\\/logo_01.jpg\",\"contentUrl\":\"http:\\\/\\\/wrh.edu.pl\\\/wp-content\\\/uploads\\\/2017\\\/07\\\/logo_01.jpg\",\"width\":154,\"height\":183,\"caption\":\"Wschodni Rocznik Humanistyczny\"},\"image\":{\"@id\":\"http:\\\/\\\/wrh.edu.pl\\\/#\\\/schema\\\/logo\\\/image\\\/\"}}]}<\/script>\n<!-- \/ Yoast SEO plugin. -->","yoast_head_json":{"title":"t. XX (2023), \u2116 1 - Wschodni Rocznik Humanistyczny","robots":{"index":"index","follow":"follow","max-snippet":"max-snippet:-1","max-image-preview":"max-image-preview:large","max-video-preview":"max-video-preview:-1"},"canonical":"http:\/\/wrh.edu.pl\/?page_id=2917","og_locale":"pl_PL","og_type":"article","og_title":"t. XX (2023), \u2116 1 - Wschodni Rocznik Humanistyczny","og_description":"O szlachcie siedemnastowiecznejpod redakcj\u0105 Artura Goszczy\u0144skiego i Jaros\u0142awa Stolickiego RADA NAUKOWAprof. dr hab.\u00a0Rolf Fieguth, Uniwersytet we Fryburgu, Szwajcariaprof. dr\u00a0Oleg Witaljewicz Gorbaczow, Uralski Federalny Uniwersytet, Jekaterynburg, Rosjadr\u00a0Gediminas Kaz\u0117nas, Mykolas Romeris University, Wilno, Litwadr\u00a0Jussi Laine, University of Eastern Finland, Finlandiaprof. dr\u00a0Siergiej Walentinowicz Lubiczankowskij, Orenburski Uniwersytet Pa\u0144stwowy, Rosjaprof. dr hab.\u00a0Sigistas Narbutas, Biblioteka Naukowa im. Wr\u00f3blewskich w Wilnie, Litwadr\u00a0Janusz [&hellip;]","og_url":"http:\/\/wrh.edu.pl\/?page_id=2917","og_site_name":"Wschodni Rocznik Humanistyczny","article_modified_time":"2025-12-21T14:17:05+00:00","og_image":[{"url":"http:\/\/wrh.edu.pl\/wp-content\/uploads\/2023\/12\/383045547_691729656346029_5250286038032540909_n-703x1024.jpg","type":"","width":"","height":""}],"twitter_card":"summary_large_image","twitter_misc":{"Szacowany czas czytania":"7 minut"},"schema":{"@context":"https:\/\/schema.org","@graph":[{"@type":"WebPage","@id":"http:\/\/wrh.edu.pl\/?page_id=2917","url":"http:\/\/wrh.edu.pl\/?page_id=2917","name":"t. XX (2023), \u2116 1 - Wschodni Rocznik Humanistyczny","isPartOf":{"@id":"http:\/\/wrh.edu.pl\/#website"},"primaryImageOfPage":{"@id":"http:\/\/wrh.edu.pl\/?page_id=2917#primaryimage"},"image":{"@id":"http:\/\/wrh.edu.pl\/?page_id=2917#primaryimage"},"thumbnailUrl":"http:\/\/wrh.edu.pl\/wp-content\/uploads\/2023\/12\/383045547_691729656346029_5250286038032540909_n-703x1024.jpg","datePublished":"2023-02-14T08:32:34+00:00","dateModified":"2025-12-21T14:17:05+00:00","inLanguage":"pl-PL","potentialAction":[{"@type":"ReadAction","target":["http:\/\/wrh.edu.pl\/?page_id=2917"]}]},{"@type":"ImageObject","inLanguage":"pl-PL","@id":"http:\/\/wrh.edu.pl\/?page_id=2917#primaryimage","url":"http:\/\/wrh.edu.pl\/wp-content\/uploads\/2023\/12\/383045547_691729656346029_5250286038032540909_n-scaled.jpg","contentUrl":"http:\/\/wrh.edu.pl\/wp-content\/uploads\/2023\/12\/383045547_691729656346029_5250286038032540909_n-scaled.jpg","width":1759,"height":2560},{"@type":"WebSite","@id":"http:\/\/wrh.edu.pl\/#website","url":"http:\/\/wrh.edu.pl\/","name":"Wschodni Rocznik Humanistyczny","description":"Czasopismo naukowe","publisher":{"@id":"http:\/\/wrh.edu.pl\/#organization"},"potentialAction":[{"@type":"SearchAction","target":{"@type":"EntryPoint","urlTemplate":"http:\/\/wrh.edu.pl\/?s={search_term_string}"},"query-input":{"@type":"PropertyValueSpecification","valueRequired":true,"valueName":"search_term_string"}}],"inLanguage":"pl-PL"},{"@type":"Organization","@id":"http:\/\/wrh.edu.pl\/#organization","name":"Wschodni Rocznik Humanistyczny","url":"http:\/\/wrh.edu.pl\/","logo":{"@type":"ImageObject","inLanguage":"pl-PL","@id":"http:\/\/wrh.edu.pl\/#\/schema\/logo\/image\/","url":"http:\/\/wrh.edu.pl\/wp-content\/uploads\/2017\/07\/logo_01.jpg","contentUrl":"http:\/\/wrh.edu.pl\/wp-content\/uploads\/2017\/07\/logo_01.jpg","width":154,"height":183,"caption":"Wschodni Rocznik Humanistyczny"},"image":{"@id":"http:\/\/wrh.edu.pl\/#\/schema\/logo\/image\/"}}]}},"_links":{"self":[{"href":"http:\/\/wrh.edu.pl\/index.php?rest_route=\/wp\/v2\/pages\/2917","targetHints":{"allow":["GET"]}}],"collection":[{"href":"http:\/\/wrh.edu.pl\/index.php?rest_route=\/wp\/v2\/pages"}],"about":[{"href":"http:\/\/wrh.edu.pl\/index.php?rest_route=\/wp\/v2\/types\/page"}],"author":[{"embeddable":true,"href":"http:\/\/wrh.edu.pl\/index.php?rest_route=\/wp\/v2\/users\/2"}],"replies":[{"embeddable":true,"href":"http:\/\/wrh.edu.pl\/index.php?rest_route=%2Fwp%2Fv2%2Fcomments&post=2917"}],"version-history":[{"count":16,"href":"http:\/\/wrh.edu.pl\/index.php?rest_route=\/wp\/v2\/pages\/2917\/revisions"}],"predecessor-version":[{"id":3316,"href":"http:\/\/wrh.edu.pl\/index.php?rest_route=\/wp\/v2\/pages\/2917\/revisions\/3316"}],"wp:attachment":[{"href":"http:\/\/wrh.edu.pl\/index.php?rest_route=%2Fwp%2Fv2%2Fmedia&parent=2917"}],"curies":[{"name":"wp","href":"https:\/\/api.w.org\/{rel}","templated":true}]}}