{"id":2925,"date":"2023-02-14T09:38:09","date_gmt":"2023-02-14T08:38:09","guid":{"rendered":"http:\/\/wrh.edu.pl\/?page_id=2925"},"modified":"2025-12-21T15:13:56","modified_gmt":"2025-12-21T14:13:56","slug":"t-xx-2023-4","status":"publish","type":"page","link":"http:\/\/wrh.edu.pl\/?page_id=2925","title":{"rendered":"t. XX (2023), \u2116 4"},"content":{"rendered":"\r\n<h2><strong>Filozofia i nauki o polityce<br \/><\/strong>pod redakcj\u0105\u00a0Tomasza St\u0119pniewskiego i Andrzeja Szabaciuka<\/h2>\r\n<p>&nbsp;<\/p>\r\n<p><img loading=\"lazy\" decoding=\"async\" class=\"alignnone size-large wp-image-3081\" src=\"http:\/\/wrh.edu.pl\/wp-content\/uploads\/2023\/12\/385513682_209561928869848_5843194403665879881_n-680x1024.jpg\" alt=\"\" width=\"680\" height=\"1024\" srcset=\"http:\/\/wrh.edu.pl\/wp-content\/uploads\/2023\/12\/385513682_209561928869848_5843194403665879881_n-680x1024.jpg 680w, http:\/\/wrh.edu.pl\/wp-content\/uploads\/2023\/12\/385513682_209561928869848_5843194403665879881_n-199x300.jpg 199w, http:\/\/wrh.edu.pl\/wp-content\/uploads\/2023\/12\/385513682_209561928869848_5843194403665879881_n-768x1157.jpg 768w, http:\/\/wrh.edu.pl\/wp-content\/uploads\/2023\/12\/385513682_209561928869848_5843194403665879881_n-1020x1536.jpg 1020w, http:\/\/wrh.edu.pl\/wp-content\/uploads\/2023\/12\/385513682_209561928869848_5843194403665879881_n-1360x2048.jpg 1360w, http:\/\/wrh.edu.pl\/wp-content\/uploads\/2023\/12\/385513682_209561928869848_5843194403665879881_n-scaled.jpg 1699w\" sizes=\"auto, (max-width: 680px) 100vw, 680px\" \/><\/p>\r\n<p>RADA NAUKOWA<br \/>prof. dr hab.\u00a0<strong>Rolf Fieguth<\/strong>, Uniwersytet we Fryburgu, Szwajcaria<br \/>prof. dr\u00a0<strong>Oleg Witaljewicz Gorbaczow<\/strong>, Uralski Federalny Uniwersytet, Jekaterynburg, Rosja<br \/>dr\u00a0<strong>Gediminas Kaz\u0117nas<\/strong>, Mykolas Romeris University, Wilno, Litwa<br \/>dr\u00a0<strong>Jussi Laine<\/strong>, University of Eastern Finland, Finlandia<br \/>prof. dr\u00a0<strong>Siergiej Walentinowicz Lubiczankowskij<\/strong>, Orenburski Uniwersytet Pa\u0144stwowy, Rosja<br \/>prof. dr hab.\u00a0<strong>Sigistas Narbutas<\/strong>, Biblioteka Naukowa im. Wr\u00f3blewskich w Wilnie, Litwa<br \/>dr\u00a0<strong>Janusz Nowak<\/strong>, kierownik Archiwum i Zbioru R\u0119kopis\u00f3w Biblioteki xx Czartoryskich w Krakowie<br \/>dr\u00a0<strong>Pierre-Etienne Penot<\/strong>, The Catholic University of the Vand\u00e9e, La Roche-sur-Yon, Francja<br \/>prof. dr hab.\u00a0<strong>Miros\u0142aw Piotrowski<\/strong>, Katolicki Uniwersytet Lubelski<br \/>prof. dr hab.\u00a0<strong>Marek Plewczy\u0144ski<\/strong>, Uniwersytet Przyrodniczo-Humanistyczny w Siedlcach<br \/>prof. dr hab.\u00a0<strong>Krzysztof Skupie\u0144ski<\/strong>, Uniwersytet Marii Curie-Sk\u0142odowskiej w Lublinie<br \/>dr\u00a0<strong>George Soroka<\/strong>, Harvard University, USA<br \/>dr hab.\u00a0<strong>Maria Starnawska<\/strong>, Uniwersytet Przyrodniczo-Humanistyczny z Siedlcach<br \/>prof. dr\u00a0<strong>Walerij Leonidowicz Stiepanow<\/strong>, Instytut Ekonomiki Rosyjskiej Akademii Nauk, Moskwa, Rosja<br \/>prof. dr hab.\u00a0<strong>Tadeusz M. Trajdos<\/strong>, Instytut Historii Polskiej Akademii Nauk<br \/>dr hab.\u00a0<strong>Marek Wagner<\/strong>, prof. Uniwersytetu Przyrodniczo-Humanistycznego w Siedlcach<\/p>\r\n<p>REDAKCJA i KOLEGIUM REDAKCYJNE<br \/><strong>prof. dr hab. Leszek Gawor<\/strong>, Uniwersytet Rzeszowski, (dzia\u0142:\u00a0<strong>filozofia<\/strong>),<br \/><strong>dr Artur Goszczy\u0144ski<\/strong>\u00a0(sekretarz),<br \/><strong>dr hab.\u00a0Artur G\u00f3rak<\/strong>\u00a0(redaktor naczelny),<br \/><strong>prof. u. dr hab<\/strong>\u00a0<strong>Krzysztof Latawiec<\/strong>, Uniwersytet Marii Curie-Sk\u0142odowskiej, Lublin, (dzia\u0142:\u00a0<strong>historia<\/strong>),<br \/><strong>prof. u. dr hab. Dariusz Magier<\/strong>, Uniwersytet Przyrodniczo-Humanistyczny, Siedlce, (z-ca redaktora naczelnego),<br \/><strong>prof. dr Ludmi\u0142a Mazur<\/strong>, Uralski Uniwersytet Federalny im. pierwszego prezydenta Rosji B. N. Jelcyna, Jekaterynburg. Federacja Rosyjska, (dzia\u0142:\u00a0<strong>nauki o dokumencie i archiwach<\/strong>),<br \/><strong>prof. dr Ludmi\u0142a Posochowa<\/strong>, Charkowski Uniwersytet Narodowy im. W.N. Karazina, Ukraina, (dzia\u0142:\u00a0<strong>historia<\/strong>),<br \/><strong>prof. dr Adrian Selin<\/strong>, Uniwersytet Naukowo-Badawczy \u201eWy\u017csza Szko\u0142a Ekonomii w Sankt-Petersburgu, Federacja Rosyjska, (dzia\u0142:\u00a0<strong>historia<\/strong>)<br \/><strong>prof. u. dr hab.<\/strong>\u00a0<strong>Tomasz St\u0119pniewski<\/strong>, Katolicki Uniwersytet Lubelski, (dzia\u0142:\u00a0<strong>stosunki mi\u0119dzynarodowe<\/strong>),<br \/><strong>dr<\/strong>\u00a0<strong>Andrzej Szabaciuk<\/strong>, Katolicki Uniwersytet Lubelski,\u00a0(dzia\u0142:\u00a0<strong>politologia<\/strong>)<\/p>\r\n<p>CZASOPISMO RECENZOWANE: kolegium recenzent\u00f3w http:\/\/wrh.edu.pl\/kolegium-recenzentow\/<\/p>\r\n<p>Opracowanie graficzne, sk\u0142ad i \u0142amanie:\u00a0<strong>Tytus Przemys\u0142aw Krupski<\/strong><br \/>Korekta:\u00a0<strong>Robert St\u0119pie\u0144<\/strong>\u00a0(ang.),\u00a0<strong>Przemys\u0142aw Tytus Krupski\u00a0<\/strong>(pol.),\u00a0<strong>Artur G\u00f3rak<\/strong>\u00a0(ros.)<br \/>T\u0142umaczenia angielskie:\u00a0<strong>Robert St\u0119pie\u0144<\/strong>, rosyjskie:\u00a0<strong>Artur G\u00f3rak<\/strong><\/p>\r\n<p>Wydawca<strong>:\u00a0Towarzystwo Nauki i Kultury \u201eLibra\u201d<\/strong>, ul. Szeligowskiego 8\/97, 20-883 Lublin<br \/>\u00a9 ToNiK \u201eLibra\u201d<br \/>ISSN 1731-982X<\/p>\r\n<p>Pierwsze<\/p>\r\n<p><img loading=\"lazy\" decoding=\"async\" class=\"alignnone size-full wp-image-1798\" src=\"http:\/\/wrh.edu.pl\/wp-content\/uploads\/2020\/03\/0007-1-300x133-1.jpg\" alt=\"\" width=\"300\" height=\"133\" \/><\/p>\r\n<p><strong>Beata Surmacz, Dorota Litwin-Lewandowska, Konrad Paw\u0142owski <\/strong>(Uniwersytet Marii Curie-Sk\u0142odowskiej), <strong>Tomasz St\u0119pniewski <\/strong>(Katolicki Uniwersytet Lubelski)<strong><br \/><\/strong><a href=\"http:\/\/wrh.edu.pl\/wp-content\/uploads\/2023\/12\/wrh_2023_no4_01_pop2-1.pdf\">Kierunki geograficzne polityki zagranicznej Polski w XXI wieku<\/a><br \/><em>Geographic Orientations of Poland\u2019s Foreign Policy in the 21st Century<\/em><\/p>\r\n<p><em>\u00a0\u00a0\u00a0\u00a0\u00a0\u00a0\u00a0\u00a0\u00a0\u00a0\u00a0\u00a0\u00a0\u00a0\u00a0\u00a0\u00a0\u00a0\u00a0\u00a0\u00a0\u00a0\u00a0\u00a0\u00a0\u00a0\u00a0\u00a0\u00a0\u00a0\u00a0\u00a0\u00a0\u00a0\u00a0\u00a0\u00a0\u00a0\u00a0\u00a0\u00a0\u00a0\u00a0\u00a0\u00a0\u00a0\u00a0\u00a0\u00a0\u00a0\u00a0\u00a0\u00a0\u00a0\u00a0\u00a0\u00a0\u00a0\u00a0\u00a0\u00a0\u00a0\u00a0\u00a0\u00a0\u00a0\u00a0\u00a0\u00a0\u00a0\u00a0\u00a0\u00a0\u00a0\u00a0\u00a0\u00a0\u00a0\u00a0\u00a0\u00a0\u00a0\u00a0\u00a0\u00a0\u00a0\u00a0\u00a0\u00a0\u00a0\u00a0\u00a0\u00a0\u00a0\u00a0\u00a0\u00a0\u00a0\u00a0\u00a0\u00a0\u00a0\u00a0\u00a0\u00a0\u00a0\u00a0\u00a0\u00a0\u00a0\u00a0\u00a0\u00a0\u00a0\u00a0\u00a0\u00a0\u00a0\u00a0\u00a0\u00a0\u00a0\u00a0\u00a0\u00a0\u00a0\u00a0 <\/em><\/p>\r\n<p><strong>Marek Pietra\u015b, Konrad Paw\u0142owski, Tomasz Wicha <\/strong>(Uniwersytet Marii Curie-Sk\u0142odowskiej)<br \/><a href=\"http:\/\/wrh.edu.pl\/wp-content\/uploads\/2023\/12\/wrh_2023_no4_02.pdf\">Neorealistyczna i neoliberalna teoria stosunk\u00f3w mi\u0119dzynarodowych. Istota \u2013 warianty \u2013 ewolucja<\/a><br \/><em>The theories of neorealism and neoliberalism in international relations. The essence \u2013 the variables \u2013 the evolution<\/em><\/p>\r\n<p>&nbsp;<\/p>\r\n<p><strong>J\u00f3zef M. Fiszer <\/strong>(Polska Akademia Nauk)<br \/><a href=\"http:\/\/wrh.edu.pl\/wp-content\/uploads\/2023\/12\/wrh_2023_no4_03.pdf\">Russia&#8217;s aggression against Ukraine and the prospects for its accession to the Euro-Atlantic structures<\/a><br \/><em>Agresja Rosji na Ukrain\u0119 i perspektywy jej akcesji do struktur euroatlantyckich<\/em><\/p>\r\n<p><em>\u00a0<\/em><\/p>\r\n<p><strong>Anastazja Gajda <\/strong>(Szko\u0142a G\u0142\u00f3wna Handlowa)<br \/><a href=\"http:\/\/wrh.edu.pl\/wp-content\/uploads\/2023\/12\/wrh_2023_no4_04.pdf\">Cyfryzacja procedury wizowej i wzmacnianie ochrony granic zewn\u0119trznych Unii Europejskiej<\/a><br \/><em>Digitalisation of visa procedure and strengthening the protection of the European Union&#8217;s external borders<\/em><\/p>\r\n<p><em>\u00a0<\/em><\/p>\r\n<p><strong>Magdalena Lachowicz <\/strong>(Uniwersytet Adama Mickiewicza)<br \/><strong>Agnieszka Legucka <\/strong>(Akademii Finans\u00f3w i Biznesu Vistula, Polski Instytut Spraw Mi\u0119dzynarodowych)<br \/><a href=\"http:\/\/wrh.edu.pl\/wp-content\/uploads\/2023\/12\/wrh_2023_no4_05.pdf\">Pa\u0144stwa ba\u0142tyckie wobec rosyjskiej propagandy pokoju po 2022 roku<\/a><br \/><em>The Baltic states towards Russian peace propaganda after 2022<\/em><\/p>\r\n<p><em>\u00a0<\/em><\/p>\r\n<p><strong>Aneta B\u0105k-Pitucha <\/strong>(Katolicki Uniwersytet Lubelski)<br \/><a href=\"http:\/\/wrh.edu.pl\/wp-content\/uploads\/2023\/12\/wrh_2023_no4_06.pdf\">Political parties in Tajikistan \u2013 legal regulations and practice<\/a><br \/><em>Partie polityczne w Tad\u017cykistanie \u2013 regulacje prawne i praktyka<\/em><\/p>\r\n<p>&nbsp;<\/p>\r\n<p><strong>Viktor Denisenko <\/strong>(General Jonas \u017demaitis Military Academy of Lithuania)<br \/><a href=\"http:\/\/wrh.edu.pl\/wp-content\/uploads\/2023\/12\/wrh_2023_no4_07.pdf\">The chaos of polyphony of disinformation in social media: the case of Migrant Crisis in Lithuania (2021)<\/a><br \/><em>Chaos polifonii dezinformacji w mediach spo\u0142eczno\u015bciowych: przypadek kryzysu migracyjnego na Litwie (2021)<\/em><\/p>\r\n<p><em>\u00a0<\/em><\/p>\r\n<p><strong>Anna Szacho\u0144-Pszenny <\/strong>(Katolicki Uniwersytet Lubelski)<br \/><a href=\"http:\/\/wrh.edu.pl\/wp-content\/uploads\/2023\/12\/wrh_2023_no4_08.pdf\">Wojna w Ukrainie jako czynnik zmiany zasad przekraczania granicy zewn\u0119trznej Unii Europejskiej<\/a><br \/><em>The war in Ukraine as a change factor for the rules of crossing the European Union external border<\/em><\/p>\r\n<p>&nbsp;<\/p>\r\n<p><strong>Agnieszka Zar\u0119ba <\/strong>(Katolicki Uniwersytet Lubelski)<br \/><a href=\"http:\/\/wrh.edu.pl\/wp-content\/uploads\/2023\/12\/wrh_2023_no4_09.pdf\">Misje stabilizacyjne w ramach NATO jako czynnik bezpiecze\u0144stwa pa\u0144stwa polskiego w kontek\u015bcie powstania Wojsk Obrony Terytorialnej<\/a><br \/><em>The NATO\u2019s stabilisation missions as security factor of Polish state in the context of establishment of the Territorial Defence Force<\/em><\/p>\r\n<p><em>\u00a0<\/em><\/p>\r\n<p><strong>Andrzej Nowakowski <\/strong>(Uniwersytet Marii Curie-Sk\u0142odowskiej)<br \/><a href=\"http:\/\/wrh.edu.pl\/wp-content\/uploads\/2023\/12\/wrh_2023_no4_10.pdf\">Struktura wolnego Podmiotu<\/a><br \/><em>The structure of a free entity<\/em><\/p>\r\n<p><em>\u00a0<\/em><\/p>\r\n<p><strong>Marcin Subczak <\/strong>(Uniwersytet Rzeszowski)<br \/><a href=\"http:\/\/wrh.edu.pl\/wp-content\/uploads\/2023\/12\/wrh_2023_no4_11.pdf\">Konwersja duszy (periagoge) w filozofii Platona<\/a><br \/><em>The conversion of a soul (periagoge) in the Plato\u2019s philosophy\u00a0\u00a0\u00a0\u00a0\u00a0\u00a0<\/em><\/p>\r\n<p><em>\u00a0\u00a0\u00a0\u00a0\u00a0\u00a0\u00a0\u00a0\u00a0\u00a0\u00a0\u00a0\u00a0\u00a0\u00a0\u00a0\u00a0\u00a0\u00a0\u00a0\u00a0\u00a0\u00a0\u00a0\u00a0\u00a0\u00a0\u00a0\u00a0\u00a0\u00a0\u00a0\u00a0 <\/em><\/p>\r\n<p><em>\u00a0 <img decoding=\"async\" src=\"http:\/\/wrh.edu.pl\/wp-content\/uploads\/2019\/04\/Varia.jpg\" \/>\u00a0 \u00a0 \u00a0 \u00a0 \u00a0 \u00a0 \u00a0 \u00a0 \u00a0 \u00a0 \u00a0 \u00a0 \u00a0 \u00a0 \u00a0 \u00a0 \u00a0 \u00a0 \u00a0 \u00a0 \u00a0 \u00a0 \u00a0 \u00a0 \u00a0 \u00a0 \u00a0 \u00a0 \u00a0 \u00a0 \u00a0 \u00a0 \u00a0 \u00a0 \u00a0 \u00a0 \u00a0 \u00a0 \u00a0 \u00a0 \u00a0 \u00a0 \u00a0 \u00a0 \u00a0 \u00a0 \u00a0 \u00a0 \u00a0 \u00a0 \u00a0 \u00a0 \u00a0 \u00a0 \u00a0 \u00a0 \u00a0 \u00a0 \u00a0 \u00a0<\/em><\/p>\r\n<p><strong>\u00a0<\/strong><strong>Damian B\u0119bnowski <\/strong>(Uniwersytet \u0141\u00f3dzki, Fundacja Janusza Kurtyki)<br \/><a href=\"http:\/\/wrh.edu.pl\/wp-content\/uploads\/2023\/12\/wrh_2023_no4_13.pdf\">Globalization of Historiography: The Katyn Massacre in the International Publishing Activity of the Janusz Kurtyka Foundation in Warsaw<\/a><br \/><em>Globalizacja historiografii: Zbrodnia Katy\u0144ska w mi\u0119dzynarodowej dzia\u0142alno\u015bci wydawniczej Fundacji Janusza Kurtyki w Warszawie<\/em><\/p>\r\n<p><em>\u00a0<\/em><\/p>\r\n<p><em>Notes about the Authors<\/em><\/p>\r\n","protected":false},"excerpt":{"rendered":"<p>Filozofia i nauki o politycepod redakcj\u0105\u00a0Tomasza St\u0119pniewskiego i Andrzeja Szabaciuka &nbsp; RADA NAUKOWAprof. dr hab.\u00a0Rolf Fieguth, Uniwersytet we Fryburgu, Szwajcariaprof. dr\u00a0Oleg Witaljewicz Gorbaczow, Uralski Federalny Uniwersytet, Jekaterynburg, Rosjadr\u00a0Gediminas Kaz\u0117nas, Mykolas Romeris University, Wilno, Litwadr\u00a0Jussi Laine, University of Eastern Finland, Finlandiaprof. dr\u00a0Siergiej Walentinowicz Lubiczankowskij, Orenburski Uniwersytet Pa\u0144stwowy, Rosjaprof. dr hab.\u00a0Sigistas Narbutas, Biblioteka Naukowa im. Wr\u00f3blewskich w [&hellip;]<\/p>\n","protected":false},"author":2,"featured_media":0,"parent":0,"menu_order":44,"comment_status":"closed","ping_status":"closed","template":"","meta":{"footnotes":""},"class_list":["post-2925","page","type-page","status-publish","hentry"],"yoast_head":"<!-- This site is optimized with the Yoast SEO plugin v27.4 - https:\/\/yoast.com\/product\/yoast-seo-wordpress\/ -->\n<title>t. XX (2023), \u2116 4 - Wschodni Rocznik Humanistyczny<\/title>\n<meta name=\"robots\" content=\"index, follow, max-snippet:-1, max-image-preview:large, max-video-preview:-1\" \/>\n<link rel=\"canonical\" href=\"http:\/\/wrh.edu.pl\/?page_id=2925\" \/>\n<meta property=\"og:locale\" content=\"pl_PL\" \/>\n<meta property=\"og:type\" content=\"article\" \/>\n<meta property=\"og:title\" content=\"t. XX (2023), \u2116 4 - Wschodni Rocznik Humanistyczny\" \/>\n<meta property=\"og:description\" content=\"Filozofia i nauki o politycepod redakcj\u0105\u00a0Tomasza St\u0119pniewskiego i Andrzeja Szabaciuka &nbsp; RADA NAUKOWAprof. dr hab.\u00a0Rolf Fieguth, Uniwersytet we Fryburgu, Szwajcariaprof. dr\u00a0Oleg Witaljewicz Gorbaczow, Uralski Federalny Uniwersytet, Jekaterynburg, Rosjadr\u00a0Gediminas Kaz\u0117nas, Mykolas Romeris University, Wilno, Litwadr\u00a0Jussi Laine, University of Eastern Finland, Finlandiaprof. dr\u00a0Siergiej Walentinowicz Lubiczankowskij, Orenburski Uniwersytet Pa\u0144stwowy, Rosjaprof. dr hab.\u00a0Sigistas Narbutas, Biblioteka Naukowa im. Wr\u00f3blewskich w [&hellip;]\" \/>\n<meta property=\"og:url\" content=\"http:\/\/wrh.edu.pl\/?page_id=2925\" \/>\n<meta property=\"og:site_name\" content=\"Wschodni Rocznik Humanistyczny\" \/>\n<meta property=\"article:modified_time\" content=\"2025-12-21T14:13:56+00:00\" \/>\n<meta property=\"og:image\" content=\"http:\/\/wrh.edu.pl\/wp-content\/uploads\/2023\/12\/385513682_209561928869848_5843194403665879881_n-680x1024.jpg\" \/>\n<meta name=\"twitter:card\" content=\"summary_large_image\" \/>\n<meta name=\"twitter:label1\" content=\"Szacowany czas czytania\" \/>\n\t<meta name=\"twitter:data1\" content=\"5 minut\" \/>\n<script type=\"application\/ld+json\" class=\"yoast-schema-graph\">{\"@context\":\"https:\\\/\\\/schema.org\",\"@graph\":[{\"@type\":\"WebPage\",\"@id\":\"http:\\\/\\\/wrh.edu.pl\\\/?page_id=2925\",\"url\":\"http:\\\/\\\/wrh.edu.pl\\\/?page_id=2925\",\"name\":\"t. XX (2023), \u2116 4 - Wschodni Rocznik Humanistyczny\",\"isPartOf\":{\"@id\":\"http:\\\/\\\/wrh.edu.pl\\\/#website\"},\"primaryImageOfPage\":{\"@id\":\"http:\\\/\\\/wrh.edu.pl\\\/?page_id=2925#primaryimage\"},\"image\":{\"@id\":\"http:\\\/\\\/wrh.edu.pl\\\/?page_id=2925#primaryimage\"},\"thumbnailUrl\":\"http:\\\/\\\/wrh.edu.pl\\\/wp-content\\\/uploads\\\/2023\\\/12\\\/385513682_209561928869848_5843194403665879881_n-680x1024.jpg\",\"datePublished\":\"2023-02-14T08:38:09+00:00\",\"dateModified\":\"2025-12-21T14:13:56+00:00\",\"inLanguage\":\"pl-PL\",\"potentialAction\":[{\"@type\":\"ReadAction\",\"target\":[\"http:\\\/\\\/wrh.edu.pl\\\/?page_id=2925\"]}]},{\"@type\":\"ImageObject\",\"inLanguage\":\"pl-PL\",\"@id\":\"http:\\\/\\\/wrh.edu.pl\\\/?page_id=2925#primaryimage\",\"url\":\"http:\\\/\\\/wrh.edu.pl\\\/wp-content\\\/uploads\\\/2023\\\/12\\\/385513682_209561928869848_5843194403665879881_n-scaled.jpg\",\"contentUrl\":\"http:\\\/\\\/wrh.edu.pl\\\/wp-content\\\/uploads\\\/2023\\\/12\\\/385513682_209561928869848_5843194403665879881_n-scaled.jpg\",\"width\":1699,\"height\":2560},{\"@type\":\"WebSite\",\"@id\":\"http:\\\/\\\/wrh.edu.pl\\\/#website\",\"url\":\"http:\\\/\\\/wrh.edu.pl\\\/\",\"name\":\"Wschodni Rocznik Humanistyczny\",\"description\":\"Czasopismo naukowe\",\"publisher\":{\"@id\":\"http:\\\/\\\/wrh.edu.pl\\\/#organization\"},\"potentialAction\":[{\"@type\":\"SearchAction\",\"target\":{\"@type\":\"EntryPoint\",\"urlTemplate\":\"http:\\\/\\\/wrh.edu.pl\\\/?s={search_term_string}\"},\"query-input\":{\"@type\":\"PropertyValueSpecification\",\"valueRequired\":true,\"valueName\":\"search_term_string\"}}],\"inLanguage\":\"pl-PL\"},{\"@type\":\"Organization\",\"@id\":\"http:\\\/\\\/wrh.edu.pl\\\/#organization\",\"name\":\"Wschodni Rocznik Humanistyczny\",\"url\":\"http:\\\/\\\/wrh.edu.pl\\\/\",\"logo\":{\"@type\":\"ImageObject\",\"inLanguage\":\"pl-PL\",\"@id\":\"http:\\\/\\\/wrh.edu.pl\\\/#\\\/schema\\\/logo\\\/image\\\/\",\"url\":\"http:\\\/\\\/wrh.edu.pl\\\/wp-content\\\/uploads\\\/2017\\\/07\\\/logo_01.jpg\",\"contentUrl\":\"http:\\\/\\\/wrh.edu.pl\\\/wp-content\\\/uploads\\\/2017\\\/07\\\/logo_01.jpg\",\"width\":154,\"height\":183,\"caption\":\"Wschodni Rocznik Humanistyczny\"},\"image\":{\"@id\":\"http:\\\/\\\/wrh.edu.pl\\\/#\\\/schema\\\/logo\\\/image\\\/\"}}]}<\/script>\n<!-- \/ Yoast SEO plugin. -->","yoast_head_json":{"title":"t. XX (2023), \u2116 4 - Wschodni Rocznik Humanistyczny","robots":{"index":"index","follow":"follow","max-snippet":"max-snippet:-1","max-image-preview":"max-image-preview:large","max-video-preview":"max-video-preview:-1"},"canonical":"http:\/\/wrh.edu.pl\/?page_id=2925","og_locale":"pl_PL","og_type":"article","og_title":"t. XX (2023), \u2116 4 - Wschodni Rocznik Humanistyczny","og_description":"Filozofia i nauki o politycepod redakcj\u0105\u00a0Tomasza St\u0119pniewskiego i Andrzeja Szabaciuka &nbsp; RADA NAUKOWAprof. dr hab.\u00a0Rolf Fieguth, Uniwersytet we Fryburgu, Szwajcariaprof. dr\u00a0Oleg Witaljewicz Gorbaczow, Uralski Federalny Uniwersytet, Jekaterynburg, Rosjadr\u00a0Gediminas Kaz\u0117nas, Mykolas Romeris University, Wilno, Litwadr\u00a0Jussi Laine, University of Eastern Finland, Finlandiaprof. dr\u00a0Siergiej Walentinowicz Lubiczankowskij, Orenburski Uniwersytet Pa\u0144stwowy, Rosjaprof. dr hab.\u00a0Sigistas Narbutas, Biblioteka Naukowa im. Wr\u00f3blewskich w [&hellip;]","og_url":"http:\/\/wrh.edu.pl\/?page_id=2925","og_site_name":"Wschodni Rocznik Humanistyczny","article_modified_time":"2025-12-21T14:13:56+00:00","og_image":[{"url":"http:\/\/wrh.edu.pl\/wp-content\/uploads\/2023\/12\/385513682_209561928869848_5843194403665879881_n-680x1024.jpg","type":"","width":"","height":""}],"twitter_card":"summary_large_image","twitter_misc":{"Szacowany czas czytania":"5 minut"},"schema":{"@context":"https:\/\/schema.org","@graph":[{"@type":"WebPage","@id":"http:\/\/wrh.edu.pl\/?page_id=2925","url":"http:\/\/wrh.edu.pl\/?page_id=2925","name":"t. XX (2023), \u2116 4 - Wschodni Rocznik Humanistyczny","isPartOf":{"@id":"http:\/\/wrh.edu.pl\/#website"},"primaryImageOfPage":{"@id":"http:\/\/wrh.edu.pl\/?page_id=2925#primaryimage"},"image":{"@id":"http:\/\/wrh.edu.pl\/?page_id=2925#primaryimage"},"thumbnailUrl":"http:\/\/wrh.edu.pl\/wp-content\/uploads\/2023\/12\/385513682_209561928869848_5843194403665879881_n-680x1024.jpg","datePublished":"2023-02-14T08:38:09+00:00","dateModified":"2025-12-21T14:13:56+00:00","inLanguage":"pl-PL","potentialAction":[{"@type":"ReadAction","target":["http:\/\/wrh.edu.pl\/?page_id=2925"]}]},{"@type":"ImageObject","inLanguage":"pl-PL","@id":"http:\/\/wrh.edu.pl\/?page_id=2925#primaryimage","url":"http:\/\/wrh.edu.pl\/wp-content\/uploads\/2023\/12\/385513682_209561928869848_5843194403665879881_n-scaled.jpg","contentUrl":"http:\/\/wrh.edu.pl\/wp-content\/uploads\/2023\/12\/385513682_209561928869848_5843194403665879881_n-scaled.jpg","width":1699,"height":2560},{"@type":"WebSite","@id":"http:\/\/wrh.edu.pl\/#website","url":"http:\/\/wrh.edu.pl\/","name":"Wschodni Rocznik Humanistyczny","description":"Czasopismo naukowe","publisher":{"@id":"http:\/\/wrh.edu.pl\/#organization"},"potentialAction":[{"@type":"SearchAction","target":{"@type":"EntryPoint","urlTemplate":"http:\/\/wrh.edu.pl\/?s={search_term_string}"},"query-input":{"@type":"PropertyValueSpecification","valueRequired":true,"valueName":"search_term_string"}}],"inLanguage":"pl-PL"},{"@type":"Organization","@id":"http:\/\/wrh.edu.pl\/#organization","name":"Wschodni Rocznik Humanistyczny","url":"http:\/\/wrh.edu.pl\/","logo":{"@type":"ImageObject","inLanguage":"pl-PL","@id":"http:\/\/wrh.edu.pl\/#\/schema\/logo\/image\/","url":"http:\/\/wrh.edu.pl\/wp-content\/uploads\/2017\/07\/logo_01.jpg","contentUrl":"http:\/\/wrh.edu.pl\/wp-content\/uploads\/2017\/07\/logo_01.jpg","width":154,"height":183,"caption":"Wschodni Rocznik Humanistyczny"},"image":{"@id":"http:\/\/wrh.edu.pl\/#\/schema\/logo\/image\/"}}]}},"_links":{"self":[{"href":"http:\/\/wrh.edu.pl\/index.php?rest_route=\/wp\/v2\/pages\/2925","targetHints":{"allow":["GET"]}}],"collection":[{"href":"http:\/\/wrh.edu.pl\/index.php?rest_route=\/wp\/v2\/pages"}],"about":[{"href":"http:\/\/wrh.edu.pl\/index.php?rest_route=\/wp\/v2\/types\/page"}],"author":[{"embeddable":true,"href":"http:\/\/wrh.edu.pl\/index.php?rest_route=\/wp\/v2\/users\/2"}],"replies":[{"embeddable":true,"href":"http:\/\/wrh.edu.pl\/index.php?rest_route=%2Fwp%2Fv2%2Fcomments&post=2925"}],"version-history":[{"count":11,"href":"http:\/\/wrh.edu.pl\/index.php?rest_route=\/wp\/v2\/pages\/2925\/revisions"}],"predecessor-version":[{"id":3544,"href":"http:\/\/wrh.edu.pl\/index.php?rest_route=\/wp\/v2\/pages\/2925\/revisions\/3544"}],"wp:attachment":[{"href":"http:\/\/wrh.edu.pl\/index.php?rest_route=%2Fwp%2Fv2%2Fmedia&parent=2925"}],"curies":[{"name":"wp","href":"https:\/\/api.w.org\/{rel}","templated":true}]}}