{"id":3220,"date":"2024-09-20T09:59:33","date_gmt":"2024-09-20T08:59:33","guid":{"rendered":"http:\/\/wrh.edu.pl\/?page_id=3220"},"modified":"2025-12-21T15:22:16","modified_gmt":"2025-12-21T14:22:16","slug":"t-xxi-2024-%e2%84%96","status":"publish","type":"page","link":"http:\/\/wrh.edu.pl\/?page_id=3220","title":{"rendered":"T. XXI (2024), \u2116 3"},"content":{"rendered":"\r\n\r\n\r\n<p><strong>WSCHODNI ROCZNIK HUMANISTYCZNY<\/strong><br \/>TOM XXI (2024) No 3<br \/><em>Dzieje biurokracji. Administracja pa\u0144stwowa i ko\u015bcielna<\/em><br \/>pod redakcj\u0105 Artura G\u00f3raka<\/p>\r\n<p><br \/><strong>EASTERN HUMANISTIC ANNALS<\/strong><br \/>vol. XXI (2024), No 3<br \/><em>The History of Bureaucracy. State and church administration<\/em><br \/>edited by Artur G\u00f3rak<\/p>\r\n\r\n\r\n\r\n<figure class=\"wp-block-image size-large\"><img loading=\"lazy\" decoding=\"async\" width=\"722\" height=\"1024\" class=\"wp-image-3227\" src=\"http:\/\/wrh.edu.pl\/wp-content\/uploads\/2024\/09\/nowy-1-722x1024.jpg\" alt=\"\" srcset=\"http:\/\/wrh.edu.pl\/wp-content\/uploads\/2024\/09\/nowy-1-722x1024.jpg 722w, http:\/\/wrh.edu.pl\/wp-content\/uploads\/2024\/09\/nowy-1-212x300.jpg 212w, http:\/\/wrh.edu.pl\/wp-content\/uploads\/2024\/09\/nowy-1-768x1089.jpg 768w, http:\/\/wrh.edu.pl\/wp-content\/uploads\/2024\/09\/nowy-1-1083x1536.jpg 1083w, http:\/\/wrh.edu.pl\/wp-content\/uploads\/2024\/09\/nowy-1-1444x2048.jpg 1444w, http:\/\/wrh.edu.pl\/wp-content\/uploads\/2024\/09\/nowy-1.jpg 1472w\" sizes=\"auto, (max-width: 722px) 100vw, 722px\" \/><\/figure>\r\n\r\n\r\n\r\n<p>WSCHODNI ROCZNIK HUMANISTYCZNY http:\/\/wrh.edu.pl<\/p>\r\n<p>EASTERN HUMANISTIC ANNALS<\/p>\r\n<p>Peer reviewed journal. List of reviewers: http:\/\/wrh.edu.pl\/kolegium-recenzentow\/<\/p>\r\n<p><strong>Scientific editor of the volume: <\/strong>Artur G\u00f3rak<\/p>\r\n<p><strong>Editorial Council<br \/><\/strong>prof. <strong>Rolf Fieguth <\/strong>(Universit\u00e9 de Fribourg \/ Universit\u00e4t Freiburg, Switzerland), prof. PhD <strong>Gediminas Kaz\u0117nas <\/strong>(Mykolas Romeris University, Vilnius, Lithuania), PhD <strong>Jussi Laine <\/strong>(University of Eastern Finland), prof. <strong>Sigistas Narbutas <\/strong>(Scientific Library Wr\u00f3blewscy in Vilnius, Lithuania), PhD <strong>Janusz Nowak <\/strong>(The Princes Czartoryski Library. National Museum in Krakow, Poland), PhD <strong>Pierre-Etienne Penot <\/strong>(The Catholic University of the Vandee, La Roche-sur-Yon, France), prof. <strong>Miros\u0142aw Piotrowski<\/strong>, (The John Paul II Catholic University of Lublin, Poland), prof. <strong>Marek Plewczy\u0144ski<\/strong> (University of Siedlce, Poland), prof. <strong>Krzysztof Skupie\u0144ski <\/strong>(Maria Curie-Sk\u0142odowska University in Lublin, Poland), PhD <strong>George Soroka <\/strong>(Harvard University, \u00a0USA), prof. <strong>Maria Starnawska<\/strong> (University of Siedlce, Poland), prof. <strong>Tadeusz M. Trajdos <\/strong>(Institute of History, Polish Academy of Science, Warsaw, Poland), prof. <strong>Marek Wagner <\/strong>(University of Siedlce).<\/p>\r\n<p><strong>Editorial Staff<br \/><\/strong>EDITOR IN CHIEF: <strong>Ludmila Posokhova (Kharkiv)<\/strong>; VICE-EDITOR: <strong>Dariusz Magier (Siedlce)<\/strong>; EXECUTIVE SECRETARY ASSOCIATE: <strong>Artur Goszczy\u0144ski (Siedlce)<\/strong>. SECTION EDITORS: Historical Studies \u2013 <strong>Yulia Kiselova<\/strong> <strong>(Kharkiv),<\/strong> <strong>Artur G\u00f3rak (Warszawa),<\/strong> <strong>Krzysztof Latawiec (Lublin)<\/strong>; Philosophy \u2013 vacat; Political Sciences and Administration &#8211; vacat.<br \/>LANGUAGE EDITORS<strong>: Robert St\u0119pie\u0144<\/strong> (English), <strong>Przemys\u0142aw Tytus Krupski<\/strong> (Polish),<strong> Artur G\u00f3rak <\/strong>(Russian).<br \/>GRAPHIC DESIGN AND TECHNICAL EDITING: <strong>Przemys\u0142aw Tytus Krupski.<\/strong><\/p>\r\n<p>Founded by: Towarzystwo Nauki i Kultury \u201eLibra\u201d<br \/>\u00a9 ToNiK \u201eLibra\u201d<br \/>ISSN 1731-982X<\/p>\r\n<p><img decoding=\"async\" src=\"http:\/\/wrh.edu.pl\/wp-content\/uploads\/2020\/03\/0007-1-300x133-1.jpg\" \/><\/p>\r\n<p>&nbsp;<\/p>\r\n<p><strong>Waldemar Graczyk<\/strong> (Uniwersytet Kardyna\u0142a Stefana Wyszy\u0144skiego)<br \/><a href=\"http:\/\/wrh.edu.pl\/wp-content\/uploads\/2024\/09\/Graczyk_WRH_no_21_no_3_2024.pdf\">\u015aredniowieczne fundacje klasztorne na Mazowszu w granicach diecezji p\u0142ockiej,<\/a> WRH, t. XXI, nr 3, s. 7 -18<br \/><em>Medieval monastic foundations in Masovia within the borders of the P\u0142ock diocese <\/em><\/p>\r\n<p>&nbsp;<\/p>\r\n<p><strong>Karol Wilczy\u0144ski<\/strong> (Uniwersytet Kardyna\u0142a Stefana Wyszy\u0144skiego)<br \/><a href=\"http:\/\/wrh.edu.pl\/wp-content\/uploads\/2024\/09\/Wilczynski_WRH_21_no_3_2024.pdf\">Zarys relacji biskup\u00f3w p\u0142ockich z zakonem bo\u017cogrobc\u00f3w na Mazowszu P\u00f3\u0142nocnym do 1526 r.<\/a>, WRH, t. XXI, nr 3, s. 19 &#8211; 32<br \/><em>Outline of the relations between the bishops of P\u0142ock and the Order of the Holy Sepulcher in Northern Mazovia until 1526 <\/em><\/p>\r\n<p>&nbsp;<\/p>\r\n<p><strong>Vlad Mischevca<\/strong> (Universitatea de stat din Moldova) <br \/><a href=\"http:\/\/wrh.edu.pl\/wp-content\/uploads\/2024\/09\/Mischevca_WRH_no_21_no_3_2024.pdf\">Pocz\u0105tki rosyjskiej administracji w Besarabii (1806\/1812-1818)<\/a>, WRH, t. XXI, nr 3, s. 33 -54<br \/><em>Beginning of the Russian administration of Bessarabia (1806\/1812\u20131818) <\/em><\/p>\r\n<p>&nbsp;<\/p>\r\n<p><strong>Pawe\u0142 Cicho\u0144<\/strong> (Uniwersytet Jagiello\u0144ski)<br \/><a href=\"http:\/\/wrh.edu.pl\/wp-content\/uploads\/2024\/09\/Cichon_WRH_no_21_no_3_2024.pdf\">Biuro Policji Po\u015bredniej w Wolnym Mie\u015bcie Krakowie,<\/a> WRH, t. XXI, nr 3, s. 55 &#8211; 78<br \/><em>The Intermediate Police Office of the Free City of Krak\u00f3w (1816-1827) <\/em><\/p>\r\n<p>&nbsp;<\/p>\r\n<p><strong>Bartosz Drzewiecki<\/strong> (Uniwersytet Pedagogiczny w Krakowie)<br \/><a href=\"http:\/\/wrh.edu.pl\/wp-content\/uploads\/2024\/09\/Drzewiecki_WRH_no_21_no_3_2024.pdf\">Archiwariusz Senatu Wolnego Miasta Krakowa i jego zmagania z urz\u0119dnicz\u0105 niekompetencj\u0105<\/a>, WRH, t. XXI, nr 3, s. 79 &#8211; 88<br \/><em>The struggles of the archivist of the Senate of the Free City of Krakow with official incompetence <\/em><\/p>\r\n<p>&nbsp;<\/p>\r\n<p><strong>David Kolumber<\/strong> (Uniwersytetu Masaryka, Brno)<br \/><a href=\"http:\/\/wrh.edu.pl\/wp-content\/uploads\/2024\/09\/Kolumber_WRH_no_21_no_3_2024.pdf\">Rok 1848 i jego znaczenie dla narodzin nowoczesnego pa\u0144stwa: przyk\u0142ad czeski (morawski)<\/a>, WRH, t. XXI, nr 3, s. 89 &#8211; 108<br \/><em>The Year 1848 and Its Significance for the Birth of the Modern State: The Czech (Moravian) Example<\/em><\/p>\r\n<p>&nbsp;<\/p>\r\n<p><strong>Valentina Shandra<\/strong> (Institute for History-National Academy of Sciences of Ukraine)<br \/><a href=\"http:\/\/wrh.edu.pl\/wp-content\/uploads\/2024\/09\/Shandra_WRH_no_21_no_3_2024.pdf\">\u0413\u0435\u043d\u0435\u0440\u0430\u043b-\u0433\u0443\u0431\u0435\u0440\u043d\u0430\u0442\u043e\u0440\u0441\u0442\u0432\u0430 \u044f\u043a \u0444\u043e\u0440\u043c\u0430 \u0443\u043f\u0440\u0430\u0432\u043b\u0456\u043d\u043d\u044f \u0443\u043a\u0440\u0430\u0457\u043d\u0441\u044c\u043a\u0438\u043c\u0438 \u0442\u0435\u0440\u0438\u0442\u043e\u0440\u0456\u044f\u043c\u0438 \u0420\u043e\u0441\u0456\u0439\u0441\u044c\u043a\u043e\u0457 \u0456\u043c\u043f\u0435\u0440\u0456\u0457 (\u0425\u0406\u0425- \u043f\u043e\u0447\u0430\u0442\u043e\u043a \u0425\u0425 \u0441\u0442.)<\/a>, WRH, t. XXI, nr 3, s. 109 &#8211; 126<\/p>\r\n<p><em>Governorships as a form of administration of the Russian Empire over Ukrainian territories (XIX-early XX centuries) <\/em><\/p>\r\n<p>&nbsp;<\/p>\r\n<p><strong>Artur G\u00f3rak<\/strong> (Uniwersytet Kardyna\u0142a Stefana Wyszy\u0144skiego)<br \/><a href=\"http:\/\/wrh.edu.pl\/wp-content\/uploads\/2024\/09\/Gorak_WRH_no_21_no_3_2024.pdf\">Koczuj\u0105ca elita. Rotacja na stanowiskach naczelnik\u00f3w rosyjskich urz\u0119d\u00f3w w Kr\u00f3lestwie Polskim w kontek\u015bcie \u017cycia codziennego<\/a>, WRH, t. XXI, nr 3, s. 127 &#8211; 144<br \/><em>The nomadic elite. <\/em><em>Rotation of the heads of Russian authorities in the Kingdom of Poland in the context of everyday life <\/em><\/p>\r\n<p>&nbsp;<\/p>\r\n<p><strong>Jacek Legie\u0107<\/strong> (Uniwersytet Jana Kochanowskiego)<br \/><a href=\"http:\/\/wrh.edu.pl\/wp-content\/uploads\/2024\/09\/Legiec_WRH_no_21_no_3_2024.pdf\">Czworono\u017cni rezerwi\u015bci. Powinno\u015b\u0107 wojskowa koni w Rosji i Kr\u00f3lestwie Polskim w latach 1876-1914 \u2013 zarys problematyki<\/a>, WRH, t. XXI, nr 3, s. 143 &#8211; 160<br \/><em>Four-legged reservists. <\/em><em>Military duty of horses in Russia and the Kingdom of Poland in the years 1876-1914 \u2013 an outline of the problem <\/em><\/p>\r\n<p>&nbsp;<\/p>\r\n<p><strong>Damian Szymczak<\/strong> (Uniwersytet Adama Mickiewicza)<br \/><a href=\"http:\/\/wrh.edu.pl\/wp-content\/uploads\/2024\/09\/Szymczak_WRH_no_21_no_3_2024.pdf\">Kanclerz, ambasador czy cesarski minister? Minister dla Galicji w systemie politycznym galicyjskiej autonomii (1871-1918)<\/a>, WRH, t. XXI, nr 3, s. 161 &#8211; 174<br \/><em>Galician Chancellor, Galician Ambassador or Imperial Minister? The Minister for Galicia in the political system of the Galician autonomy and the Habsburg Monarchy (1871-1918)<\/em><\/p>\r\n<p>&nbsp;<\/p>\r\n<p><strong>Mariusz Kulik<\/strong> (Instytut Historii Polskiej Akademii Nauk)<br \/><a href=\"http:\/\/wrh.edu.pl\/wp-content\/uploads\/2024\/09\/Kulik_WRH_no_21_no_3_2024.pdf\">Zarz\u0105dzanie twierdz\u0105. Organizacja twierdzy Iwangorod (D\u0119blin)<\/a>, WRH, t. XXI, nr 3, s. 175 &#8211; 194<br \/><em>Fortress management. Organization of the Ivangorod (D\u0119blin) fortress <\/em><\/p>\r\n<p>&nbsp;<\/p>\r\n<p><strong>Yulia Kiselova<\/strong> (Karazin Kharkiv National University)<br \/><a href=\"http:\/\/wrh.edu.pl\/wp-content\/uploads\/2024\/09\/Kiselyova_WRH_no_21_no_3_2024.pdf\">On the Genesis of the Soviet Bureaucratic Language of Academic Management during the 1920s<\/a>, WRH, t. XXI, nr 3, s. 195 -210<br \/><em>O genezie radzieckiego j\u0119zyka biurokratycznego w zarz\u0105dzaniu akademickim w latach dwudziestych XX wieku <\/em><\/p>\r\n<p>&nbsp;<\/p>\r\n<p><a href=\"http:\/\/wrh.edu.pl\/wp-content\/uploads\/2024\/09\/Noty_WRH_no_21_no_3_2024.pdf\"><em>Noty o Autorach<\/em><\/a>, s. 211-213<br \/>Notes about the Authors<\/p>\r\n","protected":false},"excerpt":{"rendered":"<p>WSCHODNI ROCZNIK HUMANISTYCZNYTOM XXI (2024) No 3Dzieje biurokracji. Administracja pa\u0144stwowa i ko\u015bcielnapod redakcj\u0105 Artura G\u00f3raka EASTERN HUMANISTIC ANNALSvol. XXI (2024), No 3The History of Bureaucracy. State and church administrationedited by Artur G\u00f3rak WSCHODNI ROCZNIK HUMANISTYCZNY http:\/\/wrh.edu.pl EASTERN HUMANISTIC ANNALS Peer reviewed journal. List of reviewers: http:\/\/wrh.edu.pl\/kolegium-recenzentow\/ Scientific editor of the volume: Artur G\u00f3rak Editorial Councilprof. [&hellip;]<\/p>\n","protected":false},"author":2,"featured_media":0,"parent":0,"menu_order":47,"comment_status":"closed","ping_status":"closed","template":"","meta":{"footnotes":""},"class_list":["post-3220","page","type-page","status-publish","hentry"],"yoast_head":"<!-- This site is optimized with the Yoast SEO plugin v27.4 - https:\/\/yoast.com\/product\/yoast-seo-wordpress\/ -->\n<title>T. XXI (2024), \u2116 3 - Wschodni Rocznik Humanistyczny<\/title>\n<meta name=\"robots\" content=\"index, follow, max-snippet:-1, max-image-preview:large, max-video-preview:-1\" \/>\n<link rel=\"canonical\" href=\"http:\/\/wrh.edu.pl\/?page_id=3220\" \/>\n<meta property=\"og:locale\" content=\"pl_PL\" \/>\n<meta property=\"og:type\" content=\"article\" \/>\n<meta property=\"og:title\" content=\"T. XXI (2024), \u2116 3 - Wschodni Rocznik Humanistyczny\" \/>\n<meta property=\"og:description\" content=\"WSCHODNI ROCZNIK HUMANISTYCZNYTOM XXI (2024) No 3Dzieje biurokracji. Administracja pa\u0144stwowa i ko\u015bcielnapod redakcj\u0105 Artura G\u00f3raka EASTERN HUMANISTIC ANNALSvol. XXI (2024), No 3The History of Bureaucracy. State and church administrationedited by Artur G\u00f3rak WSCHODNI ROCZNIK HUMANISTYCZNY http:\/\/wrh.edu.pl EASTERN HUMANISTIC ANNALS Peer reviewed journal. List of reviewers: http:\/\/wrh.edu.pl\/kolegium-recenzentow\/ Scientific editor of the volume: Artur G\u00f3rak Editorial Councilprof. [&hellip;]\" \/>\n<meta property=\"og:url\" content=\"http:\/\/wrh.edu.pl\/?page_id=3220\" \/>\n<meta property=\"og:site_name\" content=\"Wschodni Rocznik Humanistyczny\" \/>\n<meta property=\"article:modified_time\" content=\"2025-12-21T14:22:16+00:00\" \/>\n<meta property=\"og:image\" content=\"http:\/\/wrh.edu.pl\/wp-content\/uploads\/2024\/09\/nowy-1-722x1024.jpg\" \/>\n<meta name=\"twitter:card\" content=\"summary_large_image\" \/>\n<meta name=\"twitter:label1\" content=\"Szacowany czas czytania\" \/>\n\t<meta name=\"twitter:data1\" content=\"5 minut\" \/>\n<script type=\"application\/ld+json\" class=\"yoast-schema-graph\">{\"@context\":\"https:\\\/\\\/schema.org\",\"@graph\":[{\"@type\":\"WebPage\",\"@id\":\"http:\\\/\\\/wrh.edu.pl\\\/?page_id=3220\",\"url\":\"http:\\\/\\\/wrh.edu.pl\\\/?page_id=3220\",\"name\":\"T. XXI (2024), \u2116 3 - Wschodni Rocznik Humanistyczny\",\"isPartOf\":{\"@id\":\"http:\\\/\\\/wrh.edu.pl\\\/#website\"},\"primaryImageOfPage\":{\"@id\":\"http:\\\/\\\/wrh.edu.pl\\\/?page_id=3220#primaryimage\"},\"image\":{\"@id\":\"http:\\\/\\\/wrh.edu.pl\\\/?page_id=3220#primaryimage\"},\"thumbnailUrl\":\"http:\\\/\\\/wrh.edu.pl\\\/wp-content\\\/uploads\\\/2024\\\/09\\\/nowy-1-722x1024.jpg\",\"datePublished\":\"2024-09-20T08:59:33+00:00\",\"dateModified\":\"2025-12-21T14:22:16+00:00\",\"inLanguage\":\"pl-PL\",\"potentialAction\":[{\"@type\":\"ReadAction\",\"target\":[\"http:\\\/\\\/wrh.edu.pl\\\/?page_id=3220\"]}]},{\"@type\":\"ImageObject\",\"inLanguage\":\"pl-PL\",\"@id\":\"http:\\\/\\\/wrh.edu.pl\\\/?page_id=3220#primaryimage\",\"url\":\"http:\\\/\\\/wrh.edu.pl\\\/wp-content\\\/uploads\\\/2024\\\/09\\\/nowy-1.jpg\",\"contentUrl\":\"http:\\\/\\\/wrh.edu.pl\\\/wp-content\\\/uploads\\\/2024\\\/09\\\/nowy-1.jpg\",\"width\":1472,\"height\":2087},{\"@type\":\"WebSite\",\"@id\":\"http:\\\/\\\/wrh.edu.pl\\\/#website\",\"url\":\"http:\\\/\\\/wrh.edu.pl\\\/\",\"name\":\"Wschodni Rocznik Humanistyczny\",\"description\":\"Czasopismo naukowe\",\"publisher\":{\"@id\":\"http:\\\/\\\/wrh.edu.pl\\\/#organization\"},\"potentialAction\":[{\"@type\":\"SearchAction\",\"target\":{\"@type\":\"EntryPoint\",\"urlTemplate\":\"http:\\\/\\\/wrh.edu.pl\\\/?s={search_term_string}\"},\"query-input\":{\"@type\":\"PropertyValueSpecification\",\"valueRequired\":true,\"valueName\":\"search_term_string\"}}],\"inLanguage\":\"pl-PL\"},{\"@type\":\"Organization\",\"@id\":\"http:\\\/\\\/wrh.edu.pl\\\/#organization\",\"name\":\"Wschodni Rocznik Humanistyczny\",\"url\":\"http:\\\/\\\/wrh.edu.pl\\\/\",\"logo\":{\"@type\":\"ImageObject\",\"inLanguage\":\"pl-PL\",\"@id\":\"http:\\\/\\\/wrh.edu.pl\\\/#\\\/schema\\\/logo\\\/image\\\/\",\"url\":\"http:\\\/\\\/wrh.edu.pl\\\/wp-content\\\/uploads\\\/2017\\\/07\\\/logo_01.jpg\",\"contentUrl\":\"http:\\\/\\\/wrh.edu.pl\\\/wp-content\\\/uploads\\\/2017\\\/07\\\/logo_01.jpg\",\"width\":154,\"height\":183,\"caption\":\"Wschodni Rocznik Humanistyczny\"},\"image\":{\"@id\":\"http:\\\/\\\/wrh.edu.pl\\\/#\\\/schema\\\/logo\\\/image\\\/\"}}]}<\/script>\n<!-- \/ Yoast SEO plugin. -->","yoast_head_json":{"title":"T. XXI (2024), \u2116 3 - Wschodni Rocznik Humanistyczny","robots":{"index":"index","follow":"follow","max-snippet":"max-snippet:-1","max-image-preview":"max-image-preview:large","max-video-preview":"max-video-preview:-1"},"canonical":"http:\/\/wrh.edu.pl\/?page_id=3220","og_locale":"pl_PL","og_type":"article","og_title":"T. XXI (2024), \u2116 3 - Wschodni Rocznik Humanistyczny","og_description":"WSCHODNI ROCZNIK HUMANISTYCZNYTOM XXI (2024) No 3Dzieje biurokracji. Administracja pa\u0144stwowa i ko\u015bcielnapod redakcj\u0105 Artura G\u00f3raka EASTERN HUMANISTIC ANNALSvol. XXI (2024), No 3The History of Bureaucracy. State and church administrationedited by Artur G\u00f3rak WSCHODNI ROCZNIK HUMANISTYCZNY http:\/\/wrh.edu.pl EASTERN HUMANISTIC ANNALS Peer reviewed journal. List of reviewers: http:\/\/wrh.edu.pl\/kolegium-recenzentow\/ Scientific editor of the volume: Artur G\u00f3rak Editorial Councilprof. [&hellip;]","og_url":"http:\/\/wrh.edu.pl\/?page_id=3220","og_site_name":"Wschodni Rocznik Humanistyczny","article_modified_time":"2025-12-21T14:22:16+00:00","og_image":[{"url":"http:\/\/wrh.edu.pl\/wp-content\/uploads\/2024\/09\/nowy-1-722x1024.jpg","type":"","width":"","height":""}],"twitter_card":"summary_large_image","twitter_misc":{"Szacowany czas czytania":"5 minut"},"schema":{"@context":"https:\/\/schema.org","@graph":[{"@type":"WebPage","@id":"http:\/\/wrh.edu.pl\/?page_id=3220","url":"http:\/\/wrh.edu.pl\/?page_id=3220","name":"T. XXI (2024), \u2116 3 - Wschodni Rocznik Humanistyczny","isPartOf":{"@id":"http:\/\/wrh.edu.pl\/#website"},"primaryImageOfPage":{"@id":"http:\/\/wrh.edu.pl\/?page_id=3220#primaryimage"},"image":{"@id":"http:\/\/wrh.edu.pl\/?page_id=3220#primaryimage"},"thumbnailUrl":"http:\/\/wrh.edu.pl\/wp-content\/uploads\/2024\/09\/nowy-1-722x1024.jpg","datePublished":"2024-09-20T08:59:33+00:00","dateModified":"2025-12-21T14:22:16+00:00","inLanguage":"pl-PL","potentialAction":[{"@type":"ReadAction","target":["http:\/\/wrh.edu.pl\/?page_id=3220"]}]},{"@type":"ImageObject","inLanguage":"pl-PL","@id":"http:\/\/wrh.edu.pl\/?page_id=3220#primaryimage","url":"http:\/\/wrh.edu.pl\/wp-content\/uploads\/2024\/09\/nowy-1.jpg","contentUrl":"http:\/\/wrh.edu.pl\/wp-content\/uploads\/2024\/09\/nowy-1.jpg","width":1472,"height":2087},{"@type":"WebSite","@id":"http:\/\/wrh.edu.pl\/#website","url":"http:\/\/wrh.edu.pl\/","name":"Wschodni Rocznik Humanistyczny","description":"Czasopismo naukowe","publisher":{"@id":"http:\/\/wrh.edu.pl\/#organization"},"potentialAction":[{"@type":"SearchAction","target":{"@type":"EntryPoint","urlTemplate":"http:\/\/wrh.edu.pl\/?s={search_term_string}"},"query-input":{"@type":"PropertyValueSpecification","valueRequired":true,"valueName":"search_term_string"}}],"inLanguage":"pl-PL"},{"@type":"Organization","@id":"http:\/\/wrh.edu.pl\/#organization","name":"Wschodni Rocznik Humanistyczny","url":"http:\/\/wrh.edu.pl\/","logo":{"@type":"ImageObject","inLanguage":"pl-PL","@id":"http:\/\/wrh.edu.pl\/#\/schema\/logo\/image\/","url":"http:\/\/wrh.edu.pl\/wp-content\/uploads\/2017\/07\/logo_01.jpg","contentUrl":"http:\/\/wrh.edu.pl\/wp-content\/uploads\/2017\/07\/logo_01.jpg","width":154,"height":183,"caption":"Wschodni Rocznik Humanistyczny"},"image":{"@id":"http:\/\/wrh.edu.pl\/#\/schema\/logo\/image\/"}}]}},"_links":{"self":[{"href":"http:\/\/wrh.edu.pl\/index.php?rest_route=\/wp\/v2\/pages\/3220","targetHints":{"allow":["GET"]}}],"collection":[{"href":"http:\/\/wrh.edu.pl\/index.php?rest_route=\/wp\/v2\/pages"}],"about":[{"href":"http:\/\/wrh.edu.pl\/index.php?rest_route=\/wp\/v2\/types\/page"}],"author":[{"embeddable":true,"href":"http:\/\/wrh.edu.pl\/index.php?rest_route=\/wp\/v2\/users\/2"}],"replies":[{"embeddable":true,"href":"http:\/\/wrh.edu.pl\/index.php?rest_route=%2Fwp%2Fv2%2Fcomments&post=3220"}],"version-history":[{"count":9,"href":"http:\/\/wrh.edu.pl\/index.php?rest_route=\/wp\/v2\/pages\/3220\/revisions"}],"predecessor-version":[{"id":3545,"href":"http:\/\/wrh.edu.pl\/index.php?rest_route=\/wp\/v2\/pages\/3220\/revisions\/3545"}],"wp:attachment":[{"href":"http:\/\/wrh.edu.pl\/index.php?rest_route=%2Fwp%2Fv2%2Fmedia&parent=3220"}],"curies":[{"name":"wp","href":"https:\/\/api.w.org\/{rel}","templated":true}]}}