{"id":3281,"date":"2024-10-25T12:48:37","date_gmt":"2024-10-25T11:48:37","guid":{"rendered":"http:\/\/wrh.edu.pl\/?page_id=3281"},"modified":"2025-12-21T15:20:48","modified_gmt":"2025-12-21T14:20:48","slug":"t-xxi-2024-%e2%84%96-4","status":"publish","type":"page","link":"http:\/\/wrh.edu.pl\/?page_id=3281","title":{"rendered":"T. XXI (2024), \u2116 4"},"content":{"rendered":"\n\n\n<p><strong>WSCHODNI ROCZNIK HUMANISTYCZNY<\/strong><br \/>TOM XXI (2024) No 4<br \/>pod redakcj\u0105 Andrzeja Szabaciuka i Tomasza St\u0119pniewskiego<\/p>\n<p><br \/><strong>EASTERN HUMANISTIC ANNALS<\/strong><br \/>vol. XXI (2024), No 4<br \/>edited by Andrzej Szabaciuk and Tomasz St\u0119pniewski<\/p>\n<p><img loading=\"lazy\" decoding=\"async\" class=\"alignnone size-large wp-image-3305\" src=\"http:\/\/wrh.edu.pl\/wp-content\/uploads\/2024\/10\/5da683e1-8e7f-4827-bcbe-c957c7081cd3-663x1024.jpg\" alt=\"\" width=\"663\" height=\"1024\" srcset=\"http:\/\/wrh.edu.pl\/wp-content\/uploads\/2024\/10\/5da683e1-8e7f-4827-bcbe-c957c7081cd3-663x1024.jpg 663w, http:\/\/wrh.edu.pl\/wp-content\/uploads\/2024\/10\/5da683e1-8e7f-4827-bcbe-c957c7081cd3-194x300.jpg 194w, http:\/\/wrh.edu.pl\/wp-content\/uploads\/2024\/10\/5da683e1-8e7f-4827-bcbe-c957c7081cd3-768x1186.jpg 768w, http:\/\/wrh.edu.pl\/wp-content\/uploads\/2024\/10\/5da683e1-8e7f-4827-bcbe-c957c7081cd3-995x1536.jpg 995w, http:\/\/wrh.edu.pl\/wp-content\/uploads\/2024\/10\/5da683e1-8e7f-4827-bcbe-c957c7081cd3-1326x2048.jpg 1326w, http:\/\/wrh.edu.pl\/wp-content\/uploads\/2024\/10\/5da683e1-8e7f-4827-bcbe-c957c7081cd3-scaled.jpg 1658w\" sizes=\"auto, (max-width: 663px) 100vw, 663px\" \/><\/p>\n<p>Peer reviewed journal. List of reviewers: http:\/\/wrh.edu.pl\/kolegium-recenzentow\/<\/p>\n<p><strong>Editorial Council<br \/><\/strong>prof.\u00a0<strong>Rolf Fieguth\u00a0<\/strong>(Universit\u00e9 de Fribourg \/ Universit\u00e4t Freiburg, Switzerland), prof. PhD\u00a0<strong>Gediminas Kaz\u0117nas\u00a0<\/strong>(Mykolas Romeris University, Vilnius, Lithuania), PhD\u00a0<strong>Jussi Laine\u00a0<\/strong>(University of Eastern Finland), prof.\u00a0<strong>Sigistas Narbutas\u00a0<\/strong>(Scientific Library Wr\u00f3blewscy in Vilnius, Lithuania), PhD\u00a0<strong>Janusz Nowak\u00a0<\/strong>(The Princes Czartoryski Library. National Museum in Krakow, Poland), PhD\u00a0<strong>Pierre-Etienne Penot\u00a0<\/strong>(The Catholic University of the Vandee, La Roche-sur-Yon, France), prof.\u00a0<strong>Miros\u0142aw Piotrowski<\/strong>, (The John Paul II Catholic University of Lublin, Poland), prof.\u00a0<strong>Marek Plewczy\u0144ski<\/strong>\u00a0(University of Siedlce, Poland), prof.\u00a0<strong>Krzysztof Skupie\u0144ski\u00a0<\/strong>(Maria Curie-Sk\u0142odowska University in Lublin, Poland), PhD\u00a0<strong>George Soroka\u00a0<\/strong>(Harvard University, \u00a0USA), prof.\u00a0<strong>Maria Starnawska<\/strong>\u00a0(University of Siedlce, Poland), prof.\u00a0<strong>Tadeusz M. Trajdos\u00a0<\/strong>(Institute of History, Polish Academy of Science, Warsaw, Poland), prof.\u00a0<strong>Marek Wagner\u00a0<\/strong>(University of Siedlce).<\/p>\n<p><strong>Editorial Staff<br \/><\/strong>EDITOR IN CHIEF:\u00a0<strong>Ludmila Posokhova (Kharkiv)<\/strong>; VICE-EDITOR:\u00a0<strong>Dariusz Magier (Siedlce)<\/strong>; EXECUTIVE SECRETARY ASSOCIATE:\u00a0<strong>Artur Goszczy\u0144ski (Siedlce)<\/strong>. SECTION EDITORS: Historical Studies \u2013\u00a0<strong>Yulia Kiselova<\/strong>\u00a0<strong>(Kharkiv),<\/strong>\u00a0<strong>Artur G\u00f3rak (Warszawa),<\/strong>\u00a0<strong>Krzysztof Latawiec (Lublin)<\/strong>; Philosophy \u2013 vacat; Political Sciences and Administration \u2013 vacat.<br \/>LANGUAGE EDITORS<strong>: Jaros\u0142aw Krajka<\/strong>\u00a0(English),\u00a0<strong>Przemys\u0142aw Tytus Krupski<\/strong>\u00a0(Polish),<strong>\u00a0Artur G\u00f3rak\u00a0<\/strong>(Russian).<br \/>GRAPHIC DESIGN AND TECHNICAL EDITING:\u00a0<strong>Przemys\u0142aw Tytus Krupski.<\/strong><\/p>\n<p>Founded by: Towarzystwo Nauki i Kultury \u201eLibra\u201d<br \/>\u00a9 ToNiK \u201eLibra\u201d<br \/>ISSN 1731-982X<\/p>\n<p>\u00a0<\/p>\n<p><img decoding=\"async\" src=\"http:\/\/wrh.edu.pl\/wp-content\/uploads\/2020\/03\/0007-1-300x133-1.jpg\" \/><\/p>\n<p><strong>Jacek Kiera<\/strong> (Uniwersytet \u015al\u0105ski w Katowicach)<br \/><a href=\"http:\/\/wrh.edu.pl\/wp-content\/uploads\/2024\/10\/01_WRH_v_21_no_4_Kiera.pdf\">Polityka historyczna jako instrument wojny informacyjnej w polityce zagranicznej Federacji Rosyjskiej wobec Polski w latach 2015-2023 \u2013 <em>casus<\/em> Sputnik News Polska<\/a>, WRH t. XXI, \u2116 4, s. 7-36<br \/><em>Historical policy as an instrument of information warfare in foreign policy Russian Federation towards Poland in 2015-2023- casus Sputnik News Poland<\/em><em>\u00a0 \u00a0 \u00a0 \u00a0 \u00a0 \u00a0 \u00a0<\/em><\/p>\n<p><strong>Ewa Lecka <\/strong>(Maria Curie-Sk\u0142odowska University)<br \/><a href=\"http:\/\/wrh.edu.pl\/wp-content\/uploads\/2024\/10\/02_WRH_v_21_no_4_Lecka.pdf\">Ewolucja e-us\u0142ug administracji publicznej w Polsce w kontek\u015bcie przyspieszenia spo\u0142ecznego<\/a>, WRH t. XXI, \u2116 4, s. 37-52<br \/><em>Evolution of public administration e-services in Poland in the context of social acceleration<\/em><em>\u00a0 \u00a0 \u00a0 \u00a0<\/em><\/p>\n<p><strong>Monika Lewi\u0144ska-Krzak <\/strong>(Katolicki Uniwersytet Lubelski im. Jana Paw\u0142a II)<br \/><a href=\"http:\/\/wrh.edu.pl\/wp-content\/uploads\/2024\/10\/03_WRH_v_21_no_4_Krzak.pdf\">Security Issues in Party Declarations During the 2023 Election Campaign for the Parliament of the Republic of Poland<\/a>, WRH t. XXI, \u2116 4, s. 53-74<br \/><em>Kwestie bezpiecze\u0144stwa w deklaracjach partyjnych podczas kampanii wyborczej do parlamentu Rzeczypospolitej Polskiej 2023 roku<\/em><\/p>\n<p><strong>Tomasz Szyszlak<\/strong> (Uniwersytet Wroc\u0142awski)<br \/><a href=\"http:\/\/wrh.edu.pl\/wp-content\/uploads\/2024\/10\/04_WRH_v_21_no_4_Szyszlak.pdf\">Zamiast w kamasze \u2013 do pracy. S\u0142u\u017cba zast\u0119pcza ze wzgl\u0119d\u00f3w religijnych w Federacji Rosyjskiej i na Ukrainie. Stan prawny i praktyka czasu wojny<\/a>, WRH t. XXI, \u2116 4, s.75-102<br \/><em>In place of in military boots \u2013 to work. Alternative service for religious reasons in the Russian Federation and Ukraine. <\/em><em>Legal status and practice in wartime\u00a0 \u00a0 \u00a0 \u00a0 \u00a0 \u00a0 \u00a0 \u00a0<\/em>\u00a0 \u00a0 \u00a0 \u00a0 \u00a0\u00a0<\/p>\n<p><strong>Arkadiusz Domaga\u0142a<\/strong> (Uniwersytet Wroc\u0142awski)<br \/><a href=\"http:\/\/wrh.edu.pl\/wp-content\/uploads\/2024\/10\/05_WRH_v_21_no_4_Domagala.pdf\">Prawnomi\u0119dzynarodowe perspektywy \u015bcigania i karania sprawc\u00f3w zbrodni w wojnie rosyjsko-ukrai\u0144skiej po 24 lutego 2022 roku<\/a>, WRH t. XXI, \u2116 4, s. 103-122<br \/><em>International Law Perspectives on the Prosecution and Punishment of Crimes in the Russian-Ukrainian War after February 24, 2022<\/em><\/p>\n<p><strong>Martinas Maluzinas<\/strong> (Koszalin University of Technology)<br \/><a href=\"http:\/\/wrh.edu.pl\/wp-content\/uploads\/2024\/10\/06_WRH_v_21_no_4_Maluzinas.pdf\">A small state as an advocate of Ukraine in the international arena &#8211; the example of Lithuania 2022-2024<\/a>, WRH t. XXI, \u2116 4, s. 123-138<br \/><em>Ma\u0142e pa\u0144stwo jako adwokat Ukrainy na arenie mi\u0119dzynarodowej &#8211; przyk\u0142ad Litwy 2022-2024<\/em><em>\u00a0 \u00a0 \u00a0 \u00a0\u00a0<\/em>\u00a0 \u00a0 \u00a0<\/p>\n<p><strong>Grzegorz Barth <\/strong>(Katolicki Uniwersytet Lubelski Jana Paw\u0142a II)<br \/><a href=\"http:\/\/wrh.edu.pl\/wp-content\/uploads\/2024\/10\/07_WRH_v_21_no_4_Barth.pdf\">Apokaliptyka i eschatologia: model chrze\u015bcija\u0144skiego zaanga\u017cowania w rzeczywisto\u015bci ziemskie<\/a>, WRH t. XXI, \u2116 4, s. 139-152<br \/><em>Apocalyptics and Eschatology: A Model for Christian Engagement in Earthly Realities<\/em><\/p>\n<p><strong>Aleksandra Mikinka<\/strong> (Uniwersytet \u0141\u00f3dzki)<br \/><a href=\"http:\/\/wrh.edu.pl\/wp-content\/uploads\/2024\/10\/08_WRH_v_21_no_4_Mikinka.pdf\">W\u0142adys\u0142aw Ksawery Chod\u017akiewicz (1820\u20131898). Wybrane w\u0105tki \u017cycia i tw\u00f3rczo\u015bci<\/a>, WRH t. XXI, \u2116 4, s. 153-174<br \/><em>W\u0142adys\u0142aw Ksawery Chod\u017akiewicz (1820\u20131898). Selected Aspects of Life and Work<\/em><em>\u00a0 \u00a0 \u00a0 \u00a0 \u00a0\u00a0<\/em><\/p>\n<p><strong>Krzysztof Pier\u015bci\u0144ski<\/strong> (Uniwersytet Jana Kochanowskiego w Kielcach)<br \/><a href=\"http:\/\/wrh.edu.pl\/wp-content\/uploads\/2024\/10\/09_WRH_v_21_no_4_Pierscinski.pdf\">Antypolskie motywy w litewskiej sztuce dwudziestolecia mi\u0119dzywojennego na przyk\u0142adzie tw\u00f3rczo\u015bci Petrasa Rim\u0161y<\/a>, WRH t. XXI, \u2116 4, s. 175-192<br \/><em>Anti-Polish motifs in Lithuanian art of the interwar period exemplified by the works of Petras Rim\u0161a\u00a0\u00a0<\/em><\/p>\n<p><strong>Andrzej Smolarczyk<\/strong> (Politechnika Bia\u0142ostocka)<strong><br \/><\/strong><a href=\"http:\/\/wrh.edu.pl\/wp-content\/uploads\/2024\/10\/10_WRH_v_21_no_4_Smolarczyk.pdf\">Szkolnictwo \u015brednie og\u00f3lnokszta\u0142c\u0105ce w wojew\u00f3dztwie poleskim w polityce o\u015bwiatowej w\u0142adz polskich w okresie mi\u0119dzywojennym (1919-1939)<\/a>, WRH t. XXI, \u2116 4, s. 193-213<br \/><em>Secondary education in the Polesie province in the educational policy of the Polish authorities in the interwar period (1919-1939)<\/em><em>\u00a0 \u00a0 \u00a0 \u00a0 \u00a0 \u00a0 \u00a0 \u00a0 \u00a0 \u00a0 \u00a0 \u00a0 \u00a0 \u00a0 \u00a0 \u00a0 \u00a0 \u00a0 \u00a0 \u00a0 \u00a0 \u00a0 \u00a0 \u00a0 \u00a0 \u00a0 \u00a0 \u00a0 \u00a0 \u00a0 \u00a0 \u00a0 \u00a0 \u00a0 \u00a0 \u00a0 \u00a0 \u00a0 \u00a0 \u00a0 \u00a0 \u00a0 \u00a0 \u00a0 \u00a0 \u00a0 \u00a0 \u00a0 \u00a0 \u00a0 \u00a0 \u00a0 \u00a0 \u00a0 \u00a0 \u00a0 \u00a0 \u00a0 \u00a0 \u00a0 \u00a0 \u00a0 \u00a0 \u00a0 \u00a0 \u00a0 \u00a0 \u00a0 \u00a0 \u00a0 \u00a0 \u00a0 \u00a0 \u00a0 \u00a0\u00a0<\/em><\/p>\n<p><em> <img loading=\"lazy\" decoding=\"async\" class=\"alignnone  wp-image-1291\" src=\"http:\/\/wrh.edu.pl\/wp-content\/uploads\/2019\/04\/Materia\u0142y-i-\u0179r\u00f3d\u0142a.jpg\" alt=\"\" width=\"327\" height=\"130\" srcset=\"http:\/\/wrh.edu.pl\/wp-content\/uploads\/2019\/04\/Materia\u0142y-i-\u0179r\u00f3d\u0142a.jpg 754w, http:\/\/wrh.edu.pl\/wp-content\/uploads\/2019\/04\/Materia\u0142y-i-\u0179r\u00f3d\u0142a-300x119.jpg 300w\" sizes=\"auto, (max-width: 327px) 100vw, 327px\" \/> \u00a0 \u00a0 \u00a0 \u00a0 \u00a0 \u00a0 \u00a0 \u00a0 \u00a0 \u00a0 \u00a0 \u00a0 \u00a0 \u00a0 \u00a0 \u00a0 \u00a0 \u00a0 \u00a0 \u00a0 \u00a0 \u00a0 \u00a0 \u00a0 \u00a0 \u00a0 \u00a0 \u00a0 \u00a0 \u00a0 \u00a0 \u00a0 \u00a0 \u00a0 \u00a0 \u00a0 \u00a0 \u00a0 \u00a0 \u00a0 \u00a0 \u00a0 \u00a0 \u00a0 \u00a0 \u00a0 \u00a0 \u00a0 \u00a0 \u00a0 \u00a0 \u00a0 \u00a0 \u00a0 \u00a0 \u00a0 \u00a0 \u00a0 \u00a0 \u00a0 \u00a0 \u00a0 \u00a0 \u00a0 \u00a0 \u00a0<\/em><\/p>\n<p><strong>Mikheil Bakhtadze <\/strong>(Tbilisi State University, Georgia)<br \/><strong>Pawe\u0142 Libera<\/strong> (Instytut Historii Polskiej Akademii Nauk)<br \/><a href=\"http:\/\/wrh.edu.pl\/wp-content\/uploads\/2024\/10\/11_WRH_v_21_no_4_Bakhtadze_Libera.pdf\">Polskie jednostki wojskowe na Kaukazie Po\u0142udniowym w \u015bwietle nowych dokument\u00f3w (koniec 1917 &#8211; pocz\u0105tek 1918 roku)<\/a>, WRH t. XXI, \u2116 4, s. 215-253\u00a0<em><br \/><\/em><em>Polish military units in the South Caucasus in the light of new documents (late 1917 &#8211; early 1918)<\/em>\u00a0 \u00a0 \u00a0 \u00a0 \u00a0 \u00a0 \u00a0 \u00a0 \u00a0 \u00a0 \u00a0 \u00a0 \u00a0 \u00a0 \u00a0 \u00a0 \u00a0 \u00a0 \u00a0 \u00a0 \u00a0 \u00a0 \u00a0 \u00a0\u00a0<\/p>\n<p><img loading=\"lazy\" decoding=\"async\" class=\"alignnone  wp-image-1292\" src=\"http:\/\/wrh.edu.pl\/wp-content\/uploads\/2019\/04\/Polemiki-recenzje-sprawozdania.jpg\" alt=\"\" width=\"316\" height=\"168\" srcset=\"http:\/\/wrh.edu.pl\/wp-content\/uploads\/2019\/04\/Polemiki-recenzje-sprawozdania.jpg 760w, http:\/\/wrh.edu.pl\/wp-content\/uploads\/2019\/04\/Polemiki-recenzje-sprawozdania-300x159.jpg 300w\" sizes=\"auto, (max-width: 316px) 100vw, 316px\" \/>\u00a0 \u00a0 \u00a0 \u00a0 \u00a0 \u00a0 \u00a0 \u00a0 \u00a0 \u00a0 \u00a0 \u00a0 \u00a0 \u00a0 \u00a0 \u00a0 \u00a0 \u00a0 \u00a0 \u00a0 \u00a0 \u00a0 \u00a0 \u00a0 \u00a0 \u00a0 \u00a0 \u00a0 \u00a0 \u00a0 \u00a0 \u00a0 \u00a0 \u00a0 \u00a0 \u00a0 \u00a0 \u00a0 \u00a0 \u00a0 \u00a0 \u00a0 \u00a0 \u00a0 \u00a0 \u00a0 \u00a0 \u00a0 \u00a0 \u00a0 \u00a0 \u00a0 \u00a0 \u00a0<\/p>\n<p><strong>Piotr M. Lechowski <\/strong>(Jas\u0142o)<br \/><a href=\"http:\/\/wrh.edu.pl\/wp-content\/uploads\/2024\/10\/12_WRH_v_21_no_4_Lechowski.pdf\">&#8222;Zero&#8221; czy ofiara swoich wrog\u00f3w? Micha\u0142 Korybut Wi\u015bniowiecki we wsp\u00f3\u0142czesnej historiografii. Stan bada\u0144 \u2013 postulaty badawcze<\/a>, WRH t. XXI, \u2116 4, s. 255-283<br \/><em>\u201eZero\u201d or the victim of his enemies? Michael I in contemporary historiography. State of research \u2013 research postulates.<\/em><em>\u00a0\u00a0\u00a0\u00a0\u00a0\u00a0\u00a0\u00a0\u00a0\u00a0\u00a0\u00a0\u00a0\u00a0\u00a0\u00a0\u00a0\u00a0\u00a0\u00a0\u00a0\u00a0\u00a0\u00a0\u00a0\u00a0\u00a0\u00a0\u00a0\u00a0\u00a0\u00a0\u00a0\u00a0\u00a0\u00a0\u00a0\u00a0\u00a0\u00a0\u00a0\u00a0\u00a0\u00a0\u00a0\u00a0\u00a0\u00a0\u00a0\u00a0\u00a0\u00a0\u00a0\u00a0\u00a0\u00a0\u00a0\u00a0\u00a0\u00a0\u00a0\u00a0\u00a0\u00a0\u00a0\u00a0\u00a0\u00a0\u00a0\u00a0\u00a0\u00a0\u00a0\u00a0\u00a0\u00a0\u00a0\u00a0\u00a0\u00a0\u00a0\u00a0\u00a0\u00a0\u00a0\u00a0\u00a0\u00a0\u00a0\u00a0\u00a0\u00a0\u00a0\u00a0\u00a0\u00a0\u00a0\u00a0\u00a0\u00a0\u00a0\u00a0\u00a0\u00a0\u00a0\u00a0\u00a0\u00a0\u00a0\u00a0\u00a0\u00a0\u00a0\u00a0\u00a0\u00a0\u00a0\u00a0\u00a0\u00a0\u00a0\u00a0\u00a0\u00a0\u00a0\u00a0\u00a0\u00a0\u00a0\u00a0\u00a0\u00a0\u00a0\u00a0\u00a0\u00a0 <\/em><\/p>\n<p><em>\u00a0\u00a0\u00a0\u00a0\u00a0\u00a0\u00a0\u00a0\u00a0\u00a0\u00a0\u00a0\u00a0\u00a0\u00a0\u00a0\u00a0\u00a0\u00a0\u00a0\u00a0\u00a0\u00a0\u00a0\u00a0\u00a0\u00a0\u00a0\u00a0\u00a0\u00a0\u00a0\u00a0\u00a0\u00a0\u00a0\u00a0\u00a0\u00a0\u00a0\u00a0\u00a0\u00a0\u00a0\u00a0\u00a0\u00a0\u00a0\u00a0\u00a0\u00a0\u00a0\u00a0\u00a0\u00a0\u00a0\u00a0\u00a0\u00a0\u00a0\u00a0\u00a0\u00a0\u00a0\u00a0\u00a0\u00a0\u00a0\u00a0\u00a0\u00a0\u00a0\u00a0\u00a0\u00a0\u00a0\u00a0\u00a0\u00a0\u00a0\u00a0\u00a0\u00a0\u00a0\u00a0\u00a0\u00a0\u00a0\u00a0\u00a0\u00a0\u00a0\u00a0\u00a0\u00a0\u00a0\u00a0\u00a0\u00a0\u00a0\u00a0\u00a0\u00a0\u00a0\u00a0\u00a0\u00a0\u00a0\u00a0\u00a0\u00a0\u00a0\u00a0\u00a0\u00a0\u00a0\u00a0\u00a0\u00a0\u00a0\u00a0\u00a0\u00a0\u00a0\u00a0\u00a0\u00a0\u00a0\u00a0\u00a0\u00a0\u00a0\u00a0\u00a0\u00a0\u00a0 <\/em><\/p>\n<p><strong>Noty o Autorach, <\/strong>s. 285-287<strong><br \/><\/strong><em>Notes about the Authors\u00a0 \u00a0 \u00a0 \u00a0 \u00a0 \u00a0 \u00a0 \u00a0 \u00a0 \u00a0 \u00a0 \u00a0 \u00a0 \u00a0 \u00a0 \u00a0 \u00a0 \u00a0 \u00a0 \u00a0 \u00a0 \u00a0 \u00a0 \u00a0 \u00a0 \u00a0 \u00a0 \u00a0 \u00a0 \u00a0 \u00a0 \u00a0 \u00a0 \u00a0 \u00a0 \u00a0 \u00a0 \u00a0 \u00a0 \u00a0 \u00a0 \u00a0 \u00a0 \u00a0 \u00a0 \u00a0 \u00a0 \u00a0 \u00a0 \u00a0 \u00a0 \u00a0 \u00a0 \u00a0 \u00a0 \u00a0 \u00a0 \u00a0 \u00a0 \u00a0 \u00a0 \u00a0 \u00a0 \u00a0 \u00a0 \u00a0 \u00a0 \u00a0<\/em><\/p>\n<p>\u00a0<\/p>\n","protected":false},"excerpt":{"rendered":"<p>WSCHODNI ROCZNIK HUMANISTYCZNYTOM XXI (2024) No 4pod redakcj\u0105 Andrzeja Szabaciuka i Tomasza St\u0119pniewskiego EASTERN HUMANISTIC ANNALSvol. XXI (2024), No 4edited by Andrzej Szabaciuk and Tomasz St\u0119pniewski Peer reviewed journal. List of reviewers: http:\/\/wrh.edu.pl\/kolegium-recenzentow\/ Editorial Councilprof.\u00a0Rolf Fieguth\u00a0(Universit\u00e9 de Fribourg \/ Universit\u00e4t Freiburg, Switzerland), prof. PhD\u00a0Gediminas Kaz\u0117nas\u00a0(Mykolas Romeris University, Vilnius, Lithuania), PhD\u00a0Jussi Laine\u00a0(University of Eastern Finland), prof.\u00a0Sigistas [&hellip;]<\/p>\n","protected":false},"author":2,"featured_media":0,"parent":0,"menu_order":48,"comment_status":"closed","ping_status":"closed","template":"","meta":{"footnotes":""},"class_list":["post-3281","page","type-page","status-publish","hentry"],"yoast_head":"<!-- This site is optimized with the Yoast SEO plugin v27.4 - https:\/\/yoast.com\/product\/yoast-seo-wordpress\/ -->\n<title>T. XXI (2024), \u2116 4 - Wschodni Rocznik Humanistyczny<\/title>\n<meta name=\"robots\" content=\"index, follow, max-snippet:-1, max-image-preview:large, max-video-preview:-1\" \/>\n<link rel=\"canonical\" href=\"http:\/\/wrh.edu.pl\/?page_id=3281\" \/>\n<meta property=\"og:locale\" content=\"pl_PL\" \/>\n<meta property=\"og:type\" content=\"article\" \/>\n<meta property=\"og:title\" content=\"T. XXI (2024), \u2116 4 - Wschodni Rocznik Humanistyczny\" \/>\n<meta property=\"og:description\" content=\"WSCHODNI ROCZNIK HUMANISTYCZNYTOM XXI (2024) No 4pod redakcj\u0105 Andrzeja Szabaciuka i Tomasza St\u0119pniewskiego EASTERN HUMANISTIC ANNALSvol. XXI (2024), No 4edited by Andrzej Szabaciuk and Tomasz St\u0119pniewski Peer reviewed journal. List of reviewers: http:\/\/wrh.edu.pl\/kolegium-recenzentow\/ Editorial Councilprof.\u00a0Rolf Fieguth\u00a0(Universit\u00e9 de Fribourg \/ Universit\u00e4t Freiburg, Switzerland), prof. PhD\u00a0Gediminas Kaz\u0117nas\u00a0(Mykolas Romeris University, Vilnius, Lithuania), PhD\u00a0Jussi Laine\u00a0(University of Eastern Finland), prof.\u00a0Sigistas [&hellip;]\" \/>\n<meta property=\"og:url\" content=\"http:\/\/wrh.edu.pl\/?page_id=3281\" \/>\n<meta property=\"og:site_name\" content=\"Wschodni Rocznik Humanistyczny\" \/>\n<meta property=\"article:modified_time\" content=\"2025-12-21T14:20:48+00:00\" \/>\n<meta property=\"og:image\" content=\"http:\/\/wrh.edu.pl\/wp-content\/uploads\/2024\/10\/5da683e1-8e7f-4827-bcbe-c957c7081cd3-663x1024.jpg\" \/>\n<meta name=\"twitter:card\" content=\"summary_large_image\" \/>\n<meta name=\"twitter:label1\" content=\"Szacowany czas czytania\" \/>\n\t<meta name=\"twitter:data1\" content=\"6 minut\" \/>\n<script type=\"application\/ld+json\" class=\"yoast-schema-graph\">{\"@context\":\"https:\\\/\\\/schema.org\",\"@graph\":[{\"@type\":\"WebPage\",\"@id\":\"http:\\\/\\\/wrh.edu.pl\\\/?page_id=3281\",\"url\":\"http:\\\/\\\/wrh.edu.pl\\\/?page_id=3281\",\"name\":\"T. XXI (2024), \u2116 4 - Wschodni Rocznik Humanistyczny\",\"isPartOf\":{\"@id\":\"http:\\\/\\\/wrh.edu.pl\\\/#website\"},\"primaryImageOfPage\":{\"@id\":\"http:\\\/\\\/wrh.edu.pl\\\/?page_id=3281#primaryimage\"},\"image\":{\"@id\":\"http:\\\/\\\/wrh.edu.pl\\\/?page_id=3281#primaryimage\"},\"thumbnailUrl\":\"http:\\\/\\\/wrh.edu.pl\\\/wp-content\\\/uploads\\\/2024\\\/10\\\/5da683e1-8e7f-4827-bcbe-c957c7081cd3-663x1024.jpg\",\"datePublished\":\"2024-10-25T11:48:37+00:00\",\"dateModified\":\"2025-12-21T14:20:48+00:00\",\"inLanguage\":\"pl-PL\",\"potentialAction\":[{\"@type\":\"ReadAction\",\"target\":[\"http:\\\/\\\/wrh.edu.pl\\\/?page_id=3281\"]}]},{\"@type\":\"ImageObject\",\"inLanguage\":\"pl-PL\",\"@id\":\"http:\\\/\\\/wrh.edu.pl\\\/?page_id=3281#primaryimage\",\"url\":\"http:\\\/\\\/wrh.edu.pl\\\/wp-content\\\/uploads\\\/2024\\\/10\\\/5da683e1-8e7f-4827-bcbe-c957c7081cd3-scaled.jpg\",\"contentUrl\":\"http:\\\/\\\/wrh.edu.pl\\\/wp-content\\\/uploads\\\/2024\\\/10\\\/5da683e1-8e7f-4827-bcbe-c957c7081cd3-scaled.jpg\",\"width\":1658,\"height\":2560},{\"@type\":\"WebSite\",\"@id\":\"http:\\\/\\\/wrh.edu.pl\\\/#website\",\"url\":\"http:\\\/\\\/wrh.edu.pl\\\/\",\"name\":\"Wschodni Rocznik Humanistyczny\",\"description\":\"Czasopismo naukowe\",\"publisher\":{\"@id\":\"http:\\\/\\\/wrh.edu.pl\\\/#organization\"},\"potentialAction\":[{\"@type\":\"SearchAction\",\"target\":{\"@type\":\"EntryPoint\",\"urlTemplate\":\"http:\\\/\\\/wrh.edu.pl\\\/?s={search_term_string}\"},\"query-input\":{\"@type\":\"PropertyValueSpecification\",\"valueRequired\":true,\"valueName\":\"search_term_string\"}}],\"inLanguage\":\"pl-PL\"},{\"@type\":\"Organization\",\"@id\":\"http:\\\/\\\/wrh.edu.pl\\\/#organization\",\"name\":\"Wschodni Rocznik Humanistyczny\",\"url\":\"http:\\\/\\\/wrh.edu.pl\\\/\",\"logo\":{\"@type\":\"ImageObject\",\"inLanguage\":\"pl-PL\",\"@id\":\"http:\\\/\\\/wrh.edu.pl\\\/#\\\/schema\\\/logo\\\/image\\\/\",\"url\":\"http:\\\/\\\/wrh.edu.pl\\\/wp-content\\\/uploads\\\/2017\\\/07\\\/logo_01.jpg\",\"contentUrl\":\"http:\\\/\\\/wrh.edu.pl\\\/wp-content\\\/uploads\\\/2017\\\/07\\\/logo_01.jpg\",\"width\":154,\"height\":183,\"caption\":\"Wschodni Rocznik Humanistyczny\"},\"image\":{\"@id\":\"http:\\\/\\\/wrh.edu.pl\\\/#\\\/schema\\\/logo\\\/image\\\/\"}}]}<\/script>\n<!-- \/ Yoast SEO plugin. -->","yoast_head_json":{"title":"T. XXI (2024), \u2116 4 - Wschodni Rocznik Humanistyczny","robots":{"index":"index","follow":"follow","max-snippet":"max-snippet:-1","max-image-preview":"max-image-preview:large","max-video-preview":"max-video-preview:-1"},"canonical":"http:\/\/wrh.edu.pl\/?page_id=3281","og_locale":"pl_PL","og_type":"article","og_title":"T. XXI (2024), \u2116 4 - Wschodni Rocznik Humanistyczny","og_description":"WSCHODNI ROCZNIK HUMANISTYCZNYTOM XXI (2024) No 4pod redakcj\u0105 Andrzeja Szabaciuka i Tomasza St\u0119pniewskiego EASTERN HUMANISTIC ANNALSvol. XXI (2024), No 4edited by Andrzej Szabaciuk and Tomasz St\u0119pniewski Peer reviewed journal. List of reviewers: http:\/\/wrh.edu.pl\/kolegium-recenzentow\/ Editorial Councilprof.\u00a0Rolf Fieguth\u00a0(Universit\u00e9 de Fribourg \/ Universit\u00e4t Freiburg, Switzerland), prof. PhD\u00a0Gediminas Kaz\u0117nas\u00a0(Mykolas Romeris University, Vilnius, Lithuania), PhD\u00a0Jussi Laine\u00a0(University of Eastern Finland), prof.\u00a0Sigistas [&hellip;]","og_url":"http:\/\/wrh.edu.pl\/?page_id=3281","og_site_name":"Wschodni Rocznik Humanistyczny","article_modified_time":"2025-12-21T14:20:48+00:00","og_image":[{"url":"http:\/\/wrh.edu.pl\/wp-content\/uploads\/2024\/10\/5da683e1-8e7f-4827-bcbe-c957c7081cd3-663x1024.jpg","type":"","width":"","height":""}],"twitter_card":"summary_large_image","twitter_misc":{"Szacowany czas czytania":"6 minut"},"schema":{"@context":"https:\/\/schema.org","@graph":[{"@type":"WebPage","@id":"http:\/\/wrh.edu.pl\/?page_id=3281","url":"http:\/\/wrh.edu.pl\/?page_id=3281","name":"T. XXI (2024), \u2116 4 - Wschodni Rocznik Humanistyczny","isPartOf":{"@id":"http:\/\/wrh.edu.pl\/#website"},"primaryImageOfPage":{"@id":"http:\/\/wrh.edu.pl\/?page_id=3281#primaryimage"},"image":{"@id":"http:\/\/wrh.edu.pl\/?page_id=3281#primaryimage"},"thumbnailUrl":"http:\/\/wrh.edu.pl\/wp-content\/uploads\/2024\/10\/5da683e1-8e7f-4827-bcbe-c957c7081cd3-663x1024.jpg","datePublished":"2024-10-25T11:48:37+00:00","dateModified":"2025-12-21T14:20:48+00:00","inLanguage":"pl-PL","potentialAction":[{"@type":"ReadAction","target":["http:\/\/wrh.edu.pl\/?page_id=3281"]}]},{"@type":"ImageObject","inLanguage":"pl-PL","@id":"http:\/\/wrh.edu.pl\/?page_id=3281#primaryimage","url":"http:\/\/wrh.edu.pl\/wp-content\/uploads\/2024\/10\/5da683e1-8e7f-4827-bcbe-c957c7081cd3-scaled.jpg","contentUrl":"http:\/\/wrh.edu.pl\/wp-content\/uploads\/2024\/10\/5da683e1-8e7f-4827-bcbe-c957c7081cd3-scaled.jpg","width":1658,"height":2560},{"@type":"WebSite","@id":"http:\/\/wrh.edu.pl\/#website","url":"http:\/\/wrh.edu.pl\/","name":"Wschodni Rocznik Humanistyczny","description":"Czasopismo naukowe","publisher":{"@id":"http:\/\/wrh.edu.pl\/#organization"},"potentialAction":[{"@type":"SearchAction","target":{"@type":"EntryPoint","urlTemplate":"http:\/\/wrh.edu.pl\/?s={search_term_string}"},"query-input":{"@type":"PropertyValueSpecification","valueRequired":true,"valueName":"search_term_string"}}],"inLanguage":"pl-PL"},{"@type":"Organization","@id":"http:\/\/wrh.edu.pl\/#organization","name":"Wschodni Rocznik Humanistyczny","url":"http:\/\/wrh.edu.pl\/","logo":{"@type":"ImageObject","inLanguage":"pl-PL","@id":"http:\/\/wrh.edu.pl\/#\/schema\/logo\/image\/","url":"http:\/\/wrh.edu.pl\/wp-content\/uploads\/2017\/07\/logo_01.jpg","contentUrl":"http:\/\/wrh.edu.pl\/wp-content\/uploads\/2017\/07\/logo_01.jpg","width":154,"height":183,"caption":"Wschodni Rocznik Humanistyczny"},"image":{"@id":"http:\/\/wrh.edu.pl\/#\/schema\/logo\/image\/"}}]}},"_links":{"self":[{"href":"http:\/\/wrh.edu.pl\/index.php?rest_route=\/wp\/v2\/pages\/3281","targetHints":{"allow":["GET"]}}],"collection":[{"href":"http:\/\/wrh.edu.pl\/index.php?rest_route=\/wp\/v2\/pages"}],"about":[{"href":"http:\/\/wrh.edu.pl\/index.php?rest_route=\/wp\/v2\/types\/page"}],"author":[{"embeddable":true,"href":"http:\/\/wrh.edu.pl\/index.php?rest_route=\/wp\/v2\/users\/2"}],"replies":[{"embeddable":true,"href":"http:\/\/wrh.edu.pl\/index.php?rest_route=%2Fwp%2Fv2%2Fcomments&post=3281"}],"version-history":[{"count":7,"href":"http:\/\/wrh.edu.pl\/index.php?rest_route=\/wp\/v2\/pages\/3281\/revisions"}],"predecessor-version":[{"id":3306,"href":"http:\/\/wrh.edu.pl\/index.php?rest_route=\/wp\/v2\/pages\/3281\/revisions\/3306"}],"wp:attachment":[{"href":"http:\/\/wrh.edu.pl\/index.php?rest_route=%2Fwp%2Fv2%2Fmedia&parent=3281"}],"curies":[{"name":"wp","href":"https:\/\/api.w.org\/{rel}","templated":true}]}}