{"id":3334,"date":"2025-07-14T09:49:39","date_gmt":"2025-07-14T08:49:39","guid":{"rendered":"http:\/\/wrh.edu.pl\/?page_id=3334"},"modified":"2025-12-21T15:24:27","modified_gmt":"2025-12-21T14:24:27","slug":"t-xxii-2025-%e2%84%96-2","status":"publish","type":"page","link":"http:\/\/wrh.edu.pl\/?page_id=3334","title":{"rendered":"T. XXII (2025), \u2116 2"},"content":{"rendered":"\n<p><img loading=\"lazy\" decoding=\"async\" class=\"alignnone size-large wp-image-3372\" src=\"http:\/\/wrh.edu.pl\/wp-content\/uploads\/2025\/10\/00_okladka-706x1024.jpeg\" alt=\"\" width=\"706\" height=\"1024\" srcset=\"http:\/\/wrh.edu.pl\/wp-content\/uploads\/2025\/10\/00_okladka-706x1024.jpeg 706w, http:\/\/wrh.edu.pl\/wp-content\/uploads\/2025\/10\/00_okladka-207x300.jpeg 207w, http:\/\/wrh.edu.pl\/wp-content\/uploads\/2025\/10\/00_okladka-768x1114.jpeg 768w, http:\/\/wrh.edu.pl\/wp-content\/uploads\/2025\/10\/00_okladka-1059x1536.jpeg 1059w, http:\/\/wrh.edu.pl\/wp-content\/uploads\/2025\/10\/00_okladka.jpeg 1412w\" sizes=\"auto, (max-width: 706px) 100vw, 706px\" \/><\/p>\n<p><em>Projekt dofinansowany ze \u015brodk\u00f3w bud\u017cetu pa\u0144stwa, przyznanych przez Ministra Nauki w ramach \u201eNarodowego Program Rozwoju Humanistyki\u201d nr projektu NPRH\/DN\/SP\/0107\/2023\/12.<\/em><\/p>\n\n\n\n<h3>Wschodni Rocznik Humanistyczny<br>TOM XXII (2025) \u2116 2<br><strong>Heraldyka miejska XIX-wiecznej Europy. Kr\u00f3lestwo Polskie i konteksty,<\/strong><br>pod redakcj\u0105 Artura G\u00f3raka<\/h3>\n<h3>EASTERN HUMANISTIC ANNALS<br>vol. XXII (2025), \u2116 2<br><strong>Urban heraldry in nineteenth-century Europe. The Kingdom of Poland and Contexts,<\/strong><br>edited by Artur G\u00f3rak<\/h3>\n\n\n\n<p><strong>Editorial Council<br><\/strong>prof.&nbsp;<strong>Rolf Fieguth&nbsp;<\/strong>(Universit\u00e9 de Fribourg \/ Universit\u00e4t Freiburg, Switzerland), prof. PhD&nbsp;<strong>Gediminas Kaz\u0117nas&nbsp;<\/strong>(Mykolas Romeris University, Vilnius, Lithuania), PhD&nbsp;<strong>Jussi Laine&nbsp;<\/strong>(University of Eastern Finland), prof.&nbsp;<strong>Sigistas Narbutas&nbsp;<\/strong>(Scientific Library Wr\u00f3blewscy in Vilnius, Lithuania), PhD&nbsp;<strong>Janusz Nowak&nbsp;<\/strong>(The Princes Czartoryski Library. National Museum in Krakow, Poland), PhD&nbsp;<strong>Pierre-Etienne Penot&nbsp;<\/strong>(The Catholic University of the Vandee, La Roche-sur-Yon, France), prof.&nbsp;<strong>Miros\u0142aw Piotrowski<\/strong>, (The John Paul II Catholic University of Lublin, Poland), prof.&nbsp;<strong>Marek Plewczy\u0144ski<\/strong>&nbsp;(University of Siedlce, Poland), prof.&nbsp;<strong>Krzysztof Skupie\u0144ski&nbsp;<\/strong>(Maria Curie-Sk\u0142odowska University in Lublin, Poland), PhD&nbsp;<strong>George Soroka&nbsp;<\/strong>(Harvard University, &nbsp;USA), prof.&nbsp;<strong>Maria Starnawska<\/strong>&nbsp;(University of Siedlce, Poland), prof.&nbsp;<strong>Tadeusz M. Trajdos&nbsp;<\/strong>(Institute of History, Polish Academy of Science, Warsaw, Poland), prof.&nbsp;<strong>Marek Wagner&nbsp;<\/strong>(University of Siedlce).<\/p>\n<p><strong>Editorial Staff<br><\/strong>EDITOR IN CHIEF:&nbsp;<strong>Ludmila Posokhova (Kharkiv)<\/strong>; VICE-EDITOR:&nbsp;<strong>Dariusz Magier (Siedlce)<\/strong>; EXECUTIVE SECRETARY:&nbsp;<strong>Artur G\u00f3rak (Warszawa)<\/strong>. <br>SECTION EDITORS: Historical Studies \u2013&nbsp;<strong>Yulia Kiselova<\/strong>&nbsp;(Kharkiv),&nbsp;<strong>Krzysztof Latawiec <\/strong>(Lublin); Philosophy \u2013 vacat; Political Sciences and Administration \u2013 <strong>Andrzej Szabaciuk<\/strong> (Lublin).<br>LANGUAGE EDITORS<strong>: Robert St\u0119pie\u0144<\/strong>&nbsp;(English),&nbsp;<strong>Przemys\u0142aw Tytus Krupski<\/strong>&nbsp;(Polish),<strong>&nbsp;Artur G\u00f3rak&nbsp;<\/strong>(Russian).<br>GRAPHIC DESIGN AND TECHNICAL EDITING:&nbsp;<strong>Przemys\u0142aw Tytus Krupski.<\/strong><\/p>\n<p>Founded by: Towarzystwo Nauki i Kultury \u201eLibra\u201d<br>\u00a9 ToNiK \u201eLibra\u201d<br>ISSN 1731-982X<\/p>\n\n\n\n<p><strong><img decoding=\"async\" src=\"http:\/\/wrh.edu.pl\/wp-content\/uploads\/2020\/03\/0007-1-300x133-1.jpg\" \/><\/strong><\/p>\n<p>\u00a0<\/p>\n<p style=\"text-align: center;\"><strong>Urban Heraldry in Western and Eastern Europe of the 19th Century<\/strong><\/p>\n<p><strong>Giacomo Pace di Gravina<\/strong> (Universit\u00e0 di Messina)<br \/><a href=\"http:\/\/wrh.edu.pl\/wp-content\/uploads\/2025\/10\/01_Gravina_WRH_XXII_2.pdf\">Heraldry of the cities of the Kingdom of Sicily in the late 18th and early 19th centuries<\/a><br \/><em>Heraldyka miast Kr\u00f3lestwa Sycylii pod koniec XVIII i na pocz\u0105tku XIX wieku<br \/><\/em>WRH, t. XXII, \u2116\u00a02, s. 9 &#8211; 24.<\/p>\n<p><strong>David Kolumber <\/strong>(Masaryk University, Brno)<br \/><a href=\"http:\/\/wrh.edu.pl\/wp-content\/uploads\/2025\/10\/02_Kolumber_WRH_XXII_2.pdf\">Herby miast morawskich w XIX wieku<\/a><br \/><em>Coats of arms of Moravian cities in the 19th century<br \/><\/em>WRH, t. XXII, \u2116 2, s. 25 &#8211; 46.<em><br \/><\/em><\/p>\n<p><strong>Robert St\u0119pie\u0144<\/strong> (Uniwersytet Marii Curie-Sk\u0142odowskiej)<br \/><a href=\"http:\/\/wrh.edu.pl\/wp-content\/uploads\/2025\/10\/03_Stepien_WRH_XXII_2.pdf\">Heraldyka miejska Wielkiej Brytanii w XIX wieku<\/a><br \/><em>Civic Heraldry in the United Kingdom in the 19th Century<br \/><\/em>WRH, t. XXII, \u2116 2, s. 47 &#8211; 80.<em><br \/><\/em><\/p>\n<p><strong>\u0421\u0435\u0440\u0433\u0456\u0439<\/strong> <strong>\u041f\u043e\u0441\u043e\u0445\u043e\u0432<\/strong> (\u0425\u0430\u0440\u043a\u0456\u0432\u0441\u044c\u043a\u0438\u0439 \u043d\u0430\u0446\u0456\u043e\u043d\u0430\u043b\u044c\u043d\u0438\u0439 \u0443\u043d\u0456\u0432\u0435\u0440\u0441\u0438\u0442\u0435\u0442)<br \/><a href=\"http:\/\/wrh.edu.pl\/wp-content\/uploads\/2025\/10\/04_Posochow_WRH_XXII_2.pdf\">\u0423\u0441\u043f\u0430\u0434\u043a\u0443\u0432\u0430\u043d\u043d\u044f \u0442\u0430 \u0437\u043c\u0456\u043d\u0438 \u00ab\u0433\u0435\u0440\u0430\u043b\u044c\u0434\u0438\u0447\u043d\u043e\u0457 \u0442\u0440\u0430\u0434\u0438\u0446\u0456\u0457\u00bb: \u043c\u0456\u0440\u043a\u0443\u0432\u0430\u043d\u043d\u044f \u0449\u043e\u0434\u043e \u0434\u0435\u044f\u043a\u0438\u0445 \u043f\u0440\u043e\u0431\u043b\u0435\u043c\u043d\u0438\u0445 \u0437\u043e\u043d \u0441\u0443\u0447\u0430\u0441\u043d\u043e\u0433\u043e \u0443\u043a\u0440\u0430\u0457\u043d\u0441\u044c\u043a\u043e\u0433\u043e \u0433\u0435\u0440\u0431\u043e\u0437\u043d\u0430\u0432\u0441\u0442\u0432\u0430<\/a><br \/><em>Dziedzictwo i zmiany w \u201etradycji heraldycznej\u201d: refleksje nad niekt\u00f3rymi problematycznymi zagadnieniami wsp\u00f3\u0142czesnej heraldyki ukrai\u0144skiej<br \/><\/em>WRH, t. XXII, \u2116 2, s. 81 &#8211; 110.<em><br \/><\/em><\/p>\n<p><strong>Vlad Mischevca<\/strong> (Universitatea De Stat Din Moldova)<br \/><a href=\"http:\/\/wrh.edu.pl\/wp-content\/uploads\/2025\/10\/05_Mischevca_WRH_XXII_2.pdf\">Heraldyka terytorialna Besarabii jako cz\u0119\u015bci Imperium Rosyjskiego: powiaty<\/a><br \/><em>Territorial heraldry of Bessarabia as part of the Russian Empire: counties<br \/><\/em>WRH, t. XXII, \u2116 2, s. 111 &#8211; 136.<em><br \/><\/em><\/p>\n<p><strong>Julia Kiselova<\/strong> (Charkowski Uniwersytet Narodowy)<br \/><a href=\"http:\/\/wrh.edu.pl\/wp-content\/uploads\/2025\/10\/06_Kisielowa_WRH_XXII_2.pdf\">Heraldyka miejska w Kraju P\u00f3\u0142nocno-Zachodnim Imperium Rosyjskiego (b. Wielkie Ksi\u0119stwo Litewskie)<\/a><br \/><em>Municipal heraldry in the North-Western Krai of the Russian Empire (former Grand Duchy of Lithuania)<br \/><\/em>WRH, t. XXII, \u2116 2, s. 137 &#8211; 162.<em><br \/><\/em><\/p>\n<p><strong>Tornike Asatiani<\/strong> (Department of State Symbol and Heraldry, Georgia)<br \/><a href=\"http:\/\/wrh.edu.pl\/wp-content\/uploads\/2025\/10\/07_Asatiani_WRH_XXII_2.pdf\">Russian Coats of Arms of Georgian Cities in the 19th Century<\/a><br \/><em>Rosyjskie herby miast gruzi\u0144skich w XIX wieku<br \/><\/em>WRH, t. XXII, \u2116 2, s. 163 &#8211; 188.\u00a0<em><br \/><\/em><\/p>\n<p><strong>S\u0142awomir G\u00f3rzy\u0144ski<\/strong> (Polskie Towarzystwo Heraldyczne)<br \/><a href=\"http:\/\/wrh.edu.pl\/wp-content\/uploads\/2025\/10\/08_Gorzynski_WRH_XXII_2.pdf\">Zarys heraldyki miejskiej w dobie napoleo\u0144skiej<\/a><br \/><em>An outline of municipal heraldry in the Napoleonic era<br \/><\/em>WRH, t. XXII, \u2116 2, s. 189 &#8211; 200.<em><br \/><\/em><\/p>\n<p>\u00a0<\/p>\n<p style=\"text-align: center;\"><strong>The state of research on urban heraldry of the Kingdom of Poland<\/strong><\/p>\n<p><strong>Alicja Kulecka<\/strong> (Uniwersytet Warszawski)<br \/><a href=\"http:\/\/wrh.edu.pl\/wp-content\/uploads\/2025\/10\/09_Kulecka_WRH_XXII_2.pdf\">Heraldyka miast guberni warszawskiej (1867-1915). Stan bada\u0144<\/a><br \/><em>Heraldry of the cities of the Warsaw Governorate (1867-1915). State of research<br \/><\/em>WRH, t. XXII, \u2116 2, s. 203 &#8211; 226.<em><br \/><\/em><\/p>\n<p><strong>Janusz \u0141osowski<\/strong> (Uniwersytet Marii Curie-Sk\u0142odowskiej)<br \/><a href=\"http:\/\/wrh.edu.pl\/wp-content\/uploads\/2025\/10\/10_Losowski_WRH_XXII_2.pdf\">Stan bada\u0144 nad piecz\u0119ciami i herbami miast guberni lubelskiej oraz jej samej<\/a><br \/><em>The state of research on the seals and coats of arms of the cities of the Lublin Governorate and the province itself<br \/><\/em>WRH, t. XXII, \u2116 2, s. 227 &#8211; 256.<em><br \/><\/em><\/p>\n<p><strong>Marek Adamczewski<\/strong> (Uniwersytet \u0141\u00f3dzki)<br \/><a href=\"http:\/\/wrh.edu.pl\/wp-content\/uploads\/2025\/10\/11_Adamczewski_WRH_XXII_2.pdf\">Rozpoznanie i opracowanie stanu bada\u0144 nad symbolik\u0105 miast po\u0142o\u017conych w guberniach Kaliskiej i Piotrkowskiej Kr\u00f3lestwa Polskiego ze szczeg\u00f3lnym uwzgl\u0119dnieniem znanej podstawy \u017ar\u00f3d\u0142owej<\/a><br \/><em>Recognition and development of the state of research on the symbolism of cities located in the Kalisz and Piotrk\u00f3w Governorates of the Kingdom of Poland, with particular emphasis on the known source base<br \/><\/em>WRH, t. XXII, \u2116 2, s. 257 &#8211; 278.<em><br \/><\/em><\/p>\n<p><strong>Tomis\u0142aw Giergiel<\/strong> (Uniwersytet Marii Curie-Sk\u0142odowskiej)<br \/><a href=\"http:\/\/wrh.edu.pl\/wp-content\/uploads\/2025\/10\/12_Giergiel_popr-WRH_XXII_2.pdf\">Rozpoznanie i podsumowanie stanu bada\u0144 nad heraldyk\u0105 miast guberni radomskiej i kieleckiej<\/a><br \/><em>Recognition and summary of the state of research on the heraldry of the cities of the Radom and Kielce governorates<br \/><\/em>WRH, t. XXII, \u2116 2, s. 279 &#8211; 292.<em><br \/><\/em><\/p>\n<p><strong>Marcin Hlebionek<\/strong> (Uniwersytet Miko\u0142aja Kopernika)<br \/><a href=\"http:\/\/wrh.edu.pl\/wp-content\/uploads\/2025\/10\/13_Hlebionek_WRH_XXII_2.pdf\">Opracowanie stanu bada\u0144 nad heraldyk\u0105 miast po\u0142o\u017conych w guberni p\u0142ockiej Kr\u00f3lestwa Polskiego<\/a><br \/><em>Development of the state of research on the heraldry of cities located in the P\u0142ock Governorate of the Kingdom of Poland<br \/><\/em>WRH, t. XXII, \u2116 2, s. 293 &#8211; 316.<em><br \/><\/em><\/p>\n<p><strong>Artur G\u00f3rak<\/strong> (Uniwersytet Kardyna\u0142a Stefana Wyszy\u0144skiego)<br \/><a href=\"http:\/\/wrh.edu.pl\/wp-content\/uploads\/2025\/10\/14_Gorak_popr-WRH_XXII_2.pdf\"><strong>\u0179r\u00f3d\u0142a rosyjskiego systemu heraldyki miejskiej Bernharda Koehne: ideologia imperialna, <em>franc-canton<\/em>, <em>corona muralis<\/em><\/strong><\/a><br \/>The Sources of Bernhard Koehne\u2019s Russian City Heraldry System: imperial ideology, <em>franc-canton<\/em>,<br \/><em>corona muralis<\/em><br \/>WRH, t. XXII, \u2116 2, s. 317 &#8211; 354.<em><br \/><\/em><\/p>\n<p>\u00a0<\/p>\n<p style=\"text-align: center;\"><strong>Contexts of heraldry<\/strong><\/p>\n<p><strong>Krzysztof Latawiec<\/strong> (Uniwersytet Marii Curie-Sk\u0142odowskiej)<br \/><a href=\"http:\/\/wrh.edu.pl\/wp-content\/uploads\/2025\/10\/15_Latawiec_WRH_XXII_2.pdf\">Administracja heraldyczna Kr\u00f3lestwa Polskiego i Imperium Rosyjskiego<\/a><br \/><em>Heraldic Administration of the Kingdom of Poland and the Russian Empire<br \/><\/em>WRH, t. XXII, \u2116 2, s. 357 &#8211; 370.<em><br \/><\/em><\/p>\n<p><strong>Ewelina Parafi\u0144ska-Korybska<\/strong><strong> (<\/strong>Katolicki Uniwersytet Lubelski Jana Paw\u0142a II)<br \/><a href=\"http:\/\/wrh.edu.pl\/wp-content\/uploads\/2025\/10\/16_Korybska_WRH_XXII_2.pdf\">Rosyjski j\u0119zyk blazonowania \u2013 terminologia i sk\u0142adnia<\/a><br \/><em>Russian language of blazonry \u2013 terminology and syntax<br \/><\/em>WRH, t. XXII, \u2116 2, s. 371 &#8211; 388.<em><br \/><\/em><\/p>\n<p><strong>Marek Konstankiewicz<\/strong> (Uniwersytet Marii Curie-Sk\u0142odowskiej)<br \/><a href=\"http:\/\/wrh.edu.pl\/wp-content\/uploads\/2025\/10\/17_Konstankiewicz_WRH_XXII_2.pdf\">Podstawy prawne stanowienia i funkcjonowania herb\u00f3w miejskich w Polsce od 1915 r.<\/a><br \/><em>Legal basis for the establishment and functioning of municipal coats of arms in Poland since 1915<br \/><\/em>WRH, t. XXII, \u2116 2, s. 389 &#8211; 408.<em><br \/><\/em><\/p>\n<p><strong>Jakub Rogulski <\/strong>(Uniwersytet Jagiello\u0144ski)<strong><br \/><a href=\"http:\/\/wrh.edu.pl\/wp-content\/uploads\/2025\/10\/18_Rogulski_WRH_XXII_2.pdf\">Herby, mitry i korony. Znaki w\u0142adzy w s\u0142u\u017cbie aspiracji dynastycznych ksi\u0105\u017c\u0105t nowo\u017cytnej Europy<\/a><br \/><\/strong><em>Coats of Arms, Mitres and Crowns: Signs of Power in the Service of the Dynastic Aspirations of Princes in Modern Europe<br \/><\/em>WRH, t. XXII, \u2116 2, s. 409 &#8211; 428.<em><br \/><\/em><\/p>\n<p><strong>Adam Bu\u0142awa<\/strong> (Uniwersytet Kardyna\u0142a Stefana Wyszy\u0144skiego)<br \/><a href=\"http:\/\/wrh.edu.pl\/wp-content\/uploads\/2025\/10\/19_Bulawa_WRH_XXII_2.pdf\">Miejscowo\u015bci guberni \u0142om\u017cy\u0144skiej pozbawione praw miejskich po powstaniu styczniowym: od samorz\u0105du do degradacji<\/a><br \/><em>Towns of the \u0141om\u017ca Governorate deprived of city rights after the January Uprising: from self-government to degradation<br \/><\/em>WRH, t. XXII, \u2116 2, s. 429 &#8211; 466.<em><br \/><\/em><\/p>\n<p>\u00a0<\/p>\n<p>\u00a0<\/p>\n","protected":false},"excerpt":{"rendered":"<p>Projekt dofinansowany ze \u015brodk\u00f3w bud\u017cetu pa\u0144stwa, przyznanych przez Ministra Nauki w ramach \u201eNarodowego Program Rozwoju Humanistyki\u201d nr projektu NPRH\/DN\/SP\/0107\/2023\/12. Wschodni Rocznik HumanistycznyTOM XXII (2025) \u2116 2Heraldyka miejska XIX-wiecznej Europy. Kr\u00f3lestwo Polskie i konteksty,pod redakcj\u0105 Artura G\u00f3raka EASTERN HUMANISTIC ANNALSvol. XXII (2025), \u2116 2Urban heraldry in nineteenth-century Europe. The Kingdom of Poland and Contexts,edited by Artur [&hellip;]<\/p>\n","protected":false},"author":2,"featured_media":0,"parent":0,"menu_order":50,"comment_status":"closed","ping_status":"closed","template":"","meta":{"footnotes":""},"class_list":["post-3334","page","type-page","status-publish","hentry"],"yoast_head":"<!-- This site is optimized with the Yoast SEO plugin v27.4 - https:\/\/yoast.com\/product\/yoast-seo-wordpress\/ -->\n<title>T. XXII (2025), \u2116 2 - Wschodni Rocznik Humanistyczny<\/title>\n<meta name=\"robots\" content=\"index, follow, max-snippet:-1, max-image-preview:large, max-video-preview:-1\" \/>\n<link rel=\"canonical\" href=\"http:\/\/wrh.edu.pl\/?page_id=3334\" \/>\n<meta property=\"og:locale\" content=\"pl_PL\" \/>\n<meta property=\"og:type\" content=\"article\" \/>\n<meta property=\"og:title\" content=\"T. XXII (2025), \u2116 2 - Wschodni Rocznik Humanistyczny\" \/>\n<meta property=\"og:description\" content=\"Projekt dofinansowany ze \u015brodk\u00f3w bud\u017cetu pa\u0144stwa, przyznanych przez Ministra Nauki w ramach \u201eNarodowego Program Rozwoju Humanistyki\u201d nr projektu NPRH\/DN\/SP\/0107\/2023\/12. Wschodni Rocznik HumanistycznyTOM XXII (2025) \u2116 2Heraldyka miejska XIX-wiecznej Europy. Kr\u00f3lestwo Polskie i konteksty,pod redakcj\u0105 Artura G\u00f3raka EASTERN HUMANISTIC ANNALSvol. XXII (2025), \u2116 2Urban heraldry in nineteenth-century Europe. The Kingdom of Poland and Contexts,edited by Artur [&hellip;]\" \/>\n<meta property=\"og:url\" content=\"http:\/\/wrh.edu.pl\/?page_id=3334\" \/>\n<meta property=\"og:site_name\" content=\"Wschodni Rocznik Humanistyczny\" \/>\n<meta property=\"article:modified_time\" content=\"2025-12-21T14:24:27+00:00\" \/>\n<meta property=\"og:image\" content=\"http:\/\/wrh.edu.pl\/wp-content\/uploads\/2025\/10\/00_okladka-706x1024.jpeg\" \/>\n<meta name=\"twitter:card\" content=\"summary_large_image\" \/>\n<meta name=\"twitter:label1\" content=\"Szacowany czas czytania\" \/>\n\t<meta name=\"twitter:data1\" content=\"7 minut\" \/>\n<script type=\"application\/ld+json\" class=\"yoast-schema-graph\">{\"@context\":\"https:\\\/\\\/schema.org\",\"@graph\":[{\"@type\":\"WebPage\",\"@id\":\"http:\\\/\\\/wrh.edu.pl\\\/?page_id=3334\",\"url\":\"http:\\\/\\\/wrh.edu.pl\\\/?page_id=3334\",\"name\":\"T. XXII (2025), \u2116 2 - Wschodni Rocznik Humanistyczny\",\"isPartOf\":{\"@id\":\"http:\\\/\\\/wrh.edu.pl\\\/#website\"},\"primaryImageOfPage\":{\"@id\":\"http:\\\/\\\/wrh.edu.pl\\\/?page_id=3334#primaryimage\"},\"image\":{\"@id\":\"http:\\\/\\\/wrh.edu.pl\\\/?page_id=3334#primaryimage\"},\"thumbnailUrl\":\"http:\\\/\\\/wrh.edu.pl\\\/wp-content\\\/uploads\\\/2025\\\/10\\\/00_okladka-706x1024.jpeg\",\"datePublished\":\"2025-07-14T08:49:39+00:00\",\"dateModified\":\"2025-12-21T14:24:27+00:00\",\"inLanguage\":\"pl-PL\",\"potentialAction\":[{\"@type\":\"ReadAction\",\"target\":[\"http:\\\/\\\/wrh.edu.pl\\\/?page_id=3334\"]}]},{\"@type\":\"ImageObject\",\"inLanguage\":\"pl-PL\",\"@id\":\"http:\\\/\\\/wrh.edu.pl\\\/?page_id=3334#primaryimage\",\"url\":\"http:\\\/\\\/wrh.edu.pl\\\/wp-content\\\/uploads\\\/2025\\\/10\\\/00_okladka.jpeg\",\"contentUrl\":\"http:\\\/\\\/wrh.edu.pl\\\/wp-content\\\/uploads\\\/2025\\\/10\\\/00_okladka.jpeg\",\"width\":1412,\"height\":2048},{\"@type\":\"WebSite\",\"@id\":\"http:\\\/\\\/wrh.edu.pl\\\/#website\",\"url\":\"http:\\\/\\\/wrh.edu.pl\\\/\",\"name\":\"Wschodni Rocznik Humanistyczny\",\"description\":\"Czasopismo naukowe\",\"publisher\":{\"@id\":\"http:\\\/\\\/wrh.edu.pl\\\/#organization\"},\"potentialAction\":[{\"@type\":\"SearchAction\",\"target\":{\"@type\":\"EntryPoint\",\"urlTemplate\":\"http:\\\/\\\/wrh.edu.pl\\\/?s={search_term_string}\"},\"query-input\":{\"@type\":\"PropertyValueSpecification\",\"valueRequired\":true,\"valueName\":\"search_term_string\"}}],\"inLanguage\":\"pl-PL\"},{\"@type\":\"Organization\",\"@id\":\"http:\\\/\\\/wrh.edu.pl\\\/#organization\",\"name\":\"Wschodni Rocznik Humanistyczny\",\"url\":\"http:\\\/\\\/wrh.edu.pl\\\/\",\"logo\":{\"@type\":\"ImageObject\",\"inLanguage\":\"pl-PL\",\"@id\":\"http:\\\/\\\/wrh.edu.pl\\\/#\\\/schema\\\/logo\\\/image\\\/\",\"url\":\"http:\\\/\\\/wrh.edu.pl\\\/wp-content\\\/uploads\\\/2017\\\/07\\\/logo_01.jpg\",\"contentUrl\":\"http:\\\/\\\/wrh.edu.pl\\\/wp-content\\\/uploads\\\/2017\\\/07\\\/logo_01.jpg\",\"width\":154,\"height\":183,\"caption\":\"Wschodni Rocznik Humanistyczny\"},\"image\":{\"@id\":\"http:\\\/\\\/wrh.edu.pl\\\/#\\\/schema\\\/logo\\\/image\\\/\"}}]}<\/script>\n<!-- \/ Yoast SEO plugin. -->","yoast_head_json":{"title":"T. XXII (2025), \u2116 2 - Wschodni Rocznik Humanistyczny","robots":{"index":"index","follow":"follow","max-snippet":"max-snippet:-1","max-image-preview":"max-image-preview:large","max-video-preview":"max-video-preview:-1"},"canonical":"http:\/\/wrh.edu.pl\/?page_id=3334","og_locale":"pl_PL","og_type":"article","og_title":"T. XXII (2025), \u2116 2 - Wschodni Rocznik Humanistyczny","og_description":"Projekt dofinansowany ze \u015brodk\u00f3w bud\u017cetu pa\u0144stwa, przyznanych przez Ministra Nauki w ramach \u201eNarodowego Program Rozwoju Humanistyki\u201d nr projektu NPRH\/DN\/SP\/0107\/2023\/12. Wschodni Rocznik HumanistycznyTOM XXII (2025) \u2116 2Heraldyka miejska XIX-wiecznej Europy. Kr\u00f3lestwo Polskie i konteksty,pod redakcj\u0105 Artura G\u00f3raka EASTERN HUMANISTIC ANNALSvol. XXII (2025), \u2116 2Urban heraldry in nineteenth-century Europe. The Kingdom of Poland and Contexts,edited by Artur [&hellip;]","og_url":"http:\/\/wrh.edu.pl\/?page_id=3334","og_site_name":"Wschodni Rocznik Humanistyczny","article_modified_time":"2025-12-21T14:24:27+00:00","og_image":[{"url":"http:\/\/wrh.edu.pl\/wp-content\/uploads\/2025\/10\/00_okladka-706x1024.jpeg","type":"","width":"","height":""}],"twitter_card":"summary_large_image","twitter_misc":{"Szacowany czas czytania":"7 minut"},"schema":{"@context":"https:\/\/schema.org","@graph":[{"@type":"WebPage","@id":"http:\/\/wrh.edu.pl\/?page_id=3334","url":"http:\/\/wrh.edu.pl\/?page_id=3334","name":"T. XXII (2025), \u2116 2 - Wschodni Rocznik Humanistyczny","isPartOf":{"@id":"http:\/\/wrh.edu.pl\/#website"},"primaryImageOfPage":{"@id":"http:\/\/wrh.edu.pl\/?page_id=3334#primaryimage"},"image":{"@id":"http:\/\/wrh.edu.pl\/?page_id=3334#primaryimage"},"thumbnailUrl":"http:\/\/wrh.edu.pl\/wp-content\/uploads\/2025\/10\/00_okladka-706x1024.jpeg","datePublished":"2025-07-14T08:49:39+00:00","dateModified":"2025-12-21T14:24:27+00:00","inLanguage":"pl-PL","potentialAction":[{"@type":"ReadAction","target":["http:\/\/wrh.edu.pl\/?page_id=3334"]}]},{"@type":"ImageObject","inLanguage":"pl-PL","@id":"http:\/\/wrh.edu.pl\/?page_id=3334#primaryimage","url":"http:\/\/wrh.edu.pl\/wp-content\/uploads\/2025\/10\/00_okladka.jpeg","contentUrl":"http:\/\/wrh.edu.pl\/wp-content\/uploads\/2025\/10\/00_okladka.jpeg","width":1412,"height":2048},{"@type":"WebSite","@id":"http:\/\/wrh.edu.pl\/#website","url":"http:\/\/wrh.edu.pl\/","name":"Wschodni Rocznik Humanistyczny","description":"Czasopismo naukowe","publisher":{"@id":"http:\/\/wrh.edu.pl\/#organization"},"potentialAction":[{"@type":"SearchAction","target":{"@type":"EntryPoint","urlTemplate":"http:\/\/wrh.edu.pl\/?s={search_term_string}"},"query-input":{"@type":"PropertyValueSpecification","valueRequired":true,"valueName":"search_term_string"}}],"inLanguage":"pl-PL"},{"@type":"Organization","@id":"http:\/\/wrh.edu.pl\/#organization","name":"Wschodni Rocznik Humanistyczny","url":"http:\/\/wrh.edu.pl\/","logo":{"@type":"ImageObject","inLanguage":"pl-PL","@id":"http:\/\/wrh.edu.pl\/#\/schema\/logo\/image\/","url":"http:\/\/wrh.edu.pl\/wp-content\/uploads\/2017\/07\/logo_01.jpg","contentUrl":"http:\/\/wrh.edu.pl\/wp-content\/uploads\/2017\/07\/logo_01.jpg","width":154,"height":183,"caption":"Wschodni Rocznik Humanistyczny"},"image":{"@id":"http:\/\/wrh.edu.pl\/#\/schema\/logo\/image\/"}}]}},"_links":{"self":[{"href":"http:\/\/wrh.edu.pl\/index.php?rest_route=\/wp\/v2\/pages\/3334","targetHints":{"allow":["GET"]}}],"collection":[{"href":"http:\/\/wrh.edu.pl\/index.php?rest_route=\/wp\/v2\/pages"}],"about":[{"href":"http:\/\/wrh.edu.pl\/index.php?rest_route=\/wp\/v2\/types\/page"}],"author":[{"embeddable":true,"href":"http:\/\/wrh.edu.pl\/index.php?rest_route=\/wp\/v2\/users\/2"}],"replies":[{"embeddable":true,"href":"http:\/\/wrh.edu.pl\/index.php?rest_route=%2Fwp%2Fv2%2Fcomments&post=3334"}],"version-history":[{"count":12,"href":"http:\/\/wrh.edu.pl\/index.php?rest_route=\/wp\/v2\/pages\/3334\/revisions"}],"predecessor-version":[{"id":3415,"href":"http:\/\/wrh.edu.pl\/index.php?rest_route=\/wp\/v2\/pages\/3334\/revisions\/3415"}],"wp:attachment":[{"href":"http:\/\/wrh.edu.pl\/index.php?rest_route=%2Fwp%2Fv2%2Fmedia&parent=3334"}],"curies":[{"name":"wp","href":"https:\/\/api.w.org\/{rel}","templated":true}]}}