{"id":430,"date":"2017-07-13T08:07:31","date_gmt":"2017-07-13T08:07:31","guid":{"rendered":"http:\/\/wrh.edu.pl\/?page_id=430"},"modified":"2021-10-07T08:04:47","modified_gmt":"2021-10-07T07:04:47","slug":"tom-ii-2005","status":"publish","type":"page","link":"http:\/\/wrh.edu.pl\/?page_id=430","title":{"rendered":"T. II 2005"},"content":{"rendered":"<h1 style=\"text-align: center;\">Wschodni Rocznik Humanistyczny, tom II (2005)<\/h1>\n<p><img loading=\"lazy\" decoding=\"async\" class=\"aligncenter wp-image-949 size-medium\" src=\"http:\/\/wrh.edu.pl\/wp-content\/uploads\/2018\/06\/herb-z-ok\u0142adki-1-212x300.jpg\" alt=\"\" width=\"212\" height=\"300\" srcset=\"http:\/\/wrh.edu.pl\/wp-content\/uploads\/2018\/06\/herb-z-ok\u0142adki-1-212x300.jpg 212w, http:\/\/wrh.edu.pl\/wp-content\/uploads\/2018\/06\/herb-z-ok\u0142adki-1.jpg 682w\" sizes=\"auto, (max-width: 212px) 100vw, 212px\" \/><\/p>\n<p style=\"text-align: center;\">SPIS TRE\u015aCI<\/p>\n<h2 style=\"text-align: center;\">ROZPRAWY I STUDIA<\/h2>\n<p>Hieronim Fokci\u0144ski (Pontificio Istituto di Studi Ecclesiastici, Roma),\u00a0Kr\u00f3lewscy kandydaci na biskupstwo kijowskie obrz\u0105dku \u0142aci\u0144skiegow drugiej po\u0142owie XVI wieku,\u00a0<a href=\"http:\/\/wrh.edu.pl\/wp-content\/uploads\/2017\/07\/01_hieronim_foksinski_2005.pdf\">pobierz PDF (2,9 MB)<\/a><\/p>\n<p>Aleksandra Skrzypietz (Uniwersytet \u015al\u0105ski w Katowicach),\u00a0Teofila z Dani\u0142\u0142owicz\u00f3w Sobieska \u2013 \u201enie bia\u0142og\u0142owskiego, ale m\u0119skiego serca\u201d niewiasta,\u00a0<a href=\"http:\/\/wrh.edu.pl\/wp-content\/uploads\/2017\/07\/02_aleksandra_skrzypietz_2005.pdf\">pobierz PDF (3,9 MB)<\/a><\/p>\n<p>Lilia Zabolotnaia (Acad\u00e9mie de Science de la R\u00e9publique de Moldova),\u00a0Les droits des femmes de Moldova au Moyen Age (XIVe-XVIIe siecles),\u00a0<a href=\"http:\/\/wrh.edu.pl\/wp-content\/uploads\/2017\/07\/03_lilia_zabolotnaia_2005.pdf\">pobierz PDF (0,6 MB)<\/a><\/p>\n<p>Krzysztof Gajdka (Wy\u017csza Szko\u0142a Humanistyczna w Katowicach),\u00a0Poeta, kufel i tajemnicza ksi\u0119ga radziecka. Przyczynek do biografii Wespazjana Kochowskiego,\u00a0<a href=\"http:\/\/wrh.edu.pl\/wp-content\/uploads\/2017\/07\/04_krzysztof_gajdka_2005.pdf\">pobierz PDF (0,8 MB)<\/a><\/p>\n<p>Andrzej Borkowski (Akademia Podlaska w Siedlcach),\u00a0Z wierszy o \u017cywocie ludzkim Wac\u0142awa Potockiego. Ogr\u00f3d nie plewiony,\u00a0<a href=\"http:\/\/wrh.edu.pl\/wp-content\/uploads\/2017\/07\/05_andrzej_borkowski_2005.pdf\">pobierz PDF (1,8 MB)<\/a><\/p>\n<p>Marek Plewczy\u0144ski (Akademia Podlaska w Siedlcach),\u00a0Koalicje antymoskiewskie Jagiellon\u00f3w w XVI wieku,\u00a0<a href=\"http:\/\/wrh.edu.pl\/wp-content\/uploads\/2017\/07\/06_marek_plewczynski_2005.pdf\">pobierz PDF (1,8 MB)<\/a><\/p>\n<p>Micha\u0142 W\u00f3jciuk (Lublin),\u00a0Urz\u0119dnicy ziemscy wojew\u00f3dztwa brzesko-litewskiego w czasach saskich,\u00a0<a href=\"http:\/\/wrh.edu.pl\/wp-content\/uploads\/2017\/07\/07_michal_wojciuk_2005.pdf\">pobierz PDF (3,1 MB)<\/a><\/p>\n<p>Tatiana Klimenko (Czerkasy),\u00a0Huma\u0144 w r\u0119kach polskiego rodu magnackiego Potockich &#8211; rozkwit i upadek,\u00a0<a href=\"http:\/\/wrh.edu.pl\/wp-content\/uploads\/2017\/07\/08_tatiana_klimienko_2005.pdf\">pobierz PDF (0,8 MB)<\/a><\/p>\n<p>Janusz Nowak (Biblioteka Ksi\u0105\u017c\u0105t Czartoryskich w Krakowie),\u00a0Latowicz \u2013 starostwo niegrodowe w czasach Denhoff\u00f3w (1708-1731),\u00a0<a href=\"http:\/\/wrh.edu.pl\/wp-content\/uploads\/2017\/07\/09_janusz_nowak_2005.pdf\">pobierz PDF (4,5 MB)<\/a><\/p>\n<p>Miros\u0142aw Zygmunt Roguski (Warszawa),\u00a0Postawy i dzia\u0142alno\u015b\u0107 szlachty liwskiej po upadku powstania ko\u015bciuszkowskiego,\u00a0<a href=\"http:\/\/wrh.edu.pl\/wp-content\/uploads\/2017\/07\/10_miroslaw_roguski_2005.pdf\">pobierz PDF (1,5 MB)<\/a><\/p>\n<p>Dariusz Nawrot (Uniwersytet \u015al\u0105ski w Katowicach),\u00a0Bataliony strzelc\u00f3w na Litwie w 1812 r.,\u00a0<a href=\"http:\/\/wrh.edu.pl\/wp-content\/uploads\/2017\/07\/11_dariusz_nawrot_2005.pdf\">pobierz PDF (3,3 MB)<\/a><\/p>\n<p>Tomasz Korpysz (Uniwersytet Kardyna\u0142a Stefana Wyszy\u0144skiego w Warszawie),\u00a0Magdalena Tomir czyli przyczynek do onomastyki literackiej Cypriana Norwida,\u00a0<a href=\"http:\/\/wrh.edu.pl\/wp-content\/uploads\/2017\/07\/12_tomasz_korpysz_2005.pdf\">pobierz PDF (2,3 MB)<\/a><\/p>\n<p>Wasyl Futa\u0142a (Drohobycz),\u00a0Polityka II Rzeczypospolitej wobec Ukrai\u0144c\u00f3w w latach 20. i 30. &#8211; przegl\u0105d najnowszej ukrai\u0144skiej historiografii,\u00a0<a href=\"http:\/\/wrh.edu.pl\/wp-content\/uploads\/2017\/07\/13_wasil_futala_2005.pdf\">pobierz PDF (1,1 MB)<\/a><\/p>\n<p>Aleksander Smoli\u0144ski (Uniwersytet Miko\u0142aja Kopernika w Toruniu),\u00a0Jazda Rzeczpospolitej Polskiej oraz Robotniczo-Ch\u0142opskiej Armii Czerwo-nej na froncie wschodnim w przededniu \u201ewyprawy kijowskiej\u201d1920 r.,\u00a0<a href=\"http:\/\/wrh.edu.pl\/wp-content\/uploads\/2017\/07\/14_aleksander_smolinski_2005.pdf\">pobierz PDF (6,6 MB)<\/a><\/p>\n<p>Leszek Gawor (Uniwersytet Rzeszowski),\u00a0Idea cywilizacyjnego pluralizmu Feliksa Konecznego,\u00a0<a href=\"http:\/\/wrh.edu.pl\/wp-content\/uploads\/2017\/07\/15_leszek_gawor_2005.pdf\">pobierz PDF (2,6 MB)<\/a><\/p>\n<p>Marek Konstankiewicz (Archiwum Pa\u0144stwowe w Lublinie),\u00a0Ustr\u00f3j starostw wojew\u00f3dztwa lubelskiego w latach 1919-1939,\u00a0<a href=\"http:\/\/wrh.edu.pl\/wp-content\/uploads\/2017\/07\/16_marek_konstankiewicz_2005.pdf\">pobierz PDF (3,2 MB)<\/a><\/p>\n<p>Tomasz Mizak (Lublin),\u00a0J\u00f3zef Mackiewicz wobec komunizmu w latach 1939-1945,\u00a0<a href=\"http:\/\/wrh.edu.pl\/wp-content\/uploads\/2017\/07\/17_tomasz_mizak_2005.pdf\">pobierz PDF (3,9 MB)<\/a><\/p>\n<p>Jacek Lejman (Uniwersytet Marii Curie-Sk\u0142odowskiej, Lublin),\u00a0Zwierz\u0119ta w filozofii. (Zarys historii problemu: od filozof\u00f3w staro\u017cytnych do I. Kanta),\u00a0<a href=\"http:\/\/wrh.edu.pl\/wp-content\/uploads\/2017\/07\/18_jacek_lejman_2005.pdf\">pobierz PDF (6,8 MB)<\/a><\/p>\n<p>Krystyna Wr\u00f3bel-Lipowa (Uniwersytet Marii Curie Sk\u0142odowskiej, Lublin),\u00a0Dzieci polskie w Zwi\u0105zku Radzieckim w czasie II wojny \u015bwiatowej,\u00a0<a href=\"http:\/\/wrh.edu.pl\/wp-content\/uploads\/2017\/07\/19_krystyna_wrobel_2005.pdf\">pobierz PDF (2,2 MB)<\/a><\/p>\n<h2 style=\"text-align: center;\">MATERIA\u0141Y I \u0179R\u00d3D\u0141A<\/h2>\n<p>Marek Wagner (Akademia Podlaska w Siedlcach),\u00a0Materia\u0142y do biografii hetmana kozackiego Stefana Kunickiegoz lat 1676-1677,\u00a0<a href=\"http:\/\/wrh.edu.pl\/wp-content\/uploads\/2017\/07\/20_marek_wagner_2005.pdf\">pobierz PDF (1,0 MB)<\/a><\/p>\n<p>Daniel Delik, Piotr Boro\u0144 (Lublin),\u00a0Okupacyjnej Izbicy dzie\u0144 powszedni. Relacja mieszka\u0144ca,\u00a0<a href=\"http:\/\/wrh.edu.pl\/wp-content\/uploads\/2017\/07\/21_delik_boron_2005.pdf\">pobierz PDF (1,1 MB)<\/a><\/p>\n<h2 style=\"text-align: center;\">POLEMIKI, RECENZJE, OM\u00d3WIENIA<\/h2>\n<p>Artur Ziontek (Akademia Podlaska w Siedlcach),\u00a0Pani na Siedlcach Aleksandra Ogi\u0144ska. Stan bada\u0144 i zarys problematyki,\u00a0<a href=\"http:\/\/wrh.edu.pl\/wp-content\/uploads\/2017\/07\/22_artur_ziontek_2005.pdf\">pobierz PDF (1,8 MB)<\/a><\/p>\n<p>Marek J. Chodakiewicz (Institute of World Politics, Washington DC),\u00a0Mit obna\u017cony. Sowiecki ruch partyzancki na Kresach 1941-1944,\u00a0<a href=\"http:\/\/wrh.edu.pl\/wp-content\/uploads\/2017\/07\/23_marek_chodakiewicz_2005.pdf\">pobierz PDF (1,1 MB)<\/a><\/p>\n<p>Jan Gromnicki (Warszawa),\u00a0Badania nad pocz\u0105tkami Che\u0142ma w \u015bwietle publikacji o wynikach prac archeologicznych,\u00a0<a href=\"http:\/\/wrh.edu.pl\/wp-content\/uploads\/2017\/07\/24_jan_gromnicki_2005.pdf\">pobierz PDF (0,6 MB)<\/a><\/p>\n<p>Mariusz D. Bednarski, Podlaski eksperyment. Z przemian spo\u0142eczno-gospodarczych i politycznych na terenach wiejskich Po\u0142udniowego Podlasia w latach 1944-1948, Radzy\u0144skie Stowarzyszenie Inicjatyw Lokalnych, In-stytut Badawczy \u201eLibra\u201d, Radzy\u0144 Podlaski, 2005, ss. 190<br \/>\n(Tomasz Czarnota) (Uniwersytet Marii Curie Sk\u0142odowskiej, Lublin),\u00a0<a href=\"http:\/\/wrh.edu.pl\/wp-content\/uploads\/2017\/07\/25_tomasz_czarnota_2005.pdf\">pobierz PDF (1,3 MB)<\/a><\/p>\n<p>System represji stalinowskich w Polsce 1944-1956. Represje w Marynarce Wojennej, pod redakcj\u0105 Igora Ha\u0142agidy, Gda\u0144sk 2003, ss. 136<br \/>\n(Wies\u0142aw Charczuk) (Akademia Podlaska w Siedlcach),\u00a0<a href=\"http:\/\/wrh.edu.pl\/wp-content\/uploads\/2017\/07\/26_wieslaw_charczuk_2005.pdf\">pobierz PDF (1,0 MB)<\/a><\/p>\n<p>Marek J. Chodakiewicz, Between Nazis and Soviets. A Case Study of Occu-pation Politics in Poland 1939-1947, Lanham-Boulder-New York-Toronto-Oxford 2004, ss. 441 (\u0141ukasz W\u0119da) (Studenckie Ko\u0142o Naukowe Historyk\u00f3w Akademii Podlaskiej w Siedlcach),\u00a0<a href=\"http:\/\/wrh.edu.pl\/wp-content\/uploads\/2017\/07\/27_lukasz_weda_2005.pdf\">pobierz PDF (0,6 MB)<\/a><\/p>\n<p>Ziemia\u0144stwo w XVIII-XIX w. Konferencja naukowa (Albin Koprukowniak) (Uniwersytet Marii Curie Sk\u0142odowskiej, Lublin),\u00a0<a href=\"http:\/\/wrh.edu.pl\/wp-content\/uploads\/2017\/07\/28_albin_koprukowniak_2005.pdf\">pobierz PDF (0,2 MB)<\/a><\/p>\n<p>Mi\u0119dzynarodowa Konferencja Naukowa pt. Sztuka w miastach Wielkiego Ksi\u0119stwa Litewskiego; zam\u00f3wienia, rynek, zastosowanie (Dorota Wereda) (Akademia Podlaska w Siedlcach),\u00a0<a href=\"http:\/\/wrh.edu.pl\/wp-content\/uploads\/2017\/07\/29_dorota_wereda_2005.pdf\">pobierz PDF (0,5 MB)<\/a><\/p>\n","protected":false},"excerpt":{"rendered":"<p>Wschodni Rocznik Humanistyczny, tom II (2005) SPIS TRE\u015aCI ROZPRAWY I STUDIA Hieronim Fokci\u0144ski (Pontificio Istituto di Studi Ecclesiastici, Roma),\u00a0Kr\u00f3lewscy kandydaci na biskupstwo kijowskie obrz\u0105dku \u0142aci\u0144skiegow drugiej po\u0142owie XVI wieku,\u00a0pobierz PDF (2,9 MB) Aleksandra Skrzypietz (Uniwersytet \u015al\u0105ski w Katowicach),\u00a0Teofila z Dani\u0142\u0142owicz\u00f3w Sobieska \u2013 \u201enie bia\u0142og\u0142owskiego, ale m\u0119skiego serca\u201d niewiasta,\u00a0pobierz PDF (3,9 MB) Lilia Zabolotnaia (Acad\u00e9mie de [&hellip;]<\/p>\n","protected":false},"author":1,"featured_media":0,"parent":0,"menu_order":8,"comment_status":"closed","ping_status":"closed","template":"","meta":{"footnotes":""},"class_list":["post-430","page","type-page","status-publish","hentry"],"yoast_head":"<!-- This site is optimized with the Yoast SEO plugin v27.4 - https:\/\/yoast.com\/product\/yoast-seo-wordpress\/ -->\n<title>T. II 2005 - Wschodni Rocznik Humanistyczny<\/title>\n<meta name=\"robots\" content=\"index, follow, max-snippet:-1, max-image-preview:large, max-video-preview:-1\" \/>\n<link rel=\"canonical\" href=\"http:\/\/wrh.edu.pl\/?page_id=430\" \/>\n<meta property=\"og:locale\" content=\"pl_PL\" \/>\n<meta property=\"og:type\" content=\"article\" \/>\n<meta property=\"og:title\" content=\"T. II 2005 - Wschodni Rocznik Humanistyczny\" \/>\n<meta property=\"og:description\" content=\"Wschodni Rocznik Humanistyczny, tom II (2005) SPIS TRE\u015aCI ROZPRAWY I STUDIA Hieronim Fokci\u0144ski (Pontificio Istituto di Studi Ecclesiastici, Roma),\u00a0Kr\u00f3lewscy kandydaci na biskupstwo kijowskie obrz\u0105dku \u0142aci\u0144skiegow drugiej po\u0142owie XVI wieku,\u00a0pobierz PDF (2,9 MB) Aleksandra Skrzypietz (Uniwersytet \u015al\u0105ski w Katowicach),\u00a0Teofila z Dani\u0142\u0142owicz\u00f3w Sobieska \u2013 \u201enie bia\u0142og\u0142owskiego, ale m\u0119skiego serca\u201d niewiasta,\u00a0pobierz PDF (3,9 MB) Lilia Zabolotnaia (Acad\u00e9mie de [&hellip;]\" \/>\n<meta property=\"og:url\" content=\"http:\/\/wrh.edu.pl\/?page_id=430\" \/>\n<meta property=\"og:site_name\" content=\"Wschodni Rocznik Humanistyczny\" \/>\n<meta property=\"article:modified_time\" content=\"2021-10-07T07:04:47+00:00\" \/>\n<meta name=\"twitter:card\" content=\"summary_large_image\" \/>\n<meta name=\"twitter:label1\" content=\"Szacowany czas czytania\" \/>\n\t<meta name=\"twitter:data1\" content=\"3 minuty\" \/>\n<script type=\"application\/ld+json\" class=\"yoast-schema-graph\">{\"@context\":\"https:\\\/\\\/schema.org\",\"@graph\":[{\"@type\":\"WebPage\",\"@id\":\"http:\\\/\\\/wrh.edu.pl\\\/?page_id=430\",\"url\":\"http:\\\/\\\/wrh.edu.pl\\\/?page_id=430\",\"name\":\"T. II 2005 - Wschodni Rocznik Humanistyczny\",\"isPartOf\":{\"@id\":\"http:\\\/\\\/wrh.edu.pl\\\/#website\"},\"datePublished\":\"2017-07-13T08:07:31+00:00\",\"dateModified\":\"2021-10-07T07:04:47+00:00\",\"inLanguage\":\"pl-PL\",\"potentialAction\":[{\"@type\":\"ReadAction\",\"target\":[\"http:\\\/\\\/wrh.edu.pl\\\/?page_id=430\"]}]},{\"@type\":\"WebSite\",\"@id\":\"http:\\\/\\\/wrh.edu.pl\\\/#website\",\"url\":\"http:\\\/\\\/wrh.edu.pl\\\/\",\"name\":\"Wschodni Rocznik Humanistyczny\",\"description\":\"Czasopismo naukowe\",\"publisher\":{\"@id\":\"http:\\\/\\\/wrh.edu.pl\\\/#organization\"},\"potentialAction\":[{\"@type\":\"SearchAction\",\"target\":{\"@type\":\"EntryPoint\",\"urlTemplate\":\"http:\\\/\\\/wrh.edu.pl\\\/?s={search_term_string}\"},\"query-input\":{\"@type\":\"PropertyValueSpecification\",\"valueRequired\":true,\"valueName\":\"search_term_string\"}}],\"inLanguage\":\"pl-PL\"},{\"@type\":\"Organization\",\"@id\":\"http:\\\/\\\/wrh.edu.pl\\\/#organization\",\"name\":\"Wschodni Rocznik Humanistyczny\",\"url\":\"http:\\\/\\\/wrh.edu.pl\\\/\",\"logo\":{\"@type\":\"ImageObject\",\"inLanguage\":\"pl-PL\",\"@id\":\"http:\\\/\\\/wrh.edu.pl\\\/#\\\/schema\\\/logo\\\/image\\\/\",\"url\":\"http:\\\/\\\/wrh.edu.pl\\\/wp-content\\\/uploads\\\/2017\\\/07\\\/logo_01.jpg\",\"contentUrl\":\"http:\\\/\\\/wrh.edu.pl\\\/wp-content\\\/uploads\\\/2017\\\/07\\\/logo_01.jpg\",\"width\":154,\"height\":183,\"caption\":\"Wschodni Rocznik Humanistyczny\"},\"image\":{\"@id\":\"http:\\\/\\\/wrh.edu.pl\\\/#\\\/schema\\\/logo\\\/image\\\/\"}}]}<\/script>\n<!-- \/ Yoast SEO plugin. -->","yoast_head_json":{"title":"T. II 2005 - Wschodni Rocznik Humanistyczny","robots":{"index":"index","follow":"follow","max-snippet":"max-snippet:-1","max-image-preview":"max-image-preview:large","max-video-preview":"max-video-preview:-1"},"canonical":"http:\/\/wrh.edu.pl\/?page_id=430","og_locale":"pl_PL","og_type":"article","og_title":"T. II 2005 - Wschodni Rocznik Humanistyczny","og_description":"Wschodni Rocznik Humanistyczny, tom II (2005) SPIS TRE\u015aCI ROZPRAWY I STUDIA Hieronim Fokci\u0144ski (Pontificio Istituto di Studi Ecclesiastici, Roma),\u00a0Kr\u00f3lewscy kandydaci na biskupstwo kijowskie obrz\u0105dku \u0142aci\u0144skiegow drugiej po\u0142owie XVI wieku,\u00a0pobierz PDF (2,9 MB) Aleksandra Skrzypietz (Uniwersytet \u015al\u0105ski w Katowicach),\u00a0Teofila z Dani\u0142\u0142owicz\u00f3w Sobieska \u2013 \u201enie bia\u0142og\u0142owskiego, ale m\u0119skiego serca\u201d niewiasta,\u00a0pobierz PDF (3,9 MB) Lilia Zabolotnaia (Acad\u00e9mie de [&hellip;]","og_url":"http:\/\/wrh.edu.pl\/?page_id=430","og_site_name":"Wschodni Rocznik Humanistyczny","article_modified_time":"2021-10-07T07:04:47+00:00","twitter_card":"summary_large_image","twitter_misc":{"Szacowany czas czytania":"3 minuty"},"schema":{"@context":"https:\/\/schema.org","@graph":[{"@type":"WebPage","@id":"http:\/\/wrh.edu.pl\/?page_id=430","url":"http:\/\/wrh.edu.pl\/?page_id=430","name":"T. II 2005 - Wschodni Rocznik Humanistyczny","isPartOf":{"@id":"http:\/\/wrh.edu.pl\/#website"},"datePublished":"2017-07-13T08:07:31+00:00","dateModified":"2021-10-07T07:04:47+00:00","inLanguage":"pl-PL","potentialAction":[{"@type":"ReadAction","target":["http:\/\/wrh.edu.pl\/?page_id=430"]}]},{"@type":"WebSite","@id":"http:\/\/wrh.edu.pl\/#website","url":"http:\/\/wrh.edu.pl\/","name":"Wschodni Rocznik Humanistyczny","description":"Czasopismo naukowe","publisher":{"@id":"http:\/\/wrh.edu.pl\/#organization"},"potentialAction":[{"@type":"SearchAction","target":{"@type":"EntryPoint","urlTemplate":"http:\/\/wrh.edu.pl\/?s={search_term_string}"},"query-input":{"@type":"PropertyValueSpecification","valueRequired":true,"valueName":"search_term_string"}}],"inLanguage":"pl-PL"},{"@type":"Organization","@id":"http:\/\/wrh.edu.pl\/#organization","name":"Wschodni Rocznik Humanistyczny","url":"http:\/\/wrh.edu.pl\/","logo":{"@type":"ImageObject","inLanguage":"pl-PL","@id":"http:\/\/wrh.edu.pl\/#\/schema\/logo\/image\/","url":"http:\/\/wrh.edu.pl\/wp-content\/uploads\/2017\/07\/logo_01.jpg","contentUrl":"http:\/\/wrh.edu.pl\/wp-content\/uploads\/2017\/07\/logo_01.jpg","width":154,"height":183,"caption":"Wschodni Rocznik Humanistyczny"},"image":{"@id":"http:\/\/wrh.edu.pl\/#\/schema\/logo\/image\/"}}]}},"_links":{"self":[{"href":"http:\/\/wrh.edu.pl\/index.php?rest_route=\/wp\/v2\/pages\/430","targetHints":{"allow":["GET"]}}],"collection":[{"href":"http:\/\/wrh.edu.pl\/index.php?rest_route=\/wp\/v2\/pages"}],"about":[{"href":"http:\/\/wrh.edu.pl\/index.php?rest_route=\/wp\/v2\/types\/page"}],"author":[{"embeddable":true,"href":"http:\/\/wrh.edu.pl\/index.php?rest_route=\/wp\/v2\/users\/1"}],"replies":[{"embeddable":true,"href":"http:\/\/wrh.edu.pl\/index.php?rest_route=%2Fwp%2Fv2%2Fcomments&post=430"}],"version-history":[{"count":4,"href":"http:\/\/wrh.edu.pl\/index.php?rest_route=\/wp\/v2\/pages\/430\/revisions"}],"predecessor-version":[{"id":2479,"href":"http:\/\/wrh.edu.pl\/index.php?rest_route=\/wp\/v2\/pages\/430\/revisions\/2479"}],"wp:attachment":[{"href":"http:\/\/wrh.edu.pl\/index.php?rest_route=%2Fwp%2Fv2%2Fmedia&parent=430"}],"curies":[{"name":"wp","href":"https:\/\/api.w.org\/{rel}","templated":true}]}}