{"id":490,"date":"2017-07-14T12:57:52","date_gmt":"2017-07-14T12:57:52","guid":{"rendered":"http:\/\/wrh.edu.pl\/?page_id=490"},"modified":"2021-10-07T08:07:32","modified_gmt":"2021-10-07T07:07:32","slug":"tom-xii-2015","status":"publish","type":"page","link":"http:\/\/wrh.edu.pl\/?page_id=490","title":{"rendered":"T. XII 2015"},"content":{"rendered":"<h1 style=\"text-align: center;\">Wschodni Rocznik Humanistyczny, tom XII (2015)<\/h1>\n<p><img loading=\"lazy\" decoding=\"async\" class=\"aligncenter wp-image-993\" src=\"http:\/\/wrh.edu.pl\/wp-content\/uploads\/2018\/06\/Grafika-z-ok\u0142adki-200x300.jpg\" alt=\"\" width=\"333\" height=\"500\" srcset=\"http:\/\/wrh.edu.pl\/wp-content\/uploads\/2018\/06\/Grafika-z-ok\u0142adki-200x300.jpg 200w, http:\/\/wrh.edu.pl\/wp-content\/uploads\/2018\/06\/Grafika-z-ok\u0142adki.jpg 353w\" sizes=\"auto, (max-width: 333px) 100vw, 333px\" \/><\/p>\n<p><a href=\"http:\/\/wrh.edu.pl\/wp-content\/uploads\/2017\/07\/Strona-redakcyjna.pdf\">Strona redakcyjna<\/a><\/p>\n<p style=\"text-align: center;\">Spis tre\u015bci<\/p>\n<h2 style=\"text-align: center;\"><em>Studia i rozprawy<\/em><\/h2>\n<p><strong>Natalia Kovalchuk<\/strong> (Uniwersytet Kijowski im. Borysa Hrinczenki), Archetyp sofijno\u015bci w zakresie kultury Rusi Kijowskiej.\u00a0<a href=\"http:\/\/wrh.edu.pl\/wp-content\/uploads\/2017\/07\/011_PDFsam_WRH-t.-XII-2015.pdf\">011_PDFsam_WRH, t. XII (2015)<\/a><\/p>\n<p><strong>Wioletta Pawlikowska-Butterwick<\/strong> (Instytut Historii, Polska Akademia Nauk), Znaczenie szlachectwa i wykszta\u0142cenia przy obejmowaniu przez cudzoziemc\u00f3w wy\u017cszych godno\u015bci ko\u015bcielnych na Litwie w drugiej po\u0142owie XVI wieku.\u00a0<a href=\"http:\/\/wrh.edu.pl\/wp-content\/uploads\/2017\/07\/021_PDFsam_WRH-t.-XII-2015.pdf\">021_PDFsam_WRH, t. XII (2015)<\/a><\/p>\n<p><strong>Maria Wichowa<\/strong> (Uniwersytet \u0141\u00f3dzki), Jakuba Kazimierza Haura dyskurs o pija\u0144stwie na tle wypowiedzi na ten temat staropolskich autor\u00f3w.\u00a0<a href=\"http:\/\/wrh.edu.pl\/wp-content\/uploads\/2017\/07\/033_PDFsam_WRH-t.-XII-2015.pdf\">033_PDFsam_WRH, t. XII (2015)<\/a><\/p>\n<p><strong>Dariusz Chempere<\/strong>k (Uniwersytet Marii Curie &#8211; Sk\u0142odowskiej), <em>Syloret<\/em> Wac\u0142awa Potockiego &#8211; czas powstania, ko\u0142o literat\u00f3w ma\u0142opolskich.\u00a0<a href=\"http:\/\/wrh.edu.pl\/wp-content\/uploads\/2017\/07\/047_PDFsam_WRH-t.-XII-2015.pdf\">047_PDFsam_WRH, t. XII (2015)<\/a><\/p>\n<p><strong>Aleksandr Slesarenko<\/strong> (Dniepropietrowski Uniwersytet Narodowy), Cechy i specyfika regulacji handlu zagranicznego w Rosji w czasie wojny p\u00f3\u0142nocnej (1700 \u2013 1721).\u00a0<a href=\"http:\/\/wrh.edu.pl\/wp-content\/uploads\/2017\/07\/057_PDFsam_WRH-t.-XII-2015.pdf\">057_PDFsam_WRH, t. XII (2015)<\/a><\/p>\n<p><strong>Adam Drozdek<\/strong> (Duquesne University, Pittsburgh), Baturin versus Saint-Martin.\u00a0<a href=\"http:\/\/wrh.edu.pl\/wp-content\/uploads\/2017\/07\/065_PDFsam_WRH-t.-XII-2015.pdf\">065_PDFsam_WRH, t. XII (2015)<\/a><\/p>\n<p><strong>\u041a\u043e\u043d\u0441\u0442\u0430\u043d\u0442\u0438\u043d \u0410\u043d\u0430\u0442\u043e\u043b\u044c\u0435\u0432\u0438\u0447 \u041c\u0430\u0442\u0430\u043a\u043e\u0432<\/strong> (\u0411\u0440\u044f\u043d\u0441\u043a\u0438\u0439 \u0433\u043e\u0441\u0443\u0434\u0430\u0440\u0441\u0442\u0432\u0435\u043d\u043d\u044b\u0439 \u0443\u043d\u0438\u0432\u0435\u0440\u0441\u0438\u0442\u0435\u0442), \u0422\u044e\u0442\u0447\u0435\u0432 \u043e \u0420\u043e\u0441\u0441\u0438\u0438 \u0438 \u0415\u0432\u0440\u043e\u043f\u0435.\u00a0<a href=\"http:\/\/wrh.edu.pl\/wp-content\/uploads\/2017\/07\/083_PDFsam_WRH-t.-XII-2015.pdf\">083_PDFsam_WRH, t. XII (2015)<\/a><\/p>\n<p><strong>Ewelina W. Klimczak<\/strong> (Uniwersytet Jana Kochanowskiego w Kielcach), \u201eStyczniowa wolno\u015b\u0107\u201d \u2013 insurekcja polska 1863\u20131864 a prawa cz\u0142owieka i obywatela. Casus ks. Antoniego Mackiewicza w \u015bwietle <em>Ech z powstania styczniowego<\/em> (1922).\u00a0<a href=\"http:\/\/wrh.edu.pl\/wp-content\/uploads\/2017\/07\/093_PDFsam_WRH-t.-XII-2015.pdf\">093_PDFsam_WRH, t. XII (2015)<\/a><\/p>\n<p><strong>Artur G\u00f3rak<\/strong> (Maria Curie-Sklodowska University), Governors in governorate\u2019s Kingdom of Poland: selection of candidates and the political goals of the Empire.\u00a0<a href=\"http:\/\/wrh.edu.pl\/wp-content\/uploads\/2017\/07\/103_PDFsam_WRH-t.-XII-2015.pdf\">103_PDFsam_WRH, t. XII (2015)<\/a><\/p>\n<p><strong>Ryszard Polak<\/strong> (Akademia Wychowania Fizycznego w Warszawie, filia w Bia\u0142ej Podlaskiej), Pogl\u0105dy socjologiczne Gabriela Tarde\u2019a i ich znaczenie.\u00a0<a href=\"http:\/\/wrh.edu.pl\/wp-content\/uploads\/2017\/07\/113_PDFsam_WRH-t.-XII-2015.pdf\">113_PDFsam_WRH, t. XII (2015)<\/a><\/p>\n<p><strong>Mariusz Nowak<\/strong> (Uniwersytet Jana Kochanowskiego w Kielcach), Spory kr\u00f3lewiackich ugodowc\u00f3w wok\u00f3\u0142 perspektyw koniunktury politycznej dla sprawy polskiej u schy\u0142ku XIX w. (sprawa \u201eSigmy\u201d).\u00a0<a href=\"http:\/\/wrh.edu.pl\/wp-content\/uploads\/2017\/07\/121_PDFsam_WRH-t.-XII-2015.pdf\">121_PDFsam_WRH, t. XII (2015)<\/a><\/p>\n<p><strong>Piotr Adam Tusi\u0144ski<\/strong> (Uniwersytet Pedagogiczny w Krakowie), Komisja Spraw Zagranicznych Sejmu Ustawodawczego (1919\u22121922) jako podmiot polityki zagranicznej w pierwszych latach II Rzeczypospolitej.\u00a0<a href=\"http:\/\/wrh.edu.pl\/wp-content\/uploads\/2017\/07\/137_PDFsam_WRH-t.-XII-2015.pdf\">137_PDFsam_WRH, t. XII (2015)<\/a><\/p>\n<p><strong>Agnieszka Kania<\/strong> (Uniwersytet Jana Kochanowskiego w Kielcach), Okoliczno\u015bci powstania Wydzia\u0142u Sztuk Pi\u0119knych Uniwersytetu Stefana Batorego w Wilnie (1919\/1920).\u00a0<a href=\"http:\/\/wrh.edu.pl\/wp-content\/uploads\/2017\/07\/163_PDFsam_WRH-t.-XII-2015.pdf\">163_PDFsam_WRH, t. XII (2015)<\/a><\/p>\n<p><strong>Pawe\u0142 Borek<\/strong> (Pa\u0144stwowa Szko\u0142a Wy\u017csza w Bia\u0142ej Podlaskiej), Garnizony wojskowe na Po\u0142udniowym Podlasiu (1918-1939).\u00a0<a href=\"http:\/\/wrh.edu.pl\/wp-content\/uploads\/2017\/07\/181_PDFsam_WRH-t.-XII-2015.pdf\">181_PDFsam_WRH, t. XII (2015)<\/a><\/p>\n<p><strong>Jan<\/strong> <strong>Ratuszniak<\/strong> (Uniwersytet \u0141\u00f3dzki), \u041f\u043e\u043b \u0432 &#8222;\u043e\u0431\u0449\u0435\u0441\u0442\u0432\u0435 \u0431\u0443\u0434\u0443\u0449\u0435\u0433\u043e&#8221; \u0432 \u043a\u043e\u043d\u0446\u0435\u043f\u0446\u0438\u044f\u0445 \u0410\u043b\u0435\u043a\u0441\u0430\u043d\u0434\u0440\u044b \u041a\u043e\u043b\u043b\u043e\u043d\u0442\u0430\u0439.\u00a0<a href=\"http:\/\/wrh.edu.pl\/wp-content\/uploads\/2017\/07\/207_PDFsam_WRH-t.-XII-2015.pdf\">207_PDFsam_WRH, t. XII (2015)<\/a><\/p>\n<p><strong>\u0410\u043d\u043d\u0430 \u041a\u0430\u043f\u0438\u0442\u043e\u043d\u043e\u0432\u043d\u0430 \u0413\u0430\u0433\u0438\u0435\u0432<\/strong>\u0430 (\u0420\u0435\u0441\u043f\u0443\u0431\u043b\u0438\u043a\u0430\u043d\u0441\u043a\u0430\u044f \u0410\u043a\u0430\u0434\u0435\u043c\u0438\u044f \u0413\u043e\u0441\u0443\u0434\u0430\u0440\u0441\u0442\u0432\u0435\u043d\u043d\u043e\u0439 \u0421\u043b\u0443\u0436\u0431\u044b \u0438 \u0423\u043f\u0440\u0430\u0432\u043b\u0435\u043d\u0438\u044f \u041a\u043e\u043c\u0438), \u041f\u0435\u0440\u0435\u0434\u0430\u0447\u0430 \u0430\u0440\u0445\u0438\u0432\u043d\u043e\u0439 \u043e\u0442\u0440\u0430\u0441\u043b\u0438 \u0421\u0421\u0421\u0420 \u0432 \u0441\u0438\u0441\u0442\u0435\u043c\u0443 \u041d\u041a\u0412\u0414 \u0432 30-\u0435 \u0433\u0433. XX \u0432\u0435\u043a\u0430.\u00a0<a href=\"http:\/\/wrh.edu.pl\/wp-content\/uploads\/2017\/07\/213_PDFsam_WRH-t.-XII-2015.pdf\">213_PDFsam_WRH, t. XII (2015)<\/a><\/p>\n<p><strong>\u0424\u0435\u0434\u043e\u0440 \u041a\u0443\u0437\u044c\u043c\u0438\u0447 \u042f\u0440\u043c\u043e\u043b\u0438<\/strong>\u0447 (\u0421\u0430\u043d\u043a\u0442-\u041f\u0435\u0442\u0435\u0440\u0431\u0443\u0440\u0433\u0441\u043a\u0438\u0439 \u0438\u043d\u0441\u0442\u0438\u0442\u0443\u0442 \u0438\u0441\u0442\u043e\u0440\u0438\u0438 \u0420\u043e\u0441\u0441\u0438\u0439\u0441\u043a\u043e\u0439 \u0410\u043a\u0430\u0434\u0435\u043c\u0438\u0438 \u041d\u0430\u0443\u043a), \u0426\u0435\u043d\u0437\u0443\u0440\u0430 \u0438 \u0446\u0435\u043d\u0437\u0443\u0440\u0438\u0440\u0443\u0435\u043c\u044b\u0435 \u0432 \u0421\u0421\u0421\u0420 \u0432 1920-\u0435 \u2013 1930-\u0435 \u0433\u0433. (\u043d\u0430 \u043c\u0430\u0442\u0435\u0440\u0438\u0430\u043b\u0430\u0445 \u041b\u0435\u043d\u0438\u043d\u0433\u0440\u0430\u0434\u0430).\u00a0<a href=\"http:\/\/wrh.edu.pl\/wp-content\/uploads\/2017\/07\/225_PDFsam_WRH-t.-XII-2015.pdf\">225_PDFsam_WRH, t. XII (2015)<\/a><\/p>\n<p><strong>Joanna Wi\u015bniewska<\/strong> (Uniwersytet Kardyna\u0142a Stefana Wyszy\u0144skiego), Gra na podw\u00f3jnej scenie &#8211; kreacja przestrzeni edukacyjnej Polski Ludowej (wybrane zagadnienia).\u00a0<a href=\"http:\/\/wrh.edu.pl\/wp-content\/uploads\/2017\/07\/239_PDFsam_WRH-t.-XII-2015.pdf\">239_PDFsam_WRH, t. XII (2015)<\/a><\/p>\n<p><strong>Marcin Kruszy\u0144ski<\/strong> (Instytut Pami\u0119ci Narodowej, Oddzia\u0142 w Lublinie), O potrzebie badania dziej\u00f3w uniwersytet\u00f3w i inteligencji z czas\u00f3w Polski Ludowej i PRL czyli\u2026 tematy niemodne. Refleksje \u201ehistoryka &#8211; praktyka\u201d.\u00a0<a href=\"http:\/\/wrh.edu.pl\/wp-content\/uploads\/2017\/07\/253_PDFsam_WRH-t.-XII-2015.pdf\">253_PDFsam_WRH, t. XII (2015)<\/a><\/p>\n<p><strong>Grzegorz Pawlikowski<\/strong> (Uniwersytet Rzeszowski), Mi\u0119dzy komunistyczn\u0105 a demokratyczn\u0105 praworz\u0105dno\u015bci\u0105. Problem by\u0142ych ukrai\u0144skich wi\u0119\u017ani\u00f3w Centralnego Obozu Pracy w Jaworznie.\u00a0<a href=\"http:\/\/wrh.edu.pl\/wp-content\/uploads\/2017\/07\/267_PDFsam_WRH-t.-XII-2015.pdf\">267_PDFsam_WRH, t. XII (2015)<\/a><\/p>\n<p><strong>Marcin Cybulsk<\/strong>i (Lublin), Tak r\u00f3\u017cni \u2013 tak podobni. Filmy Leonida Gajdaja i Stanis\u0142awa Barei jako zwierciad\u0142o epoki.\u00a0<a href=\"http:\/\/wrh.edu.pl\/wp-content\/uploads\/2017\/07\/277_PDFsam_WRH-t.-XII-2015.pdf\">277_PDFsam_WRH, t. XII (2015)<\/a><\/p>\n<p><strong>Magdalena Budni<\/strong>k (Uniwersytet w Bia\u0142ymstoku), Cenzurowanie tematu Nowej Huty w pierwszej po\u0142owie lat 50. XX wieku. Wybrane przyk\u0142ady.\u00a0<a href=\"http:\/\/wrh.edu.pl\/wp-content\/uploads\/2017\/07\/287_PDFsam_WRH-t.-XII-2015.pdf\">287_PDFsam_WRH, t. XII (2015)<\/a><\/p>\n<p><strong>Kamila Budrowska<\/strong> (Uniwersytet w Bia\u0142ymstoku), Autsajderzy literatury: Kornel Makuszy\u0144ski i W\u0142adys\u0142aw Umi\u0144ski.\u00a0<a href=\"http:\/\/wrh.edu.pl\/wp-content\/uploads\/2017\/07\/299_PDFsam_WRH-t.-XII-2015.pdf\">299_PDFsam_WRH, t. XII (2015)<\/a><\/p>\n<p><strong>Wiktor Gardocki<\/strong> (Uniwersytet w Bia\u0142ymstoku), Okoliczno\u015bci powstania <em>Przy budowie<\/em> Tadeusza Konwickiego.\u00a0<a href=\"http:\/\/wrh.edu.pl\/wp-content\/uploads\/2017\/07\/311_PDFsam_WRH-t.-XII-2015.pdf\">311_PDFsam_WRH, t. XII (2015)<\/a><\/p>\n<p><strong>\u0404\u0432\u0433\u0435\u043d \u0421\u0435\u0440\u0433\u0456\u0439\u043e\u0432\u0438\u0447<\/strong> <strong>\u0420\u0430\u0447\u043a\u043e\u0432<\/strong> (\u0425\u0430\u0440\u043a\u0456\u0432\u0441\u044c\u043a\u0438\u0439 \u043d\u0430\u0446\u0456\u043e\u043d\u0430\u043b\u044c\u043d\u0438\u0439 \u0443\u043d\u0456\u0432\u0435\u0440\u0441\u0438\u0442\u0435\u0442), \u0412\u0456\u0437\u0443\u0430\u043b\u044c\u043d\u0430 \u0441\u043a\u043b\u0430\u0434\u043e\u0432\u0430 \u043f\u0440\u0430\u043a\u0442\u0438\u043a \u0441\u0430\u043c\u043e\u0440\u0435\u043f\u0440\u0435\u0437\u0435\u043d\u0442\u0430\u0446\u0456\u0457 \u043a\u043b\u0430\u0441\u0438\u0447\u043d\u0438\u0445 \u0443\u043d\u0456\u0432\u0435\u0440\u0441\u0438\u0442\u0435\u0442\u0456\u0432 \u0423\u043a\u0440\u0430\u0457\u043d\u0438 \u043a\u0456\u043d\u0446\u044f \u0425\u0425\u00a0\u2013\u00a0\u043f\u043e\u0447\u0430\u0442\u043a\u0443 \u0425\u0425\u0406\u00a0\u0441\u0442\u043e\u043b\u0456\u0442\u0442\u044f.\u00a0<a href=\"http:\/\/wrh.edu.pl\/wp-content\/uploads\/2017\/07\/325_PDFsam_WRH-t.-XII-2015.pdf\">325_PDFsam_WRH, t. XII (2015)<\/a><\/p>\n<p><strong>Marzanna Karolczuk<\/strong> (Uniwersytet w Bia\u0142ymstoku), Postawy uczni\u00f3w szk\u00f3\u0142 \u015brednich wobec Rosji i Rosjan. Wnioski z bada\u0144.\u00a0<a href=\"http:\/\/wrh.edu.pl\/wp-content\/uploads\/2017\/07\/341_PDFsam_WRH-t.-XII-2015.pdf\">341_PDFsam_WRH, t. XII (2015)<\/a><\/p>\n<h2 style=\"text-align: center;\"><em>Materia<\/em><em>\u0142<\/em><em>y<\/em> <em>i<\/em><em> \u017a<\/em><em>r<\/em><em>\u00f3<\/em><em>d<\/em><em>\u0142<\/em><em>a<\/em><\/h2>\n<p><strong>\u0410\u043b\u0435\u043a\u0441\u0430\u043d\u0434\u0440 \u0410\u043b\u0435\u043a\u0441\u0435\u0435\u0432\u0438\u0447 \u0416\u0443\u0440\u0430\u0432\u043b\u0451\u0432<\/strong> (\u041f\u0435\u0440\u0432\u044b\u0439 \u0421\u0430\u043d\u043a\u0442-\u041f\u0435\u0442\u0435\u0440\u0431\u0443\u0440\u0433\u0441\u043a\u0438\u0439 \u0433\u043e\u0441\u0443\u0434\u0430\u0440\u0441\u0442\u0432\u0435\u043d\u043d\u044b\u0439 \u043c\u0435\u0434\u0438\u0446\u0438\u043d\u0441\u043a\u0438\u0439 \u0443\u043d\u0438\u0432\u0435\u0440\u0441\u0438\u0442\u0435\u0442), \u0417\u0430\u043f\u0438\u0441\u043a\u0430 \u043c\u0438\u043d\u0438\u0441\u0442\u0440\u0430 \u043d\u0430\u0440\u043e\u0434\u043d\u043e\u0433\u043e \u043f\u0440\u043e\u0441\u0432\u0435\u0449\u0435\u043d\u0438\u044f \u0410\u043b\u0435\u043a\u0441\u0430\u043d\u0434\u0440\u0430 \u041d\u0438\u043a\u043e\u043b\u0430\u0435\u0432\u0438\u0447\u0430 \u0428\u0432\u0430\u0440\u0446\u0430 \u043f\u043e \u0432\u043e\u043f\u0440\u043e\u0441\u0443 \u0441\u0442\u0443\u0434\u0435\u043d\u0447\u0435\u0441\u043a\u0438\u0445 \u043e\u0440\u0433\u0430\u043d\u0438\u0437\u0430\u0446\u0438\u0439.\u00a0<a href=\"http:\/\/wrh.edu.pl\/wp-content\/uploads\/2017\/07\/355_PDFsam_WRH-t.-XII-2015.pdf\">355_PDFsam_WRH, t. XII (2015)<\/a><\/p>\n<p><strong>Tomasz Czarnota<\/strong> (Uniwersytet Marii Curie-Sk\u0142odowskiej), Wytyczne Wydzia\u0142u Organizacyjnego KC PZPR w sprawie korzystania z protok\u00f3\u0142\u00f3w Komitet\u00f3w Wojew\u00f3dzkich i Komitet\u00f3w Powiatowych (Komitet\u00f3w Miejskich, Komitet\u00f3w Dzielnicowych) z lipca 1968 roku.\u00a0<a href=\"http:\/\/wrh.edu.pl\/wp-content\/uploads\/2017\/07\/369_PDFsam_WRH-t.-XII-2015.pdf\">369_PDFsam_WRH, t. XII (2015)<\/a><\/p>\n<h2 style=\"text-align: center;\"><em>Recenzje, sprawozdania, polemiki\u00a0<\/em><\/h2>\n<p style=\"text-align: center;\"><a href=\"http:\/\/wrh.edu.pl\/wp-content\/uploads\/2017\/07\/377_PDFsam_WRH-t.-XII-2015.pdf\">377_PDFsam_WRH, t. XII<\/a><a href=\"http:\/\/wrh.edu.pl\/wp-content\/uploads\/2017\/07\/377_PDFsam_WRH-t.-XII-2015.pdf\"> (2015)<\/a><\/p>\n<p><strong>Leszek Gawor<\/strong> (Uniwersytet Rzeszowski), Profesor Stanis\u0142aw Jedynak (1939-2015).<\/p>\n<p><strong>Jolanta Zdybel<\/strong> (Uniwersytet Marii Curie-Sk\u0142odowskiej), Bibliografia prac prof. dr hab. Stanis\u0142awa Jedynaka za lata 2009-2015.<\/p>\n<p><strong>Damian Kuty\u0142a<\/strong> (Uniwersytet Rzeszowski), Marzenia i polityka. Recenzja ksi\u0105\u017cki Stanis\u0142awa Jedynaka pt. Marzenia i polityka, Wydawnictwo UMCS, Lublin 2014, ss. 107.<\/p>\n<p><strong>Artur Goszczy\u0144ski<\/strong> (Uniwersytet Jagiello\u0144ski), Ukraina, Ru\u015b w epoce nowo\u017cytnej. Instytucje i elity. Mi\u0119dzynarodowa konferencja naukowa. Krak\u00f3w, 18-20 listopada 2015 roku.<\/p>\n<p><strong>Grzegorz Smyk<\/strong> (Uniwersytet Marii Curie-Sk\u0142odowskiej), Recenzja wydawnictwa \u017ar\u00f3d\u0142owego Protoko\u0142y Rady Ministr\u00f3w Ksi\u0119stwa Warszawskiego, t. I. 1808 \u2013 1809 pod redakcj\u0105 Marka Krzymkowskiego i Piotra M. Pilarczyka, Wydawnictwo Naukowe UAM, Pozna\u0144 2015, ss. 176.<\/p>\n<p><strong>Wies\u0142aw Charczuk<\/strong>, \u201eOb\u0142awa! Ob\u0142awa! Na m\u0142ode wilki ob\u0142awa!\u201d Na bia\u0142ych Polak\u00f3w ob\u0142awa. Wojska NKWD w walce z polskim podziemiem 1944-1953, Wydawnictwo Literackie, Krak\u00f3w 2014, ss. 516.<\/p>\n<p><strong>Pawe\u0142 Nastro\u017cny <\/strong>(Uniwersytet Gda\u0144ski, Uniwersytet Miko\u0142aja Kopernika), Recenzja ksi\u0105\u017cki W\u0142adimira Bieszanowa Twierdza Brzeska, t\u0142um. i red. Witold Stefanowicz, Warszawa 2012, wyd. Bellona, ss. 310 + 1 nlb.<\/p>\n<p><strong>Konrad Kazimierz Szamryk<\/strong> (Uniwersytet w Bia\u0142ymstoku), Recenzja pracy Literatura w graniach prawa (XIX\u2013XX w.) pod red. Kamili Budrowskiej, El\u017cbiety D\u0105browicz, Marcina Lula, Warszawa 2013, ss. 575.<\/p>\n","protected":false},"excerpt":{"rendered":"<p>Wschodni Rocznik Humanistyczny, tom XII (2015) Strona redakcyjna Spis tre\u015bci Studia i rozprawy Natalia Kovalchuk (Uniwersytet Kijowski im. Borysa Hrinczenki), Archetyp sofijno\u015bci w zakresie kultury Rusi Kijowskiej.\u00a0011_PDFsam_WRH, t. XII (2015) Wioletta Pawlikowska-Butterwick (Instytut Historii, Polska Akademia Nauk), Znaczenie szlachectwa i wykszta\u0142cenia przy obejmowaniu przez cudzoziemc\u00f3w wy\u017cszych godno\u015bci ko\u015bcielnych na Litwie w drugiej po\u0142owie XVI wieku.\u00a0021_PDFsam_WRH, [&hellip;]<\/p>\n","protected":false},"author":2,"featured_media":0,"parent":0,"menu_order":18,"comment_status":"closed","ping_status":"closed","template":"","meta":{"footnotes":""},"class_list":["post-490","page","type-page","status-publish","hentry"],"yoast_head":"<!-- This site is optimized with the Yoast SEO plugin v27.4 - https:\/\/yoast.com\/product\/yoast-seo-wordpress\/ -->\n<title>T. XII 2015 - Wschodni Rocznik Humanistyczny<\/title>\n<meta name=\"robots\" content=\"index, follow, max-snippet:-1, max-image-preview:large, max-video-preview:-1\" \/>\n<link rel=\"canonical\" href=\"http:\/\/wrh.edu.pl\/?page_id=490\" \/>\n<meta property=\"og:locale\" content=\"pl_PL\" \/>\n<meta property=\"og:type\" content=\"article\" \/>\n<meta property=\"og:title\" content=\"T. XII 2015 - Wschodni Rocznik Humanistyczny\" \/>\n<meta property=\"og:description\" content=\"Wschodni Rocznik Humanistyczny, tom XII (2015) Strona redakcyjna Spis tre\u015bci Studia i rozprawy Natalia Kovalchuk (Uniwersytet Kijowski im. Borysa Hrinczenki), Archetyp sofijno\u015bci w zakresie kultury Rusi Kijowskiej.\u00a0011_PDFsam_WRH, t. XII (2015) Wioletta Pawlikowska-Butterwick (Instytut Historii, Polska Akademia Nauk), Znaczenie szlachectwa i wykszta\u0142cenia przy obejmowaniu przez cudzoziemc\u00f3w wy\u017cszych godno\u015bci ko\u015bcielnych na Litwie w drugiej po\u0142owie XVI wieku.\u00a0021_PDFsam_WRH, [&hellip;]\" \/>\n<meta property=\"og:url\" content=\"http:\/\/wrh.edu.pl\/?page_id=490\" \/>\n<meta property=\"og:site_name\" content=\"Wschodni Rocznik Humanistyczny\" \/>\n<meta property=\"article:modified_time\" content=\"2021-10-07T07:07:32+00:00\" \/>\n<meta name=\"twitter:card\" content=\"summary_large_image\" \/>\n<meta name=\"twitter:label1\" content=\"Szacowany czas czytania\" \/>\n\t<meta name=\"twitter:data1\" content=\"4 minuty\" \/>\n<script type=\"application\/ld+json\" class=\"yoast-schema-graph\">{\"@context\":\"https:\\\/\\\/schema.org\",\"@graph\":[{\"@type\":\"WebPage\",\"@id\":\"http:\\\/\\\/wrh.edu.pl\\\/?page_id=490\",\"url\":\"http:\\\/\\\/wrh.edu.pl\\\/?page_id=490\",\"name\":\"T. XII 2015 - Wschodni Rocznik Humanistyczny\",\"isPartOf\":{\"@id\":\"http:\\\/\\\/wrh.edu.pl\\\/#website\"},\"datePublished\":\"2017-07-14T12:57:52+00:00\",\"dateModified\":\"2021-10-07T07:07:32+00:00\",\"inLanguage\":\"pl-PL\",\"potentialAction\":[{\"@type\":\"ReadAction\",\"target\":[\"http:\\\/\\\/wrh.edu.pl\\\/?page_id=490\"]}]},{\"@type\":\"WebSite\",\"@id\":\"http:\\\/\\\/wrh.edu.pl\\\/#website\",\"url\":\"http:\\\/\\\/wrh.edu.pl\\\/\",\"name\":\"Wschodni Rocznik Humanistyczny\",\"description\":\"Czasopismo naukowe\",\"publisher\":{\"@id\":\"http:\\\/\\\/wrh.edu.pl\\\/#organization\"},\"potentialAction\":[{\"@type\":\"SearchAction\",\"target\":{\"@type\":\"EntryPoint\",\"urlTemplate\":\"http:\\\/\\\/wrh.edu.pl\\\/?s={search_term_string}\"},\"query-input\":{\"@type\":\"PropertyValueSpecification\",\"valueRequired\":true,\"valueName\":\"search_term_string\"}}],\"inLanguage\":\"pl-PL\"},{\"@type\":\"Organization\",\"@id\":\"http:\\\/\\\/wrh.edu.pl\\\/#organization\",\"name\":\"Wschodni Rocznik Humanistyczny\",\"url\":\"http:\\\/\\\/wrh.edu.pl\\\/\",\"logo\":{\"@type\":\"ImageObject\",\"inLanguage\":\"pl-PL\",\"@id\":\"http:\\\/\\\/wrh.edu.pl\\\/#\\\/schema\\\/logo\\\/image\\\/\",\"url\":\"http:\\\/\\\/wrh.edu.pl\\\/wp-content\\\/uploads\\\/2017\\\/07\\\/logo_01.jpg\",\"contentUrl\":\"http:\\\/\\\/wrh.edu.pl\\\/wp-content\\\/uploads\\\/2017\\\/07\\\/logo_01.jpg\",\"width\":154,\"height\":183,\"caption\":\"Wschodni Rocznik Humanistyczny\"},\"image\":{\"@id\":\"http:\\\/\\\/wrh.edu.pl\\\/#\\\/schema\\\/logo\\\/image\\\/\"}}]}<\/script>\n<!-- \/ Yoast SEO plugin. -->","yoast_head_json":{"title":"T. XII 2015 - Wschodni Rocznik Humanistyczny","robots":{"index":"index","follow":"follow","max-snippet":"max-snippet:-1","max-image-preview":"max-image-preview:large","max-video-preview":"max-video-preview:-1"},"canonical":"http:\/\/wrh.edu.pl\/?page_id=490","og_locale":"pl_PL","og_type":"article","og_title":"T. XII 2015 - Wschodni Rocznik Humanistyczny","og_description":"Wschodni Rocznik Humanistyczny, tom XII (2015) Strona redakcyjna Spis tre\u015bci Studia i rozprawy Natalia Kovalchuk (Uniwersytet Kijowski im. Borysa Hrinczenki), Archetyp sofijno\u015bci w zakresie kultury Rusi Kijowskiej.\u00a0011_PDFsam_WRH, t. XII (2015) Wioletta Pawlikowska-Butterwick (Instytut Historii, Polska Akademia Nauk), Znaczenie szlachectwa i wykszta\u0142cenia przy obejmowaniu przez cudzoziemc\u00f3w wy\u017cszych godno\u015bci ko\u015bcielnych na Litwie w drugiej po\u0142owie XVI wieku.\u00a0021_PDFsam_WRH, [&hellip;]","og_url":"http:\/\/wrh.edu.pl\/?page_id=490","og_site_name":"Wschodni Rocznik Humanistyczny","article_modified_time":"2021-10-07T07:07:32+00:00","twitter_card":"summary_large_image","twitter_misc":{"Szacowany czas czytania":"4 minuty"},"schema":{"@context":"https:\/\/schema.org","@graph":[{"@type":"WebPage","@id":"http:\/\/wrh.edu.pl\/?page_id=490","url":"http:\/\/wrh.edu.pl\/?page_id=490","name":"T. XII 2015 - Wschodni Rocznik Humanistyczny","isPartOf":{"@id":"http:\/\/wrh.edu.pl\/#website"},"datePublished":"2017-07-14T12:57:52+00:00","dateModified":"2021-10-07T07:07:32+00:00","inLanguage":"pl-PL","potentialAction":[{"@type":"ReadAction","target":["http:\/\/wrh.edu.pl\/?page_id=490"]}]},{"@type":"WebSite","@id":"http:\/\/wrh.edu.pl\/#website","url":"http:\/\/wrh.edu.pl\/","name":"Wschodni Rocznik Humanistyczny","description":"Czasopismo naukowe","publisher":{"@id":"http:\/\/wrh.edu.pl\/#organization"},"potentialAction":[{"@type":"SearchAction","target":{"@type":"EntryPoint","urlTemplate":"http:\/\/wrh.edu.pl\/?s={search_term_string}"},"query-input":{"@type":"PropertyValueSpecification","valueRequired":true,"valueName":"search_term_string"}}],"inLanguage":"pl-PL"},{"@type":"Organization","@id":"http:\/\/wrh.edu.pl\/#organization","name":"Wschodni Rocznik Humanistyczny","url":"http:\/\/wrh.edu.pl\/","logo":{"@type":"ImageObject","inLanguage":"pl-PL","@id":"http:\/\/wrh.edu.pl\/#\/schema\/logo\/image\/","url":"http:\/\/wrh.edu.pl\/wp-content\/uploads\/2017\/07\/logo_01.jpg","contentUrl":"http:\/\/wrh.edu.pl\/wp-content\/uploads\/2017\/07\/logo_01.jpg","width":154,"height":183,"caption":"Wschodni Rocznik Humanistyczny"},"image":{"@id":"http:\/\/wrh.edu.pl\/#\/schema\/logo\/image\/"}}]}},"_links":{"self":[{"href":"http:\/\/wrh.edu.pl\/index.php?rest_route=\/wp\/v2\/pages\/490","targetHints":{"allow":["GET"]}}],"collection":[{"href":"http:\/\/wrh.edu.pl\/index.php?rest_route=\/wp\/v2\/pages"}],"about":[{"href":"http:\/\/wrh.edu.pl\/index.php?rest_route=\/wp\/v2\/types\/page"}],"author":[{"embeddable":true,"href":"http:\/\/wrh.edu.pl\/index.php?rest_route=\/wp\/v2\/users\/2"}],"replies":[{"embeddable":true,"href":"http:\/\/wrh.edu.pl\/index.php?rest_route=%2Fwp%2Fv2%2Fcomments&post=490"}],"version-history":[{"count":6,"href":"http:\/\/wrh.edu.pl\/index.php?rest_route=\/wp\/v2\/pages\/490\/revisions"}],"predecessor-version":[{"id":2490,"href":"http:\/\/wrh.edu.pl\/index.php?rest_route=\/wp\/v2\/pages\/490\/revisions\/2490"}],"wp:attachment":[{"href":"http:\/\/wrh.edu.pl\/index.php?rest_route=%2Fwp%2Fv2%2Fmedia&parent=490"}],"curies":[{"name":"wp","href":"https:\/\/api.w.org\/{rel}","templated":true}]}}